{"id":963,"date":"2025-09-02T18:57:29","date_gmt":"2025-09-02T16:57:29","guid":{"rendered":"https:\/\/baja.lionstackailab.hu\/?page_id=963"},"modified":"2025-09-15T10:48:12","modified_gmt":"2025-09-15T08:48:12","slug":"szallas","status":"publish","type":"page","link":"https:\/\/baja.lionstackailab.hu\/en\/szallas\/","title":{"rendered":"Sz\u00e1ll\u00e1s"},"content":{"rendered":"<div data-elementor-type=\"wp-page\" data-elementor-id=\"963\" class=\"elementor elementor-963\" data-elementor-post-type=\"page\">\n\t\t\t\t<div class=\"elementor-element elementor-element-7675d72 e-con-full e-flex e-con e-parent\" data-id=\"7675d72\" data-element_type=\"container\">\n\t\t<div class=\"elementor-element elementor-element-809259c e-con-full e-flex e-con e-child\" data-id=\"809259c\" data-element_type=\"container\" data-settings=\"{&quot;background_background&quot;:&quot;classic&quot;}\">\n\t\t<div class=\"elementor-element elementor-element-03914fe e-flex e-con-boxed e-con e-child\" data-id=\"03914fe\" data-element_type=\"container\">\n\t\t\t\t\t<div class=\"e-con-inner\">\n\t\t<div class=\"elementor-element elementor-element-6056fbc e-con-full e-flex e-con e-child\" data-id=\"6056fbc\" data-element_type=\"container\">\n\t\t\t\t<div class=\"elementor-element elementor-element-dc0ff97 elementor-widget elementor-widget-image\" data-id=\"dc0ff97\" data-element_type=\"widget\" data-widget_type=\"image.default\">\n\t\t\t\t\t\t\t\t\t\t\t\t\t\t\t<img decoding=\"async\" width=\"39\" height=\"32\" src=\"https:\/\/baja.lionstackailab.hu\/wp-content\/uploads\/2025\/07\/other_houses.png\" class=\"attachment-large size-large wp-image-127\" alt=\"\" srcset=\"https:\/\/baja.lionstackailab.hu\/wp-content\/uploads\/2025\/07\/other_houses.png 39w, https:\/\/baja.lionstackailab.hu\/wp-content\/uploads\/2025\/07\/other_houses-15x12.png 15w\" sizes=\"(max-width: 39px) 100vw, 39px\" \/>\t\t\t\t\t\t\t\t\t\t\t\t\t\t\t<\/div>\n\t\t\t\t<div class=\"elementor-element elementor-element-4e029be elementor-view-default elementor-widget elementor-widget-icon\" data-id=\"4e029be\" data-element_type=\"widget\" data-widget_type=\"icon.default\">\n\t\t\t\t\t\t\t<div class=\"elementor-icon-wrapper\">\n\t\t\t<div class=\"elementor-icon\">\n\t\t\t<svg xmlns=\"http:\/\/www.w3.org\/2000\/svg\" viewbox=\"0 0 8 13\" width=\"60\" height=\"98\"><title>arrow_forward_ios<\/title><style>\t\t.s0 { opacity: .25;fill: #163760 } \t<\/style><path class=\"s0\" d=\"m1 12.9l-0.9-0.9 5.2-5.1-5.2-5.1 0.9-0.9 6 6z\"><\/path><\/svg>\t\t\t<\/div>\n\t\t<\/div>\n\t\t\t\t\t\t<\/div>\n\t\t\t\t<div class=\"elementor-element elementor-element-da0da09 elementor-widget elementor-widget-heading\" data-id=\"da0da09\" data-element_type=\"widget\" data-widget_type=\"heading.default\">\n\t\t\t\t\t<h2 class=\"elementor-heading-title elementor-size-default\"><a href=\"https:\/\/baja.lionstackailab.hu\/en\/baja-turizmus\/\">F\u0151oldal<\/a><\/h2>\t\t\t\t<\/div>\n\t\t\t\t<div class=\"elementor-element elementor-element-a26ad86 elementor-view-default elementor-widget elementor-widget-icon\" data-id=\"a26ad86\" data-element_type=\"widget\" data-widget_type=\"icon.default\">\n\t\t\t\t\t\t\t<div class=\"elementor-icon-wrapper\">\n\t\t\t<div class=\"elementor-icon\">\n\t\t\t<svg xmlns=\"http:\/\/www.w3.org\/2000\/svg\" viewbox=\"0 0 8 13\" width=\"60\" height=\"98\"><title>arrow_forward_ios<\/title><style>\t\t.s0 { opacity: .25;fill: #163760 } \t<\/style><path class=\"s0\" d=\"m1 12.9l-0.9-0.9 5.2-5.1-5.2-5.1 0.9-0.9 6 6z\"><\/path><\/svg>\t\t\t<\/div>\n\t\t<\/div>\n\t\t\t\t\t\t<\/div>\n\t\t\t\t<div class=\"elementor-element elementor-element-68b8042 elementor-widget elementor-widget-heading\" data-id=\"68b8042\" data-element_type=\"widget\" data-widget_type=\"heading.default\">\n\t\t\t\t\t<h2 class=\"elementor-heading-title elementor-size-default\"><b>Sz\u00e1ll\u00e1s<\/b><\/h2>\t\t\t\t<\/div>\n\t\t\t\t<\/div>\n\t\t<div class=\"elementor-element elementor-element-20a65fd e-con-full e-flex e-con e-child\" data-id=\"20a65fd\" data-element_type=\"container\">\n\t\t\t\t<div class=\"elementor-element elementor-element-12056eb elementor-widget elementor-widget-heading\" data-id=\"12056eb\" data-element_type=\"widget\" data-widget_type=\"heading.default\">\n\t\t\t\t\t<h2 class=\"elementor-heading-title elementor-size-default\">Sz\u00e1ll\u00e1s<\/h2>\t\t\t\t<\/div>\n\t\t<div class=\"elementor-element elementor-element-ac1c3f3 e-con-full e-flex e-con e-child\" data-id=\"ac1c3f3\" data-element_type=\"container\">\n\t\t\t\t<\/div>\n\t\t\t\t<\/div>\n\t\t\t\t\t<\/div>\n\t\t\t\t<\/div>\n\t\t\t\t<\/div>\n\t\t\t\t<\/div>\n\t\t\t\t<\/div>","protected":false},"excerpt":{"rendered":"<p>arrow_forward_ios F\u0151oldal arrow_forward_ios Sz\u00e1ll\u00e1s Sz\u00e1ll\u00e1s<\/p>","protected":false},"author":1,"featured_media":0,"parent":0,"menu_order":0,"comment_status":"closed","ping_status":"closed","template":"","meta":{"footnotes":""},"class_list":["post-963","page","type-page","status-publish","hentry"],"_links":{"self":[{"href":"https:\/\/baja.lionstackailab.hu\/en\/wp-json\/wp\/v2\/pages\/963","targetHints":{"allow":["GET"]}}],"collection":[{"href":"https:\/\/baja.lionstackailab.hu\/en\/wp-json\/wp\/v2\/pages"}],"about":[{"href":"https:\/\/baja.lionstackailab.hu\/en\/wp-json\/wp\/v2\/types\/page"}],"author":[{"embeddable":true,"href":"https:\/\/baja.lionstackailab.hu\/en\/wp-json\/wp\/v2\/users\/1"}],"replies":[{"embeddable":true,"href":"https:\/\/baja.lionstackailab.hu\/en\/wp-json\/wp\/v2\/comments?post=963"}],"version-history":[{"count":0,"href":"https:\/\/baja.lionstackailab.hu\/en\/wp-json\/wp\/v2\/pages\/963\/revisions"}],"wp:attachment":[{"href":"https:\/\/baja.lionstackailab.hu\/en\/wp-json\/wp\/v2\/media?parent=963"}],"curies":[{"name":"wp","href":"https:\/\/api.w.org\/{rel}","templated":true}]}}