{"id":730,"date":"2025-08-21T15:30:16","date_gmt":"2025-08-21T13:30:16","guid":{"rendered":"https:\/\/baja.lionstackailab.hu\/?page_id=730"},"modified":"2026-01-13T14:34:18","modified_gmt":"2026-01-13T13:34:18","slug":"lakossagi-informaciok","status":"publish","type":"page","link":"https:\/\/baja.lionstackailab.hu\/en\/onkormanyzat\/lakossagi-informaciok\/","title":{"rendered":"Lakoss\u00e1gi inform\u00e1ci\u00f3k"},"content":{"rendered":"<div data-elementor-type=\"wp-page\" data-elementor-id=\"730\" class=\"elementor elementor-730\" data-elementor-post-type=\"page\">\n\t\t\t\t<div class=\"elementor-element elementor-element-b034dd6 e-con-full e-flex e-con e-parent\" data-id=\"b034dd6\" data-element_type=\"container\">\n\t\t<div class=\"elementor-element elementor-element-4f45718 e-flex e-con-boxed e-con e-child\" data-id=\"4f45718\" data-element_type=\"container\" data-settings=\"{&quot;background_background&quot;:&quot;classic&quot;}\">\n\t\t\t\t\t<div class=\"e-con-inner\">\n\t\t<div class=\"elementor-element elementor-element-65103b3 e-con-full e-flex e-con e-child\" data-id=\"65103b3\" data-element_type=\"container\">\n\t\t\t\t<div class=\"elementor-element elementor-element-d14f45f elementor-widget elementor-widget-image\" data-id=\"d14f45f\" data-element_type=\"widget\" data-widget_type=\"image.default\">\n\t\t\t\t\t\t\t\t\t\t\t\t\t\t\t<img decoding=\"async\" width=\"39\" height=\"32\" src=\"https:\/\/baja.lionstackailab.hu\/wp-content\/uploads\/2025\/07\/other_houses.png\" class=\"attachment-large size-large wp-image-127\" alt=\"\" srcset=\"https:\/\/baja.lionstackailab.hu\/wp-content\/uploads\/2025\/07\/other_houses.png 39w, https:\/\/baja.lionstackailab.hu\/wp-content\/uploads\/2025\/07\/other_houses-15x12.png 15w\" sizes=\"(max-width: 39px) 100vw, 39px\" \/>\t\t\t\t\t\t\t\t\t\t\t\t\t\t\t<\/div>\n\t\t\t\t<div class=\"elementor-element elementor-element-a40d882 elementor-view-default elementor-widget elementor-widget-icon\" data-id=\"a40d882\" data-element_type=\"widget\" data-widget_type=\"icon.default\">\n\t\t\t\t\t\t\t<div class=\"elementor-icon-wrapper\">\n\t\t\t<div class=\"elementor-icon\">\n\t\t\t<svg xmlns=\"http:\/\/www.w3.org\/2000\/svg\" viewbox=\"0 0 8 13\" width=\"8\" height=\"13\"><title>arrow_forward_ios<\/title><style>\t\t.s0 { opacity: .25;fill: #613a24 } \t<\/style><path class=\"s0\" d=\"m1.1 12.9l-0.8-0.9 5.1-5.1-5.1-5.1 0.8-0.9 6 6z\"><\/path><\/svg>\t\t\t<\/div>\n\t\t<\/div>\n\t\t\t\t\t\t<\/div>\n\t\t\t\t<div class=\"elementor-element elementor-element-c645e76 elementor-widget elementor-widget-heading\" data-id=\"c645e76\" data-element_type=\"widget\" data-widget_type=\"heading.default\">\n\t\t\t\t\t<h2 class=\"elementor-heading-title elementor-size-default\"><a href=\"https:\/\/baja.lionstackailab.hu\/en\/baja-onkormanyzat\/\">F\u0151oldal<\/a><\/h2>\t\t\t\t<\/div>\n\t\t\t\t<div class=\"elementor-element elementor-element-3fbd4ab elementor-view-default elementor-widget elementor-widget-icon\" data-id=\"3fbd4ab\" data-element_type=\"widget\" data-widget_type=\"icon.default\">\n\t\t\t\t\t\t\t<div class=\"elementor-icon-wrapper\">\n\t\t\t<div class=\"elementor-icon\">\n\t\t\t<svg xmlns=\"http:\/\/www.w3.org\/2000\/svg\" viewbox=\"0 0 8 13\" width=\"8\" height=\"13\"><title>arrow_forward_ios<\/title><style>\t\t.s0 { opacity: .25;fill: #613a24 } \t<\/style><path class=\"s0\" d=\"m1.1 12.9l-0.8-0.9 5.1-5.1-5.1-5.1 0.8-0.9 6 6z\"><\/path><\/svg>\t\t\t<\/div>\n\t\t<\/div>\n\t\t\t\t\t\t<\/div>\n\t\t\t\t<div class=\"elementor-element elementor-element-6102773 elementor-widget elementor-widget-heading\" data-id=\"6102773\" data-element_type=\"widget\" data-widget_type=\"heading.default\">\n\t\t\t\t\t<h2 class=\"elementor-heading-title elementor-size-default\">\u00d6nkorm\u00e1nyzat<\/h2>\t\t\t\t<\/div>\n\t\t\t\t<div class=\"elementor-element elementor-element-8a2c1da elementor-view-default elementor-widget elementor-widget-icon\" data-id=\"8a2c1da\" data-element_type=\"widget\" data-widget_type=\"icon.default\">\n\t\t\t\t\t\t\t<div class=\"elementor-icon-wrapper\">\n\t\t\t<div class=\"elementor-icon\">\n\t\t\t<svg xmlns=\"http:\/\/www.w3.org\/2000\/svg\" viewbox=\"0 0 8 13\" width=\"8\" height=\"13\"><title>arrow_forward_ios<\/title><style>\t\t.s0 { opacity: .25;fill: #613a24 } \t<\/style><path class=\"s0\" d=\"m1.1 12.9l-0.8-0.9 5.1-5.1-5.1-5.1 0.8-0.9 6 6z\"><\/path><\/svg>\t\t\t<\/div>\n\t\t<\/div>\n\t\t\t\t\t\t<\/div>\n\t\t\t\t<div class=\"elementor-element elementor-element-b05cfeb elementor-widget elementor-widget-heading\" data-id=\"b05cfeb\" data-element_type=\"widget\" data-widget_type=\"heading.default\">\n\t\t\t\t\t<h2 class=\"elementor-heading-title elementor-size-default\"><a href=\"https:\/\/baja.lionstackailab.hu\/en\/onkormanyzat\/lakossagi-informaciok\/\">Lakoss\u00e1gi inform\u00e1ci\u00f3k<\/a><\/h2>\t\t\t\t<\/div>\n\t\t\t\t<\/div>\n\t\t<div class=\"elementor-element elementor-element-de16cdc e-con-full e-flex e-con e-child\" data-id=\"de16cdc\" data-element_type=\"container\">\n\t\t<div class=\"elementor-element elementor-element-3d3f14a e-con-full e-flex e-con e-child\" data-id=\"3d3f14a\" data-element_type=\"container\">\n\t\t\t\t<div class=\"elementor-element elementor-element-e0b7140 elementor-widget__width-inherit elementor-widget elementor-widget-heading\" data-id=\"e0b7140\" data-element_type=\"widget\" data-widget_type=\"heading.default\">\n\t\t\t\t\t<h1 class=\"elementor-heading-title elementor-size-default\">Lakoss\u00e1gi inform\u00e1ci\u00f3k<\/h1>\t\t\t\t<\/div>\n\t\t<div class=\"elementor-element elementor-element-16c9779 e-con-full e-flex e-con e-child\" data-id=\"16c9779\" data-element_type=\"container\">\n\t\t\t\t<div class=\"elementor-element elementor-element-3b064ee elementor-widget elementor-widget-shortcode\" data-id=\"3b064ee\" data-element_type=\"widget\" data-widget_type=\"shortcode.default\">\n\t\t\t\t\t\t\t<div class=\"elementor-shortcode\">        <div class=\"bpi-search-card\">\n            <div class=\"bpi-input-wrapper\">\n                <input type=\"text\" id=\"bpi-live-search\" placeholder=\"Keres\u00e9s a lakoss\u00e1gi inform\u00e1ci\u00f3k k\u00f6z\u00f6tt\" \/>\n                <span class=\"bpi-search-icon\"><img decoding=\"async\" class=\"search-icon\" src=\"https:\/\/baja.lionstackailab.hu\/wp-content\/plugins\/bajapublicinformation\/assets\/img\/search-svgrepo-com.svg\" alt=\"Search\" \/><\/span>\n            <\/div>\n            <div class=\"bpi-category-dropdown\">\n                <span id=\"bpi-category-toggle\" class=\"bpi-category-toggle\">\n                    <span id=\"bpi-selected-main\">Kateg\u00f3ria sz\u0171r\u00e9s<\/span>\n                    <span class=\"bpi-arrow\">&#9660;<\/span>\n                    <span id=\"bpi-selected-sub\" class=\"bpi-badge\" style=\"display:none;\"><\/span>\n                <\/span>\n                <ul class=\"bpi-category-list\">\n                    <li class=\"bpi-item-default\">\u00d6sszes kateg\u00f3ria<\/li>\n                                            <li class=\"bpi-cat-item\" data-id=\"13\" data-name=\"Eg\u00e9szs\u00e9g\u00fcgy\">\n                            Eg\u00e9szs\u00e9g\u00fcgy                                                            <ul class=\"bpi-sub-list\">\n                                    <li class=\"bpi-item-default\">\u00d6sszes alkateg\u00f3ria<\/li>\n                                                                            <li class=\"bpi-sub-item\" data-id=\"31\" data-name=\"\u00c1llateg\u00e9szs\u00e9g\u00fcgy\">\u00c1llateg\u00e9szs\u00e9g\u00fcgy<\/li>\n                                                                            <li class=\"bpi-sub-item\" data-id=\"30\" data-name=\"Bajai Szent R\u00f3kus K\u00f3rh\u00e1z\">Bajai Szent R\u00f3kus K\u00f3rh\u00e1z<\/li>\n                                                                            <li class=\"bpi-sub-item\" data-id=\"27\" data-name=\"Fogorvos\">Fogorvos<\/li>\n                                                                            <li class=\"bpi-sub-item\" data-id=\"28\" data-name=\"Gyerekorvos\">Gyerekorvos<\/li>\n                                                                            <li class=\"bpi-sub-item\" data-id=\"25\" data-name=\"Gy\u00f3gyszert\u00e1rak\">Gy\u00f3gyszert\u00e1rak<\/li>\n                                                                            <li class=\"bpi-sub-item\" data-id=\"24\" data-name=\"H\u00e1ziorvosok\">H\u00e1ziorvosok<\/li>\n                                                                            <li class=\"bpi-sub-item\" data-id=\"29\" data-name=\"V\u00e9d\u0151n\u0151i szolg\u00e1lat\">V\u00e9d\u0151n\u0151i szolg\u00e1lat<\/li>\n                                                                    <\/ul>\n                                                    <\/li>\n                                            <li class=\"bpi-cat-item\" data-id=\"19\" data-name=\"Hat\u00f3s\u00e1gok\">\n                            Hat\u00f3s\u00e1gok                                                    <\/li>\n                                            <li class=\"bpi-cat-item\" data-id=\"20\" data-name=\"K\u00f6rnyezetv\u00e9delem\">\n                            K\u00f6rnyezetv\u00e9delem                                                    <\/li>\n                                            <li class=\"bpi-cat-item\" data-id=\"18\" data-name=\"K\u00f6zleked\u00e9s\">\n                            K\u00f6zleked\u00e9s                                                    <\/li>\n                                            <li class=\"bpi-cat-item\" data-id=\"16\" data-name=\"Kult\u00fara\">\n                            Kult\u00fara                                                    <\/li>\n                                            <li class=\"bpi-cat-item\" data-id=\"15\" data-name=\"Oktat\u00e1s\">\n                            Oktat\u00e1s                                                            <ul class=\"bpi-sub-list\">\n                                    <li class=\"bpi-item-default\">\u00d6sszes alkateg\u00f3ria<\/li>\n                                                                            <li class=\"bpi-sub-item\" data-id=\"26\" data-name=\"\u00c1ltal\u00e1nos iskola\">\u00c1ltal\u00e1nos iskola<\/li>\n                                                                            <li class=\"bpi-sub-item\" data-id=\"52\" data-name=\"B\u00f6lcs\u0151de\">B\u00f6lcs\u0151de<\/li>\n                                                                            <li class=\"bpi-sub-item\" data-id=\"53\" data-name=\"\u00d3voda\">\u00d3voda<\/li>\n                                                                    <\/ul>\n                                                    <\/li>\n                                            <li class=\"bpi-cat-item\" data-id=\"17\" data-name=\"Sport\">\n                            Sport                                                    <\/li>\n                                            <li class=\"bpi-cat-item\" data-id=\"14\" data-name=\"Szoci\u00e1lis ell\u00e1t\u00e1s\">\n                            Szoci\u00e1lis ell\u00e1t\u00e1s                                                    <\/li>\n                                            <li class=\"bpi-cat-item\" data-id=\"22\" data-name=\"Temet\u0151k\">\n                            Temet\u0151k                                                    <\/li>\n                                            <li class=\"bpi-cat-item\" data-id=\"23\" data-name=\"Term\u00e9szeti \u00e9rt\u00e9keink\">\n                            Term\u00e9szeti \u00e9rt\u00e9keink                                                    <\/li>\n                                            <li class=\"bpi-cat-item\" data-id=\"21\" data-name=\"Vall\u00e1s\">\n                            Vall\u00e1s                                                    <\/li>\n                                    <\/ul>\n            <\/div>\n        <\/div>\n        <div id=\"bpi-category-cards\">\n                            <div class=\"bpi-category-block\">\n                    <h2 class=\"bpi-main-category\">Eg\u00e9szs\u00e9g\u00fcgy<\/h2>\n                    <div class=\"bpi-subcategories-grid\">\n                                                    <div class=\"bpi-subcard\" data-parent=\"13\" data-id=\"31\">\n                                <h4>\u00c1llateg\u00e9szs\u00e9g\u00fcgy<\/h4>\n                                <img decoding=\"async\"\n                                    class=\"bpi-subcard-arrow\"\n                                    src=\"https:\/\/baja.lionstackailab.hu\/wp-content\/plugins\/bajapublicinformation\/assets\/img\/arrow-circle-up-right.svg\"\n                                    data-src-default=\"https:\/\/baja.lionstackailab.hu\/wp-content\/plugins\/bajapublicinformation\/assets\/img\/arrow-circle-up-right.svg\"\n                                    data-src-hover=\"https:\/\/baja.lionstackailab.hu\/wp-content\/plugins\/bajapublicinformation\/assets\/img\/arrow-circle-right.svg\"\n                                    alt=\"\"\n                                \/>\n                            <\/div>\n                                                    <div class=\"bpi-subcard\" data-parent=\"13\" data-id=\"30\">\n                                <h4>Bajai Szent R\u00f3kus K\u00f3rh\u00e1z<\/h4>\n                                <img decoding=\"async\"\n                                    class=\"bpi-subcard-arrow\"\n                                    src=\"https:\/\/baja.lionstackailab.hu\/wp-content\/plugins\/bajapublicinformation\/assets\/img\/arrow-circle-up-right.svg\"\n                                    data-src-default=\"https:\/\/baja.lionstackailab.hu\/wp-content\/plugins\/bajapublicinformation\/assets\/img\/arrow-circle-up-right.svg\"\n                                    data-src-hover=\"https:\/\/baja.lionstackailab.hu\/wp-content\/plugins\/bajapublicinformation\/assets\/img\/arrow-circle-right.svg\"\n                                    alt=\"\"\n                                \/>\n                            <\/div>\n                                                    <div class=\"bpi-subcard\" data-parent=\"13\" data-id=\"27\">\n                                <h4>Fogorvos<\/h4>\n                                <img decoding=\"async\"\n                                    class=\"bpi-subcard-arrow\"\n                                    src=\"https:\/\/baja.lionstackailab.hu\/wp-content\/plugins\/bajapublicinformation\/assets\/img\/arrow-circle-up-right.svg\"\n                                    data-src-default=\"https:\/\/baja.lionstackailab.hu\/wp-content\/plugins\/bajapublicinformation\/assets\/img\/arrow-circle-up-right.svg\"\n                                    data-src-hover=\"https:\/\/baja.lionstackailab.hu\/wp-content\/plugins\/bajapublicinformation\/assets\/img\/arrow-circle-right.svg\"\n                                    alt=\"\"\n                                \/>\n                            <\/div>\n                                                    <div class=\"bpi-subcard\" data-parent=\"13\" data-id=\"28\">\n                                <h4>Gyerekorvos<\/h4>\n                                <img decoding=\"async\"\n                                    class=\"bpi-subcard-arrow\"\n                                    src=\"https:\/\/baja.lionstackailab.hu\/wp-content\/plugins\/bajapublicinformation\/assets\/img\/arrow-circle-up-right.svg\"\n                                    data-src-default=\"https:\/\/baja.lionstackailab.hu\/wp-content\/plugins\/bajapublicinformation\/assets\/img\/arrow-circle-up-right.svg\"\n                                    data-src-hover=\"https:\/\/baja.lionstackailab.hu\/wp-content\/plugins\/bajapublicinformation\/assets\/img\/arrow-circle-right.svg\"\n                                    alt=\"\"\n                                \/>\n                            <\/div>\n                                                    <div class=\"bpi-subcard\" data-parent=\"13\" data-id=\"25\">\n                                <h4>Gy\u00f3gyszert\u00e1rak<\/h4>\n                                <img decoding=\"async\"\n                                    class=\"bpi-subcard-arrow\"\n                                    src=\"https:\/\/baja.lionstackailab.hu\/wp-content\/plugins\/bajapublicinformation\/assets\/img\/arrow-circle-up-right.svg\"\n                                    data-src-default=\"https:\/\/baja.lionstackailab.hu\/wp-content\/plugins\/bajapublicinformation\/assets\/img\/arrow-circle-up-right.svg\"\n                                    data-src-hover=\"https:\/\/baja.lionstackailab.hu\/wp-content\/plugins\/bajapublicinformation\/assets\/img\/arrow-circle-right.svg\"\n                                    alt=\"\"\n                                \/>\n                            <\/div>\n                                                    <div class=\"bpi-subcard\" data-parent=\"13\" data-id=\"24\">\n                                <h4>H\u00e1ziorvosok<\/h4>\n                                <img decoding=\"async\"\n                                    class=\"bpi-subcard-arrow\"\n                                    src=\"https:\/\/baja.lionstackailab.hu\/wp-content\/plugins\/bajapublicinformation\/assets\/img\/arrow-circle-up-right.svg\"\n                                    data-src-default=\"https:\/\/baja.lionstackailab.hu\/wp-content\/plugins\/bajapublicinformation\/assets\/img\/arrow-circle-up-right.svg\"\n                                    data-src-hover=\"https:\/\/baja.lionstackailab.hu\/wp-content\/plugins\/bajapublicinformation\/assets\/img\/arrow-circle-right.svg\"\n                                    alt=\"\"\n                                \/>\n                            <\/div>\n                                                    <div class=\"bpi-subcard\" data-parent=\"13\" data-id=\"29\">\n                                <h4>V\u00e9d\u0151n\u0151i szolg\u00e1lat<\/h4>\n                                <img decoding=\"async\"\n                                    class=\"bpi-subcard-arrow\"\n                                    src=\"https:\/\/baja.lionstackailab.hu\/wp-content\/plugins\/bajapublicinformation\/assets\/img\/arrow-circle-up-right.svg\"\n                                    data-src-default=\"https:\/\/baja.lionstackailab.hu\/wp-content\/plugins\/bajapublicinformation\/assets\/img\/arrow-circle-up-right.svg\"\n                                    data-src-hover=\"https:\/\/baja.lionstackailab.hu\/wp-content\/plugins\/bajapublicinformation\/assets\/img\/arrow-circle-right.svg\"\n                                    alt=\"\"\n                                \/>\n                            <\/div>\n                                            <\/div>\n                <\/div>\n                            <div class=\"bpi-category-block\">\n                    <h2 class=\"bpi-main-category\">Oktat\u00e1s<\/h2>\n                    <div class=\"bpi-subcategories-grid\">\n                                                    <div class=\"bpi-subcard\" data-parent=\"15\" data-id=\"26\">\n                                <h4>\u00c1ltal\u00e1nos iskola<\/h4>\n                                <img decoding=\"async\"\n                                    class=\"bpi-subcard-arrow\"\n                                    src=\"https:\/\/baja.lionstackailab.hu\/wp-content\/plugins\/bajapublicinformation\/assets\/img\/arrow-circle-up-right.svg\"\n                                    data-src-default=\"https:\/\/baja.lionstackailab.hu\/wp-content\/plugins\/bajapublicinformation\/assets\/img\/arrow-circle-up-right.svg\"\n                                    data-src-hover=\"https:\/\/baja.lionstackailab.hu\/wp-content\/plugins\/bajapublicinformation\/assets\/img\/arrow-circle-right.svg\"\n                                    alt=\"\"\n                                \/>\n                            <\/div>\n                                                    <div class=\"bpi-subcard\" data-parent=\"15\" data-id=\"52\">\n                                <h4>B\u00f6lcs\u0151de<\/h4>\n                                <img decoding=\"async\"\n                                    class=\"bpi-subcard-arrow\"\n                                    src=\"https:\/\/baja.lionstackailab.hu\/wp-content\/plugins\/bajapublicinformation\/assets\/img\/arrow-circle-up-right.svg\"\n                                    data-src-default=\"https:\/\/baja.lionstackailab.hu\/wp-content\/plugins\/bajapublicinformation\/assets\/img\/arrow-circle-up-right.svg\"\n                                    data-src-hover=\"https:\/\/baja.lionstackailab.hu\/wp-content\/plugins\/bajapublicinformation\/assets\/img\/arrow-circle-right.svg\"\n                                    alt=\"\"\n                                \/>\n                            <\/div>\n                                                    <div class=\"bpi-subcard\" data-parent=\"15\" data-id=\"53\">\n                                <h4>\u00d3voda<\/h4>\n                                <img decoding=\"async\"\n                                    class=\"bpi-subcard-arrow\"\n                                    src=\"https:\/\/baja.lionstackailab.hu\/wp-content\/plugins\/bajapublicinformation\/assets\/img\/arrow-circle-up-right.svg\"\n                                    data-src-default=\"https:\/\/baja.lionstackailab.hu\/wp-content\/plugins\/bajapublicinformation\/assets\/img\/arrow-circle-up-right.svg\"\n                                    data-src-hover=\"https:\/\/baja.lionstackailab.hu\/wp-content\/plugins\/bajapublicinformation\/assets\/img\/arrow-circle-right.svg\"\n                                    alt=\"\"\n                                \/>\n                            <\/div>\n                                            <\/div>\n                <\/div>\n                    <\/div>\n        <div id=\"bpi-live-results\"><\/div>\n        <div id=\"bpi-modal\" class=\"bpi-modal\"><div class=\"bpi-modal-content\"><span class=\"bpi-close\"><img decoding=\"async\" class=\"search-icon\" src=\"https:\/\/baja.lionstackailab.hu\/wp-content\/plugins\/bajapublicinformation\/assets\/img\/circle-close.svg\" alt=\"Search\" \/><\/span><div class=\"bpi-modal-body\"><\/div><\/div><\/div>\n        <div id=\"bpi-image-modal\" class=\"bpi-modal\"><div class=\"bpi-modal-content\"><span class=\"bpi-close\"><img decoding=\"async\" class=\"search-icon\" src=\"https:\/\/baja.lionstackailab.hu\/wp-content\/plugins\/bajapublicinformation\/assets\/img\/circle-close.svg\" alt=\"Close\" \/><\/span><div class=\"bpi-image-wrapper\"><\/div><\/div><\/div>\n        <\/div>\n\t\t\t\t\t\t<\/div>\n\t\t\t\t<\/div>\n\t\t\t\t<\/div>\n\t\t\t\t<\/div>\n\t\t\t\t\t<\/div>\n\t\t\t\t<\/div>\n\t\t\t\t<\/div>\n\t\t\t\t<\/div>","protected":false},"excerpt":{"rendered":"<p>arrow_forward_ios F\u0151oldal arrow_forward_ios \u00d6nkorm\u00e1nyzat arrow_forward_ios Lakoss\u00e1gi inform\u00e1ci\u00f3k<\/p>","protected":false},"author":1,"featured_media":0,"parent":650,"menu_order":0,"comment_status":"closed","ping_status":"closed","template":"","meta":{"footnotes":""},"class_list":["post-730","page","type-page","status-publish","hentry"],"_links":{"self":[{"href":"https:\/\/baja.lionstackailab.hu\/en\/wp-json\/wp\/v2\/pages\/730","targetHints":{"allow":["GET"]}}],"collection":[{"href":"https:\/\/baja.lionstackailab.hu\/en\/wp-json\/wp\/v2\/pages"}],"about":[{"href":"https:\/\/baja.lionstackailab.hu\/en\/wp-json\/wp\/v2\/types\/page"}],"author":[{"embeddable":true,"href":"https:\/\/baja.lionstackailab.hu\/en\/wp-json\/wp\/v2\/users\/1"}],"replies":[{"embeddable":true,"href":"https:\/\/baja.lionstackailab.hu\/en\/wp-json\/wp\/v2\/comments?post=730"}],"version-history":[{"count":0,"href":"https:\/\/baja.lionstackailab.hu\/en\/wp-json\/wp\/v2\/pages\/730\/revisions"}],"up":[{"embeddable":true,"href":"https:\/\/baja.lionstackailab.hu\/en\/wp-json\/wp\/v2\/pages\/650"}],"wp:attachment":[{"href":"https:\/\/baja.lionstackailab.hu\/en\/wp-json\/wp\/v2\/media?parent=730"}],"curies":[{"name":"wp","href":"https:\/\/api.w.org\/{rel}","templated":true}]}}