{"id":536,"date":"2025-07-31T08:49:43","date_gmt":"2025-07-31T06:49:43","guid":{"rendered":"https:\/\/baja.lionstackailab.hu\/?page_id=536"},"modified":"2025-09-03T09:27:09","modified_gmt":"2025-09-03T07:27:09","slug":"dokumentumtar","status":"publish","type":"page","link":"https:\/\/baja.lionstackailab.hu\/en\/dokumentumtar\/","title":{"rendered":"Dokumentumt\u00e1r"},"content":{"rendered":"<div data-elementor-type=\"wp-page\" data-elementor-id=\"536\" class=\"elementor elementor-536\" data-elementor-post-type=\"page\">\n\t\t\t\t<div class=\"elementor-element elementor-element-7d49bd9 e-con-full e-flex e-con e-parent\" data-id=\"7d49bd9\" data-element_type=\"container\">\n\t\t<div class=\"elementor-element elementor-element-5039c80 e-flex e-con-boxed e-con e-child\" data-id=\"5039c80\" data-element_type=\"container\" data-settings=\"{&quot;background_background&quot;:&quot;classic&quot;}\">\n\t\t\t\t\t<div class=\"e-con-inner\">\n\t\t<div class=\"elementor-element elementor-element-418912d e-con-full e-flex e-con e-child\" data-id=\"418912d\" data-element_type=\"container\">\n\t\t\t\t<div class=\"elementor-element elementor-element-76520ec elementor-widget elementor-widget-image\" data-id=\"76520ec\" data-element_type=\"widget\" data-widget_type=\"image.default\">\n\t\t\t\t\t\t\t\t\t\t\t\t\t\t\t<img decoding=\"async\" width=\"39\" height=\"32\" src=\"https:\/\/baja.lionstackailab.hu\/wp-content\/uploads\/2025\/07\/other_houses.png\" class=\"attachment-large size-large wp-image-127\" alt=\"\" srcset=\"https:\/\/baja.lionstackailab.hu\/wp-content\/uploads\/2025\/07\/other_houses.png 39w, https:\/\/baja.lionstackailab.hu\/wp-content\/uploads\/2025\/07\/other_houses-15x12.png 15w\" sizes=\"(max-width: 39px) 100vw, 39px\" \/>\t\t\t\t\t\t\t\t\t\t\t\t\t\t\t<\/div>\n\t\t\t\t<div class=\"elementor-element elementor-element-71a7128 elementor-view-default elementor-widget elementor-widget-icon\" data-id=\"71a7128\" data-element_type=\"widget\" data-widget_type=\"icon.default\">\n\t\t\t\t\t\t\t<div class=\"elementor-icon-wrapper\">\n\t\t\t<div class=\"elementor-icon\">\n\t\t\t<svg xmlns=\"http:\/\/www.w3.org\/2000\/svg\" viewbox=\"0 0 8 13\" width=\"8\" height=\"13\"><title>arrow_forward_ios<\/title><style>\t\t.s0 { opacity: .25;fill: #613a24 } \t<\/style><path class=\"s0\" d=\"m1.1 12.9l-0.8-0.9 5.1-5.1-5.1-5.1 0.8-0.9 6 6z\"><\/path><\/svg>\t\t\t<\/div>\n\t\t<\/div>\n\t\t\t\t\t\t<\/div>\n\t\t\t\t<div class=\"elementor-element elementor-element-9fb8dd3 elementor-widget elementor-widget-heading\" data-id=\"9fb8dd3\" data-element_type=\"widget\" data-widget_type=\"heading.default\">\n\t\t\t\t\t<h2 class=\"elementor-heading-title elementor-size-default\"><a href=\"https:\/\/baja.lionstackailab.hu\/en\/baja-onkormanyzat\/\">F\u0151oldal<\/a><\/h2>\t\t\t\t<\/div>\n\t\t\t\t<div class=\"elementor-element elementor-element-02c891d elementor-view-default elementor-widget elementor-widget-icon\" data-id=\"02c891d\" data-element_type=\"widget\" data-widget_type=\"icon.default\">\n\t\t\t\t\t\t\t<div class=\"elementor-icon-wrapper\">\n\t\t\t<div class=\"elementor-icon\">\n\t\t\t<svg xmlns=\"http:\/\/www.w3.org\/2000\/svg\" viewbox=\"0 0 8 13\" width=\"8\" height=\"13\"><title>arrow_forward_ios<\/title><style>\t\t.s0 { opacity: .25;fill: #613a24 } \t<\/style><path class=\"s0\" d=\"m1.1 12.9l-0.8-0.9 5.1-5.1-5.1-5.1 0.8-0.9 6 6z\"><\/path><\/svg>\t\t\t<\/div>\n\t\t<\/div>\n\t\t\t\t\t\t<\/div>\n\t\t\t\t<div class=\"elementor-element elementor-element-74ad2fd elementor-widget elementor-widget-heading\" data-id=\"74ad2fd\" data-element_type=\"widget\" data-widget_type=\"heading.default\">\n\t\t\t\t\t<h2 class=\"elementor-heading-title elementor-size-default\">\u00d6nkorm\u00e1nyzat<\/h2>\t\t\t\t<\/div>\n\t\t\t\t<div class=\"elementor-element elementor-element-c1fb6d6 elementor-view-default elementor-widget elementor-widget-icon\" data-id=\"c1fb6d6\" data-element_type=\"widget\" data-widget_type=\"icon.default\">\n\t\t\t\t\t\t\t<div class=\"elementor-icon-wrapper\">\n\t\t\t<div class=\"elementor-icon\">\n\t\t\t<svg xmlns=\"http:\/\/www.w3.org\/2000\/svg\" viewbox=\"0 0 8 13\" width=\"8\" height=\"13\"><title>arrow_forward_ios<\/title><style>\t\t.s0 { opacity: .25;fill: #613a24 } \t<\/style><path class=\"s0\" d=\"m1.1 12.9l-0.8-0.9 5.1-5.1-5.1-5.1 0.8-0.9 6 6z\"><\/path><\/svg>\t\t\t<\/div>\n\t\t<\/div>\n\t\t\t\t\t\t<\/div>\n\t\t\t\t<div class=\"elementor-element elementor-element-6a8979b elementor-widget elementor-widget-heading\" data-id=\"6a8979b\" data-element_type=\"widget\" data-widget_type=\"heading.default\">\n\t\t\t\t\t<h2 class=\"elementor-heading-title elementor-size-default\">Dokumentumt\u00e1r<\/h2>\t\t\t\t<\/div>\n\t\t\t\t<\/div>\n\t\t<div class=\"elementor-element elementor-element-00723b5 e-con-full e-flex e-con e-child\" data-id=\"00723b5\" data-element_type=\"container\">\n\t\t<div class=\"elementor-element elementor-element-481cce4 e-con-full e-flex e-con e-child\" data-id=\"481cce4\" data-element_type=\"container\">\n\t\t\t\t<div class=\"elementor-element elementor-element-7fb473e elementor-widget elementor-widget-heading\" data-id=\"7fb473e\" data-element_type=\"widget\" data-widget_type=\"heading.default\">\n\t\t\t\t\t<h1 class=\"elementor-heading-title elementor-size-default\">Dokumentumt\u00e1r<\/h1>\t\t\t\t<\/div>\n\t\t\t\t<div class=\"elementor-element elementor-element-cb0297e elementor-widget elementor-widget-heading\" data-id=\"cb0297e\" data-element_type=\"widget\" data-widget_type=\"heading.default\">\n\t\t\t\t\t<p class=\"elementor-heading-title elementor-size-default\">Anim duis aliqua eiusmod aliquip qui. Pariatur occaecat non cupidatat consectetur magna occaecat aliquip. Velit qui veniam non qui ad esse reprehenderit irure.<\/p>\t\t\t\t<\/div>\n\t\t\t\t<div class=\"elementor-element elementor-element-50be31a elementor-widget__width-inherit elementor-widget elementor-widget-shortcode\" data-id=\"50be31a\" data-element_type=\"widget\" data-widget_type=\"shortcode.default\">\n\t\t\t\t\t\t\t<div class=\"elementor-shortcode\"><div class=\"bajadocs-wrapper\">        <div class=\"bajadocs-search-container\">\n            <div class=\"search-top\">\n                <input type=\"text\" class=\"search-input\" placeholder=\"Keres\u00e9s a lakoss\u00e1gi inform\u00e1ci\u00f3k k\u00f6z\u00f6tt\">\n                <img decoding=\"async\" src=\"https:\/\/baja.lionstackailab.hu\/wp-content\/plugins\/bajadocs\/inc\/..\/assets\/img\/search.svg\" alt=\"Keres\u00e9s\" class=\"search-icon\" \/>\n            <\/div>\n\n            <div class=\"search-filters\">\n                <div class=\"filter-wrapper\">\n                    <select class=\"filter-select date-filter\">\n                        <option value=\"\">B\u00e1rmikor<\/option>\n                        <option value=\"last-2-weeks\">Elm\u00falt 2 h\u00e9t<\/option>\n                        <option value=\"last-30-days\">Elm\u00falt 4 h\u00e9t<\/option>\n                        <option value=\"2025\">2025<\/option>\n                        <option value=\"2024\">2024<\/option>\n                        <option value=\"2024\">2023<\/option>\n                    <\/select>\n                <\/div>\n\n                <div class=\"filter-wrapper\">\n                    <select class=\"filter-select tag-filter\">\n                        <option value=\"\">Kateg\u00f3ria<\/option>\n                                                    <option value=\"el\u0151terjeszt\u00e9s\">\n                                el\u0151terjeszt\u00e9s                            <\/option>\n                                                    <option value=\"hat\u00e1rozat\">\n                                hat\u00e1rozat                            <\/option>\n                                                    <option value=\"k\u00f6zgy\u0171l\u00e9s\">\n                                k\u00f6zgy\u0171l\u00e9s                            <\/option>\n                                                    <option value=\"megh\u00edv\u00f3\">\n                                megh\u00edv\u00f3                            <\/option>\n                                            <\/select>\n                <\/div>\n            <\/div>\n        <\/div>\n        \n        <div class=\"bajadocs-folder\" data-folder-title=\"teszt - k\u00e9pvisel\u0151-test\u00fclet \u00fcl\u00e9s teszt\" data-folder-date=\"2025-10-01\">\n            <div class=\"bajadocs-folder-header\">\n                <div class=\"bajadocs-folder-title\">\n                    <span class=\"title\">TESZT - K\u00e9pvisel\u0151-test\u00fclet \u00fcl\u00e9s TESZT<\/span>\n                    <div class=\"bajadocs-folder-date\">\n                        <img decoding=\"async\" src=\"https:\/\/baja.lionstackailab.hu\/wp-content\/plugins\/bajadocs\/inc\/..\/assets\/img\/calendar.svg\" alt=\"Napt\u00e1r\" \/>\n                        <span class=\"date\">2025. October 1. (Wednesday)<\/span>\n                    <\/div>\n                <\/div>\n                <div class=\"bajadocs-folder-count\">\n                    <img decoding=\"async\" src=\"https:\/\/baja.lionstackailab.hu\/wp-content\/plugins\/bajadocs\/inc\/..\/assets\/img\/document.svg\" alt=\"Dokumentum\" \/>\n                    <span>3 db<\/span>\n                <\/div>\n            <\/div>\n        <\/div><div class=\"bajadocs-documents\">\n    <div class=\"bajadocs-document\" data-title=\"megh\u00edv\u00f3\" data-tags=\"\">\n        <div class=\"doc-main\">\n            <div class=\"doc-left\">\n                <div class=\"doc-title\">Megh\u00edv\u00f3<\/div>\n                \n            <\/div>\n            <div class=\"doc-right\">\n                <span class=\"doc-size\">134.3 Kb<\/span>\n                <span class=\"doc-ext\">pdf<\/span>\n                <a href=\"https:\/\/baja.lionstackailab.hu\/wp-content\/uploads\/2025\/10\/20250924_kt_meghivo-meghivo.pdf\" target=\"_blank\" class=\"doc-download\">\n                    <img decoding=\"async\" src=\"https:\/\/baja.lionstackailab.hu\/wp-content\/plugins\/bajadocs\/inc\/..\/assets\/img\/download.svg\" alt=\"Let\u00f6lt\u00e9s\">\n                <\/a>\n            <\/div>\n        <\/div>\n        <div class=\"doc-attachments\"><div class=\"attachment-divider\">\n            <span>Mell\u00e9kletek<\/span>\n        <\/div>\n                <div class=\"attachment-item\">\n                    <div class=\"attachment-title\">\n                        <img decoding=\"async\" src=\"https:\/\/baja.lionstackailab.hu\/wp-content\/plugins\/bajadocs\/inc\/..\/assets\/img\/paperclip.svg\" alt=\"\" \/>\n                        109-2025 (III.26.) T\u00f3th G\u00e1born\u00e9 lak\u00e1s\u00fcgye - Ipsum duis amet sed.\n                    <\/div>\n                    <div class=\"attachment-meta\">\n                        <span class=\"doc-size\">27.1 Kb<\/span>\n                        <span class=\"doc-ext\">pdf<\/span>\n                        <a href=\"https:\/\/baja.lionstackailab.hu\/wp-content\/uploads\/2025\/10\/08_vuz_kft_2025_i._felevi_beszamolo_felugyeli_bizottsagi_hatarozat-melleklet-4.pdf\" target=\"_blank\" class=\"doc-download\">\n                            <img decoding=\"async\" src=\"https:\/\/baja.lionstackailab.hu\/wp-content\/plugins\/bajadocs\/inc\/..\/assets\/img\/download.svg\" alt=\"Let\u00f6lt\u00e9s\">\n                        <\/a>\n                    <\/div>\n                <\/div><\/div>\n    <\/div>\n    <div class=\"bajadocs-document\" data-title=\"megh\u00edv\u00f3 c\u00ednk\u00e9vel\" data-tags=\"megh\u00edv\u00f3\">\n        <div class=\"doc-main\">\n            <div class=\"doc-left\">\n                <div class=\"doc-title\">Megh\u00edv\u00f3 c\u00ednk\u00e9vel<\/div>\n                <div class=\"doc-tags\"><span class=\"doc-tag\" style=\"color:#6d621d; background-color:rgba(109, 98, 29, 0.15);\">megh\u00edv\u00f3<\/span><\/div>\n            <\/div>\n            <div class=\"doc-right\">\n                <span class=\"doc-size\">27.1 Kb<\/span>\n                <span class=\"doc-ext\">pdf<\/span>\n                <a href=\"https:\/\/baja.lionstackailab.hu\/wp-content\/uploads\/2025\/10\/08_vuz_kft_2025_i._felevi_beszamolo_felugyeli_bizottsagi_hatarozat-melleklet-5.pdf\" target=\"_blank\" class=\"doc-download\">\n                    <img decoding=\"async\" src=\"https:\/\/baja.lionstackailab.hu\/wp-content\/plugins\/bajadocs\/inc\/..\/assets\/img\/download.svg\" alt=\"Let\u00f6lt\u00e9s\">\n                <\/a>\n            <\/div>\n        <\/div>\n        \n    <\/div>\n    <div class=\"bajadocs-document\" data-title=\"teszt\" data-tags=\"k\u00f6zgy\u0171l\u00e9s\">\n        <div class=\"doc-main\">\n            <div class=\"doc-left\">\n                <div class=\"doc-title\">teszt<\/div>\n                <div class=\"doc-tags\"><span class=\"doc-tag\" style=\"color:#2ec27e; background-color:rgba(46, 194, 126, 0.15);\">k\u00f6zgy\u0171l\u00e9s<\/span><\/div>\n            <\/div>\n            <div class=\"doc-right\">\n                <span class=\"doc-size\">27.1 Kb<\/span>\n                <span class=\"doc-ext\">pdf<\/span>\n                <a href=\"https:\/\/baja.lionstackailab.hu\/wp-content\/uploads\/2025\/10\/08_vuz_kft_2025_i._felevi_beszamolo_felugyeli_bizottsagi_hatarozat-melleklet-6.pdf\" target=\"_blank\" class=\"doc-download\">\n                    <img decoding=\"async\" src=\"https:\/\/baja.lionstackailab.hu\/wp-content\/plugins\/bajadocs\/inc\/..\/assets\/img\/download.svg\" alt=\"Let\u00f6lt\u00e9s\">\n                <\/a>\n            <\/div>\n        <\/div>\n        \n    <\/div><\/div>\n        <div class=\"bajadocs-folder\" data-folder-title=\"teszt mappa baja k\u00f6zgy\u0171l\u00e9s\" data-folder-date=\"2025-06-11\">\n            <div class=\"bajadocs-folder-header\">\n                <div class=\"bajadocs-folder-title\">\n                    <span class=\"title\">Teszt mappa Baja k\u00f6zgy\u0171l\u00e9s<\/span>\n                    <div class=\"bajadocs-folder-date\">\n                        <img decoding=\"async\" src=\"https:\/\/baja.lionstackailab.hu\/wp-content\/plugins\/bajadocs\/inc\/..\/assets\/img\/calendar.svg\" alt=\"Napt\u00e1r\" \/>\n                        <span class=\"date\">2025. June 11. (Wednesday)<\/span>\n                    <\/div>\n                <\/div>\n                <div class=\"bajadocs-folder-count\">\n                    <img decoding=\"async\" src=\"https:\/\/baja.lionstackailab.hu\/wp-content\/plugins\/bajadocs\/inc\/..\/assets\/img\/document.svg\" alt=\"Dokumentum\" \/>\n                    <span>3 db<\/span>\n                <\/div>\n            <\/div>\n        <\/div><div class=\"bajadocs-documents\">\n    <div class=\"bajadocs-document\" data-title=\"baja k\u00f6zgy\u0171l\u00e9s teszt dokumentum\" data-tags=\"\">\n        <div class=\"doc-main\">\n            <div class=\"doc-left\">\n                <div class=\"doc-title\">Baja k\u00f6zgy\u0171l\u00e9s teszt dokumentum<\/div>\n                \n            <\/div>\n            <div class=\"doc-right\">\n                <span class=\"doc-size\">13 Kb<\/span>\n                <span class=\"doc-ext\">pdf<\/span>\n                <a href=\"https:\/\/baja.lionstackailab.hu\/wp-content\/uploads\/2025\/07\/pdf-sample_0.pdf\" target=\"_blank\" class=\"doc-download\">\n                    <img decoding=\"async\" src=\"https:\/\/baja.lionstackailab.hu\/wp-content\/plugins\/bajadocs\/inc\/..\/assets\/img\/download.svg\" alt=\"Let\u00f6lt\u00e9s\">\n                <\/a>\n            <\/div>\n        <\/div>\n        \n    <\/div>\n    <div class=\"bajadocs-document\" data-title=\"baja hat\u00e1rozat teszt dokumentum c\u00edmk\u00e9vel\" data-tags=\"hat\u00e1rozat\">\n        <div class=\"doc-main\">\n            <div class=\"doc-left\">\n                <div class=\"doc-title\">Baja hat\u00e1rozat teszt dokumentum c\u00edmk\u00e9vel<\/div>\n                <div class=\"doc-tags\"><span class=\"doc-tag\" style=\"color:#e66100; background-color:rgba(230, 97, 0, 0.15);\">hat\u00e1rozat<\/span><\/div>\n            <\/div>\n            <div class=\"doc-right\">\n                <span class=\"doc-size\">13 Kb<\/span>\n                <span class=\"doc-ext\">pdf<\/span>\n                <a href=\"https:\/\/baja.lionstackailab.hu\/wp-content\/uploads\/2025\/07\/pdf-sample_0-1.pdf\" target=\"_blank\" class=\"doc-download\">\n                    <img decoding=\"async\" src=\"https:\/\/baja.lionstackailab.hu\/wp-content\/plugins\/bajadocs\/inc\/..\/assets\/img\/download.svg\" alt=\"Let\u00f6lt\u00e9s\">\n                <\/a>\n            <\/div>\n        <\/div>\n        \n    <\/div>\n    <div class=\"bajadocs-document\" data-title=\"\u00daj dokumentum\" data-tags=\"hat\u00e1rozat,el\u0151terjeszt\u00e9s,megh\u00edv\u00f3\">\n        <div class=\"doc-main\">\n            <div class=\"doc-left\">\n                <div class=\"doc-title\">\u00daj dokumentum<\/div>\n                <div class=\"doc-tags\"><span class=\"doc-tag\" style=\"color:#e66100; background-color:rgba(230, 97, 0, 0.15);\">hat\u00e1rozat<\/span><span class=\"doc-tag\" style=\"color:#1c71d8; background-color:rgba(28, 113, 216, 0.15);\">el\u0151terjeszt\u00e9s<\/span><span class=\"doc-tag\" style=\"color:#6d621d; background-color:rgba(109, 98, 29, 0.15);\">megh\u00edv\u00f3<\/span><\/div>\n            <\/div>\n            <div class=\"doc-right\">\n                <span class=\"doc-size\">1.4 Kb<\/span>\n                <span class=\"doc-ext\">svg<\/span>\n                <a href=\"https:\/\/baja.lionstackailab.hu\/wp-content\/uploads\/2025\/10\/calendar_view.svg\" target=\"_blank\" class=\"doc-download\">\n                    <img decoding=\"async\" src=\"https:\/\/baja.lionstackailab.hu\/wp-content\/plugins\/bajadocs\/inc\/..\/assets\/img\/download.svg\" alt=\"Let\u00f6lt\u00e9s\">\n                <\/a>\n            <\/div>\n        <\/div>\n        \n    <\/div><\/div>\n        <div class=\"bajadocs-folder\" data-folder-title=\"baja el\u0151terjeszt\u00e9s teszt\" data-folder-date=\"2024-10-23\">\n            <div class=\"bajadocs-folder-header\">\n                <div class=\"bajadocs-folder-title\">\n                    <span class=\"title\">Baja el\u0151terjeszt\u00e9s teszt<\/span>\n                    <div class=\"bajadocs-folder-date\">\n                        <img decoding=\"async\" src=\"https:\/\/baja.lionstackailab.hu\/wp-content\/plugins\/bajadocs\/inc\/..\/assets\/img\/calendar.svg\" alt=\"Napt\u00e1r\" \/>\n                        <span class=\"date\">2024. October 23. (Wednesday)<\/span>\n                    <\/div>\n                <\/div>\n                <div class=\"bajadocs-folder-count\">\n                    <img decoding=\"async\" src=\"https:\/\/baja.lionstackailab.hu\/wp-content\/plugins\/bajadocs\/inc\/..\/assets\/img\/document.svg\" alt=\"Dokumentum\" \/>\n                    <span>0 db<\/span>\n                <\/div>\n            <\/div>\n        <\/div><\/div><\/div>\n\t\t\t\t\t\t<\/div>\n\t\t\t\t<\/div>\n\t\t\t\t<\/div>\n\t\t\t\t\t<\/div>\n\t\t\t\t<\/div>\n\t\t\t\t<\/div>\n\t\t<div class=\"elementor-element elementor-element-ebb4108 e-flex e-con-boxed e-con e-parent\" data-id=\"ebb4108\" data-element_type=\"container\">\n\t\t\t\t\t<div class=\"e-con-inner\">\n\t\t\t\t\t<\/div>\n\t\t\t\t<\/div>\n\t\t\t\t<\/div>","protected":false},"excerpt":{"rendered":"<p>arrow_forward_ios F\u0151oldal arrow_forward_ios \u00d6nkorm\u00e1nyzat arrow_forward_ios Dokumentumt\u00e1r Anim duis aliqua eiusmod aliquip qui. Pariatur occaecat non cupidatat consectetur magna occaecat aliquip. Velit qui veniam non qui ad esse reprehenderit irure.<\/p>","protected":false},"author":1,"featured_media":0,"parent":0,"menu_order":0,"comment_status":"closed","ping_status":"closed","template":"","meta":{"footnotes":""},"class_list":["post-536","page","type-page","status-publish","hentry"],"_links":{"self":[{"href":"https:\/\/baja.lionstackailab.hu\/en\/wp-json\/wp\/v2\/pages\/536","targetHints":{"allow":["GET"]}}],"collection":[{"href":"https:\/\/baja.lionstackailab.hu\/en\/wp-json\/wp\/v2\/pages"}],"about":[{"href":"https:\/\/baja.lionstackailab.hu\/en\/wp-json\/wp\/v2\/types\/page"}],"author":[{"embeddable":true,"href":"https:\/\/baja.lionstackailab.hu\/en\/wp-json\/wp\/v2\/users\/1"}],"replies":[{"embeddable":true,"href":"https:\/\/baja.lionstackailab.hu\/en\/wp-json\/wp\/v2\/comments?post=536"}],"version-history":[{"count":0,"href":"https:\/\/baja.lionstackailab.hu\/en\/wp-json\/wp\/v2\/pages\/536\/revisions"}],"wp:attachment":[{"href":"https:\/\/baja.lionstackailab.hu\/en\/wp-json\/wp\/v2\/media?parent=536"}],"curies":[{"name":"wp","href":"https:\/\/api.w.org\/{rel}","templated":true}]}}