{"id":1944,"date":"2025-12-05T12:24:44","date_gmt":"2025-12-05T11:24:44","guid":{"rendered":"https:\/\/baja.lionstackailab.hu\/?page_id=1944"},"modified":"2025-12-05T12:25:08","modified_gmt":"2025-12-05T11:25:08","slug":"az-onkormanyzat-kitunteto-cimei-es-dijai","status":"publish","type":"page","link":"https:\/\/baja.lionstackailab.hu\/en\/az-onkormanyzat-kitunteto-cimei-es-dijai\/","title":{"rendered":"Az \u00f6nkorm\u00e1nyzat kit\u00fcntet\u0151 c\u00edmei \u00e9s d\u00edjai"},"content":{"rendered":"<p>Baja V\u00e1ros \u00d6nkorm\u00e1nyzat K\u00e9pvisel\u0151-test\u00fclete \u00e1ltal alap\u00edtott \u00e9s a k\u00e9pvisel\u0151-test\u00fclet \u00e1ltal adom\u00e1nyozhat\u00f3 kit\u00fcntet\u0151 c\u00edmekr\u0151l \u00e9s d\u00edjakr\u00f3l, azok oda\u00edt\u00e9l\u00e9s\u00e9nek felt\u00e9teleir\u0151l, a javaslatt\u00e9tel \u00e9s az adom\u00e1nyoz\u00e1s rendj\u00e9r\u0151l jelenleg&nbsp;<strong>a v\u00e1rosi kit\u00fcntet\u0151 c\u00edmek \u00e9s d\u00edjak alap\u00edt\u00e1s\u00e1r\u00f3l \u00e9s adom\u00e1nyoz\u00e1suk rendj\u00e9r\u0151l sz\u00f3l\u00f3 16\/2016. (VI. 30.) \u00f6nkorm\u00e1nyzati rendelet<\/strong>&nbsp;rendelkezik. Az \u00f6nkorm\u00e1nyzati rendelet teljes sz\u00f6vege let\u00f6lthet\u0151&nbsp;innen.<\/p>\n\n\n\n<p>KIT\u00dcNTET\u0150 C\u00cdMEK:<br><\/p>\n\n\n\n<p>A \u201e<strong>Baja V\u00e1ros D\u00edszpolg\u00e1ra<\/strong>\u201d kit\u00fcntet\u0151 c\u00edm <a href=\"https:\/\/www.bajaionkormanyzat.hu\/images\/2025\/01\/09\/Baja.Varos.Diszpolgara.pdf\">kor\u00e1bbi kit\u00fcntetettjei<\/a><\/p>\n\n\n\n<p>A \u201e<strong>Baja V\u00e1ros\u00e9rt<\/strong>\u201d kit\u00fcntet\u0151 c\u00edm <a href=\"https:\/\/www.bajaionkormanyzat.hu\/images\/2025\/01\/09\/Baja.Varosert.pdf\">kor\u00e1bbi kit\u00fcntetettjei<\/a><\/p>\n\n\n\n<p>KIT\u00dcNTET\u0150 D\u00cdJAK:<br><\/p>\n\n\n\n<p>A \u201e<strong>Baja V\u00e1ros K\u00f6zszolg\u00e1lat\u00e1\u00e9rt<\/strong>\u201d kit\u00fcntet\u0151 d\u00edj <a href=\"https:\/\/www.bajaionkormanyzat.hu\/images\/2025\/01\/09\/Baja.Varos.Kozszolgalataert.pdf\">kor\u00e1bbi d\u00edjazottjai<\/a><\/p>\n\n\n\n<p>A \u201e<strong>Baja V\u00e1ros Oktat\u00e1s\u00e1\u00e9rt<\/strong>\u201d kit\u00fcntet\u0151 d\u00edj<a href=\"https:\/\/www.bajaionkormanyzat.hu\/images\/2025\/01\/09\/Baja.Varos.Oktatasaert.2015.evig.pdf\">&nbsp;kor\u00e1bbi d\u00edjazottjai<\/a> (Ezt a d\u00edjat a 16\/2016. (VI. 30.) \u00f6nkorm\u00e1nyzati rendelet a \u201eBaja V\u00e1ros K\u00f6znevel\u00e9s\u00e9\u00e9rt \u00e9s Fels\u0151oktat\u00e1s\u00e1\u00e9rt\u201d elnevez\u00e9s\u0171 kit\u00fcntet\u0151 d\u00edjjal v\u00e1ltotta fel 2016-t\u00f3l, a tov\u00e1bbiakban a \u201eBaja V\u00e1ros Oktat\u00e1s\u00e1\u00e9rt\u201d kit\u00fcntet\u0151 d\u00edj adom\u00e1nyoz\u00e1s\u00e1ra nem ker\u00fcl sor.)<\/p>\n\n\n\n<p>A \u201e<strong>Baja V\u00e1ros K\u00f6znevel\u00e9s\u00e9\u00e9rt \u00e9s Fels\u0151oktat\u00e1s\u00e1\u00e9rt<\/strong>\u201d kit\u00fcntet\u0151 d\u00edj<a href=\"https:\/\/www.bajaionkormanyzat.hu\/images\/2025\/01\/09\/Baja.Varos.Kozneveleseert.es.Felsooktatasaert.pdf\">&nbsp;kor\u00e1bbi d\u00edjazottjai<\/a><\/p>\n\n\n\n<p>A \u201e<strong>Baja V\u00e1ros Kult\u00far\u00e1j\u00e1\u00e9rt<\/strong>\u201d kit\u00fcntet\u0151 d\u00edj <a href=\"https:\/\/www.bajaionkormanyzat.hu\/images\/2025\/01\/09\/Baja.Varos.Kulturajaert.pdf\">kor\u00e1bbi d\u00edjazottjai<\/a><\/p>\n\n\n\n<p>A \u201e<strong>Baja V\u00e1ros Eg\u00e9szs\u00e9g\u00fcgy\u00e9\u00e9rt<\/strong>\u201d kit\u00fcntet\u0151 d\u00edj <a href=\"https:\/\/www.bajaionkormanyzat.hu\/images\/2025\/01\/09\/Baja.Varos.Egeszsegugyeert.pdf\">kor\u00e1bbi d\u00edjazottjai<\/a><\/p>\n\n\n\n<p>A&nbsp;<strong>\u201eBaja V\u00e1ros Sportj\u00e1\u00e9rt\u201d<\/strong>&nbsp;kit\u00fcntet\u0151 d\u00edj <a href=\"https:\/\/www.bajaionkormanyzat.hu\/images\/2025\/01\/09\/Baja.Varos.Sportjaert.pdf\">kor\u00e1bbi d\u00edjazottjai<\/a><\/p>\n\n\n\n<p>A \u201e<strong>Baja V\u00e1ros Fejleszt\u00e9s\u00e9\u00e9rt<\/strong>\u201d kit\u00fcntet\u0151 d\u00edj <a href=\"https:\/\/www.bajaionkormanyzat.hu\/images\/2025\/01\/09\/Baja.Varos.Fejleszteseert.pdf\">kor\u00e1bbi d\u00edjazottjai<\/a><\/p>\n\n\n\n<p>A \u201e<strong>Baja V\u00e1ros\u00e1ban V\u00e9gzett Szoci\u00e1lis Munk\u00e1\u00e9rt<\/strong>\u201d kit\u00fcntet\u0151 d\u00edj <a href=\"https:\/\/www.bajaionkormanyzat.hu\/images\/2025\/01\/09\/Baja.Varosaban.vegzett.szocialis.munkaert.2013.evig.pdf\">kor\u00e1bbi d\u00edjazottjai<\/a> (2014-t\u0151l a \u201eBaja V\u00e1ros Szoci\u00e1lis Feladatai Ell\u00e1t\u00e1s\u00e1\u00e9rt\u201d \u00e9s a \u201eBaja V\u00e1ros Pro Caritate D\u00edja\u201d elnevez\u00e9s\u0171 d\u00edjak v\u00e1ltott\u00e1k fel.)<\/p>\n\n\n\n<p>A \u201e<strong>Baja V\u00e1ros Szoci\u00e1lis Feladatai Ell\u00e1t\u00e1s\u00e1\u00e9rt<\/strong>\u201d kit\u00fcntet\u0151 d\u00edj <a href=\"https:\/\/www.bajaionkormanyzat.hu\/images\/2025\/01\/09\/Baja.Varos.Szocialis.Feladatai.Ellatasaert.pdf\">kor\u00e1bbi d\u00edjazottjai<\/a><\/p>\n\n\n\n<p>A \u201e<strong>Baja V\u00e1ros Pro Caritate D\u00edja<\/strong>\u201d kit\u00fcntet\u0151 d\u00edj <a href=\"https:\/\/www.bajaionkormanyzat.hu\/images\/2025\/01\/09\/Baja.Varos.Pro.Caritate.Dija.pdf\">kor\u00e1bbi d\u00edjazottjai<\/a><\/p>\n\n\n\n<p>A \u201e<strong>Baja V\u00e1ros K\u00f6zbiztons\u00e1g\u00e1\u00e9rt<\/strong>\u201d kit\u00fcntet\u0151 d\u00edj <a href=\"https:\/\/www.bajaionkormanyzat.hu\/images\/2025\/01\/09\/Baja.Varos.Kozbiztonsagaert.pdf\">kor\u00e1bbi d\u00edjazottjai<\/a><\/p>\n\n\n\n<p>A \u201e<strong>Baja V\u00e1ros Kisebbs\u00e9gei\u00e9rt<\/strong>\u201d kit\u00fcntet\u0151 d\u00edj <a href=\"https:\/\/www.bajaionkormanyzat.hu\/images\/2025\/01\/09\/Baja.Varos.Kisebbsegeiert.2015.evig.pdf\">kor\u00e1bbi d\u00edjazottjai<\/a> (E d\u00edjat a 16\/2016. (VI. 30.) \u00f6nkorm\u00e1nyzati rendelet a \u201eBaja V\u00e1ros Nemzetis\u00e9gei\u00e9rt\u201d elnevez\u00e9s\u0171 kit\u00fcntet\u0151 d\u00edjjal v\u00e1ltotta fel.)<\/p>\n\n\n\n<p>A \u201e<strong>Baja V\u00e1ros Nemzetis\u00e9gei\u00e9rt<\/strong>\u201d kit\u00fcntet\u0151 d\u00edj <a href=\"https:\/\/www.bajaionkormanyzat.hu\/images\/2025\/01\/09\/Baja.Varos.Nemzetisegeiert.pdf\">kor\u00e1bbi d\u00edjazottjai<\/a><\/p>\n\n\n\n<p>\u201e<strong>Az 1956-os Forradalom Eml\u00e9kd\u00edja<\/strong>\u201d kit\u00fcntet\u0151 d\u00edj <a href=\"https:\/\/www.bajaionkormanyzat.hu\/images\/2025\/01\/09\/Az.1956-os.Forradalom.Emlekdija.pdf\">kor\u00e1bbi d\u00edjazottjai<\/a><\/p>\n\n\n\n<p>A \u201e<strong>Baja V\u00e1ros Polg\u00e1rmestere Kit\u00fcntet\u0151 D\u00edja<\/strong>\u201d kit\u00fcntet\u0151 d\u00edj <a href=\"https:\/\/www.bajaionkormanyzat.hu\/images\/2025\/01\/09\/Baja.Varos.Polgarmestere.Kitunteto.Dija.pdf\">kor\u00e1bbi d\u00edjazottjai<\/a><\/p>\n\n\n\n<p>A \u201e<strong>Baja V\u00e1ros Mestere<\/strong>\u201d kit\u00fcntet\u0151 d\u00edj <a href=\"https:\/\/www.bajaionkormanyzat.hu\/images\/2025\/01\/09\/Baja.Varos.Mestere.pdf\">kor\u00e1bbi d\u00edjazottjai<\/a><\/p>","protected":false},"excerpt":{"rendered":"<p>Baja V\u00e1ros \u00d6nkorm\u00e1nyzat K\u00e9pvisel\u0151-test\u00fclete \u00e1ltal alap\u00edtott \u00e9s a k\u00e9pvisel\u0151-test\u00fclet \u00e1ltal adom\u00e1nyozhat\u00f3 kit\u00fcntet\u0151 c\u00edmekr\u0151l \u00e9s d\u00edjakr\u00f3l, azok oda\u00edt\u00e9l\u00e9s\u00e9nek felt\u00e9teleir\u0151l, a javaslatt\u00e9tel \u00e9s az adom\u00e1nyoz\u00e1s rendj\u00e9r\u0151l jelenleg&nbsp;a v\u00e1rosi kit\u00fcntet\u0151 c\u00edmek \u00e9s d\u00edjak alap\u00edt\u00e1s\u00e1r\u00f3l \u00e9s adom\u00e1nyoz\u00e1suk rendj\u00e9r\u0151l sz\u00f3l\u00f3 16\/2016. (VI. 30.) \u00f6nkorm\u00e1nyzati rendelet&nbsp;rendelkezik. Az \u00f6nkorm\u00e1nyzati rendelet teljes sz\u00f6vege let\u00f6lthet\u0151&nbsp;innen. KIT\u00dcNTET\u0150 C\u00cdMEK: A \u201eBaja V\u00e1ros D\u00edszpolg\u00e1ra\u201d kit\u00fcntet\u0151 c\u00edm kor\u00e1bbi [&hellip;]<\/p>","protected":false},"author":4,"featured_media":0,"parent":0,"menu_order":0,"comment_status":"closed","ping_status":"closed","template":"","meta":{"footnotes":""},"class_list":["post-1944","page","type-page","status-publish","hentry"],"_links":{"self":[{"href":"https:\/\/baja.lionstackailab.hu\/en\/wp-json\/wp\/v2\/pages\/1944","targetHints":{"allow":["GET"]}}],"collection":[{"href":"https:\/\/baja.lionstackailab.hu\/en\/wp-json\/wp\/v2\/pages"}],"about":[{"href":"https:\/\/baja.lionstackailab.hu\/en\/wp-json\/wp\/v2\/types\/page"}],"author":[{"embeddable":true,"href":"https:\/\/baja.lionstackailab.hu\/en\/wp-json\/wp\/v2\/users\/4"}],"replies":[{"embeddable":true,"href":"https:\/\/baja.lionstackailab.hu\/en\/wp-json\/wp\/v2\/comments?post=1944"}],"version-history":[{"count":0,"href":"https:\/\/baja.lionstackailab.hu\/en\/wp-json\/wp\/v2\/pages\/1944\/revisions"}],"wp:attachment":[{"href":"https:\/\/baja.lionstackailab.hu\/en\/wp-json\/wp\/v2\/media?parent=1944"}],"curies":[{"name":"wp","href":"https:\/\/api.w.org\/{rel}","templated":true}]}}