{"id":1921,"date":"2025-12-05T12:13:30","date_gmt":"2025-12-05T11:13:30","guid":{"rendered":"https:\/\/baja.lionstackailab.hu\/?page_id=1921"},"modified":"2025-12-05T12:15:16","modified_gmt":"2025-12-05T11:15:16","slug":"nemzetisegi-onkormanyzatok","status":"publish","type":"page","link":"https:\/\/baja.lionstackailab.hu\/en\/nemzetisegi-onkormanyzatok\/","title":{"rendered":"Nemzetis\u00e9gi \u00f6nkorm\u00e1nyzatok"},"content":{"rendered":"<p><strong>BAJAI CIG\u00c1NY \u00d6NKORM\u00c1NYZAT<\/strong><br>HORV\u00c1TH ISTV\u00c1N SZILVESZTER eln\u00f6k<br>HORV\u00c1TH ISTV\u00c1N SZILVESZTERN\u00c9 eln\u00f6khelyettes<br>HORV\u00c1TH HENRIETTA k\u00e9pvisel\u0151<br>HORV\u00c1TH MIL\u00c1NN\u00c9&nbsp;k\u00e9pvisel\u0151<br>LAKATOS FERENC&nbsp;k\u00e9pvisel\u0151<\/p>\n\n\n\n<p><strong>BAJAI HORV\u00c1T \u00d6NKORM\u00c1NYZAT<\/strong><br>MARKOVICS J\u00d3ZSEFN\u00c9 eln\u00f6k<br>OSZTROGON\u00c1CZ J\u00d3ZSEF eln\u00f6khelyettes<br>FIL\u00c1KOVITY ILDIK\u00d3&nbsp;k\u00e9pvisel\u0151<br>GUG\u00c1N ANTAL&nbsp;k\u00e9pvisel\u0151<br>SIBALIN MIRJANA&nbsp;k\u00e9pvisel\u0151<\/p>\n\n\n\n<p><strong>BAJAI N\u00c9MET \u00d6NKORM\u00c1NYZAT<\/strong><br>MANZ J\u00d3ZSEF GY\u00d6RGY eln\u00f6k<br>HUBER \u00c9VA eln\u00f6khelyettes<br>CSORBAI P\u00c9TER&nbsp;k\u00e9pvisel\u0151<br>EMMERT BETTINA M\u00c1RIA&nbsp;k\u00e9pvisel\u0151<br>GLASENHARDT J\u00c1NOS&nbsp;k\u00e9pvisel\u0151<\/p>\n\n\n\n<p><strong>BAJAI SZERB \u00d6NKORM\u00c1NYZAT<\/strong><br>L\u00c1SZL\u00d3 MARTIN KRISZTOFER eln\u00f6k<br>KESETOVIC LEON HARIS eln\u00f6khelyettes<br>SZEGEDI S\u00c1NDOR J\u00d3ZSEF&nbsp;k\u00e9pvisel\u0151<\/p>","protected":false},"excerpt":{"rendered":"<p>BAJAI CIG\u00c1NY \u00d6NKORM\u00c1NYZATHORV\u00c1TH ISTV\u00c1N SZILVESZTER eln\u00f6kHORV\u00c1TH ISTV\u00c1N SZILVESZTERN\u00c9 eln\u00f6khelyettesHORV\u00c1TH HENRIETTA k\u00e9pvisel\u0151HORV\u00c1TH MIL\u00c1NN\u00c9&nbsp;k\u00e9pvisel\u0151LAKATOS FERENC&nbsp;k\u00e9pvisel\u0151 BAJAI HORV\u00c1T \u00d6NKORM\u00c1NYZATMARKOVICS J\u00d3ZSEFN\u00c9 eln\u00f6kOSZTROGON\u00c1CZ J\u00d3ZSEF eln\u00f6khelyettesFIL\u00c1KOVITY ILDIK\u00d3&nbsp;k\u00e9pvisel\u0151GUG\u00c1N ANTAL&nbsp;k\u00e9pvisel\u0151SIBALIN MIRJANA&nbsp;k\u00e9pvisel\u0151 BAJAI N\u00c9MET \u00d6NKORM\u00c1NYZATMANZ J\u00d3ZSEF GY\u00d6RGY eln\u00f6kHUBER \u00c9VA eln\u00f6khelyettesCSORBAI P\u00c9TER&nbsp;k\u00e9pvisel\u0151EMMERT BETTINA M\u00c1RIA&nbsp;k\u00e9pvisel\u0151GLASENHARDT J\u00c1NOS&nbsp;k\u00e9pvisel\u0151 BAJAI SZERB \u00d6NKORM\u00c1NYZATL\u00c1SZL\u00d3 MARTIN KRISZTOFER eln\u00f6kKESETOVIC LEON HARIS eln\u00f6khelyettesSZEGEDI S\u00c1NDOR J\u00d3ZSEF&nbsp;k\u00e9pvisel\u0151<\/p>","protected":false},"author":4,"featured_media":0,"parent":0,"menu_order":0,"comment_status":"closed","ping_status":"closed","template":"","meta":{"footnotes":""},"class_list":["post-1921","page","type-page","status-publish","hentry"],"_links":{"self":[{"href":"https:\/\/baja.lionstackailab.hu\/en\/wp-json\/wp\/v2\/pages\/1921","targetHints":{"allow":["GET"]}}],"collection":[{"href":"https:\/\/baja.lionstackailab.hu\/en\/wp-json\/wp\/v2\/pages"}],"about":[{"href":"https:\/\/baja.lionstackailab.hu\/en\/wp-json\/wp\/v2\/types\/page"}],"author":[{"embeddable":true,"href":"https:\/\/baja.lionstackailab.hu\/en\/wp-json\/wp\/v2\/users\/4"}],"replies":[{"embeddable":true,"href":"https:\/\/baja.lionstackailab.hu\/en\/wp-json\/wp\/v2\/comments?post=1921"}],"version-history":[{"count":0,"href":"https:\/\/baja.lionstackailab.hu\/en\/wp-json\/wp\/v2\/pages\/1921\/revisions"}],"wp:attachment":[{"href":"https:\/\/baja.lionstackailab.hu\/en\/wp-json\/wp\/v2\/media?parent=1921"}],"curies":[{"name":"wp","href":"https:\/\/api.w.org\/{rel}","templated":true}]}}