{"id":1920,"date":"2025-12-05T12:13:30","date_gmt":"2025-12-05T11:13:30","guid":{"rendered":"https:\/\/baja.lionstackailab.hu\/?page_id=1920"},"modified":"2025-12-05T12:15:35","modified_gmt":"2025-12-05T11:15:35","slug":"gazdasagi-tarsasagok","status":"publish","type":"page","link":"https:\/\/baja.lionstackailab.hu\/en\/gazdasagi-tarsasagok\/","title":{"rendered":"Gazdas\u00e1gi t\u00e1rsas\u00e1gok"},"content":{"rendered":"<p>C\u00e9gadatok:\u00a0<a href=\"https:\/\/www.bajaionkormanyzat.hu\/images\/2025\/11\/27\/Gazdasagi.tarsasagok.pdf\" target=\"_blank\" rel=\"noreferrer noopener\">let\u00f6lt\u00e9s<\/a><\/p>","protected":false},"excerpt":{"rendered":"<p>C\u00e9gadatok:\u00a0let\u00f6lt\u00e9s<\/p>","protected":false},"author":4,"featured_media":0,"parent":0,"menu_order":0,"comment_status":"closed","ping_status":"closed","template":"","meta":{"footnotes":""},"class_list":["post-1920","page","type-page","status-publish","hentry"],"_links":{"self":[{"href":"https:\/\/baja.lionstackailab.hu\/en\/wp-json\/wp\/v2\/pages\/1920","targetHints":{"allow":["GET"]}}],"collection":[{"href":"https:\/\/baja.lionstackailab.hu\/en\/wp-json\/wp\/v2\/pages"}],"about":[{"href":"https:\/\/baja.lionstackailab.hu\/en\/wp-json\/wp\/v2\/types\/page"}],"author":[{"embeddable":true,"href":"https:\/\/baja.lionstackailab.hu\/en\/wp-json\/wp\/v2\/users\/4"}],"replies":[{"embeddable":true,"href":"https:\/\/baja.lionstackailab.hu\/en\/wp-json\/wp\/v2\/comments?post=1920"}],"version-history":[{"count":0,"href":"https:\/\/baja.lionstackailab.hu\/en\/wp-json\/wp\/v2\/pages\/1920\/revisions"}],"wp:attachment":[{"href":"https:\/\/baja.lionstackailab.hu\/en\/wp-json\/wp\/v2\/media?parent=1920"}],"curies":[{"name":"wp","href":"https:\/\/api.w.org\/{rel}","templated":true}]}}