{"id":1918,"date":"2025-12-05T12:13:30","date_gmt":"2025-12-05T11:13:30","guid":{"rendered":"https:\/\/baja.lionstackailab.hu\/?page_id=1918"},"modified":"2025-12-05T12:16:39","modified_gmt":"2025-12-05T11:16:39","slug":"onkormanyzat-altal-fenntartott-koltsegvetesi-szervek","status":"publish","type":"page","link":"https:\/\/baja.lionstackailab.hu\/en\/onkormanyzat-altal-fenntartott-koltsegvetesi-szervek\/","title":{"rendered":"\u00d6nkorm\u00e1nyzat \u00e1ltal fenntartott k\u00f6lts\u00e9gvet\u00e9si szervek"},"content":{"rendered":"<p><strong>Baja Megyei Jog\u00fa V\u00e1ros Polg\u00e1rmesteri Hivatala<\/strong><br>Sz\u00e9khely: 6500 Baja, Szenth\u00e1roms\u00e1g t\u00e9r 1.<br><a href=\"https:\/\/www.bajaionkormanyzat.hu\/images\/2025\/04\/22\/PH_AO.pdf\">Alap\u00edt\u00f3 okirat<\/a><br>Vezet\u0151: dr. Papp Zolt\u00e1n jegyz\u0151<br>Honlap: <a href=\"http:\/\/www.bajaionkormanyzat.hu\">www.bajaionkormanyzat.hu<br><\/a>E-mail: <a href=\"mailto:polghiv@bajavaros.hu\"><\/a><a href=\"mailto:polghiv@bajavaros.hu\">polghiv@bajavaros.hu<\/a><br>Tel.: (+36) 79\/527-100<\/p>\n\n\n\n<p><strong>Ady Endre V\u00e1rosi K\u00f6nyvt\u00e1r<\/strong><br>Sz\u00e9khely: 6500 Baja, Telcs Ede u. 12.<br><a href=\"https:\/\/www.bajaionkormanyzat.hu\/images\/2025\/04\/22\/AEVK_alapito.hatarozat.pdf\">Alap\u00edt\u00f3 hat\u00e1rozat: 599\/2012 (XII.13.) Kth hat\u00e1rozat<\/a><br><a href=\"https:\/\/www.bajaionkormanyzat.hu\/images\/2025\/04\/22\/AEVK_AO_2025.PDF\">Alap\u00edt\u00f3 okirat<\/a><br>Vezet\u0151: Zalav\u00e1ri L\u00e1szl\u00f3 igazgat\u00f3<br>Honlap: <a href=\"http:\/\/www.bajaikonyvtar.hu\">www.bajaikonyvtar.hu<br><\/a>Tel.: (+36) 79\/322-741<br>E-mail: <a href=\"mailto:iroda.aevk@fibermail.hu\"><\/a><a href=\"mailto:iroda.aevk@fibermail.hu\">iroda.aevk@fibermail.hu<\/a><\/p>\n\n\n\n<p>A k\u00f6nyvt\u00e1r feln\u0151tt r\u00e9szleg\u00e9nek el\u00e9rhet\u0151s\u00e9ge:<br>6500 Baja, Munk\u00e1csy u. 9.<br>Tel: (+36) 79\/325-216<\/p>\n\n\n\n<p><strong>T\u00fcrr Istv\u00e1n M\u00fazeum \u00e9s B\u00e1cskai M\u0171vel\u0151d\u00e9si K\u00f6zpont<\/strong><br>Sz\u00e9khely: 6500 Baja, De\u00e1k Ferenc utca 1.<br><a href=\"https:\/\/www.bajaionkormanyzat.hu\/images\/2025\/04\/22\/TIM_alapito.hatarozat.pdf\">Alap\u00edt\u00f3 hat\u00e1rozat: 597\/2012 (XII. 13.) Kth hat\u00e1rozat<\/a><br><a href=\"https:\/\/www.bajaionkormanyzat.hu\/images\/2025\/04\/22\/TIM_AO_2025.PDF\">Alap\u00edt\u00f3 okirat<\/a><br>Vezet\u0151: Kov\u00e1cs Zita igazgat\u00f3<br>Honlap: <a href=\"http:\/\/www.bajaimuzeum.hu\">www.bajaimuzeum.hu<br><\/a>Tel: (+36) 79\/324-173<br>E-mail: <a href=\"mailto:bajaimuzeum@gmail.com\"><\/a><a href=\"mailto:bajaimuzeum@gmail.com\">bajaimuzeum@gmail.com<\/a><\/p>\n\n\n\n<p><strong>Bajai Egyes\u00edtett B\u00f6lcs\u0151d\u00e9k<\/strong><br>Sz\u00e9khely: 6500 Baja, Kod\u00e1ly utca 29.<br><a href=\"https:\/\/www.bajaionkormanyzat.hu\/images\/2025\/04\/22\/Bolcsodek_alapito.hatarozat.pdf\">Alap\u00edt\u00f3 hat\u00e1rozat: 104\/2012 (III.29.) Kth. hat\u00e1rozat<\/a><br><a href=\"https:\/\/www.bajaionkormanyzat.hu\/images\/2025\/04\/22\/Bajai.Egyesitett.Bolcsodek_AO.PDF\">Alap\u00edt\u00f3 okirat<\/a><br>Vezet\u0151: Kiss Tiborn\u00e9 igazgat\u00f3<br>Honlap: <a href=\"http:\/\/www.bajaibolcsik.hu\">www.bajaibolcsik.hu<br><\/a>E-mail: <a href=\"mailto:bajaibolcsi@gmail.com\"><\/a><a href=\"mailto:bajaibolcsi@gmail.com\">bajaibolcsi@gmail.com<\/a><br>Tel: (+36) 79\/322-903<\/p>\n\n\n\n<p><strong>I. sz. B\u00f6lcs\u0151de<\/strong><\/p>\n\n\n\n<p>6500 Baja, Kod\u00e1ly Zolt\u00e1n u. 29.<\/p>\n\n\n\n<p>Tel: (+36) 79\/322-903, 79\/325-599<\/p>\n\n\n\n<p>E-mail: <a href=\"mailto:bajaibolcsi@gmail.com\">bajaibolcsi@gmail.com<\/a><br>B\u00f6lcs\u0151devezet\u0151: Geringer J\u00e1nos L\u00e1szl\u00f3n\u00e9<\/p>\n\n\n\n<p><strong>II. sz. B\u00f6lcs\u0151de<\/strong><\/p>\n\n\n\n<p>6500 Baja, Ak\u00e1cos u. 5.<\/p>\n\n\n\n<p>Tel: (+36) 79\/324-794<\/p>\n\n\n\n<p>E-mail: <a href=\"mailto:akacosbolcsi@gmail.com\">akacosbolcsi@gmail.com<\/a><br>B\u00f6lcs\u0151devezet\u0151: Ackermann Ir\u00e9n<\/p>\n\n\n\n<p><strong>III. sz. B\u00f6lcs\u0151de<\/strong><\/p>\n\n\n\n<p>6500 Baja, Szent Antal u. 135.<\/p>\n\n\n\n<p>Tel: (+36) 79\/321-618<\/p>\n\n\n\n<p>E-mail: <a href=\"mailto:beb3bolcsi@gmail.com\">beb3bolcsi@gmail.com<\/a><br>B\u00f6lcs\u0151devezet\u0151: Hiezl Anita<\/p>\n\n\n\n<p><strong>Bajai \u00d3vodaigazgat\u00f3s\u00e1g<\/strong><br>Sz\u00e9khely: 6500 Baja, Oltv\u00e1nyi utca 14.<br><a href=\"https:\/\/www.bajaionkormanyzat.hu\/images\/2025\/04\/22\/Ovodaigazgatosag_alapito.hatarozat.pdf\">Alap\u00edt\u00f3 hat\u00e1rozat: 212\/2012. (V.30.) Kth. hat\u00e1rozat<\/a><br><a href=\"https:\/\/www.bajaionkormanyzat.hu\/images\/2025\/04\/22\/Bajai.Ovodaigazgatosag_AO_2025.PDF\">Alap\u00edt\u00f3 okirat<\/a><br>Vezet\u0151: Szab\u00f3 Edit igazgat\u00f3<br>Honlap: <a href=\"http:\/\/www.baja-ovi.hu\">www.baja-ovi.hu<br><\/a>Tel: (+36) 70\/332-1036<br>E-mail: <a href=\"mailto:bajaiovi@gmail.com\">bajaiovi@gmail.com<\/a><\/p>\n\n\n\n<p><strong>Bajai \u00d3vodaigazgat\u00f3s\u00e1g &#8211; Kinizsi u. \u00d3voda<\/strong><\/p>\n\n\n\n<p>6500 Baja, Kinizsi u. 1\/b<\/p>\n\n\n\n<p>Tel: (+36) 79\/321-427<\/p>\n\n\n\n<p>E-mail: <a href=\"mailto:kinizsiovi@gmail.com\"><\/a><a href=\"mailto:kinizsiovi@gmail.com\">kinizsiovi@gmail.com<\/a><\/p>\n\n\n\n<p><strong>Bajai \u00d3vodaigazgat\u00f3s\u00e1g &#8211; L\u0151kert sori \u00d3voda<\/strong><\/p>\n\n\n\n<p>6500 Baja, L\u0151kert sor 78.<\/p>\n\n\n\n<p>Tel: (+36) 79\/326-050<\/p>\n\n\n\n<p>E-mail: <a href=\"mailto:lokertovoda@gmail.com\"><\/a><a href=\"mailto:lokertovoda@gmail.com\">lokertovoda@gmail.com<\/a><\/p>\n\n\n\n<p><strong>Bajai \u00d3vodaigazgat\u00f3s\u00e1g &#8211; Damjanich u. \u00d3voda<\/strong><\/p>\n\n\n\n<p>6500 Baja, Damjanich u. 40<\/p>\n\n\n\n<p>Tel: (+36) 79\/322-043<\/p>\n\n\n\n<p>E-mail: <a href=\"mailto:damjanichutcaiovoda@gmail.com\"><\/a><a href=\"mailto:damjanichutcaiovoda@gmail.com\">damjanichutcaiovoda@gmail.com<\/a><\/p>\n\n\n\n<p><strong>Bajai \u00d3vodaigazgat\u00f3s\u00e1g &#8211; Kiscs\u00e1volyi \u00d3voda<\/strong><\/p>\n\n\n\n<p>6500 Baja, Szegedi \u00fat 14.<\/p>\n\n\n\n<p>Tel: (+36) 79\/326-174<\/p>\n\n\n\n<p>E-mail: <a href=\"mailto:kiscsavoly.ovoda@gmail.com\"><\/a><a href=\"mailto:kiscsavoly.ovoda@gmail.com\">kiscsavoly.ovoda@gmail.com<\/a><\/p>\n\n\n\n<p><strong>Bajai \u00d3vodaigazgat\u00f3s\u00e1g &#8211; Pet\u0151fi u. \u00d3voda<\/strong><\/p>\n\n\n\n<p>6500 Baja, Pet\u0151fi S\u00e1ndor u. 6-8.<\/p>\n\n\n\n<p>Tel: (+36) 79\/420-790<\/p>\n\n\n\n<p>E-mail: <a href=\"mailto:ovodapetofi@gmail.com\"><\/a><a href=\"mailto:ovodapetofi@gmail.com\">ovodapetofi@gmail.com<\/a><\/p>\n\n\n\n<p><strong>Bajai \u00d3vodaigazgat\u00f3s\u00e1g &#8211; \u00dajv\u00e1rosi \u00d3voda<\/strong><\/p>\n\n\n\n<p>6500 Baja, Kod\u00e1ly u. 31<\/p>\n\n\n\n<p>Tel: (+36) 79\/200-547<\/p>\n\n\n\n<p>E-mail: <a href=\"mailto:ujvarosiovi.baja@gmail.com\"><\/a><a href=\"mailto:ujvarosiovi.baja@gmail.com\">ujvarosiovi.baja@gmail.com<\/a><\/p>\n\n\n\n<p><strong>Bajai \u00d3vodaigazgat\u00f3s\u00e1g &#8211; Templom u. \u00d3voda<\/strong><\/p>\n\n\n\n<p>6500 Baja, Templom u. 15.<\/p>\n\n\n\n<p>Tel: (+36) 79\/325-432<\/p>\n\n\n\n<p>E-mail: <a href=\"mailto:templom.ovoda@gmail.com\"><\/a><a href=\"mailto:templom.ovoda@gmail.com\">templom.ovoda@gmail.com<\/a><\/p>\n\n\n\n<p><strong>Bajai \u00d3vodaigazgat\u00f3s\u00e1g &#8211; Bernhart u. \u00d3voda<\/strong><\/p>\n\n\n\n<p>6500 Baja, Bernhart S\u00e1ndor u. 94.<\/p>\n\n\n\n<p>Tel: (+36) 79\/323-146<\/p>\n\n\n\n<p>E-mail: <a href=\"mailto:bernhartovi@gmail.com\"><\/a><a href=\"mailto:bernhartovi@gmail.com\">bernhartovi@gmail.com<\/a><\/p>","protected":false},"excerpt":{"rendered":"<p>Baja Megyei Jog\u00fa V\u00e1ros Polg\u00e1rmesteri HivatalaSz\u00e9khely: 6500 Baja, Szenth\u00e1roms\u00e1g t\u00e9r 1.Alap\u00edt\u00f3 okiratVezet\u0151: dr. Papp Zolt\u00e1n jegyz\u0151Honlap: www.bajaionkormanyzat.huE-mail: polghiv@bajavaros.huTel.: (+36) 79\/527-100 Ady Endre V\u00e1rosi K\u00f6nyvt\u00e1rSz\u00e9khely: 6500 Baja, Telcs Ede u. 12.Alap\u00edt\u00f3 hat\u00e1rozat: 599\/2012 (XII.13.) Kth hat\u00e1rozatAlap\u00edt\u00f3 okiratVezet\u0151: Zalav\u00e1ri L\u00e1szl\u00f3 igazgat\u00f3Honlap: www.bajaikonyvtar.huTel.: (+36) 79\/322-741E-mail: iroda.aevk@fibermail.hu A k\u00f6nyvt\u00e1r feln\u0151tt r\u00e9szleg\u00e9nek el\u00e9rhet\u0151s\u00e9ge:6500 Baja, Munk\u00e1csy u. 9.Tel: (+36) 79\/325-216 T\u00fcrr [&hellip;]<\/p>","protected":false},"author":4,"featured_media":0,"parent":0,"menu_order":0,"comment_status":"closed","ping_status":"closed","template":"","meta":{"footnotes":""},"class_list":["post-1918","page","type-page","status-publish","hentry"],"_links":{"self":[{"href":"https:\/\/baja.lionstackailab.hu\/en\/wp-json\/wp\/v2\/pages\/1918","targetHints":{"allow":["GET"]}}],"collection":[{"href":"https:\/\/baja.lionstackailab.hu\/en\/wp-json\/wp\/v2\/pages"}],"about":[{"href":"https:\/\/baja.lionstackailab.hu\/en\/wp-json\/wp\/v2\/types\/page"}],"author":[{"embeddable":true,"href":"https:\/\/baja.lionstackailab.hu\/en\/wp-json\/wp\/v2\/users\/4"}],"replies":[{"embeddable":true,"href":"https:\/\/baja.lionstackailab.hu\/en\/wp-json\/wp\/v2\/comments?post=1918"}],"version-history":[{"count":0,"href":"https:\/\/baja.lionstackailab.hu\/en\/wp-json\/wp\/v2\/pages\/1918\/revisions"}],"wp:attachment":[{"href":"https:\/\/baja.lionstackailab.hu\/en\/wp-json\/wp\/v2\/media?parent=1918"}],"curies":[{"name":"wp","href":"https:\/\/api.w.org\/{rel}","templated":true}]}}