{"id":1916,"date":"2025-12-05T12:13:30","date_gmt":"2025-12-05T11:13:30","guid":{"rendered":"https:\/\/baja.lionstackailab.hu\/?page_id=1916"},"modified":"2025-12-05T12:13:30","modified_gmt":"2025-12-05T11:13:30","slug":"intezmenyek-es-gazdasagi-tarsasagok","status":"publish","type":"page","link":"https:\/\/baja.lionstackailab.hu\/en\/intezmenyek-es-gazdasagi-tarsasagok\/","title":{"rendered":"Int\u00e9zm\u00e9nyek \u00e9s gazdas\u00e1gi t\u00e1rsas\u00e1gok"},"content":{"rendered":"","protected":false},"excerpt":{"rendered":"","protected":false},"author":4,"featured_media":0,"parent":0,"menu_order":0,"comment_status":"closed","ping_status":"closed","template":"","meta":{"footnotes":""},"class_list":["post-1916","page","type-page","status-publish","hentry"],"_links":{"self":[{"href":"https:\/\/baja.lionstackailab.hu\/en\/wp-json\/wp\/v2\/pages\/1916","targetHints":{"allow":["GET"]}}],"collection":[{"href":"https:\/\/baja.lionstackailab.hu\/en\/wp-json\/wp\/v2\/pages"}],"about":[{"href":"https:\/\/baja.lionstackailab.hu\/en\/wp-json\/wp\/v2\/types\/page"}],"author":[{"embeddable":true,"href":"https:\/\/baja.lionstackailab.hu\/en\/wp-json\/wp\/v2\/users\/4"}],"replies":[{"embeddable":true,"href":"https:\/\/baja.lionstackailab.hu\/en\/wp-json\/wp\/v2\/comments?post=1916"}],"version-history":[{"count":0,"href":"https:\/\/baja.lionstackailab.hu\/en\/wp-json\/wp\/v2\/pages\/1916\/revisions"}],"wp:attachment":[{"href":"https:\/\/baja.lionstackailab.hu\/en\/wp-json\/wp\/v2\/media?parent=1916"}],"curies":[{"name":"wp","href":"https:\/\/api.w.org\/{rel}","templated":true}]}}