{"id":1910,"date":"2025-12-05T12:07:45","date_gmt":"2025-12-05T11:07:45","guid":{"rendered":"https:\/\/baja.lionstackailab.hu\/?page_id=1910"},"modified":"2025-12-05T12:13:40","modified_gmt":"2025-12-05T11:13:40","slug":"orszaggyulesi-kepviselo","status":"publish","type":"page","link":"https:\/\/baja.lionstackailab.hu\/en\/orszaggyulesi-kepviselo\/","title":{"rendered":"Orsz\u00e1ggy\u0171l\u00e9si K\u00e9pvisel\u0151"},"content":{"rendered":"<figure class=\"wp-block-image\"><img decoding=\"async\" src=\"https:\/\/www.bajaionkormanyzat.hu\/images\/varoshaza\/orszaggyulesikepviselo\/zsigo.jpg\" alt=\"\"\/><\/figure>\n\n\n\n<p><strong>Zsig\u00f3 R\u00f3bert<\/strong> orsz\u00e1ggy\u0171l\u00e9si k\u00e9pvisel\u0151 (Fidesz-KDNP)<br>V\u00e1laszt\u00f3ker\u00fcleti irod\u00e1ja a V\u00f6r\u00f6smarty utca 14. sz\u00e1m alatt h\u00e9tf\u0151n, kedden, szerd\u00e1n \u00e9s p\u00e9nteken 9-12 \u00f3rakor, m\u00edg cs\u00fct\u00f6rt\u00f6k\u00f6n 14-17 \u00f3ra tart nyitva.<br>El\u0151zetes bejelentkez\u00e9s: 79\/422-034,20\/454-16-01<\/p>\n\n\n\n<p>E-mail: valasztokeruletiiroda@gmail.com;&nbsp;zsigorobert@zsigorobert.hu<br>Honlap:&nbsp;<a href=\"http:\/\/www.zsigorobert.hu\">zsigorobert.hu<\/a><br>Facebook:&nbsp;<a href=\"http:\/\/www.facebook.com\/zsigorobert\">facebook.com\/zsigorobert<\/a><\/p>\n\n\n\n<p><\/p>","protected":false},"excerpt":{"rendered":"<p>Zsig\u00f3 R\u00f3bert orsz\u00e1ggy\u0171l\u00e9si k\u00e9pvisel\u0151 (Fidesz-KDNP)V\u00e1laszt\u00f3ker\u00fcleti irod\u00e1ja a V\u00f6r\u00f6smarty utca 14. sz\u00e1m alatt h\u00e9tf\u0151n, kedden, szerd\u00e1n \u00e9s p\u00e9nteken 9-12 \u00f3rakor, m\u00edg cs\u00fct\u00f6rt\u00f6k\u00f6n 14-17 \u00f3ra tart nyitva.El\u0151zetes bejelentkez\u00e9s: 79\/422-034,20\/454-16-01 E-mail: valasztokeruletiiroda@gmail.com;&nbsp;zsigorobert@zsigorobert.huHonlap:&nbsp;zsigorobert.huFacebook:&nbsp;facebook.com\/zsigorobert<\/p>","protected":false},"author":4,"featured_media":0,"parent":0,"menu_order":0,"comment_status":"closed","ping_status":"closed","template":"","meta":{"footnotes":""},"class_list":["post-1910","page","type-page","status-publish","hentry"],"_links":{"self":[{"href":"https:\/\/baja.lionstackailab.hu\/en\/wp-json\/wp\/v2\/pages\/1910","targetHints":{"allow":["GET"]}}],"collection":[{"href":"https:\/\/baja.lionstackailab.hu\/en\/wp-json\/wp\/v2\/pages"}],"about":[{"href":"https:\/\/baja.lionstackailab.hu\/en\/wp-json\/wp\/v2\/types\/page"}],"author":[{"embeddable":true,"href":"https:\/\/baja.lionstackailab.hu\/en\/wp-json\/wp\/v2\/users\/4"}],"replies":[{"embeddable":true,"href":"https:\/\/baja.lionstackailab.hu\/en\/wp-json\/wp\/v2\/comments?post=1910"}],"version-history":[{"count":0,"href":"https:\/\/baja.lionstackailab.hu\/en\/wp-json\/wp\/v2\/pages\/1910\/revisions"}],"wp:attachment":[{"href":"https:\/\/baja.lionstackailab.hu\/en\/wp-json\/wp\/v2\/media?parent=1910"}],"curies":[{"name":"wp","href":"https:\/\/api.w.org\/{rel}","templated":true}]}}