{"id":1905,"date":"2025-12-05T12:03:13","date_gmt":"2025-12-05T11:03:13","guid":{"rendered":"https:\/\/baja.lionstackailab.hu\/?page_id=1905"},"modified":"2025-12-05T12:03:41","modified_gmt":"2025-12-05T11:03:41","slug":"kozalapitvanyok","status":"publish","type":"page","link":"https:\/\/baja.lionstackailab.hu\/en\/kozalapitvanyok\/","title":{"rendered":"K\u00f6zalap\u00edtv\u00e1nyok"},"content":{"rendered":"<p><strong>BAJA V\u00c1ROS \u00d6NKORM\u00c1NYZAT \u00c1LTAL EGYED\u00dcLI ALAP\u00cdT\u00d3K\u00c9NT ALAP\u00cdTOTT K\u00d6ZALAP\u00cdTV\u00c1NYOK<\/strong><\/p>\n\n\n\n<p><strong>BAJA V\u00c1ROS\u00c9RT \u00c9S EG\u00c9SZS\u00c9G\u00c9\u00c9RT K\u00d6ZALAP\u00cdTV\u00c1NY<\/strong><\/p>\n\n\n\n<p><strong>SZ\u00c9KHELYE, POSTAC\u00cdME: 6500 BAJA, SZENTH\u00c1ROMS\u00c1G T\u00c9R 1.<\/strong><\/p>\n\n\n\n<p><strong>AD\u00d3SZ\u00c1MA: 18360581-1-03<\/strong><\/p>\n\n\n\n<p><strong>\u00dcGYVEZET\u0150 SZERVE (KURAT\u00d3RIUMI) TAGJAI:<\/strong><br><strong>DR. FENY\u0150 J\u00d3ZSEF (ELN\u00d6K)<\/strong><br><strong>HARCOSN\u00c9 RAB RITA<\/strong><br><strong>SZAB\u00d3 HAJNALKA ERZS\u00c9BET<\/strong><br><strong>TORMA ISTV\u00c1NN\u00c9<\/strong><br><strong>P\u00c1LFI M\u00c1RIA<\/strong><br><strong>DR. Z\u00d6LD L\u00c1SZL\u00d3 CSAB\u00c1N\u00c9<\/strong><\/p>\n\n\n\n<p><strong>FEL\u00dcGYEL\u0150 SZERVE TAGJAI:<\/strong><br><strong>DR. T\u00d3TH G\u00c1BOR (ELN\u00d6K)<\/strong><br><strong>\u00c1KOSN\u00c9 RITZL \u00c1GNES ERIKA<\/strong><br><strong>CSIZMADIA ZSANETT<\/strong><\/p>\n\n\n\n<p><a href=\"https:\/\/www.bajaionkormanyzat.hu\/images\/2025\/04\/22\/Kozalapitvany_AO 2025.pdf\">Alap\u00edt\u00f3 okirat a m\u00f3dos\u00edt\u00e1sokkal egys\u00e9ges szerkezetben<\/a><\/p>\n\n\n\n<p>Szervezeti-m\u0171k\u00f6d\u00e9si szab\u00e1lyzat a m\u00f3dos\u00edt\u00e1sokkal egys\u00e9ges szerkezetben<\/p>","protected":false},"excerpt":{"rendered":"<p>BAJA V\u00c1ROS \u00d6NKORM\u00c1NYZAT \u00c1LTAL EGYED\u00dcLI ALAP\u00cdT\u00d3K\u00c9NT ALAP\u00cdTOTT K\u00d6ZALAP\u00cdTV\u00c1NYOK BAJA V\u00c1ROS\u00c9RT \u00c9S EG\u00c9SZS\u00c9G\u00c9\u00c9RT K\u00d6ZALAP\u00cdTV\u00c1NY SZ\u00c9KHELYE, POSTAC\u00cdME: 6500 BAJA, SZENTH\u00c1ROMS\u00c1G T\u00c9R 1. AD\u00d3SZ\u00c1MA: 18360581-1-03 \u00dcGYVEZET\u0150 SZERVE (KURAT\u00d3RIUMI) TAGJAI:DR. FENY\u0150 J\u00d3ZSEF (ELN\u00d6K)HARCOSN\u00c9 RAB RITASZAB\u00d3 HAJNALKA ERZS\u00c9BETTORMA ISTV\u00c1NN\u00c9P\u00c1LFI M\u00c1RIADR. Z\u00d6LD L\u00c1SZL\u00d3 CSAB\u00c1N\u00c9 FEL\u00dcGYEL\u0150 SZERVE TAGJAI:DR. T\u00d3TH G\u00c1BOR (ELN\u00d6K)\u00c1KOSN\u00c9 RITZL \u00c1GNES ERIKACSIZMADIA ZSANETT Alap\u00edt\u00f3 okirat a m\u00f3dos\u00edt\u00e1sokkal egys\u00e9ges szerkezetben Szervezeti-m\u0171k\u00f6d\u00e9si [&hellip;]<\/p>","protected":false},"author":4,"featured_media":0,"parent":0,"menu_order":0,"comment_status":"closed","ping_status":"closed","template":"","meta":{"footnotes":""},"class_list":["post-1905","page","type-page","status-publish","hentry"],"_links":{"self":[{"href":"https:\/\/baja.lionstackailab.hu\/en\/wp-json\/wp\/v2\/pages\/1905","targetHints":{"allow":["GET"]}}],"collection":[{"href":"https:\/\/baja.lionstackailab.hu\/en\/wp-json\/wp\/v2\/pages"}],"about":[{"href":"https:\/\/baja.lionstackailab.hu\/en\/wp-json\/wp\/v2\/types\/page"}],"author":[{"embeddable":true,"href":"https:\/\/baja.lionstackailab.hu\/en\/wp-json\/wp\/v2\/users\/4"}],"replies":[{"embeddable":true,"href":"https:\/\/baja.lionstackailab.hu\/en\/wp-json\/wp\/v2\/comments?post=1905"}],"version-history":[{"count":0,"href":"https:\/\/baja.lionstackailab.hu\/en\/wp-json\/wp\/v2\/pages\/1905\/revisions"}],"wp:attachment":[{"href":"https:\/\/baja.lionstackailab.hu\/en\/wp-json\/wp\/v2\/media?parent=1905"}],"curies":[{"name":"wp","href":"https:\/\/api.w.org\/{rel}","templated":true}]}}