{"id":1900,"date":"2025-12-05T12:00:48","date_gmt":"2025-12-05T11:00:48","guid":{"rendered":"https:\/\/baja.lionstackailab.hu\/?page_id=1900"},"modified":"2025-12-05T12:01:28","modified_gmt":"2025-12-05T11:01:28","slug":"tarsulasok","status":"publish","type":"page","link":"https:\/\/baja.lionstackailab.hu\/en\/tarsulasok\/","title":{"rendered":"T\u00e1rsul\u00e1sok"},"content":{"rendered":"<h2 class=\"wp-block-heading\"><strong>Bajai Kist\u00e9rs\u00e9gi Csal\u00e1dseg\u00edt\u0151 \u00e9s Gyermekj\u00f3l\u00e9ti Int\u00e9zm\u00e9nyfenntart\u00f3 T\u00e1rsul\u00e1s<\/strong><\/h2>\n\n\n\n<p><strong><br>T\u00e1rsul\u00e1s tagjai:<\/strong><br>Baja V\u00e1ros \u00d6nkorm\u00e1nyzat (gesztor)<br>D\u00e1vod \u00d6nkorm\u00e1nyzat<br>Dunafalva K\u00f6zs\u00e9gi \u00d6nkorm\u00e1nyzat<br>Hercegsz\u00e1nt\u00f3 K\u00f6zs\u00e9g \u00d6nkorm\u00e1nyzata<br>Szeremle K\u00f6zs\u00e9gi \u00d6nkorm\u00e1nyzat<\/p>\n\n\n\n<p><strong>T\u00e1rsul\u00e1s \u00e1ltal fenntartott k\u00f6lts\u00e9gvet\u00e9si szerv:<\/strong><br><strong><a href=\"https:\/\/www.bajaionkormanyzat.hu\/index.php\/kozerdeku\/szocialis-intezmenyek\/bajai-kistersegi-csaladsegito-szolgalat\">Bajai Kist\u00e9rs\u00e9gi Csal\u00e1dseg\u00edt\u0151 \u00e9s Gyermekj\u00f3l\u00e9ti Szolg\u00e1lat<\/a><\/strong><\/p>\n\n\n\n<p><strong><a href=\"https:\/\/www.bajaionkormanyzat.hu\/images\/varoshaza\/Kozlemenyek\/2021\/07\/22\/BKCSGYIT_TM_VII.pdf\">T\u00e1rsul\u00e1si meg\u00e1llapod\u00e1s let\u00f6lt\u00e9se .pdf form\u00e1tumban<\/a><\/strong><\/p>\n\n\n\n<p><strong><a href=\"https:\/\/www.bajaionkormanyzat.hu\/index.php\/varoshaza\/baja-megyei-jogu-varos-onkormanyzata\/tarsulasok\/9-explore\/1973-2024-evi-eloterjesztesek-es-jegyzokonyvek\">2024. \u00e9vi el\u0151terjeszt\u00e9sek \u00e9s jegyz\u0151k\u00f6nyvek<\/a><\/strong><br><strong><a href=\"https:\/\/www.bajaionkormanyzat.hu\/index.php\/varoshaza\/baja-megyei-jogu-varos-onkormanyzata\/tarsulasok\/9-explore\/1698-2023-evi-eloterjesztesek-es-jegyzokonyvek\">2023. \u00e9vi el\u0151terjeszt\u00e9sek \u00e9s jegyz\u0151k\u00f6nyvek<\/a><\/strong><br><strong><a href=\"https:\/\/www.bajaionkormanyzat.hu\/index.php\/homepage\/9-explore\/1671-2022-evi-eloterjesztesek-es-jegyzokonyvek\">2022. \u00e9vi el\u0151terjeszt\u00e9sek \u00e9s jegyz\u0151k\u00f6nyvek<\/a><\/strong><br><strong><a href=\"https:\/\/www.bajaionkormanyzat.hu\/index.php\/homepage\/9-explore\/1344-2021-evi-eloterjesztesek-es-jegyzokonyvek\">2021. \u00e9vi el\u0151terjeszt\u00e9sek \u00e9s jegyz\u0151k\u00f6nyvek<\/a><\/strong><br><strong><a href=\"https:\/\/www.bajaionkormanyzat.hu\/index.php\/homepage\/9-explore\/1192-2020-evi-eloterjesztesek\" target=\"_blank\" rel=\"noreferrer noopener\">2020. \u00e9vi el\u0151terjeszt\u00e9sek<\/a><\/strong><\/p>","protected":false},"excerpt":{"rendered":"<p>Bajai Kist\u00e9rs\u00e9gi Csal\u00e1dseg\u00edt\u0151 \u00e9s Gyermekj\u00f3l\u00e9ti Int\u00e9zm\u00e9nyfenntart\u00f3 T\u00e1rsul\u00e1s T\u00e1rsul\u00e1s tagjai:Baja V\u00e1ros \u00d6nkorm\u00e1nyzat (gesztor)D\u00e1vod \u00d6nkorm\u00e1nyzatDunafalva K\u00f6zs\u00e9gi \u00d6nkorm\u00e1nyzatHercegsz\u00e1nt\u00f3 K\u00f6zs\u00e9g \u00d6nkorm\u00e1nyzataSzeremle K\u00f6zs\u00e9gi \u00d6nkorm\u00e1nyzat T\u00e1rsul\u00e1s \u00e1ltal fenntartott k\u00f6lts\u00e9gvet\u00e9si szerv:Bajai Kist\u00e9rs\u00e9gi Csal\u00e1dseg\u00edt\u0151 \u00e9s Gyermekj\u00f3l\u00e9ti Szolg\u00e1lat T\u00e1rsul\u00e1si meg\u00e1llapod\u00e1s let\u00f6lt\u00e9se .pdf form\u00e1tumban 2024. \u00e9vi el\u0151terjeszt\u00e9sek \u00e9s jegyz\u0151k\u00f6nyvek2023. \u00e9vi el\u0151terjeszt\u00e9sek \u00e9s jegyz\u0151k\u00f6nyvek2022. \u00e9vi el\u0151terjeszt\u00e9sek \u00e9s jegyz\u0151k\u00f6nyvek2021. \u00e9vi el\u0151terjeszt\u00e9sek \u00e9s jegyz\u0151k\u00f6nyvek2020. \u00e9vi el\u0151terjeszt\u00e9sek<\/p>","protected":false},"author":4,"featured_media":0,"parent":0,"menu_order":0,"comment_status":"closed","ping_status":"closed","template":"","meta":{"footnotes":""},"class_list":["post-1900","page","type-page","status-publish","hentry"],"_links":{"self":[{"href":"https:\/\/baja.lionstackailab.hu\/en\/wp-json\/wp\/v2\/pages\/1900","targetHints":{"allow":["GET"]}}],"collection":[{"href":"https:\/\/baja.lionstackailab.hu\/en\/wp-json\/wp\/v2\/pages"}],"about":[{"href":"https:\/\/baja.lionstackailab.hu\/en\/wp-json\/wp\/v2\/types\/page"}],"author":[{"embeddable":true,"href":"https:\/\/baja.lionstackailab.hu\/en\/wp-json\/wp\/v2\/users\/4"}],"replies":[{"embeddable":true,"href":"https:\/\/baja.lionstackailab.hu\/en\/wp-json\/wp\/v2\/comments?post=1900"}],"version-history":[{"count":0,"href":"https:\/\/baja.lionstackailab.hu\/en\/wp-json\/wp\/v2\/pages\/1900\/revisions"}],"wp:attachment":[{"href":"https:\/\/baja.lionstackailab.hu\/en\/wp-json\/wp\/v2\/media?parent=1900"}],"curies":[{"name":"wp","href":"https:\/\/api.w.org\/{rel}","templated":true}]}}