{"id":1869,"date":"2025-12-05T11:20:28","date_gmt":"2025-12-05T10:20:28","guid":{"rendered":"https:\/\/baja.lionstackailab.hu\/?page_id=1869"},"modified":"2025-12-05T12:22:55","modified_gmt":"2025-12-05T11:22:55","slug":"varosi-rendezvenyterv","status":"publish","type":"page","link":"https:\/\/baja.lionstackailab.hu\/en\/varosi-rendezvenyterv\/","title":{"rendered":"V\u00c1ROSI RENDEZV\u00c9NYTERV"},"content":{"rendered":"<p><strong>BAJA MEGYEI JOG\u00da V\u00c1ROS RENDEZV\u00c9NYTERVE 2025<br><\/strong><br><a href=\"https:\/\/www.bajaionkormanyzat.hu\/images\/2025\/02\/28\/25kivkgy062_0227_rendezvenyterv.2025.pdf\">Baja Megyei Jog\u00fa V\u00e1ros \u00d6nkorm\u00e1nyzata K\u00f6zgy\u0171l\u00e9s\u00e9nek 62\/2025. (II. 27.) hat\u00e1rozata pdf form\u00e1tumban innen let\u00f6lthet\u0151<\/a><br><strong><a href=\"https:\/\/www.bajaionkormanyzat.hu\/images\/2025\/05\/05\/25kivkgy062_0227_rendezvenyterv.2025_mell.01_rendezvenyterv.2025.pdf\">BAJA MEGYEI JOG\u00da V\u00c1ROS RENDEZV\u00c9NYTERVE 2025 (1. mell\u00e9klet a 62\/2025. (II. 27.) hat\u00e1rozathoz) pdf form\u00e1tumban innen let\u00f6lthet\u0151<\/a><br><br>BAJA MEGYEI JOG\u00da V\u00c1ROS RENDEZV\u00c9NYTERVE 2024<br><br><\/strong><a href=\"https:\/\/www.bajaionkormanyzat.hu\/images\/2024\/03\/04\/24kiv063_0229_rendezvenyterv.2024.pdf\">Baja Megyei Jog\u00fa V\u00e1ros \u00d6nkorm\u00e1nyzata K\u00e9pvisel\u0151-test\u00fclet\u00e9nek 63\/2024. (II. 29.) hat\u00e1rozata pdf form\u00e1tumban innen let\u00f6lthet\u0151<\/a><strong><br><a href=\"https:\/\/www.bajaionkormanyzat.hu\/images\/2024\/03\/04\/24kiv063_0229_rendezvenyterv.2024_mell.01_rendezvenyterv.pdf\">BAJA MEGYEI JOG\u00da V\u00c1ROS RENDEZV\u00c9NYTERVE 2024 (1. mell\u00e9klet a 63\/2024. (II. 29.) hat\u00e1rozathoz) pdf form\u00e1tumban innen let\u00f6lthet\u0151<\/a><br><br>BAJA MEGYEI JOG\u00da V\u00c1ROS RENDEZV\u00c9NYTERVE 2023<br><br><\/strong><a href=\"https:\/\/www.bajaionkormanyzat.hu\/images\/2023\/03\/03\/23kiv046_0223_rendezvenyterv.2023.pdf\">Baja Megyei Jog\u00fa V\u00e1ros \u00d6nkorm\u00e1nyzata K\u00e9pvisel\u0151-test\u00fclet\u00e9nek 46\/2023. (II. 23.) hat\u00e1rozata pdf form\u00e1tumban innen let\u00f6lthet\u0151<\/a><strong><br><a href=\"https:\/\/www.bajaionkormanyzat.hu\/images\/2023\/03\/03\/23kiv046_0223_mell.01_rendezvenyterv.2023.pdf\">BAJA MEGYEI JOG\u00da V\u00c1ROS RENDEZV\u00c9NYTERVE 2023 (1. mell\u00e9klet a 46\/2023. (II. 23.) hat\u00e1rozathoz) pdf form\u00e1tumban innen let\u00f6lthet\u0151<\/a><\/strong><\/p>\n\n\n\n<p><strong>BAJAI V\u00c1ROSI RENDEZV\u00c9NYTERV 2022<br><br><\/strong>Baja V\u00e1ros Polg\u00e1rmestere felk\u00e9ri a v\u00e1rosi rendezv\u00e9nytervben nem szerepl\u0151 esetleges tov\u00e1bbi rendezv\u00e9nyek szervez\u0151it, hogy a Baja Marketing Kft.-vel folytassanak k\u00f6zvetlen egyeztet\u00e9st, amennyiben 2022-ben a v\u00e1rosi rendezv\u00e9nytervbe felt\u00fcntetni k\u00edv\u00e1nt \u2013 az 59\/2022. (II. 24.) hat\u00e1rozat 1. mell\u00e9klete szerinti rendezv\u00e9nyterven nem szerepl\u0151 \u2013 rendezv\u00e9nyt szeretn\u00e9nek tartani. A Baja Marketing Kft. \u00fcgyvezet\u0151je a lefolytat\u00e1sra ker\u00fcl\u0151 egyeztet\u00e9sek alapj\u00e1n az 59\/2022. (II. 24.) hat\u00e1rozat 1. mell\u00e9klete szerinti rendezv\u00e9nyterv sz\u00fcks\u00e9g szerinti m\u00f3dos\u00edt\u00e1s\u00e1t a K\u00e9pvisel\u0151-test\u00fclet el\u00e9 terjeszti.<br><br><a href=\"https:\/\/www.bajaionkormanyzat.hu\/images\/varoshaza\/Kozlemenyek\/2022\/03\/03\/22kiv059_0224_varosi.rendezvenyterv.2022.pdf\">Baja V\u00e1ros \u00d6nkorm\u00e1nyzat K\u00e9pvisel\u0151-test\u00fclet\u00e9nek 59\/2022. (II. 24.) hat\u00e1rozata pdf form\u00e1tumban innen let\u00f6lthet\u0151<\/a><br><strong><a href=\"https:\/\/www.bajaionkormanyzat.hu\/images\/varoshaza\/Kozlemenyek\/2022\/03\/03\/22kiv059_0224_mell.01_varosi.rendezvenyterv.2022.pdf\">A BAJAI V\u00c1ROSI RENDEZV\u00c9NYTERV 2022 (1. mell\u00e9klet a 59\/2022. (II. 24.) hat\u00e1rozathoz) pdf form\u00e1tumban innen let\u00f6lthet\u0151<\/a><br><br>BAJAI V\u00c1ROSI RENDEZV\u00c9NYTERV 2021<\/strong>&nbsp;<\/p>\n\n\n\n<p>Baja V\u00e1ros Polg\u00e1rmestere felk\u00e9ri a v\u00e1rosi rendezv\u00e9nytervben nem szerepl\u0151 esetleges tov\u00e1bbi rendezv\u00e9nyek szervez\u0151it, hogy a Baja Marketing Kft.-vel folytassanak k\u00f6zvetlen egyeztet\u00e9st, amennyiben 2021-ben a v\u00e1rosi rendezv\u00e9nytervbe felt\u00fcntetni k\u00edv\u00e1nt \u2013 a 154\/2021. (II. 18.) hat\u00e1rozat 1. mell\u00e9klete szerinti rendezv\u00e9nyterven nem szerepl\u0151 \u2013 rendezv\u00e9nyt szeretn\u00e9nek tartani. A Baja Marketing Kft. \u00fcgyvezet\u0151je a lefolytat\u00e1sra ker\u00fcl\u0151 egyeztet\u00e9sek alapj\u00e1n a 154\/2021. (II. 18.) hat\u00e1rozat 1. mell\u00e9klete szerinti rendezv\u00e9nyterv sz\u00fcks\u00e9g szerinti m\u00f3dos\u00edt\u00e1s\u00e1t a K\u00e9pvisel\u0151-test\u00fclet \u2013 ill. a vesz\u00e9lyhelyzet id\u0151tartama alatt a polg\u00e1rmester \u2013 el\u00e9 terjeszti.&nbsp;<\/p>\n\n\n\n<p><a href=\"https:\/\/www.bajaionkormanyzat.hu\/images\/varoshaza\/Kozlemenyek\/2021\/02\/24\/2021-154_pm_hatarozat_2021-es_bajai_varosi_rendezvenyterv.pdf\" target=\"_blank\" rel=\"noreferrer noopener\">Baja V\u00e1ros Polg\u00e1rmester\u00e9nek 154\/2021. (II.<\/a> <a href=\"https:\/\/www.bajaionkormanyzat.hu\/images\/varoshaza\/Kozlemenyek\/2021\/02\/24\/2021-154_pm_hatarozat_2021-es_bajai_varosi_rendezvenyterv.pdf\" target=\"_blank\" rel=\"noreferrer noopener\">18.)<\/a><a href=\"https:\/\/www.bajaionkormanyzat.hu\/images\/varoshaza\/Kozlemenyek\/2021\/02\/24\/2021-154_pm_hatarozat_2021-es_bajai_varosi_rendezvenyterv.pdf\" target=\"_blank\" rel=\"noreferrer noopener\"> hat\u00e1rozata pdf form\u00e1tumban innen let\u00f6lthet\u0151<\/a><br><a href=\"https:\/\/www.bajaionkormanyzat.hu\/images\/varoshaza\/Kozlemenyek\/2021\/02\/24\/2021-154_pm_hatarozat_melleklet_20121-es_bajai_varosi_rendezvenyterv.pdf\" target=\"_blank\" rel=\"noreferrer noopener\">A BAJAI V\u00c1ROSI RENDEZV\u00c9NYTERV 2021<\/a> <a href=\"https:\/\/www.bajaionkormanyzat.hu\/images\/varoshaza\/Kozlemenyek\/2021\/02\/24\/2021-154_pm_hatarozat_melleklet_20121-es_bajai_varosi_rendezvenyterv.pdf\" target=\"_blank\" rel=\"noreferrer noopener\">(1. mell\u00e9klet a<\/a><a href=\"https:\/\/www.bajaionkormanyzat.hu\/images\/varoshaza\/Kozlemenyek\/2021\/02\/24\/2021-154_pm_hatarozat_melleklet_20121-es_bajai_varosi_rendezvenyterv.pdf\" target=\"_blank\" rel=\"noreferrer noopener\"> 154\/2<\/a><a href=\"https:\/\/www.bajaionkormanyzat.hu\/images\/varoshaza\/Kozlemenyek\/2021\/02\/24\/2021-154_pm_hatarozat_melleklet_20121-es_bajai_varosi_rendezvenyterv.pdf\" target=\"_blank\" rel=\"noreferrer noopener\">021.<\/a><a href=\"https:\/\/www.bajaionkormanyzat.hu\/images\/varoshaza\/Kozlemenyek\/2021\/02\/24\/2021-154_pm_hatarozat_melleklet_20121-es_bajai_varosi_rendezvenyterv.pdf\" target=\"_blank\" rel=\"noreferrer noopener\"> (II. 18.) hat\u00e1rozathoz)<\/a><a href=\"https:\/\/www.bajaionkormanyzat.hu\/images\/varoshaza\/Kozlemenyek\/2021\/02\/24\/2021-154_pm_hatarozat_melleklet_20121-es_bajai_varosi_rendezvenyterv.pdf\" target=\"_blank\" rel=\"noreferrer noopener\"> pdf form\u00e1tumban innen let\u00f6lthet\u0151<\/a><a href=\"https:\/\/www.bajaionkormanyzat.hu\/images\/varoshaza\/Kozlemenyek\/2021\/05\/17\/526-2021_pm_hatarozat_biztonsagos_bajaert_napok_rendezvenyterv_mod.pdf\" target=\"_blank\" rel=\"noreferrer noopener\">Baja V\u00e1ros Polg\u00e1rmester\u00e9nek 526\/2021. (V. 19.) hat\u00e1rozata a \u201eBiztons\u00e1gos Baj\u00e1\u00e9rt Napok\u201d megrendez\u00e9s\u00e9r\u0151l \u00e9s a 2021. \u00e9vi Bajai V\u00e1rosi Rendezv\u00e9nyterv m\u00f3dos\u00edt\u00e1s\u00e1r\u00f3l &#8211; pdf form\u00e1tumban innen let\u00f6lthet\u0151<\/a><br><br><a href=\"https:\/\/www.bajaionkormanyzat.hu\/images\/varoshaza\/Kozlemenyek\/2021\/05\/17\/154-2021_pm_hatarozat_melleklet_varosi_rendezvenyterv_20210519_egyseges.pdf\" target=\"_blank\" rel=\"noreferrer noopener\">KIEG\u00c9SZ\u00cdTETT BAJAI V\u00c1ROSI RENDEZV\u00c9NYTERV 2021 (1. mell\u00e9klet a 154\/2021. (II. 18.) hat\u00e1rozathoz) &#8211;&nbsp;pdf form\u00e1tumban innen let\u00f6lthet\u0151<\/a><br><strong><br>V\u00c1ROSI RENDEZV\u00c9NYTERV 2020<br><br><\/strong><a href=\"https:\/\/www.bajaionkormanyzat.hu\/images\/varoshaza\/Kozlemenyek\/2020\/07\/0713\/20kiv164_0709_rendezvenyterv_2020_julius-december.pdf\" target=\"_blank\" rel=\"noreferrer noopener\">Baja V\u00e1ros \u00d6nkorm\u00e1nyzat K\u00e9pvisel\u0151-test\u00fclet\u00e9nek 164\/2020. (VII. 9.) hat\u00e1rozata az \u00f6nkorm\u00e1nyzat 2020 j\u00falius\u00e1t\u00f3l decemberig terjed\u0151 id\u0151szakra vonatkoz\u00f3 rendezv\u00e9nyterv\u00e9nek elfogad\u00e1s\u00e1r\u00f3l<\/a><a href=\"https:\/\/www.bajaionkormanyzat.hu\/images\/varoshaza\/Kozlemenyek\/2020\/07\/0713\/20kiv164_0709_mell_01_rendezvenyterv_2020_julius-december.pdf\" target=\"_blank\" rel=\"noreferrer noopener\">1. mell\u00e9klet a 164\/2020. (VII. 9.) hat\u00e1rozathoz:<\/a><strong>&nbsp;<a href=\"https:\/\/www.bajaionkormanyzat.hu\/images\/varoshaza\/Kozlemenyek\/2020\/07\/0713\/20kiv164_0709_mell_01_rendezvenyterv_2020_julius-december.pdf\" target=\"_blank\" rel=\"noreferrer noopener\">V\u00c1ROSI RENDEZV\u00c9NYTERV 2020 j\u00faliust\u00f3l 2020 decemberig<\/a>&nbsp;<\/strong><\/p>\n\n\n\n<p>A K\u00e9pvisel\u0151-test\u00fclet felk\u00e9ri a v\u00e1rosi rendezv\u00e9nytervben nem szerepl\u0151 esetleges tov\u00e1bbi rendezv\u00e9nyek szervez\u0151it, hogy a Baja Marketing Kft.-vel folytassanak k\u00f6zvetlen egyeztet\u00e9st, amennyiben 2020-ban a v\u00e1rosi rendezv\u00e9nytervbe felt\u00fcntetni k\u00edv\u00e1nt \u2013 a 164\/2020. (VII. 9.) hat\u00e1rozat 1. mell\u00e9klete szerinti rendezv\u00e9nyterven nem szerepl\u0151 \u2013 rendezv\u00e9nyt szeretn\u00e9nek tartani. A Baja Marketing Kft. \u00fcgyvezet\u0151je a lefolytat\u00e1sra ker\u00fcl\u0151 egyeztet\u00e9sek alapj\u00e1n a 164\/2020. (VII. 9.) hat\u00e1rozat 1. mell\u00e9klete szerinti rendezv\u00e9nyterv sz\u00fcks\u00e9g szerinti m\u00f3dos\u00edt\u00e1s\u00e1t a K\u00e9pvisel\u0151-test\u00fclet el\u00e9 terjeszti.&nbsp;<\/p>\n\n\n\n<p><a href=\"https:\/\/www.bajaionkormanyzat.hu\/images\/varoshaza\/Kozlemenyek\/2020\/02\/20kiv045_0130_bvo_2020_elso_negyedeves_rendezvenyterve.pdf\" target=\"_blank\" rel=\"noreferrer noopener\">Baja V\u00e1ros \u00d6nkorm\u00e1nyzat K\u00e9pvisel\u0151-test\u00fclet\u00e9nek 45\/2020. (I. 30.) hat\u00e1rozata az \u00f6nkorm\u00e1nyzat 2020 els\u0151 negyed\u00e9ves rendezv\u00e9nyterv\u00e9nek elfogad\u00e1s\u00e1r\u00f3l<\/a><a href=\"https:\/\/www.bajaionkormanyzat.hu\/images\/varoshaza\/Kozlemenyek\/2020\/02\/20kiv045_0130_mell_01_bvo_rendezvenyterv_2020_1-3_honap.pdf\" target=\"_blank\" rel=\"noreferrer noopener\"><br>1. mell\u00e9klet a 45\/2020. (I. 30.) hat\u00e1rozathoz: <strong>V\u00c1ROSI RENDEZV\u00c9NYTERV 2020 1-3. h\u00f3nap<\/strong><\/a><\/p>","protected":false},"excerpt":{"rendered":"<p>BAJA MEGYEI JOG\u00da V\u00c1ROS RENDEZV\u00c9NYTERVE 2025Baja Megyei Jog\u00fa V\u00e1ros \u00d6nkorm\u00e1nyzata K\u00f6zgy\u0171l\u00e9s\u00e9nek 62\/2025. (II. 27.) hat\u00e1rozata pdf form\u00e1tumban innen let\u00f6lthet\u0151BAJA MEGYEI JOG\u00da V\u00c1ROS RENDEZV\u00c9NYTERVE 2025 (1. mell\u00e9klet a 62\/2025. (II. 27.) hat\u00e1rozathoz) pdf form\u00e1tumban innen let\u00f6lthet\u0151 BAJA MEGYEI JOG\u00da V\u00c1ROS RENDEZV\u00c9NYTERVE 2024 Baja Megyei Jog\u00fa V\u00e1ros \u00d6nkorm\u00e1nyzata K\u00e9pvisel\u0151-test\u00fclet\u00e9nek 63\/2024. (II. 29.) hat\u00e1rozata pdf form\u00e1tumban innen let\u00f6lthet\u0151BAJA [&hellip;]<\/p>","protected":false},"author":4,"featured_media":0,"parent":0,"menu_order":0,"comment_status":"closed","ping_status":"closed","template":"","meta":{"footnotes":""},"class_list":["post-1869","page","type-page","status-publish","hentry"],"_links":{"self":[{"href":"https:\/\/baja.lionstackailab.hu\/en\/wp-json\/wp\/v2\/pages\/1869","targetHints":{"allow":["GET"]}}],"collection":[{"href":"https:\/\/baja.lionstackailab.hu\/en\/wp-json\/wp\/v2\/pages"}],"about":[{"href":"https:\/\/baja.lionstackailab.hu\/en\/wp-json\/wp\/v2\/types\/page"}],"author":[{"embeddable":true,"href":"https:\/\/baja.lionstackailab.hu\/en\/wp-json\/wp\/v2\/users\/4"}],"replies":[{"embeddable":true,"href":"https:\/\/baja.lionstackailab.hu\/en\/wp-json\/wp\/v2\/comments?post=1869"}],"version-history":[{"count":0,"href":"https:\/\/baja.lionstackailab.hu\/en\/wp-json\/wp\/v2\/pages\/1869\/revisions"}],"wp:attachment":[{"href":"https:\/\/baja.lionstackailab.hu\/en\/wp-json\/wp\/v2\/media?parent=1869"}],"curies":[{"name":"wp","href":"https:\/\/api.w.org\/{rel}","templated":true}]}}