{"id":1829,"date":"2025-12-05T11:18:07","date_gmt":"2025-12-05T10:18:07","guid":{"rendered":"https:\/\/baja.lionstackailab.hu\/?page_id=1829"},"modified":"2025-12-08T14:19:06","modified_gmt":"2025-12-08T13:19:06","slug":"szervezeti-felepites-dokumentumok","status":"publish","type":"page","link":"https:\/\/baja.lionstackailab.hu\/en\/szervezeti-felepites-dokumentumok\/","title":{"rendered":"Szervezeti fel\u00e9p\u00edt\u00e9s, dokumentumok"},"content":{"rendered":"<p><strong><a href=\"https:\/\/www.bajaionkormanyzat.hu\/images\/2025\/05\/07\/HivataliSZMSZ_20250101.pdf\" target=\"_blank\" rel=\"noreferrer noopener\">BAJA MEGYEI JOG\u00da V\u00c1ROS POLG\u00c1RMESTERI HIVATALA HAT\u00c1LYOS SZERVEZETI \u00c1BR\u00c1JA<\/a><\/strong><\/p>","protected":false},"excerpt":{"rendered":"<p>BAJA MEGYEI JOG\u00da V\u00c1ROS POLG\u00c1RMESTERI HIVATALA HAT\u00c1LYOS SZERVEZETI \u00c1BR\u00c1JA<\/p>","protected":false},"author":4,"featured_media":0,"parent":0,"menu_order":0,"comment_status":"closed","ping_status":"closed","template":"","meta":{"footnotes":""},"class_list":["post-1829","page","type-page","status-publish","hentry"],"_links":{"self":[{"href":"https:\/\/baja.lionstackailab.hu\/en\/wp-json\/wp\/v2\/pages\/1829","targetHints":{"allow":["GET"]}}],"collection":[{"href":"https:\/\/baja.lionstackailab.hu\/en\/wp-json\/wp\/v2\/pages"}],"about":[{"href":"https:\/\/baja.lionstackailab.hu\/en\/wp-json\/wp\/v2\/types\/page"}],"author":[{"embeddable":true,"href":"https:\/\/baja.lionstackailab.hu\/en\/wp-json\/wp\/v2\/users\/4"}],"replies":[{"embeddable":true,"href":"https:\/\/baja.lionstackailab.hu\/en\/wp-json\/wp\/v2\/comments?post=1829"}],"version-history":[{"count":0,"href":"https:\/\/baja.lionstackailab.hu\/en\/wp-json\/wp\/v2\/pages\/1829\/revisions"}],"wp:attachment":[{"href":"https:\/\/baja.lionstackailab.hu\/en\/wp-json\/wp\/v2\/media?parent=1829"}],"curies":[{"name":"wp","href":"https:\/\/api.w.org\/{rel}","templated":true}]}}