{"id":1828,"date":"2025-12-05T11:18:07","date_gmt":"2025-12-05T10:18:07","guid":{"rendered":"https:\/\/baja.lionstackailab.hu\/?page_id=1828"},"modified":"2025-12-08T14:18:41","modified_gmt":"2025-12-08T13:18:41","slug":"elektronikus-kozigazgatasi-ugyintezes-elektronikus-kapcsolattartas","status":"publish","type":"page","link":"https:\/\/baja.lionstackailab.hu\/en\/elektronikus-kozigazgatasi-ugyintezes-elektronikus-kapcsolattartas\/","title":{"rendered":"Elektronikus k\u00f6zigazgat\u00e1si \u00fcgyint\u00e9z\u00e9s, elektronikus kapcsolattart\u00e1s"},"content":{"rendered":"<p><strong><a href=\"https:\/\/alkalmazaskozpont.asp.lgov.hu\/sites\/asp\/files\/2019-06\/elektronikus_ugyintezes_az_onkormanyzati_hivatali_portalon_190626.pdf\" target=\"_blank\" rel=\"noreferrer noopener\">A&nbsp;MAGYAR \u00c1LLAMKINCST\u00c1R \u00c1LTAL\u00c1NOS T\u00c1J\u00c9KOZTAT\u00d3JA<br>AZ E-\u00d6NKORM\u00c1NYZATI PORT\u00c1LON V\u00c9GEZHET\u0150 ELEKTRONIKUS \u00dcGYINT\u00c9Z\u00c9SR\u0150L<br>(pdf form\u00e1tumban)<\/a><br><br><br>T\u00e1j\u00e9koztat\u00f3 r\u00f6vidfilmek az online \u00fcgyint\u00e9z\u00e9s lehets\u00e9ges alternat\u00edv\u00e1ir\u00f3l<br><\/strong><\/p>\n\n\n\n<p><a href=\"https:\/\/www.youtube.com\/watch?v=HUVBW-I4KpQ\" target=\"_blank\" rel=\"noreferrer noopener\">Egy v\u00e1llalkoz\u00e1s \u00fczemeltet\u00e9se sosem egyszer\u0171 feladat, de a&nbsp;<strong>helyi ipar\u0171z\u00e9si ad\u00f3 bevall\u00e1s<\/strong>&nbsp;m\u00e1r nem jelent gondot.<\/a><br><a href=\"https:\/\/www.youtube.com\/watch?v=SVrS8mKM5As\" target=\"_blank\" rel=\"noreferrer noopener\">Egy \u00faj iroda berendez\u00e9se sosem egyszer\u0171 feladat, de az&nbsp;<strong>ad\u00f3egyenleg lek\u00e9rdez\u00e9se<\/strong>&nbsp;m\u00e1r nem jelent gondot.<\/a><br><a href=\"https:\/\/www.youtube.com\/watch?v=CozRxAKvsNU\" target=\"_blank\" rel=\"noreferrer noopener\">Az \u00faj szok\u00e1sok kialak\u00edt\u00e1sa sosem egyszer\u0171 feladat, de a&nbsp;<strong>g\u00e9pj\u00e1rm\u0171ad\u00f3 mentess\u00e9g bejelent\u00e9se<\/strong>&nbsp;m\u00e1r nem jelent gondot.<\/a><br><a href=\"https:\/\/www.youtube.com\/watch?v=ZBJ-tAHXKXE\" target=\"_blank\" rel=\"noreferrer noopener\">Egy&nbsp;<strong>sz\u00e1ll\u00e1shely<\/strong>&nbsp;beind\u00edt\u00e1sa sosem egyszer\u0171 feladat, de annak&nbsp;<strong>nyilv\u00e1ntart\u00e1sba v\u00e9tele<\/strong>&nbsp;m\u00e1r nem jelent gondot.<\/a><br><a href=\"https:\/\/www.youtube.com\/watch?v=txf1V52_ilY\" target=\"_blank\" rel=\"noreferrer noopener\">Egy esk\u00fcv\u0151 megszervez\u00e9se sosem egyszer\u0171 feladat, de a&nbsp;<strong>sz\u00fclet\u00e9si anyak\u00f6nyvi kivonat ki\u00e1ll\u00edt\u00e1sa<\/strong>&nbsp;m\u00e1r nem jelent gondot.<\/a><br><a href=\"https:\/\/www.youtube.com\/watch?v=VD1WFLI__WU\" target=\"_blank\" rel=\"noreferrer noopener\">Egy v\u00e1llalkoz\u00e1s b\u0151v\u00edt\u00e9se sosem egyszer\u0171 feladat, de a&nbsp;<strong>behajt\u00e1si enged\u00e9lyek k\u00e9r\u00e9se<\/strong>&nbsp;m\u00e1r nem jelent gondot.<\/a><br><a href=\"https:\/\/www.youtube.com\/watch?v=p0ge6K_Mjsg\" target=\"_blank\" rel=\"noreferrer noopener\">A tov\u00e1bbtanul\u00e1s finansz\u00edroz\u00e1sa sosem egyszer\u0171 feladat, de a&nbsp;<strong>szoci\u00e1lis t\u00e1mogat\u00e1si k\u00e9relem beny\u00fajt\u00e1sa<\/strong>&nbsp;nem jelent gondot.<\/a><\/p>\n\n\n\n<p><strong>Int\u00e9zze \u00f6nkorm\u00e1nyzati \u00fcgyeit elektronikusan!<\/strong><\/p>\n\n\n\n<p><strong><br><br>Elektronikus k\u00f6zigazgat\u00e1si \u00fcgyint\u00e9z\u00e9s, elektronikus kapcsolattart\u00e1s<br><\/strong><\/p>\n\n\n\n<p>T\u00e1j\u00e9koztatjuk \u00dcgyfeleinket, hogy a polg\u00e1ri perrendtart\u00e1sr\u00f3l sz\u00f3l\u00f3 1952. \u00e9vi III. t\u00f6rv\u00e9ny rendelkez\u00e9sei \u00e9rtelm\u00e9ben a jogi k\u00e9pvisel\u0151vel elj\u00e1r\u00f3 f\u00e9l, belf\u00f6ldi sz\u00e9khely\u0171 gazd\u00e1lkod\u00f3 szervezet, valamint a k\u00f6zigazgat\u00e1si szerv 2016. j\u00falius 1-t\u0151l k\u00f6teles elektronikus \u00faton kapcsolatot tartani a k\u00f6zigazgat\u00e1si \u00e9s polg\u00e1ri peres \u00fcgyekben egyar\u00e1nt a b\u00edr\u00f3s\u00e1gokkal. &nbsp;<\/p>\n\n\n\n<p>Az elektronikus kapcsolattart\u00e1s az \u00f6nkorm\u00e1nyzatok sz\u00e1m\u00e1ra 2016. j\u00falius 1. napj\u00e1t k\u00f6vet\u0151en indult perekben k\u00f6telez\u0151.&nbsp;<\/p>\n\n\n\n<p>Ez\u00e9rt a k\u00f6zigazgat\u00e1si perekben \u00e9s a jegyz\u0151 birtokv\u00e9delmi \u00fcgyben hozott hat\u00e1rozat\u00e1nak megv\u00e1ltoztat\u00e1sa ir\u00e1nt a 2016. j\u00falius 1. napj\u00e1t k\u00f6vet\u0151en indult perekben a jogi k\u00e9pvisel\u0151vel elj\u00e1r\u00f3 f\u00e9lnek, a belf\u00f6ldi sz\u00e9khely\u0171 gazd\u00e1lkod\u00f3 szervezetnek, valamint a k\u00f6zigazgat\u00e1si szervnek elektronikus \u00faton az els\u0151 fok\u00fa k\u00f6zigazgat\u00e1si hat\u00e1rozatot hoz\u00f3 szervn\u00e9l, illetve a birtokv\u00e9delmi hat\u00e1rozatot hoz\u00f3 jegyz\u0151h\u00f6z kell beny\u00fajtani a keresetlevelet,&nbsp;<strong>k\u00f6zigazgat\u00e1si perekben a<\/strong>&nbsp;k\u00f6zz\u00e9tett&nbsp;<strong>K01, birtokv\u00e9delmi \u00fcgyekben a P26<\/strong>&nbsp;jelz\u00e9s\u0171 elektronikus formanyomtatv\u00e1nyokon. A K01, \u00e9s a P26 jelz\u00e9s\u0171 \u0171rlapokhoz kell csatolnia az \u00fcgyf\u00e9lnek a keresetlevelet.&nbsp;<\/p>\n\n\n\n<p>Az \u00f6nkorm\u00e1nyzat saj\u00e1t, a fentiek szerint elk\u00e9sz\u00edtett \u0171rlapjai itt \u00e9rhet\u0151ek el:<\/p>\n\n\n\n<ul class=\"wp-block-list\">\n<li><a href=\"https:\/\/www.bajaionkormanyzat.hu\/images\/varoshaza\/Kozlemenyek\/Elektronikus%20ugyintezes\/PMHBAJA_obhgepi_k01.jar\" target=\"_blank\" rel=\"noreferrer noopener\">K\u00f6zigazgat\u00e1si peres \u00fcgyek elektronikus formanyomtatv\u00e1nya, K01 (let\u00f6lt\u00e9s)<\/a>\u00a0<\/li>\n\n\n\n<li><a href=\"https:\/\/www.bajaionkormanyzat.hu\/images\/varoshaza\/Kozlemenyek\/Elektronikus%20ugyintezes\/PMHBAJA_obhgepi_p26.jar\" target=\"_blank\" rel=\"noreferrer noopener\">Birtokv\u00e9delmi \u00fcgyek elektronikus formanyomtatv\u00e1nya, P26 (let\u00f6lt\u00e9s)<\/a><\/li>\n<\/ul>\n\n\n\n<p><em>K\u00e9rj\u00fck, hogy a k\u00f6zigazgat\u00e1si peres \u00fcgyekben \u00e9s a birtokv\u00e9delmi hat\u00e1rozatok megv\u00e1ltoztat\u00e1sa ir\u00e1nti \u00fcgyekben a fenti \u0171rlapokat sz\u00edveskedjenek let\u00f6lteni \u00e9s alkalmazni!<\/em><\/p>\n\n\n\n<p><strong>&nbsp;<br><\/strong><strong>Az \u00fcgyind\u00edt\u00e1s l\u00e9p\u00e9sei:<\/strong><\/p>\n\n\n\n<p>1.)&nbsp; Az elektronikus \u00fcgyint\u00e9z\u00e9s felt\u00e9tele \u00fcgyf\u00e9lkapu (c\u00e9gkapu) regisztr\u00e1ci\u00f3.<\/p>\n\n\n\n<p>\u00dcgyf\u00e9lkapus regisztr\u00e1ci\u00f3t b\u00e1rmely term\u00e9szetes szem\u00e9ly kezdem\u00e9nyezhet. A regisztr\u00e1ci\u00f3t szem\u00e9lyesen a regisztr\u00e1ci\u00f3s szervn\u00e9l (b\u00e1rmelyik okm\u00e1nyirod\u00e1ban, korm\u00e1nyhivatali \u00fcgyf\u00e9lszolg\u00e1lati irod\u00e1ban, ad\u00f3hat\u00f3s\u00e1g \u00fcgyf\u00e9lszolg\u00e1lat\u00e1n, k\u00fclk\u00e9pviseleten) vagy elektronikusan ind\u00edthatja el 2016. janu\u00e1r 1-j\u00e9t k\u00f6vet\u0151en ki\u00e1ll\u00edtott \u00e9rv\u00e9nyes szem\u00e9lyazonos\u00edt\u00f3 igazolv\u00e1ny birtok\u00e1ban. A regisztr\u00e1ci\u00f3hoz meg kell adnia szabadon v\u00e1lasztott egyedi felhaszn\u00e1l\u00f3nev\u00e9t \u00e9s elektronikus lev\u00e9lc\u00edm\u00e9t (e-mail c\u00edm), mivel erre kapja meg az els\u0151 bel\u00e9p\u00e9shez sz\u00fcks\u00e9ges egyszer haszn\u00e1latos k\u00f3dj\u00e1t.&nbsp;&nbsp;<\/p>\n\n\n\n<p>A c\u00e9gnyilv\u00e1noss\u00e1gr\u00f3l, a b\u00edr\u00f3s\u00e1gi c\u00e9gelj\u00e1r\u00e1sr\u00f3l \u00e9s a v\u00e9gelsz\u00e1mol\u00e1sr\u00f3l sz\u00f3l\u00f3 2006. \u00e9vi V. t\u00f6rv\u00e9ny m\u00f3dos\u00edt\u00e1s\u00e1nak k\u00f6vetkezt\u00e9ben a gazd\u00e1lkod\u00f3 szervezeteknek &#8211; a c\u00e9geknek \u00e9s egy\u00e9b szervezeteknek &#8211; k\u00f6telez\u0151 az elektronikus el\u00e9rhet\u0151s\u00e9g\u00fcket bejelenteni a Rendelkez\u00e9si Nyilv\u00e1ntart\u00e1sba vagy k\u00f6zhiteles nyilv\u00e1ntart\u00e1sokba. Ez\u00e1ltal a c\u00e9gekkel val\u00f3 kommunik\u00e1ci\u00f3 teljes m\u00e9rt\u00e9kben megv\u00e1ltozik, a hivatalok \u00e9s int\u00e9zm\u00e9nyek m\u00e1r c\u00e9gkapu-c\u00edm\u00fck\u00f6n is el\u00e9rhetik a c\u00e9geket.&nbsp;<br><br>B\u0151vebben:<br><a href=\"https:\/\/ugyfelkapu.magyarorszag.hu\/\" target=\"_blank\" rel=\"noreferrer noopener\">https:\/\/ugyfelkapu.magyarorszag.hu\/<\/a>&nbsp;<br><a href=\"https:\/\/ugyintezes.magyarorszag.hu\/szolgaltatasok\/cegkapu.html\" target=\"_blank\" rel=\"noreferrer noopener\">https:\/\/ugyintezes.magyarorszag.hu\/szolgaltatasok\/cegkapu.html<\/a><br><br>2.)&nbsp; T\u00f6ltse le \u00e9s telep\u00edtse az \u00c1NYK \u00e1ltal\u00e1nos nyomtatv\u00e1nykit\u00f6lt\u0151 seg\u00e9dprogramot a NAV honlapj\u00e1r\u00f3l:&nbsp;&nbsp;<\/p>\n\n\n\n<p><a href=\"https:\/\/www.nav.gov.hu\/nav\/letoltesek\/nyomtatvanykitolto_programok\/nyomtatvany_apeh\/keretprogramok\/abevjava_install.html\">https:\/\/www.nav.gov.hu\/nav\/letoltesek\/nyomtatvanykitolto_programok\/nyomtatvany_apeh\/keretprogramok\/abevjava_install.html<\/a><\/p>\n\n\n\n<p>3.)&nbsp; T\u00f6ltse le a legfrissebb verzi\u00f3j\u00fa nyomtatv\u00e1nyt (K01 vagy P26) Baja V\u00e1ros \u00d6nkorm\u00e1nyzat honlapj\u00e1r\u00f3l, telep\u00edtse vagy friss\u00edtse nyomtatv\u00e1ny\u00e1t a nyomtatv\u00e1nykit\u00f6lt\u0151 program seg\u00edts\u00e9g\u00e9vel.<br><br>4.)&nbsp; T\u00f6ltse ki a nyomtatv\u00e1nyt az \u00c1NYK \u00e1ltal\u00e1nos nyomtatv\u00e1nykit\u00f6lt\u0151vel, ellen\u0151rizze, mentse el, majd adja be a titkos\u00edtott nyomtatv\u00e1nyt (.kr kiterjeszt\u00e9s\u0171 file-ban) a&nbsp;<a href=\"http:\/\/www.magyarorszag.hu\/\" target=\"_blank\" rel=\"noreferrer noopener\">www.magyarorszag.hu<\/a>&nbsp;\u00fcgyint\u00e9z\u00e9si rendszerben. A felt\u00f6lt\u00e9skor a rendszer ellen\u0151rzi a felt\u00f6lt\u00f6tt nyomtatv\u00e1ny verzi\u00f3sz\u00e1m\u00e1t \u00e9s a kit\u00f6lt\u00e9s helyess\u00e9g\u00e9t, ez\u00e9rt csak aktu\u00e1lis, ellen\u0151rz\u00f6tt \u00e9s hib\u00e1tlan nyomtatv\u00e1nyt adjon be, a rendszer csak azt fogja elfogadni.<\/p>\n\n\n\n<p>5.)&nbsp; Sikeres bead\u00e1s ut\u00e1n az \u00fcgy \u00e1llapot\u00e1t az \u00fcgyf\u00e9lkapun (<a href=\"http:\/\/www.magyarorszag.hu\/\" target=\"_blank\" rel=\"noreferrer noopener\">www.magyarorszag.hu<\/a>) ellen\u0151rizheti, az \u00e9rtes\u00edt\u00e9si t\u00e1rhelyen let\u00f6ltheti az id\u0151b\u00e9lyeggel ell\u00e1tott \u00e9rtes\u00edt\u00e9si visszaigazol\u00e1sokat, valamint a hivatalok \u00e1ltal k\u00fcld\u00f6tt dokumentumokat.<\/p>\n\n\n\n<p><br>\u00dcgyfeleink az \u00f6nkorm\u00e1nyzat \u0171rlapjainak kit\u00f6lt\u00e9s\u00e9vel kapcsolatosan felmer\u00fcl\u0151 probl\u00e9m\u00e1k eset\u00e9n az al\u00e1bbi el\u00e9rhet\u0151s\u00e9geken \u00e9rdekl\u0151dhetnek:<\/p>\n\n\n\n<p>&#8211;&nbsp;&nbsp;&nbsp;&nbsp;&nbsp;&nbsp; telefonon: a +36-79\/527-100 sz\u00e1mon (\u00fcgyf\u00e9lfogad\u00e1si id\u0151ben),<\/p>\n\n\n\n<p>&#8211;&nbsp;&nbsp;&nbsp;&nbsp;&nbsp;&nbsp; elektronikus lev\u00e9lben a&nbsp;polghiv@bajavaros.hu&nbsp;c\u00edmen.<\/p>\n\n\n\n<p><br><strong>Ad\u00f3\u00fcgyek elektronikus \u00fcgyint\u00e9z\u00e9se<\/strong><\/p>\n\n\n\n<p>A gazdas\u00e1gi t\u00e1rsas\u00e1gok, egy\u00e9ni v\u00e1llalkoz\u00f3k sz\u00e1m\u00e1ra az elektronikus \u00fcgyint\u00e9z\u00e9s k\u00f6telez\u0151. Elektronikus \u00fcgyind\u00edt\u00e1s az&nbsp;<a href=\"https:\/\/ohp-20.asp.lgov.hu\/nyitolap\" target=\"_blank\" rel=\"noreferrer noopener\">\u00d6nkorm\u00e1nyzati Hivatali Port\u00e1lon<\/a>&nbsp;kereszt\u00fcl lehets\u00e9ges.<br><br>Az elektronikus \u00fcgyind\u00edt\u00e1sra nem k\u00f6telezett mag\u00e1nszem\u00e9lyek is v\u00e1laszt\u00e1suknak megfelel\u0151en szabadon kit\u00f6lthetik, lementhetik, kinyomtathatj\u00e1k az \u0171rlapokat.<br><br>A helyi ipar\u0171z\u00e9si ad\u00f3bevall\u00e1s az \u00c1ltal\u00e1nos nyomtatv\u00e1nykit\u00f6lt\u0151 programmal&nbsp;(<a href=\"https:\/\/nav.gov.hu\/nyomtatvanyok\/letoltesek\" target=\"_blank\" rel=\"noreferrer noopener\">\u00c1NYK<\/a>) t\u00f6ltend\u0151 ki.<\/p>","protected":false},"excerpt":{"rendered":"<p>A&nbsp;MAGYAR \u00c1LLAMKINCST\u00c1R \u00c1LTAL\u00c1NOS T\u00c1J\u00c9KOZTAT\u00d3JAAZ E-\u00d6NKORM\u00c1NYZATI PORT\u00c1LON V\u00c9GEZHET\u0150 ELEKTRONIKUS \u00dcGYINT\u00c9Z\u00c9SR\u0150L(pdf form\u00e1tumban) T\u00e1j\u00e9koztat\u00f3 r\u00f6vidfilmek az online \u00fcgyint\u00e9z\u00e9s lehets\u00e9ges alternat\u00edv\u00e1ir\u00f3l Egy v\u00e1llalkoz\u00e1s \u00fczemeltet\u00e9se sosem egyszer\u0171 feladat, de a&nbsp;helyi ipar\u0171z\u00e9si ad\u00f3 bevall\u00e1s&nbsp;m\u00e1r nem jelent gondot.Egy \u00faj iroda berendez\u00e9se sosem egyszer\u0171 feladat, de az&nbsp;ad\u00f3egyenleg lek\u00e9rdez\u00e9se&nbsp;m\u00e1r nem jelent gondot.Az \u00faj szok\u00e1sok kialak\u00edt\u00e1sa sosem egyszer\u0171 feladat, de a&nbsp;g\u00e9pj\u00e1rm\u0171ad\u00f3 mentess\u00e9g bejelent\u00e9se&nbsp;m\u00e1r nem jelent [&hellip;]<\/p>","protected":false},"author":4,"featured_media":0,"parent":0,"menu_order":0,"comment_status":"closed","ping_status":"closed","template":"","meta":{"footnotes":""},"class_list":["post-1828","page","type-page","status-publish","hentry"],"_links":{"self":[{"href":"https:\/\/baja.lionstackailab.hu\/en\/wp-json\/wp\/v2\/pages\/1828","targetHints":{"allow":["GET"]}}],"collection":[{"href":"https:\/\/baja.lionstackailab.hu\/en\/wp-json\/wp\/v2\/pages"}],"about":[{"href":"https:\/\/baja.lionstackailab.hu\/en\/wp-json\/wp\/v2\/types\/page"}],"author":[{"embeddable":true,"href":"https:\/\/baja.lionstackailab.hu\/en\/wp-json\/wp\/v2\/users\/4"}],"replies":[{"embeddable":true,"href":"https:\/\/baja.lionstackailab.hu\/en\/wp-json\/wp\/v2\/comments?post=1828"}],"version-history":[{"count":0,"href":"https:\/\/baja.lionstackailab.hu\/en\/wp-json\/wp\/v2\/pages\/1828\/revisions"}],"wp:attachment":[{"href":"https:\/\/baja.lionstackailab.hu\/en\/wp-json\/wp\/v2\/media?parent=1828"}],"curies":[{"name":"wp","href":"https:\/\/api.w.org\/{rel}","templated":true}]}}