{"id":1827,"date":"2025-12-05T11:18:07","date_gmt":"2025-12-05T10:18:07","guid":{"rendered":"https:\/\/baja.lionstackailab.hu\/?page_id=1827"},"modified":"2025-12-08T14:17:39","modified_gmt":"2025-12-08T13:17:39","slug":"ugyfelfogadas","status":"publish","type":"page","link":"https:\/\/baja.lionstackailab.hu\/en\/ugyfelfogadas\/","title":{"rendered":"\u00dcgyf\u00e9lfogad\u00e1s"},"content":{"rendered":"<p><strong>BAJA MEGYEI JOG\u00da V\u00c1ROS POLG\u00c1RMESTERI HIVATALA \u00dcGYF\u00c9LFOGAD\u00c1SI RENDJE:<\/strong><\/p>\n\n\n\n<p><strong>&nbsp;<\/strong><strong>H\u00c9TF\u0150<\/strong>:&nbsp;<strong>8:00-12:00 \u00e9s 13:00-15:00<br><\/strong><strong>&nbsp;KEDD<\/strong>:&nbsp;<strong>nincs \u00fcgyf\u00e9lfogad\u00e1s<br><\/strong><strong>&nbsp;SZERDA<\/strong>:&nbsp;<strong>8:00-12:00 \u00e9s 13:00-17:00<br><\/strong><strong>&nbsp;CS\u00dcT\u00d6RT\u00d6K<\/strong>:&nbsp;<strong>nincs \u00fcgyf\u00e9lfogad\u00e1s<br><\/strong><strong>&nbsp;P\u00c9NTEK<\/strong>:&nbsp;<strong>8:00-12:00<br><\/strong><\/p>\n\n\n\n<p><strong><a href=\"https:\/\/www.bajaionkormanyzat.hu\/images\/2025\/01\/29\/05-00386-0001-2025.pdf\" target=\"_blank\" rel=\"noreferrer noopener\">ANYAK\u00d6NYVI \u00dcGYEK \u00dcGYF\u00c9LFOGAD\u00c1SI RENDJE<\/a><\/strong><\/p>\n\n\n\n<p><br><strong>BAJA MEGYEI JOG\u00da V\u00c1ROS POLG\u00c1RMESTERI HIVATALA P\u00c9NZT\u00c1RI NYITVATART\u00c1SI RENDJE:<\/strong><\/p>\n\n\n\n<p><strong>H\u00c9TF\u0150<\/strong>:&nbsp;<strong>9:00-12:00 \u00e9s 13:00-15:30<br><\/strong><strong>&nbsp;KEDD<\/strong>:&nbsp;<strong>nincs p\u00e9nzt\u00e1r<br><\/strong><strong>&nbsp;SZERDA<\/strong>:&nbsp;<strong>9:00-12:00 \u00e9s 13:00-16:30<br><\/strong><strong>&nbsp;CS\u00dcT\u00d6RT\u00d6K<\/strong>:&nbsp;<strong>nincs p\u00e9nzt\u00e1r<br><\/strong><strong>&nbsp;P\u00c9NTEK<\/strong>:&nbsp;<strong>9:00-12:00<\/strong><\/p>\n\n\n\n<figure class=\"wp-block-image\"><img decoding=\"async\" src=\"https:\/\/www.bajaionkormanyzat.hu\/images\/2025\/01\/24\/Tajekoztato_Baja_1.jpg\" alt=\"\"\/><\/figure>","protected":false},"excerpt":{"rendered":"<p>BAJA MEGYEI JOG\u00da V\u00c1ROS POLG\u00c1RMESTERI HIVATALA \u00dcGYF\u00c9LFOGAD\u00c1SI RENDJE: &nbsp;H\u00c9TF\u0150:&nbsp;8:00-12:00 \u00e9s 13:00-15:00&nbsp;KEDD:&nbsp;nincs \u00fcgyf\u00e9lfogad\u00e1s&nbsp;SZERDA:&nbsp;8:00-12:00 \u00e9s 13:00-17:00&nbsp;CS\u00dcT\u00d6RT\u00d6K:&nbsp;nincs \u00fcgyf\u00e9lfogad\u00e1s&nbsp;P\u00c9NTEK:&nbsp;8:00-12:00 ANYAK\u00d6NYVI \u00dcGYEK \u00dcGYF\u00c9LFOGAD\u00c1SI RENDJE BAJA MEGYEI JOG\u00da V\u00c1ROS POLG\u00c1RMESTERI HIVATALA P\u00c9NZT\u00c1RI NYITVATART\u00c1SI RENDJE: H\u00c9TF\u0150:&nbsp;9:00-12:00 \u00e9s 13:00-15:30&nbsp;KEDD:&nbsp;nincs p\u00e9nzt\u00e1r&nbsp;SZERDA:&nbsp;9:00-12:00 \u00e9s 13:00-16:30&nbsp;CS\u00dcT\u00d6RT\u00d6K:&nbsp;nincs p\u00e9nzt\u00e1r&nbsp;P\u00c9NTEK:&nbsp;9:00-12:00<\/p>","protected":false},"author":4,"featured_media":0,"parent":0,"menu_order":0,"comment_status":"closed","ping_status":"closed","template":"","meta":{"footnotes":""},"class_list":["post-1827","page","type-page","status-publish","hentry"],"_links":{"self":[{"href":"https:\/\/baja.lionstackailab.hu\/en\/wp-json\/wp\/v2\/pages\/1827","targetHints":{"allow":["GET"]}}],"collection":[{"href":"https:\/\/baja.lionstackailab.hu\/en\/wp-json\/wp\/v2\/pages"}],"about":[{"href":"https:\/\/baja.lionstackailab.hu\/en\/wp-json\/wp\/v2\/types\/page"}],"author":[{"embeddable":true,"href":"https:\/\/baja.lionstackailab.hu\/en\/wp-json\/wp\/v2\/users\/4"}],"replies":[{"embeddable":true,"href":"https:\/\/baja.lionstackailab.hu\/en\/wp-json\/wp\/v2\/comments?post=1827"}],"version-history":[{"count":0,"href":"https:\/\/baja.lionstackailab.hu\/en\/wp-json\/wp\/v2\/pages\/1827\/revisions"}],"wp:attachment":[{"href":"https:\/\/baja.lionstackailab.hu\/en\/wp-json\/wp\/v2\/media?parent=1827"}],"curies":[{"name":"wp","href":"https:\/\/api.w.org\/{rel}","templated":true}]}}