{"id":1813,"date":"2025-12-05T11:18:07","date_gmt":"2025-12-05T10:18:07","guid":{"rendered":"https:\/\/baja.lionstackailab.hu\/?page_id=1813"},"modified":"2025-12-05T11:18:07","modified_gmt":"2025-12-05T10:18:07","slug":"foepiteszi-iroda","status":"publish","type":"page","link":"https:\/\/baja.lionstackailab.hu\/en\/foepiteszi-iroda\/","title":{"rendered":"F\u0151\u00e9p\u00edt\u00e9szi Iroda"},"content":{"rendered":"","protected":false},"excerpt":{"rendered":"","protected":false},"author":4,"featured_media":0,"parent":0,"menu_order":0,"comment_status":"closed","ping_status":"closed","template":"","meta":{"footnotes":""},"class_list":["post-1813","page","type-page","status-publish","hentry"],"_links":{"self":[{"href":"https:\/\/baja.lionstackailab.hu\/en\/wp-json\/wp\/v2\/pages\/1813","targetHints":{"allow":["GET"]}}],"collection":[{"href":"https:\/\/baja.lionstackailab.hu\/en\/wp-json\/wp\/v2\/pages"}],"about":[{"href":"https:\/\/baja.lionstackailab.hu\/en\/wp-json\/wp\/v2\/types\/page"}],"author":[{"embeddable":true,"href":"https:\/\/baja.lionstackailab.hu\/en\/wp-json\/wp\/v2\/users\/4"}],"replies":[{"embeddable":true,"href":"https:\/\/baja.lionstackailab.hu\/en\/wp-json\/wp\/v2\/comments?post=1813"}],"version-history":[{"count":0,"href":"https:\/\/baja.lionstackailab.hu\/en\/wp-json\/wp\/v2\/pages\/1813\/revisions"}],"wp:attachment":[{"href":"https:\/\/baja.lionstackailab.hu\/en\/wp-json\/wp\/v2\/media?parent=1813"}],"curies":[{"name":"wp","href":"https:\/\/api.w.org\/{rel}","templated":true}]}}