{"id":1802,"date":"2025-12-05T11:09:41","date_gmt":"2025-12-05T10:09:41","guid":{"rendered":"https:\/\/baja.lionstackailab.hu\/?page_id=1802"},"modified":"2025-12-05T11:56:40","modified_gmt":"2025-12-05T10:56:40","slug":"koncepciok-programok","status":"publish","type":"page","link":"https:\/\/baja.lionstackailab.hu\/en\/koncepciok-programok\/","title":{"rendered":"Koncepci\u00f3k, programok"},"content":{"rendered":"<p><strong>I. GAZDAS\u00c1GI PROGRAM<\/strong><\/p>\n\n\n\n<p><strong><a href=\"https:\/\/www.bajaionkormanyzat.hu\/images\/2025\/04\/02\/baja.gazdasagi.program.2025-2030.pdf\">BAJA MEGYEI JOG\u00da V\u00c1ROS \u00d6NKORM\u00c1NYZATA 2025-2030. \u00c9VEKRE SZ\u00d3L\u00d3 GAZDAS\u00c1GI PROGRAMJA<\/a><br><a href=\"https:\/\/www.bajaionkormanyzat.hu\/images\/2025\/04\/02\/2025-086-03-27_kiv.kgy.pdf\">Baja Megyei Jog\u00fa V\u00e1ros \u00d6nkorm\u00e1nyzata K\u00f6zgy\u0171l\u00e9s\u00e9nek az \u00f6nkorm\u00e1nyzat 2025-2030. \u00e9vekre sz\u00f3l\u00f3 gazdas\u00e1gi programj\u00e1r\u00f3l sz\u00f3l\u00f3 86\/2025. (III. 27.) hat\u00e1rozata<\/a><br><br>&nbsp; &nbsp;<a href=\"https:\/\/www.bajaionkormanyzat.hu\/images\/varoshaza\/Kozlemenyek\/2020\/05\/059-2020_pm_hatarozat_05.18_mell_onkormanyzat_2020-2025_evekre_vonatkozo_gazdasagi_programja.pdf\" target=\"_blank\" rel=\"noreferrer noopener\"><br><\/a><\/strong><a href=\"https:\/\/www.bajaionkormanyzat.hu\/images\/varoshaza\/Kozlemenyek\/2020\/05\/059-2020_pm_hatarozat_05.18_mell_onkormanyzat_2020-2025_evekre_vonatkozo_gazdasagi_programja.pdf\" target=\"_blank\" rel=\"noreferrer noopener\">BAJA V\u00c1ROS \u00d6NKORM\u00c1NYZAT 2020-2025 \u00c9VEKRE SZ\u00d3L\u00d3 GAZDAS\u00c1GI PROGRAMJA<\/a><br><a href=\"https:\/\/www.bajaionkormanyzat.hu\/images\/varoshaza\/Kozlemenyek\/2020\/05\/059-2020_pm_hatarozat_05.18_bvo_2020-2025_evekre_vonatkozo_gazdasagi_programjarol.pdf\" target=\"_blank\" rel=\"noreferrer noopener\">Baja V\u00e1ros Polg\u00e1rmester\u00e9nek Baja V\u00e1ros \u00d6nkorm\u00e1nyzat 2020-2025 \u00e9vekre sz\u00f3l\u00f3 gazdas\u00e1gi programj\u00e1r\u00f3l sz\u00f3l\u00f3 59\/2020. (V. 18.) hat\u00e1rozata<br><\/a><\/p>\n\n\n\n<p><strong><br>II. TELEP\u00dcL\u00c9SFEJLESZT\u00c9SI STRAT\u00c9GI\u00c1K<br><br>II.\/1&nbsp;BAJA MEGYEI JOG\u00da V\u00c1ROS FENNTARTHAT\u00d3 V\u00c1ROSFEJLESZT\u00c9SI STRAT\u00c9GIA 2021-2027<br><\/strong>A 2021\u20132027-es uni\u00f3s ciklus t\u00e1mogat\u00e1si forr\u00e1sainak felhaszn\u00e1l\u00e1si felt\u00e9tele az integr\u00e1lt ter\u00fcleti, v\u00e1rosi strat\u00e9gi\u00e1k k\u00e9sz\u00edt\u00e9se, ezek legf\u0151bb alapk\u00f6ve a Fenntarthat\u00f3 V\u00e1rosfejleszt\u00e9si Strat\u00e9gia (FVS), amely megalapozza Baja V\u00e1ros j\u00f6v\u0151beni fejleszt\u00e9seit.<a href=\"https:\/\/www.bajaionkormanyzat.hu\/images\/2025\/04\/02\/2025-088-03-27_kgy.kiv_tvp2.pdf\">Baja Megyei Jog\u00fa V\u00e1ros \u00d6nkorm\u00e1nyzata K\u00f6zgy\u0171l\u00e9s\u00e9nek Baja Megyei Jog\u00fa V\u00e1ros \u00d6nkorm\u00e1nyzata TOP Plusz V\u00e1rosfejleszt\u00e9si Programterve 2. sz\u00e1m\u00fa m\u00f3dos\u00edt\u00e1s\u00e1nak j\u00f3v\u00e1hagy\u00e1s\u00e1r\u00f3l sz\u00f3l\u00f3 88\/2025. (III. 27.) hat\u00e1rozata<\/a><strong><a href=\"https:\/\/www.bajaionkormanyzat.hu\/images\/2025\/04\/02\/baja_tvp.2.modositas_20250327.pdf\">BAJA MEGYEI JOG\u00da V\u00c1ROS \u00d6NKORM\u00c1NYZATA TOP PLUSZ V\u00c1ROSFEJLESZT\u00c9SI PROGRAMTERV 2. M\u00d3DOS\u00cdT\u00c1SA (TVP)<\/a><\/strong><strong><a href=\"https:\/\/www.bajaionkormanyzat.hu\/images\/2025\/04\/02\/baja_tvp.2.modositas_20250327.pdf\"> 2021<\/a><\/strong><strong><a href=\"https:\/\/www.bajaionkormanyzat.hu\/images\/2025\/04\/02\/baja_tvp.2.modositas_20250327.pdf\">-2027<\/a><br><br><\/strong><a href=\"https:\/\/www.bajaionkormanyzat.hu\/images\/2024\/08\/14\/155_2024_IV_25_kth_hatarozat_TVP_modositas.pdf\">BMJV\u00d6 K\u00e9pvisel\u0151-test\u00fclet\u00e9nek a TOP Plusz V\u00e1rosfejleszt\u00e9si Programterv\u00e9nek 1. sz\u00e1m\u00fa m\u00f3dos\u00edt\u00e1s\u00e1nak j\u00f3v\u00e1hagy\u00e1s\u00e1r\u00f3l sz\u00f3l\u00f3 155\/2024. (IV. 25.) hat\u00e1rozata<\/a><strong><br><a href=\"https:\/\/www.bajaionkormanyzat.hu\/images\/2024\/08\/14\/18_KT_ET_mell01_TVP_2021_2027_Baja_20240425.pdf\">BAJA MEGYEI JOG\u00da V\u00c1ROS \u00d6NKORM\u00c1NYZATA TOP PLUSZ V\u00c1ROSFEJLESZT\u00c9SI PROGRAMTERV 1. M\u00d3DOS\u00cdT\u00c1SA (TVP) 2021-2027<\/a><a href=\"https:\/\/www.bajaionkormanyzat.hu\/images\/2024\/01\/18\/211_2023_V_25_hatarozat.pdf\"><br><br><\/a><\/strong><a href=\"https:\/\/www.bajaionkormanyzat.hu\/images\/2024\/01\/18\/211_2023_V_25_hatarozat.pdf\">BMJV\u00d6 K\u00e9pvisel\u0151-test\u00fclet\u00e9nek Baja Megyei Jog\u00fa V\u00e1ros Fenntarthat\u00f3 V\u00e1rosfejleszt\u00e9si Strat\u00e9gi\u00e1j\u00e1nak \u00e9s a TOP Plusz V\u00e1rosfejleszt\u00e9si Programterv\u00e9nek j\u00f3v\u00e1hagy\u00e1s\u00e1r\u00f3l sz\u00f3l\u00f3 211\/2023. (V. 25.) hat\u00e1rozata<\/a><strong><br><a href=\"https:\/\/www.bajaionkormanyzat.hu\/images\/2024\/01\/18\/29_KT_HATAROZAT_mell01_fenntarthato.varosfejlesztesi.strategia.2021-2027.MASODIK.VALTOZAT_compressed.pdf\">BAJA MEGYEI JOG\u00da V\u00c1ROS FENNTARTHAT\u00d3 V\u00c1ROSFEJLESZT\u00c9SI STRAT\u00c9GIA (FVS) 2021-2027<\/a><br><\/strong><strong><a href=\"https:\/\/www.bajaionkormanyzat.hu\/images\/2024\/01\/18\/29_KT_HATAROZAT_mell02_top.plusz.varosfejlesztesi.programterv.2021-2027.MASODIK.VALTOZAT.pdf\">BAJA MEGYEI JOG\u00da V\u00c1ROS \u00d6NKORM\u00c1NYZATA TOP PLUSZ V\u00c1ROSFEJLESZT\u00c9SI PROGRAMTERV (TVP) 2021-2027<\/a><\/strong><strong><br><br><br>II.\/2 INTEGR\u00c1LT TELEP\u00dcL\u00c9SFEJLESZT\u00c9SI STRAT\u00c9GIA (ITS)<\/strong><\/p>\n\n\n\n<p><strong><a href=\"https:\/\/www.bajaionkormanyzat.hu\/images\/varoshaza\/Kozlemenyek\/2022\/09\/15\/BMJV_ITS_2022.pdf\">BAJA MEGYEI JOG\u00da V\u00c1ROS INTEGR\u00c1LT TELEP\u00dcL\u00c9SFEJLESZT\u00c9SI STRAT\u00c9GI\u00c1JA 1.SZ. M\u00d3DOS\u00cdT\u00c1SA 2022<\/a><\/strong><br><strong><a href=\"https:\/\/www.bajaionkormanyzat.hu\/images\/varoshaza\/Kozlemenyek\/2022\/09\/15\/BMJV_ITS_V_2022.pdf.pdf\">BAJA MEGYEI JOG\u00da V\u00c1ROS INTEGR\u00c1LT TELEP\u00dcL\u00c9SFEJLESZT\u00c9SI STRAT\u00c9GI\u00c1JA 1.SZ. M\u00d3DOS\u00cdT\u00c1S MEGALAPOZ\u00d3 VIZSG\u00c1LATA 2022<\/a><\/strong><a href=\"https:\/\/www.bajaionkormanyzat.hu\/images\/varoshaza\/Kozlemenyek\/2020\/01\/ITS_DA_Baja_Megalapozo_vizsgalat_vegleges.pdf\"><br><\/a><\/p>\n\n\n\n<p><strong><br>III. HELYI ES\u00c9LYEGYENL\u0150S\u00c9GI PROGRAM (HEP)<\/strong><\/p>\n\n\n\n<p><strong>&nbsp; <a href=\"https:\/\/www.bajaionkormanyzat.hu\/images\/2025\/04\/02\/hep.baja.2025-2029.pdf\">BAJA MEGYEI JOG\u00da V\u00c1ROS HELYI ES\u00c9LYEGYENL\u0150S\u00c9GI PROGRAMJA 2025-2029<\/a><br><a href=\"https:\/\/www.bajaionkormanyzat.hu\/images\/2025\/04\/02\/2025-087-03-27_kgy.kiv._hep.pdf\">Baja Megyei Jog\u00fa V\u00e1ros \u00d6nkorm\u00e1nyzata K\u00f6zgy\u0171l\u00e9s\u00e9nek Baja Megyei Jog\u00fa V\u00e1ros \u00d6nkorm\u00e1nyzata Helyi Es\u00e9lyegyenl\u0151s\u00e9gi Programj\u00e1nak (2025-2029) elfogad\u00e1s\u00e1r\u00f3l sz\u00f3l\u00f3 87\/2025. (III. 27.) hat\u00e1rozata<\/a><br>&nbsp;<a href=\"https:\/\/www.bajaionkormanyzat.hu\/images\/varoshaza\/Kozlemenyek\/2019\/02\/19kiv018_0131_mell_01_hep_2019-2023.pdf.pdf\" target=\"_blank\" rel=\"noreferrer noopener\"><br><\/a><\/strong><a href=\"https:\/\/www.bajaionkormanyzat.hu\/images\/varoshaza\/Kozlemenyek\/2019\/02\/19kiv018_0131_mell_01_hep_2019-2023.pdf.pdf\" target=\"_blank\" rel=\"noreferrer noopener\">BAJA V\u00c1ROS \u00d6NKORM\u00c1NYZAT HELYI ES\u00c9LYEGYENL\u0150S\u00c9GI PROGRAMJA (2019-2023)<\/a><br><a href=\"https:\/\/www.bajaionkormanyzat.hu\/images\/varoshaza\/Kozlemenyek\/2019\/02\/19kiv018_0131_hep_2019-2023.pdf\" target=\"_blank\" rel=\"noreferrer noopener\">Baja V\u00e1ros \u00d6nkorm\u00e1nyzat K\u00e9pvisel\u0151-test\u00fclet\u00e9nek Baja V\u00e1ros \u00d6nkorm\u00e1nyzat Helyi Es\u00e9lyegyenl\u0151s\u00e9gi Programj\u00e1nak (2019-2023) elfogad\u00e1s\u00e1r\u00f3l sz\u00f3l\u00f3 18\/2019. (I. 31.) hat\u00e1rozata<\/a><br><a href=\"https:\/\/www.bajaionkormanyzat.hu\/images\/varoshaza\/Kozlemenyek\/2021\/05\/03\/hep.intezkedesek_2021-0411-04-27_mell.pdf\" target=\"_blank\" rel=\"noreferrer noopener\">BAJA V\u00c1ROS \u00d6NKORM\u00c1NYZAT HELYI ES\u00c9LYEGYENL\u0150S\u00c9GI PROGRAMJA (2019-2023) 1. FEL\u00dcLVIZSG\u00c1LATA \u2013 HEP INT\u00c9ZKED\u00c9SEK<\/a><br><a href=\"https:\/\/www.bajaionkormanyzat.hu\/images\/varoshaza\/Kozlemenyek\/2021\/05\/03\/2021-0411-04-27_pm.hatarozat.pdf\" target=\"_blank\" rel=\"noreferrer noopener\">Baja V\u00e1ros Polg\u00e1rmester\u00e9nek a Helyi Es\u00e9lyegyenl\u0151s\u00e9gi Program fel\u00fclvizsg\u00e1lat\u00e1r\u00f3l sz\u00f3l\u00f3 411\/2021. (IV. 27.) hat\u00e1rozata<\/a><br><br><a href=\"https:\/\/www.bajaionkormanyzat.hu\/images\/varoshaza\/Kozlemenyek\/2017_november\/HEP_20171025_2_VALTOZAT_vegleges.pdf\" target=\"_blank\" rel=\"noreferrer noopener\">BAJA V\u00c1ROS HELYI ES\u00c9LYEGYENL\u0150S\u00c9GI PROGRAMJA (2013-2017) 2. FEL\u00dcLVIZSG\u00c1LATA (2017. OKT\u00d3BER 26.)<br><\/a><\/p>\n\n\n\n<p><strong><br>IV. SZOCI\u00c1LIS SZOLG\u00c1LTAT\u00c1STERVEZ\u00c9SI KONCEPCI\u00d3<\/strong><\/p>\n\n\n\n<p><strong><a href=\"https:\/\/www.bajaionkormanyzat.hu\/images\/2024\/06\/03\/szocialis_koncepcio_2024.pdf\">BAJA V\u00c1ROS SZOCI\u00c1LIS SZOLG\u00c1LTAT\u00c1STERVEZ\u00c9SI KONCEPCI\u00d3J\u00c1NAK FEL\u00dcLVIZSG\u00c1LATA (2024)<\/a><a href=\"https:\/\/www.bajaionkormanyzat.hu\/images\/varoshaza\/Kozlemenyek\/2022\/06\/07\/szocialis.szolgaltatastervezesi.koncepcio.baja.2022.pdf\"><br><\/a><a href=\"https:\/\/www.bajaionkormanyzat.hu\/images\/varoshaza\/Kozlemenyek\/2022\/06\/07\/szocialis.szolgaltatastervezesi.koncepcio.baja.2022.pdf\">BAJA V\u00c1ROS SZOCI\u00c1LIS SZOLG\u00c1LTAT\u00c1STERVEZ\u00c9SI KONCEPCI\u00d3J\u00c1NAK FEL\u00dcLVIZSG\u00c1LATA (2022)<\/a><br><\/strong><a href=\"https:\/\/www.bajaionkormanyzat.hu\/images\/varoshaza\/Kozlemenyek\/2022\/06\/07\/2022-217-05-26.kth.pdf\">Baja Megyei Jog\u00fa V\u00e1ros \u00d6nkorm\u00e1nyzata K\u00e9pvisel\u0151-test\u00fclet\u00e9nek Baja V\u00e1ros Szoci\u00e1lis Szolg\u00e1ltat\u00e1stervez\u00e9si Koncepci\u00f3j\u00e1nak fel\u00fclvizsg\u00e1lat\u00e1r\u00f3l sz\u00f3l\u00f3 217\/2022. (V. 26.) hat\u00e1rozata<\/a><a href=\"https:\/\/www.bajaionkormanyzat.hu\/images\/varoshaza\/Kozlemenyek\/2020\/06\/08_SzocSzolgKoncepci%C3%B3.pdf\" target=\"_blank\" rel=\"noreferrer noopener\"><strong><br><br>BAJA V\u00c1ROS SZOCI\u00c1LIS SZOLG\u00c1LTAT\u00c1STERVEZ\u00c9SI KONCEPCI\u00d3JA (2019)<\/strong><br><\/a><\/p>\n\n\n\n<p><strong><br>V. K\u00d6RNYEZETV\u00c9DELMI PROGRAM<\/strong><\/p>\n\n\n\n<p><a href=\"https:\/\/www.bajaionkormanyzat.hu\/images\/varoshaza\/Kozlemenyek\/2018_december\/1JSZ_1_21_2018.pdf\" target=\"_blank\" rel=\"noreferrer noopener\"><strong>BAJA V\u00c1ROS K\u00d6RNYEZETV\u00c9DELMI PROGRAMJA (2018)<\/strong><\/a><\/p>\n\n\n\n<p><strong><br><br>V\/A. FENNTARTHAT\u00d3 ENERGIA- \u00c9S KL\u00cdMA AKCI\u00d3TERV (SECAP)<\/strong><\/p>\n\n\n\n<p><strong><a href=\"https:\/\/www.bajaionkormanyzat.hu\/images\/varoshaza\/Kozlemenyek\/2022\/06\/14\/22kiv221_0526_mell.02_baja.secap.2022.pdf\">BAJA FENNTARTHAT\u00d3 ENERGIA- \u00c9S KL\u00cdMA AKCI\u00d3TERVE (SECAP) (2022)<\/a><br><\/strong><a href=\"https:\/\/www.bajaionkormanyzat.hu\/images\/varoshaza\/Kozlemenyek\/2022\/06\/14\/2022-221-05-26.kth.pdf\">Baja Megyei Jog\u00fa V\u00e1ros \u00d6nkorm\u00e1nyzata K\u00e9pvisel\u0151-test\u00fclet\u00e9nek a Polg\u00e1rmesterek Kl\u00edma- \u00e9s Energia\u00fcgyi Sz\u00f6vets\u00e9g\u00e9hez t\u00f6rt\u00e9n\u0151 csatlakoz\u00e1s\u00e1r\u00f3l \u00e9s Baja Fenntarthat\u00f3 Energia- \u00e9s Kl\u00edma Akci\u00f3terv\u00e9nek (SECAP) ut\u00f3lagos elfogad\u00e1s\u00e1r\u00f3l sz\u00f3l\u00f3 221\/2022. (V. 26.) hat\u00e1rozata<\/a><br><a href=\"https:\/\/www.bajaionkormanyzat.hu\/images\/varoshaza\/Kozlemenyek\/2022\/06\/14\/2022-221-05-26.kth_mell.01_eumayors.commitment.baja.pdf\">A 221\/2022. (V. 26.) hat\u00e1rozat 1. mell\u00e9klete: a Polg\u00e1rmesterek Kl\u00edma- \u00e9s Energia\u00fcgyi Sz\u00f6vets\u00e9g\u00e9hez t\u00f6rt\u00e9n\u0151 csatlakoz\u00e1s\u00e1r\u00f3l sz\u00f3l\u00f3 nyilatkozat<\/a><\/p>\n\n\n\n<p><strong><br>V\/B. K\u00d6RNYEZETI \u00c1LLAPOT \u00c9RT\u00c9KEL\u00c9SE<\/strong><\/p>\n\n\n\n<p><a href=\"https:\/\/www.bajaionkormanyzat.hu\/images\/2023\/10\/12\/23kiv332_1005_baja.varos.2022.evi.kornyezeti.allapot.ertekelese.pdf\">Baja Megyei Jog\u00fa V\u00e1ros \u00d6nkorm\u00e1nyzata K\u00e9pvisel\u0151-test\u00fclet\u00e9nek&nbsp;332\/2023. (X. 5.) hat\u00e1rozata&nbsp;Baja Megyei Jog\u00fa&nbsp;V\u00e1ros 2022. \u00e9vi k\u00f6rnyezeti \u00e1llapot \u00e9rt\u00e9kel\u00e9s\u00e9r\u0151l<br><\/a><a href=\"https:\/\/www.bajaionkormanyzat.hu\/images\/2023\/10\/12\/23kiv332_1005_baja.varos.2022.evi.kornyezeti.allapot.ertekelese_mell.01_alairt.pdf\">1. mell\u00e9klet a 332\/2023. (X. 5.) hat\u00e1rozathoz<br><\/a><\/p>\n\n\n\n<p><strong>V\/C. BAJA MEGYEI JOG\u00da V\u00c1ROS V\u00cdZK\u00c1R-ELH\u00c1R\u00cdT\u00c1SI TERVE<\/strong><\/p>\n\n\n\n<p><a href=\"https:\/\/www.bajaionkormanyzat.hu\/images\/2025\/05\/26\/BAJA.MEGYEI.JOGU.VAROS.VIZKAR-ELHARITASI.TERVE.2025.pdf\"><strong>BAJA MEGYEI JOG\u00da V\u00c1ROS V\u00cdZK\u00c1R-ELH\u00c1R\u00cdT\u00c1SI TERVE (2025)<\/strong><br><\/a><a href=\"https:\/\/www.bajaionkormanyzat.hu\/images\/2025\/05\/26\/89_2025_III.27.pdf\">Baja Megyei Jog\u00fa V\u00e1ros \u00d6nkorm\u00e1nyzata K\u00f6zgy\u0171l\u00e9s\u00e9nek <strong>Baja Megyei Jog\u00fa V\u00e1ros Telep\u00fcl\u00e9si V\u00edzk\u00e1r-elh\u00e1r\u00edt\u00e1si Terv\u00e9nek elfogad\u00e1s\u00e1r\u00f3l<\/strong> sz\u00f3l\u00f3 89\/2025. (III. 27.) hat\u00e1rozata<\/a><\/p>\n\n\n\n<p><strong><br><br>VI. EGY\u00c9B PROGRAMOK, KONCEPCI\u00d3K \u00c9S TANULM\u00c1NYOK<\/strong><\/p>\n\n\n\n<p><strong><br>VI\/1. GAZDAS\u00c1GFEJLESZT\u00c9S, V\u00c1ROSFEJLESZT\u00c9S<\/strong><\/p>\n\n\n\n<p><strong>BAJA-SOMBOR TOURISM4ALL 2021<br><a href=\"https:\/\/www.bajaionkormanyzat.hu\/images\/varoshaza\/Kozlemenyek\/2022\/02\/02\/LOT_1.pdf\">A Baja-Zombor t\u00e9rs\u00e9g akad\u00e1lymentes turizmusfejleszt\u00e9si koncepci\u00f3ja<\/a><br><\/strong><a href=\"https:\/\/www.bajaionkormanyzat.hu\/images\/varoshaza\/Kozlemenyek\/2022\/02\/02\/Lot_1_mell01.pdf\">Mell\u00e9klet_1<\/a><br><a href=\"https:\/\/www.bajaionkormanyzat.hu\/images\/varoshaza\/Kozlemenyek\/2022\/02\/02\/Lot_1_mell02.pdf\">Mell\u00e9klet_2<\/a><strong><br><a href=\"https:\/\/www.bajaionkormanyzat.hu\/images\/varoshaza\/Kozlemenyek\/2022\/02\/02\/LOT_2.pdf\">Akad\u00e1lymentes tematikus \u00fatvonalak<\/a><br><a href=\"https:\/\/www.bajaionkormanyzat.hu\/images\/varoshaza\/Kozlemenyek\/2022\/02\/02\/LOT_3.pdf\">Akad\u00e1lymentes turisztikai szolg\u00e1ltat\u00e1sok v\u00e9djegyrendszere<\/a><br><a href=\"https:\/\/www.bajaionkormanyzat.hu\/images\/varoshaza\/Kozlemenyek\/2022\/02\/02\/LOT_4.pdf\">Arculati k\u00e9zik\u00f6nyv<\/a><a href=\"https:\/\/www.bajaionkormanyzat.hu\/images\/varoshaza\/Kozlemenyek\/2019\/02\/Baja Okos Varos Koncepcio.pdf\" target=\"_blank\" rel=\"noreferrer noopener\"><br><\/a>&nbsp;&nbsp;<a href=\"https:\/\/www.bajaionkormanyzat.hu\/images\/varoshaza\/Kozlemenyek\/2019\/02\/Baja Okos Varos Koncepcio.pdf\" target=\"_blank\" rel=\"noreferrer noopener\"><br>BAJA OKOS V\u00c1ROS KONCEPCI\u00d3 (2019. JANU\u00c1R 25.)<\/a><\/strong><br><a href=\"https:\/\/www.bajaionkormanyzat.hu\/images\/varoshaza\/Kozlemenyek\/2019\/02\/Baja Okos Varos kivonat.pdf\" target=\"_blank\" rel=\"noreferrer noopener\">Baja V\u00e1ros \u00d6nkorm\u00e1nyzat K\u00e9pvisel\u0151-test\u00fclet\u00e9nek a Baja Okos V\u00e1ros Koncepci\u00f3 elfogad\u00e1s\u00e1r\u00f3l sz\u00f3l\u00f3 22\/2019. (I. 31.) hat\u00e1rozata&nbsp;<\/a><br><br><strong><a href=\"https:\/\/www.bajaionkormanyzat.hu\/images\/bajavaros\/onkormanyzat\/kepviselotestulet\/2016\/16kiv107_0331_melleklet01_turizmusfejlesztesi_koncepcio.pdf\" target=\"_blank\" rel=\"noreferrer noopener\">BAJA V\u00c1ROS TURIZMUSFEJLESZT\u00c9SI KONCEPCI\u00d3JA \u2013 HELYZETELEMZ\u00c9S (2016)<\/a><\/strong><br><br><strong><a href=\"https:\/\/www.bajaionkormanyzat.hu\/images\/bajavaros\/onkormanyzat\/kepviselotestulet\/2016\/16kiv109_0331_melleklet01_gazdasagi_jovokep_gazdasagfejlesztesi_celok.pdf\" target=\"_blank\" rel=\"noreferrer noopener\">HELYI GAZDAS\u00c1GFEJLESZT\u00c9SI SZOLG\u00c1LTAT\u00c1SOK ELL\u00c1T\u00c1SA \u2013 GAZDAS\u00c1GI J\u00d6V\u0150K\u00c9P KIALAK\u00cdT\u00c1SA \u00c9S A GAZDAS\u00c1GFEJLESZT\u00c9SI C\u00c9LOK MEGHAT\u00c1ROZ\u00c1SA (2016)<\/a><\/strong><br><br><strong><a href=\"https:\/\/www.bajaionkormanyzat.hu\/images\/varoshaza\/tajekoztatok\/duna_pannon_forrasterkep_v3.pdf\" target=\"_blank\" rel=\"noreferrer noopener\">A \u201eDUNA-PANNON\u201d HAT\u00c1RON \u00c1TNY\u00daL\u00d3 R\u00c9GI\u00d3 V\u00c1ROSI (BAJA-MOH\u00c1CS-ESZ\u00c9K-P\u00c9LMONOSTOR-ZOMBOR-APATIN) EGY\u00dcTTM\u0170K\u00d6D\u00c9S\u00c9NEK KERETEI \u00c9S AZ EGY\u00dcTTM\u0170K\u00d6D\u0150 FELEK FEJLESZT\u00c9SI ELK\u00c9PZEL\u00c9SEINEK FORR\u00c1ST\u00c9RK\u00c9PE (2015. NOVEMBER 30.)&nbsp;<\/a><\/strong><br><br><strong><a href=\"https:\/\/www.bajaionkormanyzat.hu\/images\/varoshaza\/Kozlemenyek\/2021\/BVo_kozlekedesi_koncepcio_2020_tanulmamy_(20201020)_compressed.pdf\" target=\"_blank\" rel=\"noreferrer noopener\">BAJA V\u00c1ROS \u2013 K\u00d6ZLEKED\u00c9SI KONCEPCI\u00d3 (2020)<\/a><\/strong><br><a href=\"https:\/\/www.bajaionkormanyzat.hu\/images\/varoshaza\/Kozlemenyek\/2020\/01\/baja_varos_kozlekedesi_koncepcioja_2009_compressed.pdf\" target=\"_blank\" rel=\"noreferrer noopener\"><strong>BAJA V\u00c1ROS \u2013 K\u00d6ZLEKED\u00c9SI KONCEPCI\u00d3 (2009)<\/strong><br><br><\/a><strong><a href=\"https:\/\/www.bajaionkormanyzat.hu\/images\/2024\/01\/18\/BAJA_MJV_KHT_felulvizsgalat_final_tervzsuri_a__tvezeta__ssel_1214-1_compressed.pdf\">KER\u00c9KP\u00c1RFORGALMI H\u00c1L\u00d3ZATI TERV (2023)<\/a><\/strong><\/p>\n\n\n\n<p><strong><br>VI\/2. EG\u00c9SZS\u00c9G\u00dcGY \u00c9S SZOCI\u00c1LIS TER\u00dcLET<\/strong><\/p>\n\n\n\n<p><a href=\"https:\/\/www.bajaionkormanyzat.hu\/images\/varoshaza\/Kozlemenyek\/2020\/06\/14_Baja_idosotthon_megalapozas_vegl.pdf\" target=\"_blank\" rel=\"noreferrer noopener\"><strong>BAJAI ID\u0150SOTTHON PROJEKT MEGALAPOZ\u00c1SA (2019)<\/strong><br><\/a><\/p>\n\n\n\n<p><strong><br>VI\/3. SPORT<\/strong><\/p>\n\n\n\n<p><strong><a href=\"https:\/\/www.bajaionkormanyzat.hu\/images\/varoshaza\/Kozlemenyek\/2019\/02\/Sportkoncepcio_2019_k.pdf\" target=\"_blank\" rel=\"noreferrer noopener\">BAJA V\u00c1ROS HOSSZ\u00da T\u00c1V\u00da SPORTL\u00c9TES\u00cdTM\u00c9NY- FEJLESZT\u00c9SI KONCEPCI\u00d3JA (2019-2028) \u00c9S BAJA V\u00c1ROS K\u00d6Z\u00c9PT\u00c1V\u00da SPORTKONCEPCI\u00d3JA (2019-2023)<\/a><\/strong><\/p>","protected":false},"excerpt":{"rendered":"<p>I. GAZDAS\u00c1GI PROGRAM BAJA MEGYEI JOG\u00da V\u00c1ROS \u00d6NKORM\u00c1NYZATA 2025-2030. \u00c9VEKRE SZ\u00d3L\u00d3 GAZDAS\u00c1GI PROGRAMJABaja Megyei Jog\u00fa V\u00e1ros \u00d6nkorm\u00e1nyzata K\u00f6zgy\u0171l\u00e9s\u00e9nek az \u00f6nkorm\u00e1nyzat 2025-2030. \u00e9vekre sz\u00f3l\u00f3 gazdas\u00e1gi programj\u00e1r\u00f3l sz\u00f3l\u00f3 86\/2025. (III. 27.) hat\u00e1rozata &nbsp; &nbsp;BAJA V\u00c1ROS \u00d6NKORM\u00c1NYZAT 2020-2025 \u00c9VEKRE SZ\u00d3L\u00d3 GAZDAS\u00c1GI PROGRAMJABaja V\u00e1ros Polg\u00e1rmester\u00e9nek Baja V\u00e1ros \u00d6nkorm\u00e1nyzat 2020-2025 \u00e9vekre sz\u00f3l\u00f3 gazdas\u00e1gi programj\u00e1r\u00f3l sz\u00f3l\u00f3 59\/2020. (V. 18.) hat\u00e1rozata II. [&hellip;]<\/p>","protected":false},"author":4,"featured_media":0,"parent":0,"menu_order":0,"comment_status":"closed","ping_status":"closed","template":"","meta":{"footnotes":""},"class_list":["post-1802","page","type-page","status-publish","hentry"],"_links":{"self":[{"href":"https:\/\/baja.lionstackailab.hu\/en\/wp-json\/wp\/v2\/pages\/1802","targetHints":{"allow":["GET"]}}],"collection":[{"href":"https:\/\/baja.lionstackailab.hu\/en\/wp-json\/wp\/v2\/pages"}],"about":[{"href":"https:\/\/baja.lionstackailab.hu\/en\/wp-json\/wp\/v2\/types\/page"}],"author":[{"embeddable":true,"href":"https:\/\/baja.lionstackailab.hu\/en\/wp-json\/wp\/v2\/users\/4"}],"replies":[{"embeddable":true,"href":"https:\/\/baja.lionstackailab.hu\/en\/wp-json\/wp\/v2\/comments?post=1802"}],"version-history":[{"count":0,"href":"https:\/\/baja.lionstackailab.hu\/en\/wp-json\/wp\/v2\/pages\/1802\/revisions"}],"wp:attachment":[{"href":"https:\/\/baja.lionstackailab.hu\/en\/wp-json\/wp\/v2\/media?parent=1802"}],"curies":[{"name":"wp","href":"https:\/\/api.w.org\/{rel}","templated":true}]}}