{"id":1800,"date":"2025-12-05T11:09:41","date_gmt":"2025-12-05T10:09:41","guid":{"rendered":"https:\/\/baja.lionstackailab.hu\/?page_id=1800"},"modified":"2025-12-05T11:56:20","modified_gmt":"2025-12-05T10:56:20","slug":"a-megalkotott-onkormanyzati-rendeletek","status":"publish","type":"page","link":"https:\/\/baja.lionstackailab.hu\/en\/a-megalkotott-onkormanyzati-rendeletek\/","title":{"rendered":"A megalkotott \u00f6nkorm\u00e1nyzati rendeletek"},"content":{"rendered":"<p><a href=\"https:\/\/www.bajaionkormanyzat.hu\/index.php\/varoshaza\/baja-megyei-jogu-varos-onkormanyzata\/onkormanyzati-rendeletek\/a-megalkotott-onkormanyzati-rendeletek\/127-onkormanyzat\/a-megalkotott-onkormanyzati-rendeletek\/2403-a-kozgyules-altal-megalkotott-2025-evi-onkormanyzati-rendeletek\">A K\u00f6zgy\u0171l\u00e9s \u00e1ltal megalkotott 2025. \u00e9vi \u00f6nkorm\u00e1nyzati rendeletek<\/a><\/p>\n\n\n\n<p><a href=\"https:\/\/www.bajaionkormanyzat.hu\/index.php\/varoshaza\/baja-megyei-jogu-varos-onkormanyzata\/onkormanyzati-rendeletek\/a-megalkotott-onkormanyzati-rendeletek\/127-onkormanyzat\/a-megalkotott-onkormanyzati-rendeletek\/1922-a-kepviselo-testulet-illetoleg-a-kozgyules-altal-elfogadott-onkormanyzati-rendeletek-2024\">A K\u00e9pvisel\u0151-test\u00fclet, illet\u0151leg a K\u00f6zgy\u0171l\u00e9s \u00e1ltal elfogadott \u00f6nkorm\u00e1nyzati rendeletek 2024<\/a><\/p>\n\n\n\n<p><a href=\"https:\/\/www.bajaionkormanyzat.hu\/index.php\/varoshaza\/baja-megyei-jogu-varos-onkormanyzata\/onkormanyzati-rendeletek\/a-megalkotott-onkormanyzati-rendeletek\/127-onkormanyzat\/a-megalkotott-onkormanyzati-rendeletek\/1694-a-kepviselo-testulet-altal-elfogadott-onkormanyzati-rendeletek-2023\">A K\u00e9pvisel\u0151-test\u00fclet \u00e1ltal elfogadott \u00f6nkorm\u00e1nyzati rendeletek 2023.<\/a><\/p>\n\n\n\n<p><a href=\"https:\/\/www.bajaionkormanyzat.hu\/index.php\/varoshaza\/baja-megyei-jogu-varos-onkormanyzata\/onkormanyzati-rendeletek\/a-megalkotott-onkormanyzati-rendeletek\/127-onkormanyzat\/a-megalkotott-onkormanyzati-rendeletek\/1456-kepviselo-testulet-altal-elfogadott-onkormanyzati-rendeletek-2022\">A K\u00e9pvisel\u0151-test\u00fclet \u00e1ltal elfogadott \u00f6nkorm\u00e1nyzati rendeletek 2022.<\/a><\/p>\n\n\n\n<p><a href=\"https:\/\/www.bajaionkormanyzat.hu\/index.php\/varoshaza\/baja-megyei-jogu-varos-onkormanyzata\/onkormanyzati-rendeletek\/a-megalkotott-onkormanyzati-rendeletek\/127-onkormanyzat\/a-megalkotott-onkormanyzati-rendeletek\/1205-a-kepviselo-testulet-altal-elfogadott-onkormanyzati-rendeletek-2021\">A K\u00e9pvisel\u0151-test\u00fclet \u00e1ltal elfogadott \u00f6nkorm\u00e1nyzati rendeletek 2021.<\/a><\/p>\n\n\n\n<p><a href=\"https:\/\/www.bajaionkormanyzat.hu\/index.php\/varoshaza\/baja-megyei-jogu-varos-onkormanyzata\/onkormanyzati-rendeletek\/a-megalkotott-onkormanyzati-rendeletek\/127-onkormanyzat\/a-megalkotott-onkormanyzati-rendeletek\/949-a-kepviselo-testulet-altal-elfogadott-onkormanyzati-rendeletek-2020\">A K\u00e9pvisel\u0151-test\u00fclet \u00e1ltal elfogadott \u00f6nkorm\u00e1nyzati rendeletek 2020.<\/a><\/p>\n\n\n\n<p><a href=\"https:\/\/www.bajaionkormanyzat.hu\/index.php\/varoshaza\/baja-megyei-jogu-varos-onkormanyzata\/onkormanyzati-rendeletek\/a-megalkotott-onkormanyzati-rendeletek\/127-onkormanyzat\/a-megalkotott-onkormanyzati-rendeletek\/761-a-kepviselo-testulet-altal-elfogadott-onkormanyzati-rendeletek-2019\">A K\u00e9pvisel\u0151-test\u00fclet \u00e1ltal elfogadott \u00f6nkorm\u00e1nyzati rendeletek 2019.<\/a><\/p>\n\n\n\n<p><a href=\"https:\/\/www.bajaionkormanyzat.hu\/index.php\/varoshaza\/baja-megyei-jogu-varos-onkormanyzata\/onkormanyzati-rendeletek\/a-megalkotott-onkormanyzati-rendeletek\/127-onkormanyzat\/a-megalkotott-onkormanyzati-rendeletek\/544-a-kepviselo-testulet-altal-elfogadott-onkormanyzati-rendeletek-2018\">A K\u00e9pvisel\u0151-test\u00fclet \u00e1ltal elfogadott \u00f6nkorm\u00e1nyzati rendeletek 2018.<\/a><\/p>\n\n\n\n<p><a href=\"https:\/\/www.bajaionkormanyzat.hu\/index.php\/varoshaza\/baja-megyei-jogu-varos-onkormanyzata\/onkormanyzati-rendeletek\/a-megalkotott-onkormanyzati-rendeletek\/127-onkormanyzat\/a-megalkotott-onkormanyzati-rendeletek\/436-a-kepviselo-testulet-altal-elfogadott-onkormanyzati-rendeletek-2017\">A K\u00e9pvisel\u0151-test\u00fclet \u00e1ltal elfogadott \u00f6nkorm\u00e1nyzati rendeletek 2017.<\/a><\/p>\n\n\n\n<p><a href=\"https:\/\/www.bajaionkormanyzat.hu\/index.php\/varoshaza\/baja-megyei-jogu-varos-onkormanyzata\/onkormanyzati-rendeletek\/a-megalkotott-onkormanyzati-rendeletek\/127-onkormanyzat\/a-megalkotott-onkormanyzati-rendeletek\/391-a-kepviselo-testulet-altal-elfogadott-onkormanyzati-rendeletek-2016\">A K\u00e9pvisel\u0151-test\u00fclet \u00e1ltal elfogadott \u00f6nkorm\u00e1nyzati rendeletek 2016.<\/a><\/p>\n\n\n\n<p><a href=\"https:\/\/www.bajaionkormanyzat.hu\/index.php\/varoshaza\/baja-megyei-jogu-varos-onkormanyzata\/onkormanyzati-rendeletek\/a-megalkotott-onkormanyzati-rendeletek\/127-onkormanyzat\/a-megalkotott-onkormanyzati-rendeletek\/353-a-kepviselo-testulet-altal-elfogadott-onkormanyzati-rendeletek-2015\">A K\u00e9pvisel\u0151-test\u00fclet \u00e1ltal elfogadott \u00f6nkorm\u00e1nyzati rendeletek 2015.<\/a><\/p>","protected":false},"excerpt":{"rendered":"<p>A K\u00f6zgy\u0171l\u00e9s \u00e1ltal megalkotott 2025. \u00e9vi \u00f6nkorm\u00e1nyzati rendeletek A K\u00e9pvisel\u0151-test\u00fclet, illet\u0151leg a K\u00f6zgy\u0171l\u00e9s \u00e1ltal elfogadott \u00f6nkorm\u00e1nyzati rendeletek 2024 A K\u00e9pvisel\u0151-test\u00fclet \u00e1ltal elfogadott \u00f6nkorm\u00e1nyzati rendeletek 2023. A K\u00e9pvisel\u0151-test\u00fclet \u00e1ltal elfogadott \u00f6nkorm\u00e1nyzati rendeletek 2022. A K\u00e9pvisel\u0151-test\u00fclet \u00e1ltal elfogadott \u00f6nkorm\u00e1nyzati rendeletek 2021. A K\u00e9pvisel\u0151-test\u00fclet \u00e1ltal elfogadott \u00f6nkorm\u00e1nyzati rendeletek 2020. A K\u00e9pvisel\u0151-test\u00fclet \u00e1ltal elfogadott \u00f6nkorm\u00e1nyzati rendeletek 2019. A K\u00e9pvisel\u0151-test\u00fclet [&hellip;]<\/p>","protected":false},"author":4,"featured_media":0,"parent":0,"menu_order":0,"comment_status":"closed","ping_status":"closed","template":"","meta":{"footnotes":""},"class_list":["post-1800","page","type-page","status-publish","hentry"],"_links":{"self":[{"href":"https:\/\/baja.lionstackailab.hu\/en\/wp-json\/wp\/v2\/pages\/1800","targetHints":{"allow":["GET"]}}],"collection":[{"href":"https:\/\/baja.lionstackailab.hu\/en\/wp-json\/wp\/v2\/pages"}],"about":[{"href":"https:\/\/baja.lionstackailab.hu\/en\/wp-json\/wp\/v2\/types\/page"}],"author":[{"embeddable":true,"href":"https:\/\/baja.lionstackailab.hu\/en\/wp-json\/wp\/v2\/users\/4"}],"replies":[{"embeddable":true,"href":"https:\/\/baja.lionstackailab.hu\/en\/wp-json\/wp\/v2\/comments?post=1800"}],"version-history":[{"count":0,"href":"https:\/\/baja.lionstackailab.hu\/en\/wp-json\/wp\/v2\/pages\/1800\/revisions"}],"wp:attachment":[{"href":"https:\/\/baja.lionstackailab.hu\/en\/wp-json\/wp\/v2\/media?parent=1800"}],"curies":[{"name":"wp","href":"https:\/\/api.w.org\/{rel}","templated":true}]}}