{"id":1766,"date":"2025-12-05T11:05:39","date_gmt":"2025-12-05T10:05:39","guid":{"rendered":"https:\/\/baja.lionstackailab.hu\/?page_id=1766"},"modified":"2025-12-05T11:05:39","modified_gmt":"2025-12-05T10:05:39","slug":"varosuzemeltetesi-es-kornyezetvedelmi-bizottsag-vkb","status":"publish","type":"page","link":"https:\/\/baja.lionstackailab.hu\/en\/varosuzemeltetesi-es-kornyezetvedelmi-bizottsag-vkb\/","title":{"rendered":"V\u00e1ros\u00fczemeltet\u00e9si \u00e9s K\u00f6rnyezetv\u00e9delmi Bizotts\u00e1g (VKB)"},"content":{"rendered":"","protected":false},"excerpt":{"rendered":"","protected":false},"author":4,"featured_media":0,"parent":0,"menu_order":0,"comment_status":"closed","ping_status":"closed","template":"","meta":{"footnotes":""},"class_list":["post-1766","page","type-page","status-publish","hentry"],"_links":{"self":[{"href":"https:\/\/baja.lionstackailab.hu\/en\/wp-json\/wp\/v2\/pages\/1766","targetHints":{"allow":["GET"]}}],"collection":[{"href":"https:\/\/baja.lionstackailab.hu\/en\/wp-json\/wp\/v2\/pages"}],"about":[{"href":"https:\/\/baja.lionstackailab.hu\/en\/wp-json\/wp\/v2\/types\/page"}],"author":[{"embeddable":true,"href":"https:\/\/baja.lionstackailab.hu\/en\/wp-json\/wp\/v2\/users\/4"}],"replies":[{"embeddable":true,"href":"https:\/\/baja.lionstackailab.hu\/en\/wp-json\/wp\/v2\/comments?post=1766"}],"version-history":[{"count":0,"href":"https:\/\/baja.lionstackailab.hu\/en\/wp-json\/wp\/v2\/pages\/1766\/revisions"}],"wp:attachment":[{"href":"https:\/\/baja.lionstackailab.hu\/en\/wp-json\/wp\/v2\/media?parent=1766"}],"curies":[{"name":"wp","href":"https:\/\/api.w.org\/{rel}","templated":true}]}}