{"id":1763,"date":"2025-12-05T11:05:39","date_gmt":"2025-12-05T10:05:39","guid":{"rendered":"https:\/\/baja.lionstackailab.hu\/?page_id=1763"},"modified":"2025-12-05T11:05:39","modified_gmt":"2025-12-05T10:05:39","slug":"kulturalis-egeszsegugyi-es-szocialis-bizottsag-keszb","status":"publish","type":"page","link":"https:\/\/baja.lionstackailab.hu\/en\/kulturalis-egeszsegugyi-es-szocialis-bizottsag-keszb\/","title":{"rendered":"Kultur\u00e1lis, Eg\u00e9szs\u00e9g\u00fcgyi \u00e9s Szoci\u00e1lis Bizotts\u00e1g (KESZB)"},"content":{"rendered":"","protected":false},"excerpt":{"rendered":"","protected":false},"author":4,"featured_media":0,"parent":0,"menu_order":0,"comment_status":"closed","ping_status":"closed","template":"","meta":{"footnotes":""},"class_list":["post-1763","page","type-page","status-publish","hentry"],"_links":{"self":[{"href":"https:\/\/baja.lionstackailab.hu\/en\/wp-json\/wp\/v2\/pages\/1763","targetHints":{"allow":["GET"]}}],"collection":[{"href":"https:\/\/baja.lionstackailab.hu\/en\/wp-json\/wp\/v2\/pages"}],"about":[{"href":"https:\/\/baja.lionstackailab.hu\/en\/wp-json\/wp\/v2\/types\/page"}],"author":[{"embeddable":true,"href":"https:\/\/baja.lionstackailab.hu\/en\/wp-json\/wp\/v2\/users\/4"}],"replies":[{"embeddable":true,"href":"https:\/\/baja.lionstackailab.hu\/en\/wp-json\/wp\/v2\/comments?post=1763"}],"version-history":[{"count":0,"href":"https:\/\/baja.lionstackailab.hu\/en\/wp-json\/wp\/v2\/pages\/1763\/revisions"}],"wp:attachment":[{"href":"https:\/\/baja.lionstackailab.hu\/en\/wp-json\/wp\/v2\/media?parent=1763"}],"curies":[{"name":"wp","href":"https:\/\/api.w.org\/{rel}","templated":true}]}}