{"id":1727,"date":"2025-12-05T10:58:19","date_gmt":"2025-12-05T09:58:19","guid":{"rendered":"https:\/\/baja.lionstackailab.hu\/?page_id=1727"},"modified":"2025-12-05T10:58:19","modified_gmt":"2025-12-05T09:58:19","slug":"varosuzemeltetesi-kornyezetvedelmi-civil-es-nemzetisegi-ugyek-bizottsaga-vkcnb","status":"publish","type":"page","link":"https:\/\/baja.lionstackailab.hu\/en\/varosuzemeltetesi-kornyezetvedelmi-civil-es-nemzetisegi-ugyek-bizottsaga-vkcnb\/","title":{"rendered":"V\u00e1ros\u00fczemeltet\u00e9si, K\u00f6rnyezetv\u00e9delmi, Civil \u00e9s Nemzetis\u00e9gi \u00dcgyek Bizotts\u00e1ga (VKCNB)"},"content":{"rendered":"","protected":false},"excerpt":{"rendered":"","protected":false},"author":4,"featured_media":0,"parent":0,"menu_order":0,"comment_status":"closed","ping_status":"closed","template":"","meta":{"footnotes":""},"class_list":["post-1727","page","type-page","status-publish","hentry"],"_links":{"self":[{"href":"https:\/\/baja.lionstackailab.hu\/en\/wp-json\/wp\/v2\/pages\/1727","targetHints":{"allow":["GET"]}}],"collection":[{"href":"https:\/\/baja.lionstackailab.hu\/en\/wp-json\/wp\/v2\/pages"}],"about":[{"href":"https:\/\/baja.lionstackailab.hu\/en\/wp-json\/wp\/v2\/types\/page"}],"author":[{"embeddable":true,"href":"https:\/\/baja.lionstackailab.hu\/en\/wp-json\/wp\/v2\/users\/4"}],"replies":[{"embeddable":true,"href":"https:\/\/baja.lionstackailab.hu\/en\/wp-json\/wp\/v2\/comments?post=1727"}],"version-history":[{"count":0,"href":"https:\/\/baja.lionstackailab.hu\/en\/wp-json\/wp\/v2\/pages\/1727\/revisions"}],"wp:attachment":[{"href":"https:\/\/baja.lionstackailab.hu\/en\/wp-json\/wp\/v2\/media?parent=1727"}],"curies":[{"name":"wp","href":"https:\/\/api.w.org\/{rel}","templated":true}]}}