{"id":1725,"date":"2025-12-05T10:58:19","date_gmt":"2025-12-05T09:58:19","guid":{"rendered":"https:\/\/baja.lionstackailab.hu\/?page_id=1725"},"modified":"2025-12-05T10:58:19","modified_gmt":"2025-12-05T09:58:19","slug":"szocialis-egeszsegvedelmi-es-sport-bizottsag-szesb","status":"publish","type":"page","link":"https:\/\/baja.lionstackailab.hu\/en\/szocialis-egeszsegvedelmi-es-sport-bizottsag-szesb\/","title":{"rendered":"Szoci\u00e1lis, Eg\u00e9szs\u00e9gv\u00e9delmi \u00e9s Sport Bizotts\u00e1g (SZESB)"},"content":{"rendered":"","protected":false},"excerpt":{"rendered":"","protected":false},"author":4,"featured_media":0,"parent":0,"menu_order":0,"comment_status":"closed","ping_status":"closed","template":"","meta":{"footnotes":""},"class_list":["post-1725","page","type-page","status-publish","hentry"],"_links":{"self":[{"href":"https:\/\/baja.lionstackailab.hu\/en\/wp-json\/wp\/v2\/pages\/1725","targetHints":{"allow":["GET"]}}],"collection":[{"href":"https:\/\/baja.lionstackailab.hu\/en\/wp-json\/wp\/v2\/pages"}],"about":[{"href":"https:\/\/baja.lionstackailab.hu\/en\/wp-json\/wp\/v2\/types\/page"}],"author":[{"embeddable":true,"href":"https:\/\/baja.lionstackailab.hu\/en\/wp-json\/wp\/v2\/users\/4"}],"replies":[{"embeddable":true,"href":"https:\/\/baja.lionstackailab.hu\/en\/wp-json\/wp\/v2\/comments?post=1725"}],"version-history":[{"count":0,"href":"https:\/\/baja.lionstackailab.hu\/en\/wp-json\/wp\/v2\/pages\/1725\/revisions"}],"wp:attachment":[{"href":"https:\/\/baja.lionstackailab.hu\/en\/wp-json\/wp\/v2\/media?parent=1725"}],"curies":[{"name":"wp","href":"https:\/\/api.w.org\/{rel}","templated":true}]}}