{"id":1721,"date":"2025-12-05T10:58:19","date_gmt":"2025-12-05T09:58:19","guid":{"rendered":"https:\/\/baja.lionstackailab.hu\/?page_id=1721"},"modified":"2025-12-05T11:53:14","modified_gmt":"2025-12-05T10:53:14","slug":"tisztsegviseloi-dijazas","status":"publish","type":"page","link":"https:\/\/baja.lionstackailab.hu\/en\/tisztsegviseloi-dijazas\/","title":{"rendered":"Tiszts\u00e9gvisel\u0151i d\u00edjaz\u00e1s"},"content":{"rendered":"<p><br><a href=\"https:\/\/www.bajaionkormanyzat.hu\/images\/2023\/02\/08\/Tiszteletdijak_es_termeszetbeni_juttatasok_2022..pdf\" target=\"_blank\" rel=\"noreferrer noopener\">Tiszteletd\u00edjak \u00e9s term\u00e9szetbeni juttat\u00e1sok 2022.<\/a><br><a href=\"https:\/\/www.bajaionkormanyzat.hu\/images\/varoshaza\/Kozlemenyek\/2021\/02\/12\/Tiszteletdijak_es_termeszetbeni_juttatasok_atlathatosag_2021.pdf\" target=\"_blank\" rel=\"noreferrer noopener\">Tiszteletd\u00edjak \u00e9s term\u00e9szetbeni juttat\u00e1sok 2021.<\/a><\/p>","protected":false},"excerpt":{"rendered":"<p>Tiszteletd\u00edjak \u00e9s term\u00e9szetbeni juttat\u00e1sok 2022.Tiszteletd\u00edjak \u00e9s term\u00e9szetbeni juttat\u00e1sok 2021.<\/p>","protected":false},"author":4,"featured_media":0,"parent":0,"menu_order":0,"comment_status":"closed","ping_status":"closed","template":"","meta":{"footnotes":""},"class_list":["post-1721","page","type-page","status-publish","hentry"],"_links":{"self":[{"href":"https:\/\/baja.lionstackailab.hu\/en\/wp-json\/wp\/v2\/pages\/1721","targetHints":{"allow":["GET"]}}],"collection":[{"href":"https:\/\/baja.lionstackailab.hu\/en\/wp-json\/wp\/v2\/pages"}],"about":[{"href":"https:\/\/baja.lionstackailab.hu\/en\/wp-json\/wp\/v2\/types\/page"}],"author":[{"embeddable":true,"href":"https:\/\/baja.lionstackailab.hu\/en\/wp-json\/wp\/v2\/users\/4"}],"replies":[{"embeddable":true,"href":"https:\/\/baja.lionstackailab.hu\/en\/wp-json\/wp\/v2\/comments?post=1721"}],"version-history":[{"count":0,"href":"https:\/\/baja.lionstackailab.hu\/en\/wp-json\/wp\/v2\/pages\/1721\/revisions"}],"wp:attachment":[{"href":"https:\/\/baja.lionstackailab.hu\/en\/wp-json\/wp\/v2\/media?parent=1721"}],"curies":[{"name":"wp","href":"https:\/\/api.w.org\/{rel}","templated":true}]}}