{"id":1720,"date":"2025-12-05T10:58:19","date_gmt":"2025-12-05T09:58:19","guid":{"rendered":"https:\/\/baja.lionstackailab.hu\/?page_id=1720"},"modified":"2025-12-05T11:53:35","modified_gmt":"2025-12-05T10:53:35","slug":"vagyonnyilatkozatok","status":"publish","type":"page","link":"https:\/\/baja.lionstackailab.hu\/en\/vagyonnyilatkozatok\/","title":{"rendered":"Vagyonnyilatkozatok"},"content":{"rendered":"<p>A polg\u00e1rmester \u00e9s a k\u00e9pvisel\u0151k vagyonnyilatkozata Magyarorsz\u00e1g helyi \u00f6nkorm\u00e1nyzatair\u00f3l sz\u00f3l\u00f3 2011. \u00e9vi CLXXXIX. t\u00f6rv\u00e9ny (tov\u00e1bbiakban: M\u00f6tv.) 39. \u00a7 (3) bekezd\u00e9se alapj\u00e1n nyilv\u00e1nos \u00e9s Baja Megyei J\u00f3g\u00fa V\u00e1ros \u00d6nkorm\u00e1nyzata K\u00f6zgy\u0171l\u00e9s\u00e9nek&nbsp;a K\u00e9pvisel\u0151-test\u00fclet \u00e9s Szervei Szervezeti \u00e9s M\u0171k\u00f6d\u00e9si Szab\u00e1lyzat\u00e1r\u00f3l sz\u00f3l\u00f3 18\/2019. (X. 29.) \u00f6nkorm\u00e1nyzati rendelet\u00e9nek 44. \u00a7-a alapj\u00e1n az \u00f6nkorm\u00e1nyzat hivatalos honlapj\u00e1n &#8211; a k\u00e9pvisel\u0151 r\u00e9sz\u00e9re, az M\u00f6tv. 39. \u00a7 (3) bekezd\u00e9se szerint t\u00f6rt\u00e9n\u0151 visszaad\u00e1s\u00e1ig &#8211; el\u00e9rhet\u0151.<\/p>\n\n\n\n<p><a href=\"https:\/\/www.bajaionkormanyzat.hu\/images\/2025\/Vagyonnyilatkozat\/Abrahamne.T.E.pdf\">\u00c1brah\u00e1mn\u00e9 T\u00f3th Edit<\/a><\/p>\n\n\n\n<p><a href=\"https:\/\/www.bajaionkormanyzat.hu\/images\/2025\/Vagyonnyilatkozat\/Bari.B.pdf\">dr. Bari Bernadett<\/a><br><a href=\"https:\/\/www.bajaionkormanyzat.hu\/images\/2025\/Vagyonnyilatkozat\/Csubakne.B.A.pdf\">Csub\u00e1kn\u00e9 Besesek Andrea<\/a><br><a href=\"https:\/\/www.bajaionkormanyzat.hu\/images\/2025\/Vagyonnyilatkozat\/Darabos.A.pdf\">Darabos Andr\u00e1s<br><\/a><a href=\"https:\/\/www.bajaionkormanyzat.hu\/images\/2025\/03\/24\/Scan_09607.pdf\">D\u00f6m\u00e9ny J\u00e1nos<\/a><br><a href=\"https:\/\/www.bajaionkormanyzat.hu\/images\/2025\/Vagyonnyilatkozat\/Erczy.R.A.pdf\">\u00c9rczy Ram\u00f3n Attila<\/a><br><a href=\"https:\/\/www.bajaionkormanyzat.hu\/images\/2025\/Vagyonnyilatkozat\/Hajdu.M.pdf\">Hajd\u00fa Mikl\u00f3s<\/a><br><a href=\"https:\/\/www.bajaionkormanyzat.hu\/images\/2025\/Vagyonnyilatkozat\/Hideg.D.pdf\">Hideg D\u00e1niel<\/a><br><a href=\"https:\/\/www.bajaionkormanyzat.hu\/images\/2025\/Vagyonnyilatkozat\/Kovacs.Cs.pdf\">Kov\u00e1cs Csaba<\/a><br><a href=\"https:\/\/www.bajaionkormanyzat.hu\/images\/2025\/Vagyonnyilatkozat\/Kristo.L.pdf\">Krist\u00f3 Luca<\/a><br><a href=\"https:\/\/www.bajaionkormanyzat.hu\/images\/2025\/Vagyonnyilatkozat\/Laszlo.K.pdf\">L\u00e1szl\u00f3 K\u00e1roly<\/a><br><a href=\"https:\/\/www.bajaionkormanyzat.hu\/images\/2025\/Vagyonnyilatkozat\/Perjes.E.pdf\">Perj\u00e9s Em\u0151ke<\/a><br><a href=\"https:\/\/www.bajaionkormanyzat.hu\/images\/2025\/Vagyonnyilatkozat\/Polyak.J.pdf\">Poly\u00e1k Judit<\/a><br><a href=\"https:\/\/www.bajaionkormanyzat.hu\/images\/2025\/Vagyonnyilatkozat\/Racz.P.pdf\">R\u00e1cz P\u00e9ter<\/a><br><a href=\"https:\/\/www.bajaionkormanyzat.hu\/images\/2025\/Vagyonnyilatkozat\/Rosta.L.pdf\">Rosta Lajos<\/a><br><a href=\"https:\/\/www.bajaionkormanyzat.hu\/images\/2025\/Vagyonnyilatkozat\/Zold.L.Cs.pdf\">dr. Z\u00f6ld L\u00e1szl\u00f3 Csab\u00e1n\u00e9<\/a><\/p>","protected":false},"excerpt":{"rendered":"<p>A polg\u00e1rmester \u00e9s a k\u00e9pvisel\u0151k vagyonnyilatkozata Magyarorsz\u00e1g helyi \u00f6nkorm\u00e1nyzatair\u00f3l sz\u00f3l\u00f3 2011. \u00e9vi CLXXXIX. t\u00f6rv\u00e9ny (tov\u00e1bbiakban: M\u00f6tv.) 39. \u00a7 (3) bekezd\u00e9se alapj\u00e1n nyilv\u00e1nos \u00e9s Baja Megyei J\u00f3g\u00fa V\u00e1ros \u00d6nkorm\u00e1nyzata K\u00f6zgy\u0171l\u00e9s\u00e9nek&nbsp;a K\u00e9pvisel\u0151-test\u00fclet \u00e9s Szervei Szervezeti \u00e9s M\u0171k\u00f6d\u00e9si Szab\u00e1lyzat\u00e1r\u00f3l sz\u00f3l\u00f3 18\/2019. (X. 29.) \u00f6nkorm\u00e1nyzati rendelet\u00e9nek 44. \u00a7-a alapj\u00e1n az \u00f6nkorm\u00e1nyzat hivatalos honlapj\u00e1n &#8211; a k\u00e9pvisel\u0151 r\u00e9sz\u00e9re, az M\u00f6tv. [&hellip;]<\/p>","protected":false},"author":4,"featured_media":0,"parent":0,"menu_order":0,"comment_status":"closed","ping_status":"closed","template":"","meta":{"footnotes":""},"class_list":["post-1720","page","type-page","status-publish","hentry"],"_links":{"self":[{"href":"https:\/\/baja.lionstackailab.hu\/en\/wp-json\/wp\/v2\/pages\/1720","targetHints":{"allow":["GET"]}}],"collection":[{"href":"https:\/\/baja.lionstackailab.hu\/en\/wp-json\/wp\/v2\/pages"}],"about":[{"href":"https:\/\/baja.lionstackailab.hu\/en\/wp-json\/wp\/v2\/types\/page"}],"author":[{"embeddable":true,"href":"https:\/\/baja.lionstackailab.hu\/en\/wp-json\/wp\/v2\/users\/4"}],"replies":[{"embeddable":true,"href":"https:\/\/baja.lionstackailab.hu\/en\/wp-json\/wp\/v2\/comments?post=1720"}],"version-history":[{"count":0,"href":"https:\/\/baja.lionstackailab.hu\/en\/wp-json\/wp\/v2\/pages\/1720\/revisions"}],"wp:attachment":[{"href":"https:\/\/baja.lionstackailab.hu\/en\/wp-json\/wp\/v2\/media?parent=1720"}],"curies":[{"name":"wp","href":"https:\/\/api.w.org\/{rel}","templated":true}]}}