{"id":1719,"date":"2025-12-05T10:58:19","date_gmt":"2025-12-05T09:58:19","guid":{"rendered":"https:\/\/baja.lionstackailab.hu\/?page_id=1719"},"modified":"2025-12-05T11:52:04","modified_gmt":"2025-12-05T10:52:04","slug":"kepviseloi-tajekoztatok-szmsz-39-%c2%a7-2-bekezdes","status":"publish","type":"page","link":"https:\/\/baja.lionstackailab.hu\/en\/kepviseloi-tajekoztatok-szmsz-39-%c2%a7-2-bekezdes\/","title":{"rendered":"K\u00e9pvisel\u0151i t\u00e1j\u00e9koztat\u00f3k (SZMSZ 39. \u00a7 (2) bekezd\u00e9s)"},"content":{"rendered":"<p>K\u00e9pvisel\u0151i t\u00e1j\u00e9koztat\u00f3k a 2024\/2025-\u00f6s id\u0151szakra vonatkoz\u00f3an:<\/p>\n\n\n\n<p><a href=\"https:\/\/www.bajaionkormanyzat.hu\/images\/2025\/11\/04\/1jsz-0008-0029-2025_abrahamne.toth.edit.pdf\">\u00c1brah\u00e1mn\u00e9 T\u00f3th Edit<\/a><br><a href=\"https:\/\/www.bajaionkormanyzat.hu\/images\/2025\/10\/31\/1jsz-0008-0025-2025_csubakne.besesek.andrea.pdf\">Csub\u00e1kn\u00e9 Besesek Andrea<br><\/a><a href=\"https:\/\/www.bajaionkormanyzat.hu\/images\/2025\/11\/04\/1jsz-0008-0027-2025_darabos.andras.pdf\">Darabos Andr\u00e1s<\/a><br><a href=\"https:\/\/www.bajaionkormanyzat.hu\/images\/2025\/10\/31\/1jsz-0008-0023-2025_domeny.janos.pdf\">D\u00f6m\u00e9ny J\u00e1nos<br><\/a><a href=\"https:\/\/www.bajaionkormanyzat.hu\/images\/2025\/11\/04\/1jsz-0008-0028-2025_erczy.ramon.pdf\">\u00c9rczy Ram\u00f3n<br><\/a><a href=\"https:\/\/www.bajaionkormanyzat.hu\/images\/2025\/11\/05\/1jsz-0008-0033-2025_hajdu.miklos.pdf\">Hajd\u00fa Mikl\u00f3s<\/a><br><a href=\"https:\/\/www.bajaionkormanyzat.hu\/images\/2025\/10\/31\/1jsz-0008-0021-2025_kovacs.csaba.pdf\">Kov\u00e1cs Csaba<br><\/a><a href=\"https:\/\/www.bajaionkormanyzat.hu\/images\/2025\/11\/05\/1jsz-0008-0031-2025_kovacs-kristo.luca.pdf\">Kov\u00e1cs-Krist\u00f3 Luca<\/a><br><a href=\"https:\/\/www.bajaionkormanyzat.hu\/images\/2025\/10\/31\/1jsz-0008-0022-2025_laszlo.karoly.pdf\">L\u00e1szl\u00f3 K\u00e1roly<\/a><br><a href=\"https:\/\/www.bajaionkormanyzat.hu\/images\/2025\/10\/31\/1jsz-0008-0024-2025_perjes.emoke.pdf\">Perj\u00e9s Em\u0151ke<\/a><br><a href=\"https:\/\/www.bajaionkormanyzat.hu\/images\/2025\/11\/04\/1jsz-0008-0026-2025_polyak.judit.pdf\">Poly\u00e1k Judit<br><\/a><a href=\"https:\/\/www.bajaionkormanyzat.hu\/images\/2025\/11\/05\/1jsz-0008-0034-2025_racz.peter.pdf\">R\u00e1cz P\u00e9ter<\/a><br><a href=\"https:\/\/www.bajaionkormanyzat.hu\/images\/2025\/11\/05\/1jsz-0008-0032-2025_rosta.lajos.pdf\">Rosta Lajos<\/a><br><a href=\"https:\/\/www.bajaionkormanyzat.hu\/images\/2025\/11\/05\/1jsz-0008-0030-2025_dr.zold.laszlo.csabane.pdf\">dr. Z\u00f6ld L\u00e1szl\u00f3 Csab\u00e1n\u00e9<\/a><\/p>","protected":false},"excerpt":{"rendered":"<p>K\u00e9pvisel\u0151i t\u00e1j\u00e9koztat\u00f3k a 2024\/2025-\u00f6s id\u0151szakra vonatkoz\u00f3an: \u00c1brah\u00e1mn\u00e9 T\u00f3th EditCsub\u00e1kn\u00e9 Besesek AndreaDarabos Andr\u00e1sD\u00f6m\u00e9ny J\u00e1nos\u00c9rczy Ram\u00f3nHajd\u00fa Mikl\u00f3sKov\u00e1cs CsabaKov\u00e1cs-Krist\u00f3 LucaL\u00e1szl\u00f3 K\u00e1rolyPerj\u00e9s Em\u0151kePoly\u00e1k JuditR\u00e1cz P\u00e9terRosta Lajosdr. Z\u00f6ld L\u00e1szl\u00f3 Csab\u00e1n\u00e9<\/p>","protected":false},"author":4,"featured_media":0,"parent":0,"menu_order":0,"comment_status":"closed","ping_status":"closed","template":"","meta":{"footnotes":""},"class_list":["post-1719","page","type-page","status-publish","hentry"],"_links":{"self":[{"href":"https:\/\/baja.lionstackailab.hu\/en\/wp-json\/wp\/v2\/pages\/1719","targetHints":{"allow":["GET"]}}],"collection":[{"href":"https:\/\/baja.lionstackailab.hu\/en\/wp-json\/wp\/v2\/pages"}],"about":[{"href":"https:\/\/baja.lionstackailab.hu\/en\/wp-json\/wp\/v2\/types\/page"}],"author":[{"embeddable":true,"href":"https:\/\/baja.lionstackailab.hu\/en\/wp-json\/wp\/v2\/users\/4"}],"replies":[{"embeddable":true,"href":"https:\/\/baja.lionstackailab.hu\/en\/wp-json\/wp\/v2\/comments?post=1719"}],"version-history":[{"count":0,"href":"https:\/\/baja.lionstackailab.hu\/en\/wp-json\/wp\/v2\/pages\/1719\/revisions"}],"wp:attachment":[{"href":"https:\/\/baja.lionstackailab.hu\/en\/wp-json\/wp\/v2\/media?parent=1719"}],"curies":[{"name":"wp","href":"https:\/\/api.w.org\/{rel}","templated":true}]}}