{"id":1718,"date":"2025-12-05T10:58:19","date_gmt":"2025-12-05T09:58:19","guid":{"rendered":"https:\/\/baja.lionstackailab.hu\/?page_id=1718"},"modified":"2025-12-05T11:51:22","modified_gmt":"2025-12-05T10:51:22","slug":"kozgyulesi-kepviselo-testuleti-anyagok","status":"publish","type":"page","link":"https:\/\/baja.lionstackailab.hu\/en\/kozgyulesi-kepviselo-testuleti-anyagok\/","title":{"rendered":"K\u00f6zgy\u0171l\u00e9si, k\u00e9pvisel\u0151-test\u00fcleti anyagok"},"content":{"rendered":"<figure class=\"wp-block-image\"><img decoding=\"async\" src=\"https:\/\/www.bajaionkormanyzat.hu\/images\/varoshaza\/Kozlemenyek\/2018_januar\/12.png\" alt=\"\"\/><\/figure>\n\n\n\n<p><strong><a href=\"https:\/\/www.bajaionkormanyzat.hu\/index.php\/homepage\/9-explore\/1036-veszelyhelyzeti-polgarmesteri-dontesek\" target=\"_blank\" rel=\"noreferrer noopener\">VESZ\u00c9LYHELYZETI POLG\u00c1RMESTERI D\u00d6NT\u00c9SEK<\/a><\/strong><br><br><img decoding=\"async\" src=\"https:\/\/www.bajaionkormanyzat.hu\/images\/varoshaza\/Kozlemenyek\/2018_januar\/12.png\" alt=\"\" width=\"1024\" height=\"5\"><\/p>\n\n\n\n<p><strong><br>Baja Megyei Jog\u00fa V\u00e1ros \u00d6nkorm\u00e1nyzata K\u00f6zgy\u0171l\u00e9se 2025. \u00e9vi munkaterve:<\/strong><br><a href=\"https:\/\/www.bajaionkormanyzat.hu\/images\/2024\/12\/20\/24kivkgy507_1212_kgy.munkaterv.2025.pdf\">Baja Megyei Jog\u00fa V\u00e1ros \u00d6nkorm\u00e1nyzata K\u00f6zgy\u0171l\u00e9s\u00e9nek 507\/2024. (XII. 12.) hat\u00e1rozata<\/a> Baja Megyei Jog\u00fa V\u00e1ros \u00d6nkorm\u00e1nyzata K\u00f6zgy\u0171l\u00e9s\u00e9nek 2025. \u00e9vi munkaterv\u00e9r\u0151l \u00e9s a <a href=\"https:\/\/www.bajaionkormanyzat.hu\/images\/2024\/12\/20\/24kivkgy507_1212_kgy.munkaterv.2025_mell.01_munkaterv.pdf\">hat\u00e1rozat 1. mell\u00e9klete (a munkaterv)<\/a>.<strong><br><br>Baja Megyei Jog\u00fa V\u00e1ros \u00d6nkorm\u00e1nyzata K\u00e9pvisel\u0151-test\u00fclete 2024. \u00e9vi munkaterve:<br><\/strong><a href=\"https:\/\/www.bajaionkormanyzat.hu\/images\/2023\/12\/20\/23kiv523_1214_kt.munkaterv.2024.pdf\" target=\"_blank\" rel=\"noreferrer noopener\">Baja Megyei Jog\u00fa V\u00e1ros \u00d6nkorm\u00e1nyzata K\u00e9pvisel\u0151-test\u00fclet\u00e9nek 523\/2023. (XII. 14.) hat\u00e1rozata<\/a> Baja Megyei Jog\u00fa V\u00e1ros \u00d6nkorm\u00e1nyzata K\u00e9pvisel\u0151-test\u00fclete 2024. \u00e9vi munkaterv\u00e9nek elfogad\u00e1s\u00e1r\u00f3l \u00e9s&nbsp;a <a href=\"https:\/\/www.bajaionkormanyzat.hu\/images\/2023\/12\/20\/23kiv523_1214_mell.01_kt.munkaterv.2024.pdf\" target=\"_blank\" rel=\"noreferrer noopener\">hat\u00e1rozat 1. mell\u00e9klete (a munkaterv)<\/a>.<strong><br><br>Baja Megyei Jog\u00fa V\u00e1ros \u00d6nkorm\u00e1nyzata K\u00e9pvisel\u0151-test\u00fclete 2023. \u00e9vi munkaterve:<br><\/strong><a href=\"https:\/\/www.bajaionkormanyzat.hu\/images\/varoshaza\/Kozlemenyek\/2022\/12\/19\/22kiv498_1221_kepviselo.testulet.munkaterv.2023.pdf\">Baja Megyei Jog\u00fa V\u00e1ros \u00d6nkorm\u00e1nyzata K\u00e9pvisel\u0151-test\u00fclet\u00e9nek 498\/2022. (XII. 21.) hat\u00e1rozata<\/a>&nbsp;Baja Megyei Jog\u00fa V\u00e1ros \u00d6nkorm\u00e1nyzata K\u00e9pvisel\u0151-test\u00fclete 2023. \u00e9vi munkaterv\u00e9nek elfogad\u00e1s\u00e1r\u00f3l \u00e9s&nbsp;a<a href=\"https:\/\/www.bajaionkormanyzat.hu\/images\/varoshaza\/Kozlemenyek\/2022\/12\/19\/22kiv498_1221_mell01.kt.munkaterv.2023.pdf\"> hat\u00e1rozat 1. mell\u00e9klete (a munkaterv)<\/a>.<strong><br><br>Baja V\u00e1ros \u00d6nkorm\u00e1nyzat K\u00e9pvisel\u0151-test\u00fclete 2022. \u00e9vi munkaterve:<br><\/strong><a href=\"https:\/\/www.bajaionkormanyzat.hu\/images\/varoshaza\/Kozlemenyek\/2021\/12\/10\/21kiv337_1216_kt.munkaterv.2022.pdf\" target=\"_blank\" rel=\"noreferrer noopener\">Baja V\u00e1ros \u00d6nkorm\u00e1nyzat K\u00e9pvisel\u0151-test\u00fclet\u00e9nek 337\/2021. (XII. 16.) hat\u00e1rozata<\/a>&nbsp;Baja V\u00e1ros \u00d6nkorm\u00e1nyzat K\u00e9pvisel\u0151-test\u00fclete 2022. \u00e9vi munkaterv\u00e9nek elfogad\u00e1s\u00e1r\u00f3l \u00e9s a <a href=\"https:\/\/www.bajaionkormanyzat.hu\/images\/varoshaza\/Kozlemenyek\/2021\/12\/10\/21kiv337_1216_mell.01_kt.munkaterv.2022.pdf\" target=\"_blank\" rel=\"noreferrer noopener\">hat\u00e1rozat 1. mell\u00e9klete (a munkaterv)<\/a>.<strong>Baja V\u00e1ros \u00d6nkorm\u00e1nyzat K\u00e9pvisel\u0151-test\u00fclete 2021. \u00e9vi munkaterve:<br><\/strong><a href=\"https:\/\/www.bajaionkormanyzat.hu\/images\/varoshaza\/Kozlemenyek\/2021\/07\/02\/21kiv018_0624_kt.munkaterv_2021.pdf\" target=\"_blank\" rel=\"noreferrer noopener\">Baja V\u00e1ros \u00d6nkorm\u00e1nyzat K\u00e9pvisel\u0151-test\u00fclet\u00e9nek 18\/2021. (VI. 24.) hat\u00e1rozata<\/a>&nbsp;Baja V\u00e1ros \u00d6nkorm\u00e1nyzat K\u00e9pvisel\u0151-test\u00fclete 2021. \u00e9vi munkaterv\u00e9nek elfogad\u00e1s\u00e1r\u00f3l \u00e9s a <a href=\"https:\/\/www.bajaionkormanyzat.hu\/images\/varoshaza\/Kozlemenyek\/2021\/07\/02\/21kiv018_0624_kt.munkaterv_2021_mell.01.pdf\" target=\"_blank\" rel=\"noreferrer noopener\">hat\u00e1rozat 1. mell\u00e9klete (a munkaterv)<\/a>.<strong><br><br>Baja V\u00e1ros \u00d6nkorm\u00e1nyzat K\u00e9pvisel\u0151-test\u00fclete 2020. \u00e9vi munkaterve:<br><\/strong><a href=\"https:\/\/www.bajaionkormanyzat.hu\/images\/varoshaza\/Kozlemenyek\/2020\/01\/19kiv452_1219_kepviselo-testulet_2020_evi_munkaterve.pdf\" target=\"_blank\" rel=\"noreferrer noopener\">452\/2019. (XII. 19.) hat\u00e1rozat<\/a>&nbsp;a K\u00e9pvisel\u0151-test\u00fclet 2020. \u00e9vi munkaterv\u00e9nek meg\u00e1llap\u00edt\u00e1s\u00e1r\u00f3l \u00e9s a&nbsp;<a href=\"https:\/\/www.bajaionkormanyzat.hu\/images\/varoshaza\/Kozlemenyek\/2020\/01\/19kiv452_1219_mell_01_2020_evi_kepviselo-testuleti_munkaterv.pdf\" target=\"_blank\" rel=\"noreferrer noopener\">hat\u00e1rozat 1. mell\u00e9klete (a munkaterv).<\/a><strong><br><br>Baja V\u00e1ros \u00d6nkorm\u00e1nyzat K\u00e9pvisel\u0151-test\u00fclete 2019. \u00e9vi munkaterv\u00e9nek kieg\u00e9sz\u00edt\u00e9se:<br><\/strong><a href=\"https:\/\/www.bajaionkormanyzat.hu\/images\/varoshaza\/Kozlemenyek\/2019\/11\/19kiv387_1028_kepviselo-testulet_2019_evi_munkaterve_kiegesziteserol.pdf\" target=\"_blank\" rel=\"noreferrer noopener\">387\/2019. (X. 28.) hat\u00e1rozat<\/a>&nbsp;a K\u00e9pvisel\u0151-test\u00fclet 2019. \u00e9vi munkaterv\u00e9nek kieg\u00e9sz\u00edt\u00e9s\u00e9r\u0151l \u00e9s a&nbsp;<a href=\"https:\/\/www.bajaionkormanyzat.hu\/images\/varoshaza\/Kozlemenyek\/2019\/11\/19kiv387_1028_mell_01_kepviselo-testulet_2019_evi_munkaterv_kiegeszitese.pdf\" target=\"_blank\" rel=\"noreferrer noopener\">hat\u00e1rozat 1. mell\u00e9klete (a munkaterv kieg\u00e9sz\u00edt\u00e9s).<\/a><br><strong><br>Baja V\u00e1ros \u00d6nkorm\u00e1nyzat K\u00e9pvisel\u0151-test\u00fclete 2019. \u00e9vi munkaterve:<\/strong><br><a href=\"https:\/\/www.bajaionkormanyzat.hu\/images\/varoshaza\/bizottsagok\/2018\/December\/18kiv407_1213_kt_munkaterv_2019.pdf\" target=\"_blank\" rel=\"noreferrer noopener\">407\/2018. (XII. 13.) hat\u00e1rozat<\/a>&nbsp;a K\u00e9pvisel\u0151-test\u00fclet 2019. \u00e9vi munkaterv\u00e9nek meg\u00e1llap\u00edt\u00e1s\u00e1r\u00f3l \u00e9s a <a href=\"https:\/\/www.bajaionkormanyzat.hu\/images\/varoshaza\/bizottsagok\/2018\/December\/18kiv407_1213_melleklet 01_kt_munkaterv_2019.pdf\" target=\"_blank\" rel=\"noreferrer noopener\">hat\u00e1rozat 1. mell\u00e9klete (a munkaterv)<\/a>.<br><br>Baja V\u00e1ros \u00d6nkorm\u00e1nyzat K\u00e9pvisel\u0151-test\u00fclet\u00e9nek 2018. \u00e9vi k\u00f6zmeghallgat\u00e1sa:&nbsp;<a href=\"https:\/\/www.bajaionkormanyzat.hu\/images\/varoshaza\/Kozlemenyek\/2018_januar\/Hirdetmeny_kozmeghallgatas.pdf\" target=\"_blank\" rel=\"noreferrer noopener\">let\u00f6lt\u00e9s<\/a><br><strong><br>Baja V\u00e1ros \u00d6nkorm\u00e1nyzat K\u00e9pvisel\u0151-test\u00fclete 2018. \u00e9vi munkaterve:<br><\/strong><a href=\"https:\/\/www.bajaionkormanyzat.hu\/images\/varoshaza\/Testuleti jegyzokonyvek\/kiv_kepv-test_2018_evi_munkaterverol.pdf\" target=\"_blank\" rel=\"noreferrer noopener\">460\/2017. (XII. 14.) hat\u00e1rozat<\/a>&nbsp;a K\u00e9pvisel\u0151-test\u00fclet 2018. \u00e9vi munkaterv\u00e9nek meg\u00e1llap\u00edt\u00e1s\u00e1r\u00f3l \u00e9s a&nbsp;<a href=\"https:\/\/www.bajaionkormanyzat.hu\/images\/varoshaza\/Testuleti jegyzokonyvek\/17kiv460_1214_melleklet_01_2018_evi_munkaterv.pdf\" target=\"_blank\" rel=\"noreferrer noopener\">hat\u00e1rozat 1. mell\u00e9klete (a munkaterv).&nbsp;<\/a><\/p>\n\n\n\n<p><strong>Baja V\u00e1ros \u00d6nkorm\u00e1nyzat K\u00e9pvisel\u0151-test\u00fclete 2017. \u00e9vi munkaterve:<\/strong>&nbsp;<a href=\"https:\/\/www.bajaionkormanyzat.hu\/images\/bajavaros\/onkormanyzat\/kepviselotestulet\/2016\/16kiv513_1215_melleklet_2017.evimunkaterv.pdf\" target=\"_blank\" rel=\"noreferrer noopener\">let\u00f6lt\u00e9s<\/a>&nbsp;<\/p>\n\n\n\n<p>2017. \u00e9vi rendezv\u00e9nyterv:&nbsp;<a href=\"https:\/\/www.bajaionkormanyzat.hu\/images\/bajavaros\/onkormanyzat\/kepviselotestulet\/2017\/2017.evi_rendezvenyterv.doc\" target=\"_blank\" rel=\"noreferrer noopener\">let\u00f6lt\u00e9s<\/a><\/p>\n\n\n\n<hr class=\"wp-block-separator has-alpha-channel-opacity\"\/>\n\n\n\n<p><a href=\"https:\/\/www.bajaionkormanyzat.hu\/index.php\/varoshaza\/baja-megyei-jogu-varos-onkormanyzata\/kozgyules\/kozgyulesi-kepviselo-testuleti-anyagok\/9-explore\/2402-eloterjesztesek-2025\">El\u0151terjeszt\u00e9sek 2025.<\/a><\/p>\n\n\n\n<p><a href=\"https:\/\/www.bajaionkormanyzat.hu\/index.php\/varoshaza\/baja-megyei-jogu-varos-onkormanyzata\/kozgyules\/kozgyulesi-kepviselo-testuleti-anyagok\/9-explore\/1905-eloterjesztesek-2024\">El\u0151terjeszt\u00e9sek 2024.<\/a><\/p>\n\n\n\n<p><a href=\"https:\/\/www.bajaionkormanyzat.hu\/index.php\/homepage\/9-explore\/1682-eloterjesztesek-2023\">El\u0151terjeszt\u00e9sek 2023.<\/a><\/p>\n\n\n\n<p><a href=\"https:\/\/www.bajaionkormanyzat.hu\/index.php\/homepage\/9-explore\/1444-eloterjesztesek-2022\">El\u0151terjeszt\u00e9sek 2022.<\/a><\/p>\n\n\n\n<p><a href=\"https:\/\/www.bajaionkormanyzat.hu\/index.php\/homepage\/9-explore\/1304-eloterjesztesek-2021\" target=\"_blank\" rel=\"noreferrer noopener\">El\u0151terjeszt\u00e9sek 2021.<\/a><\/p>\n\n\n\n<p><a href=\"https:\/\/www.bajaionkormanyzat.hu\/index.php\/homepage\/9-explore\/947-eloterjesztesek-2020\" target=\"_blank\" rel=\"noreferrer noopener\">El\u0151terjeszt\u00e9sek 2020.<\/a><\/p>\n\n\n\n<p><a href=\"https:\/\/www.bajaionkormanyzat.hu\/index.php\/homepage\/9-explore\/741-eloterjesztesek-2019\" target=\"_blank\" rel=\"noreferrer noopener\">El\u0151terjeszt\u00e9sek 2019.<\/a><\/p>\n\n\n\n<p><a href=\"https:\/\/www.bajaionkormanyzat.hu\/index.php\/homepage\/9-explore\/531-eloterjesztesek-2018\" target=\"_blank\" rel=\"noreferrer noopener\">El\u0151terjeszt\u00e9sek 2018.<\/a><\/p>\n\n\n\n<p><a href=\"https:\/\/www.bajaionkormanyzat.hu\/index.php\/homepage\/9-explore\/438-eloterjesztesek-2017\" target=\"_blank\" rel=\"noreferrer noopener\">El\u0151terjeszt\u00e9sek 2017.<\/a><\/p>\n\n\n\n<p><a href=\"https:\/\/www.bajaionkormanyzat.hu\/index.php\/homepage\/9-explore\/394-eloterjesztesek-2016\" target=\"_blank\" rel=\"noreferrer noopener\">El\u0151terjeszt\u00e9sek 2016.<\/a><\/p>\n\n\n\n<p><a href=\"https:\/\/www.bajaionkormanyzat.hu\/index.php\/homepage\/9-explore\/366-2015-evi-eloterjesztesek\" target=\"_blank\" rel=\"noreferrer noopener\">El\u0151terjeszt\u00e9sek 2015.<\/a><\/p>\n\n\n\n<p><a href=\"https:\/\/www.bajaionkormanyzat.hu\/index.php\/homepage\/9-explore\/1243-eloterjesztesek-2014\" target=\"_blank\" rel=\"noreferrer noopener\">El\u0151terjeszt\u00e9sek 2014.<\/a><\/p>\n\n\n\n<p><a href=\"https:\/\/www.bajaionkormanyzat.hu\/index.php\/homepage\/9-explore\/1248-eloterjesztesek-2013\" target=\"_blank\" rel=\"noreferrer noopener\">El\u0151terjeszt\u00e9sek 2013.<\/a><\/p>\n\n\n\n<p><a href=\"https:\/\/www.bajaionkormanyzat.hu\/index.php\/homepage\/9-explore\/1249-eloterjesztesek-2012\">El\u0151terjeszt\u00e9sek 2012.<\/a><\/p>\n\n\n\n<p><a href=\"https:\/\/www.bajaionkormanyzat.hu\/index.php\/homepage\/9-explore\/1275-eloterjesztesek-2011\">El\u0151terjeszt\u00e9sek 2011.<\/a><\/p>\n\n\n\n<p><a href=\"https:\/\/www.bajaionkormanyzat.hu\/index.php\/homepage\/9-explore\/1276-eloterjesztesek-2010\">El\u0151terjeszt\u00e9sek 2010.<\/a><\/p>\n\n\n\n<p><a href=\"https:\/\/www.bajaionkormanyzat.hu\/index.php\/homepage\/9-explore\/1278-eloterjesztesek-2009\">El\u0151terjeszt\u00e9sek 2009.<\/a><\/p>\n\n\n\n<p><a href=\"https:\/\/www.bajaionkormanyzat.hu\/index.php\/homepage\/9-explore\/1280-eloterjesztesek-2008\">El\u0151terjeszt\u00e9sek 2008.<\/a><\/p>\n\n\n\n<p><a href=\"https:\/\/www.bajaionkormanyzat.hu\/index.php\/homepage\/9-explore\/1282-eloterjesztesek-2007\">El\u0151terjeszt\u00e9sek 2007.<\/a><\/p>\n\n\n\n<p><a href=\"https:\/\/www.bajaionkormanyzat.hu\/index.php\/homepage\/9-explore\/1288-eloterjesztesek-2006\">El\u0151terjeszt\u00e9sek 2006.<\/a><\/p>\n\n\n\n<hr class=\"wp-block-separator has-alpha-channel-opacity\"\/>\n\n\n\n<p><a href=\"https:\/\/www.bajaionkormanyzat.hu\/index.php\/varoshaza\/baja-megyei-jogu-varos-onkormanyzata\/kozgyules\/kozgyulesi-kepviselo-testuleti-anyagok\/9-explore\/2401-kozgyulesi-ulesek-jegyzokonyvei-2025\">K\u00f6zgy\u0171l\u00e9si \u00fcl\u00e9sek jegyz\u0151k\u00f6nyvei 2025.<\/a><\/p>\n\n\n\n<p><a href=\"https:\/\/www.bajaionkormanyzat.hu\/index.php\/varoshaza\/baja-megyei-jogu-varos-onkormanyzata\/kozgyules\/kozgyulesi-kepviselo-testuleti-anyagok\/9-explore\/1906-kepviselo-testuleti-ulesek-jegyzokonyvei-2024\">K\u00e9pvisel\u0151-test\u00fcleti \u00fcl\u00e9sek jegyz\u0151k\u00f6nyvei 2024.<\/a><\/p>\n\n\n\n<p><a href=\"https:\/\/www.bajaionkormanyzat.hu\/index.php\/varoshaza\/baja-megyei-jogu-varos-onkormanyzata\/kozgyules\/kozgyulesi-kepviselo-testuleti-anyagok\/9-explore\/1683-kepviselo-testuleti-ulesek-jegyzokonyvei-2023\">K\u00e9pvisel\u0151-test\u00fcleti \u00fcl\u00e9sek jegyz\u0151k\u00f6nyvei 2023.<\/a><\/p>\n\n\n\n<p><a href=\"https:\/\/www.bajaionkormanyzat.hu\/index.php\/homepage\/9-explore\/1445-kepviselo-testuleti-ulesek-jegyzokonyvei-2022\">K\u00e9pvisel\u0151-test\u00fcleti \u00fcl\u00e9sek jegyz\u0151k\u00f6nyvei 2022.<\/a><\/p>\n\n\n\n<p><a href=\"https:\/\/www.bajaionkormanyzat.hu\/index.php\/homepage\/9-explore\/1332-kepviselo-testuleti-ulesek-jegyzokonyvei-2021\" target=\"_blank\" rel=\"noreferrer noopener\">K\u00e9pvisel\u0151-test\u00fcleti \u00fcl\u00e9sek jegyz\u0151k\u00f6nyvei 2021.<\/a><\/p>\n\n\n\n<p><a href=\"https:\/\/www.bajaionkormanyzat.hu\/index.php\/homepage\/9-explore\/948-kepviselo-testuleti-ulesek-jegyzokonyvei-2020\" target=\"_blank\" rel=\"noreferrer noopener\">K\u00e9pvisel\u0151-test\u00fcleti \u00fcl\u00e9sek jegyz\u0151k\u00f6nyvei 2020.<\/a><a href=\"https:\/\/www.bajaionkormanyzat.hu\/index.php\/homepage\/9-explore\/740-kepviselo-testuleti-ulesek-jegyzokonyvei-2019\" target=\"_blank\" rel=\"noreferrer noopener\"><\/a><\/p>\n\n\n\n<p><a href=\"https:\/\/www.bajaionkormanyzat.hu\/index.php\/homepage\/9-explore\/740-kepviselo-testuleti-ulesek-jegyzokonyvei-2019\" target=\"_blank\" rel=\"noreferrer noopener\">K\u00e9pvisel\u0151-test\u00fcleti \u00fcl\u00e9sek jegyz\u0151k\u00f6nyvei 2019.<\/a><\/p>\n\n\n\n<p><a href=\"https:\/\/www.bajaionkormanyzat.hu\/index.php\/homepage\/9-explore\/554-kepviselo-testuleti-ulesek-jegyzokonyvei-2018\" target=\"_blank\" rel=\"noreferrer noopener\">K\u00e9pvisel\u0151-test\u00fcleti \u00fcl\u00e9sek jegyz\u0151k\u00f6nyvei 2018.<\/a><\/p>\n\n\n\n<p><a href=\"https:\/\/www.bajaionkormanyzat.hu\/index.php\/homepage\/9-explore\/441-kepviselo-testuleti-ulesek-jegyzokonyvei-2017\" target=\"_blank\" rel=\"noreferrer noopener\">K\u00e9pvisel\u0151-test\u00fcleti \u00fcl\u00e9sek jegyz\u0151k\u00f6nyvei 2017.<\/a><\/p>\n\n\n\n<p><a href=\"https:\/\/www.bajaionkormanyzat.hu\/index.php\/homepage\/9-explore\/393-kepviselo-testuleti-ulesek-jegyzokonyvei-2016\" target=\"_blank\" rel=\"noreferrer noopener\">K\u00e9pvisel\u0151-test\u00fcleti \u00fcl\u00e9sek jegyz\u0151k\u00f6nyvei 2016.<\/a><\/p>\n\n\n\n<p><a href=\"https:\/\/www.bajaionkormanyzat.hu\/index.php\/homepage\/9-explore\/367-kepviselo-testuleti-ulesek-jegyzokonyvei\" target=\"_blank\" rel=\"noreferrer noopener\">K\u00e9pvisel\u0151-test\u00fcleti \u00fcl\u00e9sek jegyz\u0151k\u00f6nyvei 2015.<\/a><\/p>\n\n\n\n<p><a href=\"https:\/\/www.bajaionkormanyzat.hu\/index.php\/homepage\/9-explore\/1242-kepviselo-testuleti-ulesek-jegyzokonyvei-2014\" target=\"_blank\" rel=\"noreferrer noopener\">K\u00e9pvisel\u0151-test\u00fcleti \u00fcl\u00e9sek jegyz\u0151k\u00f6nyvei 2014.<\/a><\/p>\n\n\n\n<p><a href=\"https:\/\/www.bajaionkormanyzat.hu\/index.php\/homepage\/9-explore\/1247-kepviselo-testuleti-ulesek-jegyzokonyvei-2013\" target=\"_blank\" rel=\"noreferrer noopener\">K\u00e9pvisel\u0151-test\u00fcleti \u00fcl\u00e9sek jegyz\u0151k\u00f6nyvei 2013.<\/a><\/p>\n\n\n\n<p><a href=\"https:\/\/www.bajaionkormanyzat.hu\/index.php\/homepage\/9-explore\/1250-kepviselo-testuleti-ulesek-jegyzokonyvei-2012\">K\u00e9pvisel\u0151-test\u00fcleti \u00fcl\u00e9sek jegyz\u0151k\u00f6nyvei 2012.<\/a><\/p>\n\n\n\n<p><a href=\"https:\/\/www.bajaionkormanyzat.hu\/index.php\/homepage\/9-explore\/1274-kepviselo-testuleti-ulesek-jegyzokonyvei-2011\">K\u00e9pvisel\u0151-test\u00fcleti \u00fcl\u00e9sek jegyz\u0151k\u00f6nyvei 2011.<\/a><\/p>\n\n\n\n<p><a href=\"https:\/\/www.bajaionkormanyzat.hu\/index.php\/homepage\/9-explore\/1277-kepviselo-testuleti-ulesek-jegyzokonyvei-2010\">K\u00e9pvisel\u0151-test\u00fcleti \u00fcl\u00e9sek jegyz\u0151k\u00f6nyvei 2010.<\/a><\/p>\n\n\n\n<p><a href=\"https:\/\/www.bajaionkormanyzat.hu\/index.php\/homepage\/9-explore\/1279-kepviselo-testuleti-ulesek-jegyzokonyvei-2009\">K\u00e9pvisel\u0151-test\u00fcleti \u00fcl\u00e9sek jegyz\u0151k\u00f6nyvei 2009.<\/a><\/p>\n\n\n\n<p><a href=\"https:\/\/www.bajaionkormanyzat.hu\/index.php\/homepage\/9-explore\/1281-kepviselo-testuleti-ulesek-jegyzokonyvei-2008\">K\u00e9pvisel\u0151-test\u00fcleti \u00fcl\u00e9sek jegyz\u0151k\u00f6nyvei 2008.<\/a><\/p>\n\n\n\n<p><a href=\"https:\/\/www.bajaionkormanyzat.hu\/index.php\/homepage\/9-explore\/1283-kepviselo-testuleti-ulesek-jegyzokonyvei-2007\">K\u00e9pvisel\u0151-test\u00fcleti \u00fcl\u00e9sek jegyz\u0151k\u00f6nyvei 2007.<\/a><\/p>\n\n\n\n<p><a href=\"https:\/\/www.bajaionkormanyzat.hu\/index.php\/homepage\/9-explore\/1287-kepviselo-testuleti-ulesek-jegyzokonyvei-2006\">K\u00e9pvisel\u0151-test\u00fcleti \u00fcl\u00e9sek jegyz\u0151k\u00f6nyvei 2006.<\/a><\/p>\n\n\n\n<hr class=\"wp-block-separator has-alpha-channel-opacity\"\/>\n\n\n\n<p><a href=\"https:\/\/www.bajaionkormanyzat.hu\/index.php\/varoshaza\/baja-megyei-jogu-varos-onkormanyzata\/kozgyules\/kozgyulesi-kepviselo-testuleti-anyagok\/9-explore\/2412-kozgyulesi-ulesek-hatarozatai-2025\">K\u00f6zgy\u0171l\u00e9si \u00fcl\u00e9sek hat\u00e1rozatai 2025.<\/a><\/p>\n\n\n\n<p><a href=\"https:\/\/www.bajaionkormanyzat.hu\/index.php\/varoshaza\/baja-megyei-jogu-varos-onkormanyzata\/kozgyules\/kozgyulesi-kepviselo-testuleti-anyagok\/9-explore\/1907-kepviselo-testuleti-ulesek-hatarozatai-2024\">K\u00e9pvisel\u0151-test\u00fcleti \u00fcl\u00e9sek hat\u00e1rozatai 2024.<\/a><\/p>\n\n\n\n<p><a href=\"https:\/\/www.bajaionkormanyzat.hu\/index.php\/varoshaza\/baja-megyei-jogu-varos-onkormanyzata\/kozgyules\/kozgyulesi-kepviselo-testuleti-anyagok\/9-explore\/1684-kepviselo-testuleti-ulesek-hatarozatai-2023\">K\u00e9pvisel\u0151-test\u00fcleti \u00fcl\u00e9sek hat\u00e1rozatai 2023.<\/a><\/p>\n\n\n\n<p><a href=\"https:\/\/www.bajaionkormanyzat.hu\/index.php\/homepage\/9-explore\/1609-kepviselo-testuleti-ulesek-hatarozatai-2022\">K\u00e9pvisel\u0151-test\u00fcleti \u00fcl\u00e9sek hat\u00e1rozatai 2022.<\/a><\/p>\n\n\n\n<hr class=\"wp-block-separator has-alpha-channel-opacity\"\/>\n\n\n\n<p><a href=\"https:\/\/www.bajaionkormanyzat.hu\/index.php\/homepage\/9-explore\/381-varospolitikai-forumok-anyagai\" target=\"_blank\" rel=\"noreferrer noopener\">V\u00e1rospolitikai f\u00f3rumok anyagai<\/a><\/p>","protected":false},"excerpt":{"rendered":"<p>VESZ\u00c9LYHELYZETI POLG\u00c1RMESTERI D\u00d6NT\u00c9SEK Baja Megyei Jog\u00fa V\u00e1ros \u00d6nkorm\u00e1nyzata K\u00f6zgy\u0171l\u00e9se 2025. \u00e9vi munkaterve:Baja Megyei Jog\u00fa V\u00e1ros \u00d6nkorm\u00e1nyzata K\u00f6zgy\u0171l\u00e9s\u00e9nek 507\/2024. (XII. 12.) hat\u00e1rozata Baja Megyei Jog\u00fa V\u00e1ros \u00d6nkorm\u00e1nyzata K\u00f6zgy\u0171l\u00e9s\u00e9nek 2025. \u00e9vi munkaterv\u00e9r\u0151l \u00e9s a hat\u00e1rozat 1. mell\u00e9klete (a munkaterv). Baja Megyei Jog\u00fa V\u00e1ros \u00d6nkorm\u00e1nyzata K\u00e9pvisel\u0151-test\u00fclete 2024. \u00e9vi munkaterve:Baja Megyei Jog\u00fa V\u00e1ros \u00d6nkorm\u00e1nyzata K\u00e9pvisel\u0151-test\u00fclet\u00e9nek 523\/2023. (XII. 14.) hat\u00e1rozata [&hellip;]<\/p>","protected":false},"author":4,"featured_media":0,"parent":0,"menu_order":0,"comment_status":"closed","ping_status":"closed","template":"","meta":{"footnotes":""},"class_list":["post-1718","page","type-page","status-publish","hentry"],"_links":{"self":[{"href":"https:\/\/baja.lionstackailab.hu\/en\/wp-json\/wp\/v2\/pages\/1718","targetHints":{"allow":["GET"]}}],"collection":[{"href":"https:\/\/baja.lionstackailab.hu\/en\/wp-json\/wp\/v2\/pages"}],"about":[{"href":"https:\/\/baja.lionstackailab.hu\/en\/wp-json\/wp\/v2\/types\/page"}],"author":[{"embeddable":true,"href":"https:\/\/baja.lionstackailab.hu\/en\/wp-json\/wp\/v2\/users\/4"}],"replies":[{"embeddable":true,"href":"https:\/\/baja.lionstackailab.hu\/en\/wp-json\/wp\/v2\/comments?post=1718"}],"version-history":[{"count":0,"href":"https:\/\/baja.lionstackailab.hu\/en\/wp-json\/wp\/v2\/pages\/1718\/revisions"}],"wp:attachment":[{"href":"https:\/\/baja.lionstackailab.hu\/en\/wp-json\/wp\/v2\/media?parent=1718"}],"curies":[{"name":"wp","href":"https:\/\/api.w.org\/{rel}","templated":true}]}}