{"id":1717,"date":"2025-12-05T10:58:19","date_gmt":"2025-12-05T09:58:19","guid":{"rendered":"https:\/\/baja.lionstackailab.hu\/?page_id=1717"},"modified":"2025-12-05T11:50:28","modified_gmt":"2025-12-05T10:50:28","slug":"kepviselok-fogadoorak","status":"publish","type":"page","link":"https:\/\/baja.lionstackailab.hu\/en\/kepviselok-fogadoorak\/","title":{"rendered":"K\u00e9pvisel\u0151k, fogad\u00f3\u00f3r\u00e1k"},"content":{"rendered":"<p><strong>FOGAD\u00d3\u00d3R\u00c1K<\/strong><\/p>\n\n\n\n<p><strong>dr. Bari Bernadett polg\u00e1rmester<\/strong> (FIDESZ-KDNP):<br>minden h\u00e9ten, kedden \u00e9s cs\u00fct\u00f6rt\u00f6k\u00f6n 11:00 \u00e9s 15:00 \u00f3ra k\u00f6z\u00f6tt a Bajai Polg\u00e1rmesteri Hivatal polg\u00e1rmesteri irod\u00e1j\u00e1ban. (6500 Baja, Szenth\u00e1roms\u00e1g t\u00e9r 1.).<br>El\u0151zetes bejelentkez\u00e9s: e-mailben: polgarmester@bajavaros.hu, telefonon: +36-79\/886-226.<br><br><strong>Hideg D\u00e1niel alpolg\u00e1rmester:<\/strong><br>Minden h\u00f3nap harmadik p\u00e9ntek, 9:00-12:00-ig, a Bajai Polg\u00e1rmesteri Hivatal alpolg\u00e1rmesteri irod\u00e1j\u00e1ban. (6500 Baja, Szenth\u00e1roms\u00e1g t\u00e9r 1.).<br>El\u0151zetes bejelentkez\u00e9s: e-mailben: hideg.daniel@bajavaros.hu, telefonon: +36-79\/527-172<br><br><strong>Csub\u00e1kn\u00e9 Besesek Andrea alpolg\u00e1rmester<\/strong> (FIDESZ-KDNP) <strong>1. v\u00e1laszt\u00f3ker\u00fclet:<\/strong><br><em>Alpolg\u00e1rmesteri<\/em>: minden h\u00f3nap harmadik p\u00e9ntekj\u00e9n 9:00 \u00e9s 12:00 \u00f3ra k\u00f6z\u00f6tt a Bajai Polg\u00e1rmesteri Hivatal alpolg\u00e1rmesteri irod\u00e1j\u00e1ban. (6500 Baja, Szenth\u00e1roms\u00e1g t\u00e9r 1.).<br>El\u0151zetes bejelentkez\u00e9s: e-mailben: csubakne.besesek.andrea@bajavaros.hu, telefonon: +36-79\/527-111.<br><em>K\u00e9pvisel\u0151i<\/em>: minden h\u00f3nap els\u0151 h\u00e9tf\u0151j\u00e9n 17:00 \u00e9s 18:00 \u00f3ra k\u00f6z\u00f6tt a BAJAV\u00cdZ Kft. eb\u00e9dl\u0151j\u00e9ben (M\u00e1rtonsz\u00e1ll\u00e1si \u00fat 81., bejut\u00e1s: +36-79\/426- 991, portaszolg\u00e1lat: 0 gomb).<br>El\u0151zetes bejelentkez\u00e9s: e-mailben: csubakne.besesek.andrea@bajavaros.hu<br><br><strong>\u00c9rczy Ram\u00f3n<\/strong> (FIDESZ-KDNP) <strong>2. v\u00e1laszt\u00f3ker\u00fclet:<\/strong><br>minden h\u00f3nap utols\u00f3 szerd\u00e1j\u00e1n 17:00 \u00e9s 18:00 \u00f3ra k\u00f6z\u00f6tt a Bajai \u00d3voda, \u00c1ltal\u00e1nos Iskola, Szakiskola, K\u00e9szs\u00e9gfejleszt\u0151 Iskola, Fejleszt\u0151 Nevel\u00e9s-oktat\u00e1st V\u00e9gz\u0151 Iskola, Koll\u00e9gium \u00e9s Egys\u00e9ges Gy\u00f3gypedag\u00f3giai M\u00f3dszertani Int\u00e9zm\u00e9nyben (Bajai EGYMI, Bar\u00e1ts\u00e1g t\u00e9r 18.).<br>El\u00e9rhet\u0151s\u00e9g: erczy.ramon.bajavaros@gmail.com<br><br><strong>Kov\u00e1cs Csaba<\/strong> (FIDESZ-KDNP) <strong>3. v\u00e1laszt\u00f3ker\u00fclet:<\/strong><br>minden h\u00f3nap harmadik szerd\u00e1j\u00e1n 17:00 \u00e9s 18:00 \u00f3ra k\u00f6z\u00f6tt a Bajai Polg\u00e1rmesteri Hivatalban (Szenth\u00e1roms\u00e1g t\u00e9r 1.).<br>El\u00e9rhet\u0151s\u00e9g: kovacs.csaba.bajavaros@gmail.com<br><br><strong>Dr. Z\u00f6ld L\u00e1szl\u00f3 Csab\u00e1n\u00e9<\/strong> (FIDESZ-KDNP) <strong>4. v\u00e1laszt\u00f3ker\u00fclet:<\/strong><br>minden h\u00f3nap els\u0151 h\u00e9tf\u0151j\u00e9n 16:00 \u00e9s 17:00 \u00f3ra k\u00f6z\u00f6tt, a Sugovica Sportiskolai \u00c1ltal\u00e1nos Iskol\u00e1ban (Szent Antal u. 60., bejut\u00e1s: portaszolg\u00e1lat).<br>El\u00e9rhet\u0151s\u00e9g: zold.laszlone.bajavaros@gmail.com<br><br><strong>Perj\u00e9s Em\u0151ke<\/strong> (FIDESZ-KDNP) <strong>5. v\u00e1laszt\u00f3ker\u00fclet:<\/strong><br>minden h\u00f3nap els\u0151 h\u00e9tf\u0151j\u00e9n 17:00 \u00e9s 18:00 \u00f3ra k\u00f6z\u00f6tt a Bereczki M\u00e1t\u00e9 \u00c9lelmiszeripari \u00e9s Mez\u0151gazdas\u00e1gi Szakgimn\u00e1zium, Szakk\u00f6z\u00e9piskola \u00e9s Sportiskol\u00e1ban (Szent Antal u. 96.).<br>El\u00e9rhet\u0151s\u00e9g: perjesemoke.bajavaros@gmail.com<br><br><strong>Kov\u00e1cs-Krist\u00f3 Luca<\/strong> (FIDESZ-KDNP) <strong>6. v\u00e1laszt\u00f3ker\u00fclet:<\/strong><br>minden h\u00f3nap utols\u00f3 cs\u00fct\u00f6rt\u00f6k\u00e9n 16:00 \u00e9s 17:00 \u00f3ra k\u00f6z\u00f6tt a Sugovica Sportiskolai \u00c1ltal\u00e1nos Iskola V\u00f6r\u00f6skereszt t\u00e9ri \u00e9p\u00fclet\u00e9ben (V\u00f6r\u00f6skereszt t\u00e9r 1\/a.).<br>El\u00e9rhet\u0151s\u00e9g: kristo.luca.bajavaros@gmail.com<br><br><strong>\u00c1brah\u00e1mn\u00e9 T\u00f3th Edit<\/strong> (FIDESZ-KDNP) <strong>7. v\u00e1laszt\u00f3ker\u00fclet:<\/strong><br>minden h\u00f3nap m\u00e1sodik szerd\u00e1j\u00e1n 17:30 \u00e9s 18:30 \u00f3ra k\u00f6z\u00f6tt az \u00dajv\u00e1rosi \u00c1ltal\u00e1nos Iskol\u00e1ban (6500 Baja, Oltv\u00e1nyi Imre utca 14.).<br>El\u00e9rhet\u0151s\u00e9g: toth.edit.bajavaros@gmail.com<br><br><strong>R\u00e1cz P\u00e9ter<\/strong> (FIDESZ-KDNP) <strong>8. v\u00e1laszt\u00f3ker\u00fclet:<\/strong><br>minden h\u00f3nap utols\u00f3 cs\u00fct\u00f6rt\u00f6k\u00e9n 16:00 \u00e9s 17:00 \u00f3ra k\u00f6z\u00f6tt a Kiru-Invest Kft.-ban (6500 Baja Jelky t\u00e9r 8.).<br>El\u00e9rhet\u0151s\u00e9g: racz.peter.bajavaros@gmail.com<br><br><strong>Rosta Lajos<\/strong> (FIDESZ-KDNP)&nbsp;<strong>9. v\u00e1laszt\u00f3ker\u00fclet:<\/strong><br>minden h\u00f3nap m\u00e1sodik szerd\u00e1j\u00e1n 17:30 \u00e9s 18:30 \u00f3ra k\u00f6z\u00f6tt az \u00dajv\u00e1rosi \u00c1ltal\u00e1nos Iskol\u00e1ban (6500 Baja, Oltv\u00e1nyi Imre utca 14.).<br>El\u00e9rhet\u0151s\u00e9g: rosta.lajos.bajavaros@gmail.com<br><br><strong>Poly\u00e1k Judit<\/strong> (FIDESZ-KDNP) <strong>10. v\u00e1laszt\u00f3ker\u00fclet:<\/strong><br>minden h\u00f3nap harmadik cs\u00fct\u00f6rt\u00f6k\u00e9n 17:00 \u00e9s 18:00 \u00f3ra k\u00f6z\u00f6tt a Bajai Szentistv\u00e1ni \u00c1ltal\u00e1nos Iskol\u00e1ban (D\u00f3zsa Gy\u00f6rgy \u00fat 131-133.).<br>El\u00e9rhet\u0151s\u00e9g: polyak.judit.bajavaros@gmail.com<br><br><strong>L\u00e1szl\u00f3 K\u00e1roly<\/strong>&nbsp;(B\u00e1cskaiak a v\u00e1ros\u00e9rt Egyes\u00fclet) kompenz\u00e1ci\u00f3s lista:<br>minden h\u00f3nap harmadik keddj\u00e9n 17:30 \u00e9s 18:30 \u00f3ra k\u00f6z\u00f6tt az \u00dajv\u00e1rosi \u00c1ltal\u00e1nos Iskol\u00e1ban (6500 Baja, Oltv\u00e1nyi Imre utca 14.).<br>El\u00e9rhet\u0151s\u00e9g: +36-70\/376-7298 \u00e9s laszlokaroly2014@gmail.com<br><br><strong>Darabos Andr\u00e1s<\/strong> (Mi Haz\u00e1nk)&nbsp;kompenz\u00e1ci\u00f3s lista:<br>minden h\u00f3nap m\u00e1sodik keddj\u00e9n 17:00 \u00e9s 18:00 \u00f3ra k\u00f6z\u00f6tt a Bajai Szentistv\u00e1ni \u00c1ltal\u00e1nos Iskol\u00e1ban (D\u00f3zsa Gy\u00f6rgy \u00fat 131-133.).<br>El\u00e9rhet\u0151s\u00e9g: +36-30\/284-4506 \u00e9s darabos.andras@mihazank.hu<br><br><strong>Hajd\u00fa Mikl\u00f3s<\/strong>&nbsp;(MAR\u00c9G) kompenz\u00e1ci\u00f3s lista:<br>Telefonon el\u0151re egyeztetett id\u0151pontban \u00e9s helysz\u00ednen fogadja az \u00e9rdekl\u0151d\u0151ket: +36-30\/288-2526<\/p>","protected":false},"excerpt":{"rendered":"<p>FOGAD\u00d3\u00d3R\u00c1K dr. Bari Bernadett polg\u00e1rmester (FIDESZ-KDNP):minden h\u00e9ten, kedden \u00e9s cs\u00fct\u00f6rt\u00f6k\u00f6n 11:00 \u00e9s 15:00 \u00f3ra k\u00f6z\u00f6tt a Bajai Polg\u00e1rmesteri Hivatal polg\u00e1rmesteri irod\u00e1j\u00e1ban. (6500 Baja, Szenth\u00e1roms\u00e1g t\u00e9r 1.).El\u0151zetes bejelentkez\u00e9s: e-mailben: polgarmester@bajavaros.hu, telefonon: +36-79\/886-226. Hideg D\u00e1niel alpolg\u00e1rmester:Minden h\u00f3nap harmadik p\u00e9ntek, 9:00-12:00-ig, a Bajai Polg\u00e1rmesteri Hivatal alpolg\u00e1rmesteri irod\u00e1j\u00e1ban. (6500 Baja, Szenth\u00e1roms\u00e1g t\u00e9r 1.).El\u0151zetes bejelentkez\u00e9s: e-mailben: hideg.daniel@bajavaros.hu, telefonon: +36-79\/527-172 Csub\u00e1kn\u00e9 [&hellip;]<\/p>","protected":false},"author":4,"featured_media":0,"parent":0,"menu_order":0,"comment_status":"closed","ping_status":"closed","template":"","meta":{"footnotes":""},"class_list":["post-1717","page","type-page","status-publish","hentry"],"_links":{"self":[{"href":"https:\/\/baja.lionstackailab.hu\/en\/wp-json\/wp\/v2\/pages\/1717","targetHints":{"allow":["GET"]}}],"collection":[{"href":"https:\/\/baja.lionstackailab.hu\/en\/wp-json\/wp\/v2\/pages"}],"about":[{"href":"https:\/\/baja.lionstackailab.hu\/en\/wp-json\/wp\/v2\/types\/page"}],"author":[{"embeddable":true,"href":"https:\/\/baja.lionstackailab.hu\/en\/wp-json\/wp\/v2\/users\/4"}],"replies":[{"embeddable":true,"href":"https:\/\/baja.lionstackailab.hu\/en\/wp-json\/wp\/v2\/comments?post=1717"}],"version-history":[{"count":0,"href":"https:\/\/baja.lionstackailab.hu\/en\/wp-json\/wp\/v2\/pages\/1717\/revisions"}],"wp:attachment":[{"href":"https:\/\/baja.lionstackailab.hu\/en\/wp-json\/wp\/v2\/media?parent=1717"}],"curies":[{"name":"wp","href":"https:\/\/api.w.org\/{rel}","templated":true}]}}