{"id":1682,"date":"2025-12-05T10:48:26","date_gmt":"2025-12-05T09:48:26","guid":{"rendered":"https:\/\/baja.lionstackailab.hu\/?page_id=1682"},"modified":"2025-12-05T10:48:26","modified_gmt":"2025-12-05T09:48:26","slug":"kozteruleti-tovabba-maganteruleten-letesitendo-zart-hulladekgyujto-pontok-megvalositasanak-tamogatasa","status":"publish","type":"page","link":"https:\/\/baja.lionstackailab.hu\/en\/kozteruleti-tovabba-maganteruleten-letesitendo-zart-hulladekgyujto-pontok-megvalositasanak-tamogatasa\/","title":{"rendered":"K\u00f6zter\u00fcleti, tov\u00e1bb\u00e1 mag\u00e1nter\u00fcleten l\u00e9tes\u00edtend\u0151 z\u00e1rt hullad\u00e9kgy\u0171jt\u0151 pontok megval\u00f3s\u00edt\u00e1s\u00e1nak t\u00e1mogat\u00e1sa"},"content":{"rendered":"","protected":false},"excerpt":{"rendered":"","protected":false},"author":4,"featured_media":0,"parent":0,"menu_order":0,"comment_status":"closed","ping_status":"closed","template":"","meta":{"footnotes":""},"class_list":["post-1682","page","type-page","status-publish","hentry"],"_links":{"self":[{"href":"https:\/\/baja.lionstackailab.hu\/en\/wp-json\/wp\/v2\/pages\/1682","targetHints":{"allow":["GET"]}}],"collection":[{"href":"https:\/\/baja.lionstackailab.hu\/en\/wp-json\/wp\/v2\/pages"}],"about":[{"href":"https:\/\/baja.lionstackailab.hu\/en\/wp-json\/wp\/v2\/types\/page"}],"author":[{"embeddable":true,"href":"https:\/\/baja.lionstackailab.hu\/en\/wp-json\/wp\/v2\/users\/4"}],"replies":[{"embeddable":true,"href":"https:\/\/baja.lionstackailab.hu\/en\/wp-json\/wp\/v2\/comments?post=1682"}],"version-history":[{"count":0,"href":"https:\/\/baja.lionstackailab.hu\/en\/wp-json\/wp\/v2\/pages\/1682\/revisions"}],"wp:attachment":[{"href":"https:\/\/baja.lionstackailab.hu\/en\/wp-json\/wp\/v2\/media?parent=1682"}],"curies":[{"name":"wp","href":"https:\/\/api.w.org\/{rel}","templated":true}]}}