{"id":1680,"date":"2025-12-05T10:48:26","date_gmt":"2025-12-05T09:48:26","guid":{"rendered":"https:\/\/baja.lionstackailab.hu\/?page_id=1680"},"modified":"2025-12-05T10:48:26","modified_gmt":"2025-12-05T09:48:26","slug":"onkormanyzati-es-intezmenyi-allaspalyazatok","status":"publish","type":"page","link":"https:\/\/baja.lionstackailab.hu\/en\/onkormanyzati-es-intezmenyi-allaspalyazatok\/","title":{"rendered":"\u00d6nkorm\u00e1nyzati \u00e9s int\u00e9zm\u00e9nyi \u00e1ll\u00e1sp\u00e1ly\u00e1zatok"},"content":{"rendered":"","protected":false},"excerpt":{"rendered":"","protected":false},"author":4,"featured_media":0,"parent":0,"menu_order":0,"comment_status":"closed","ping_status":"closed","template":"","meta":{"footnotes":""},"class_list":["post-1680","page","type-page","status-publish","hentry"],"_links":{"self":[{"href":"https:\/\/baja.lionstackailab.hu\/en\/wp-json\/wp\/v2\/pages\/1680","targetHints":{"allow":["GET"]}}],"collection":[{"href":"https:\/\/baja.lionstackailab.hu\/en\/wp-json\/wp\/v2\/pages"}],"about":[{"href":"https:\/\/baja.lionstackailab.hu\/en\/wp-json\/wp\/v2\/types\/page"}],"author":[{"embeddable":true,"href":"https:\/\/baja.lionstackailab.hu\/en\/wp-json\/wp\/v2\/users\/4"}],"replies":[{"embeddable":true,"href":"https:\/\/baja.lionstackailab.hu\/en\/wp-json\/wp\/v2\/comments?post=1680"}],"version-history":[{"count":0,"href":"https:\/\/baja.lionstackailab.hu\/en\/wp-json\/wp\/v2\/pages\/1680\/revisions"}],"wp:attachment":[{"href":"https:\/\/baja.lionstackailab.hu\/en\/wp-json\/wp\/v2\/media?parent=1680"}],"curies":[{"name":"wp","href":"https:\/\/api.w.org\/{rel}","templated":true}]}}