{"id":1674,"date":"2025-12-05T10:48:26","date_gmt":"2025-12-05T09:48:26","guid":{"rendered":"https:\/\/baja.lionstackailab.hu\/?page_id=1674"},"modified":"2025-12-05T10:48:26","modified_gmt":"2025-12-05T09:48:26","slug":"ifjusagi-celu-kezdemenyezesek-tamogatasa","status":"publish","type":"page","link":"https:\/\/baja.lionstackailab.hu\/en\/ifjusagi-celu-kezdemenyezesek-tamogatasa\/","title":{"rendered":"Ifj\u00fas\u00e1gi c\u00e9l\u00fa kezdem\u00e9nyez\u00e9sek t\u00e1mogat\u00e1sa"},"content":{"rendered":"","protected":false},"excerpt":{"rendered":"","protected":false},"author":4,"featured_media":0,"parent":0,"menu_order":0,"comment_status":"closed","ping_status":"closed","template":"","meta":{"footnotes":""},"class_list":["post-1674","page","type-page","status-publish","hentry"],"_links":{"self":[{"href":"https:\/\/baja.lionstackailab.hu\/en\/wp-json\/wp\/v2\/pages\/1674","targetHints":{"allow":["GET"]}}],"collection":[{"href":"https:\/\/baja.lionstackailab.hu\/en\/wp-json\/wp\/v2\/pages"}],"about":[{"href":"https:\/\/baja.lionstackailab.hu\/en\/wp-json\/wp\/v2\/types\/page"}],"author":[{"embeddable":true,"href":"https:\/\/baja.lionstackailab.hu\/en\/wp-json\/wp\/v2\/users\/4"}],"replies":[{"embeddable":true,"href":"https:\/\/baja.lionstackailab.hu\/en\/wp-json\/wp\/v2\/comments?post=1674"}],"version-history":[{"count":0,"href":"https:\/\/baja.lionstackailab.hu\/en\/wp-json\/wp\/v2\/pages\/1674\/revisions"}],"wp:attachment":[{"href":"https:\/\/baja.lionstackailab.hu\/en\/wp-json\/wp\/v2\/media?parent=1674"}],"curies":[{"name":"wp","href":"https:\/\/api.w.org\/{rel}","templated":true}]}}