{"id":1658,"date":"2025-12-05T10:39:48","date_gmt":"2025-12-05T09:39:48","guid":{"rendered":"https:\/\/baja.lionstackailab.hu\/?page_id=1658"},"modified":"2025-12-08T13:26:12","modified_gmt":"2025-12-08T12:26:12","slug":"kozerdeko-adatok","status":"publish","type":"page","link":"https:\/\/baja.lionstackailab.hu\/en\/kozerdeko-adatok\/","title":{"rendered":"K\u00f6z\u00e9rdek\u0151 adatok"},"content":{"rendered":"<p><strong>Szervezeti, szem\u00e9lyzeti adatok<\/strong><\/p>\n\n\n\n<p><a href=\"https:\/\/www.bajaionkormanyzat.hu\/index.php\/varoshaza\/kozerdeku\/kozerdeku-adatok\/149-kozerdeku-informaciok\/szervezeti-szemelyzeti-adatok\/2757-a-polgarmesteri-hivatal-szervezeti-szemelyzeti-adatai-hivatal-1\">Hivatal<\/a><\/p>\n\n\n\n<p><a href=\"https:\/\/www.bajaionkormanyzat.hu\/index.php\/varoshaza\/kozerdeku\/kozerdeku-adatok\/149-kozerdeku-informaciok\/szervezeti-szemelyzeti-adatok\/2866-az-onkormanyzat-szervezeti-szemelyzeti-adatai-onkormanyzat-1\">\u00d6nkorm\u00e1nyzat<\/a><\/p>\n\n\n\n<p><strong>Tev\u00e9kenys\u00e9gre, m\u0171k\u00f6d\u00e9sre vonatkoz\u00f3 adatok<\/strong><\/p>\n\n\n\n<p><a href=\"https:\/\/www.bajaionkormanyzat.hu\/index.php\/varoshaza\/kozerdeku\/kozerdeku-adatok\/151-kozerdeku-informaciok\/tevekenysegre-mukodesre-vonatkozo-adatok\/2761-a-polgarmesteri-hivatal-tevekenysegre-mukodesre-vonatkozo-adatai-hivatal-2\">Hivatal<\/a><\/p>\n\n\n\n<p><a href=\"https:\/\/www.bajaionkormanyzat.hu\/index.php\/varoshaza\/kozerdeku\/kozerdeku-adatok\/151-kozerdeku-informaciok\/tevekenysegre-mukodesre-vonatkozo-adatok\/2762-az-onkormanyzat-tevekenysegre-mukodesre-vonatkozo-adatai-onkormanyzat-2\">\u00d6nkorm\u00e1nyzat<\/a><\/p>\n\n\n\n<p><strong>Gazd\u00e1lkod\u00e1si adatok<\/strong><\/p>\n\n\n\n<p><a href=\"https:\/\/www.bajaionkormanyzat.hu\/index.php\/varoshaza\/kozerdeku\/kozerdeku-adatok\/152-kozerdeku-informaciok\/gazdalkodasi-adatok\/2767-a-polgarmesteri-hivatal-gazdalkodasi-adatai-hivatal-3\">Hivatal<\/a><\/p>\n\n\n\n<p><a href=\"https:\/\/www.bajaionkormanyzat.hu\/index.php\/varoshaza\/kozerdeku\/kozerdeku-adatok\/152-kozerdeku-informaciok\/gazdalkodasi-adatok\/2768-az-onkormanyzat-gazdalkodasi-adatai-onkormanyzat-3\">\u00d6nkorm\u00e1nyzat<\/a><\/p>\n\n\n\n<p><strong><a href=\"https:\/\/www.bajaionkormanyzat.hu\/index.php\/varoshaza\/kozerdeku\/kozerdeku-adatok\/153-kozerdeku-informaciok\/adatigenyles\/325-adatigenyles\">Adatig\u00e9nyl\u00e9s<\/a><\/strong><br><strong><a href=\"https:\/\/www.bajaionkormanyzat.hu\/index.php\/varoshaza\/kozerdeku\/kozerdeku-adatok\/157-kozerdeku-informaciok\/kozbeszerzesek\/329-kozbeszerzesek\">K\u00f6zbeszerz\u00e9sek<\/a><\/strong><br><strong><a href=\"https:\/\/www.bajaionkormanyzat.hu\/index.php\/varoshaza\/kozerdeku\/kozerdeku-adatok\/9-explore\/1161-szerzodesek\">Szerz\u0151d\u00e9sek<\/a><\/strong><br><strong><a href=\"https:\/\/www.bajaionkormanyzat.hu\/index.php\/varoshaza\/kozerdeku\/kozerdeku-adatok\/9-explore\/1162-koltsegvetes\">K\u00f6lts\u00e9gvet\u00e9s<\/a><\/strong><br><strong><a href=\"https:\/\/www.bajaionkormanyzat.hu\/index.php\/varoshaza\/kozerdeku\/kozerdeku-adatok\/9-explore\/1163-kozerdeku-bejelentesek\">K\u00f6z\u00e9rdek\u0171 bejelent\u00e9sek<\/a><\/strong><br><strong><a href=\"https:\/\/www.bajaionkormanyzat.hu\/index.php\/varoshaza\/kozerdeku\/kozerdeku-adatok\/9-explore\/1697-intezmenyek-es-gazdasagi-tarsasagok-kozerdeku-adatai\">Int\u00e9zm\u00e9nyek \u00e9s gazdas\u00e1gi t\u00e1rsas\u00e1gok k\u00f6z\u00e9rdek\u0171 adatai<\/a><\/strong><\/p>\n\n\n\n<p><\/p>","protected":false},"excerpt":{"rendered":"<p>Szervezeti, szem\u00e9lyzeti adatok Hivatal \u00d6nkorm\u00e1nyzat Tev\u00e9kenys\u00e9gre, m\u0171k\u00f6d\u00e9sre vonatkoz\u00f3 adatok Hivatal \u00d6nkorm\u00e1nyzat Gazd\u00e1lkod\u00e1si adatok Hivatal \u00d6nkorm\u00e1nyzat Adatig\u00e9nyl\u00e9sK\u00f6zbeszerz\u00e9sekSzerz\u0151d\u00e9sekK\u00f6lts\u00e9gvet\u00e9sK\u00f6z\u00e9rdek\u0171 bejelent\u00e9sekInt\u00e9zm\u00e9nyek \u00e9s gazdas\u00e1gi t\u00e1rsas\u00e1gok k\u00f6z\u00e9rdek\u0171 adatai<\/p>","protected":false},"author":4,"featured_media":0,"parent":0,"menu_order":0,"comment_status":"closed","ping_status":"closed","template":"","meta":{"footnotes":""},"class_list":["post-1658","page","type-page","status-publish","hentry"],"_links":{"self":[{"href":"https:\/\/baja.lionstackailab.hu\/en\/wp-json\/wp\/v2\/pages\/1658","targetHints":{"allow":["GET"]}}],"collection":[{"href":"https:\/\/baja.lionstackailab.hu\/en\/wp-json\/wp\/v2\/pages"}],"about":[{"href":"https:\/\/baja.lionstackailab.hu\/en\/wp-json\/wp\/v2\/types\/page"}],"author":[{"embeddable":true,"href":"https:\/\/baja.lionstackailab.hu\/en\/wp-json\/wp\/v2\/users\/4"}],"replies":[{"embeddable":true,"href":"https:\/\/baja.lionstackailab.hu\/en\/wp-json\/wp\/v2\/comments?post=1658"}],"version-history":[{"count":0,"href":"https:\/\/baja.lionstackailab.hu\/en\/wp-json\/wp\/v2\/pages\/1658\/revisions"}],"wp:attachment":[{"href":"https:\/\/baja.lionstackailab.hu\/en\/wp-json\/wp\/v2\/media?parent=1658"}],"curies":[{"name":"wp","href":"https:\/\/api.w.org\/{rel}","templated":true}]}}