{"id":1656,"date":"2025-12-05T10:39:48","date_gmt":"2025-12-05T09:39:48","guid":{"rendered":"https:\/\/baja.lionstackailab.hu\/?page_id=1656"},"modified":"2025-12-05T12:20:46","modified_gmt":"2025-12-05T11:20:46","slug":"belso-visszaeles-bejelentes-rendszer","status":"publish","type":"page","link":"https:\/\/baja.lionstackailab.hu\/en\/belso-visszaeles-bejelentes-rendszer\/","title":{"rendered":"Bels\u0151 vissza\u00e9l\u00e9s-bejelent\u00e9s rendszer"},"content":{"rendered":"<p><a href=\"https:\/\/www.bajaionkormanyzat.hu\/images\/2025\/01\/20\/tajekoztato.honlapra_belso.visszaeles-bejelento.rendszer_20250101.pdf\">T\u00e1j\u00e9koztat\u00f3 Baja Megyei Jog\u00fa V\u00e1ros \u00d6nkorm\u00e1nyzata \u00e9s Baja Megyei Jog\u00fa V\u00e1ros Polg\u00e1rmesteri Hivatala k\u00f6z\u00f6s bels\u0151 vissza\u00e9l\u00e9s-bejelent\u00e9si rendszer\u00e9r\u0151l<\/a><\/p>\n\n\n\n<p><a href=\"https:\/\/www.bajaionkormanyzat.hu\/images\/2025\/01\/20\/17.Adatkezelesi.tajekoztato-Belso.visszaeles-bejelentesi.rendszer.pdf\">Adatv\u00e9delmi t\u00e1j\u00e9koztat\u00f3 Baja Megyei Jog\u00fa V\u00e1ros \u00d6nkorm\u00e1nyzata \u00e9s Baja Megyei Jog\u00fa V\u00e1ros Polg\u00e1rmesteri Hivatala k\u00f6z\u00f6s bels\u0151 vissza\u00e9l\u00e9s-bejelent\u00e9si rendszer t\u00e1rgy\u00e1ban<\/a><\/p>","protected":false},"excerpt":{"rendered":"<p>T\u00e1j\u00e9koztat\u00f3 Baja Megyei Jog\u00fa V\u00e1ros \u00d6nkorm\u00e1nyzata \u00e9s Baja Megyei Jog\u00fa V\u00e1ros Polg\u00e1rmesteri Hivatala k\u00f6z\u00f6s bels\u0151 vissza\u00e9l\u00e9s-bejelent\u00e9si rendszer\u00e9r\u0151l Adatv\u00e9delmi t\u00e1j\u00e9koztat\u00f3 Baja Megyei Jog\u00fa V\u00e1ros \u00d6nkorm\u00e1nyzata \u00e9s Baja Megyei Jog\u00fa V\u00e1ros Polg\u00e1rmesteri Hivatala k\u00f6z\u00f6s bels\u0151 vissza\u00e9l\u00e9s-bejelent\u00e9si rendszer t\u00e1rgy\u00e1ban<\/p>","protected":false},"author":4,"featured_media":0,"parent":0,"menu_order":0,"comment_status":"closed","ping_status":"closed","template":"","meta":{"footnotes":""},"class_list":["post-1656","page","type-page","status-publish","hentry"],"_links":{"self":[{"href":"https:\/\/baja.lionstackailab.hu\/en\/wp-json\/wp\/v2\/pages\/1656","targetHints":{"allow":["GET"]}}],"collection":[{"href":"https:\/\/baja.lionstackailab.hu\/en\/wp-json\/wp\/v2\/pages"}],"about":[{"href":"https:\/\/baja.lionstackailab.hu\/en\/wp-json\/wp\/v2\/types\/page"}],"author":[{"embeddable":true,"href":"https:\/\/baja.lionstackailab.hu\/en\/wp-json\/wp\/v2\/users\/4"}],"replies":[{"embeddable":true,"href":"https:\/\/baja.lionstackailab.hu\/en\/wp-json\/wp\/v2\/comments?post=1656"}],"version-history":[{"count":0,"href":"https:\/\/baja.lionstackailab.hu\/en\/wp-json\/wp\/v2\/pages\/1656\/revisions"}],"wp:attachment":[{"href":"https:\/\/baja.lionstackailab.hu\/en\/wp-json\/wp\/v2\/media?parent=1656"}],"curies":[{"name":"wp","href":"https:\/\/api.w.org\/{rel}","templated":true}]}}