{"id":1655,"date":"2025-12-05T10:39:48","date_gmt":"2025-12-05T09:39:48","guid":{"rendered":"https:\/\/baja.lionstackailab.hu\/?page_id=1655"},"modified":"2025-12-05T12:21:27","modified_gmt":"2025-12-05T11:21:27","slug":"adatvedelmi-tajekoztatok","status":"publish","type":"page","link":"https:\/\/baja.lionstackailab.hu\/en\/adatvedelmi-tajekoztatok\/","title":{"rendered":"Adatv\u00e9delmi t\u00e1j\u00e9koztat\u00f3k"},"content":{"rendered":"<p><a href=\"https:\/\/www.bajaionkormanyzat.hu\/images\/2025\/09\/15\/1JSZ_193-18_2025.pdf\">1JSZ\/193-18\/2025 Adatv\u00e9delmi t\u00e1j\u00e9koztat\u00f3 a 2025. szeptember 30. napj\u00e1n tartand\u00f3 lakoss\u00e1gi egyeztet\u00e9s t\u00e1rgy\u00e1ban<\/a><\/p>\n\n\n\n<p><a href=\"https:\/\/www.bajaionkormanyzat.hu\/images\/2025\/07\/02\/Adatkezelesi.tajekoztato-koztemetes.pdf\">1JSZ\/193-17\/2025 Adatv\u00e9delmi t\u00e1j\u00e9koztat\u00f3 k\u00f6ztemet\u00e9s t\u00e1rgy\u00e1ban<\/a><\/p>\n\n\n\n<p><a href=\"https:\/\/www.bajaionkormanyzat.hu\/images\/2025\/07\/02\/Adatkezelesi.tajekoztato-elhunyt.szemely.eltemettetesehez.rk.telep.tam.pdf\">1JSZ\/193-16\/2025 Adatv\u00e9delmi t\u00e1j\u00e9koztat\u00f3 elhunyt szem\u00e9ly eltemettet\u00e9s\u00e9nek k\u00f6lts\u00e9geihez val\u00f3 hozz\u00e1j\u00e1rul\u00e1sk\u00e9nt ny\u00fajtott rendk\u00edv\u00fcli telep\u00fcl\u00e9si t\u00e1mogat\u00e1s t\u00e1rgy\u00e1ban<\/a><\/p>\n\n\n\n<p><a href=\"https:\/\/www.bajaionkormanyzat.hu\/images\/2025\/07\/02\/Adatkezelesi.tajekoztato-nyugdijadok.gyogyszertamogatasa.pdf\">1JSZ\/193-15\/2025 Adatv\u00e9delmi t\u00e1j\u00e9koztat\u00f3 nyugd\u00edjasok gy\u00f3gyszert\u00e1mogat\u00e1sa t\u00e1rgy\u00e1ban<\/a><\/p>\n\n\n\n<p><a href=\"https:\/\/www.bajaionkormanyzat.hu\/images\/2025\/07\/02\/Adatkezelesi.tajekoztato-nyugdijadok.onk.tamogatasa.pdf\">1JSZ\/193-14\/2025 Adatv\u00e9delmi t\u00e1j\u00e9koztat\u00f3 nyugd\u00edjasok \u00f6nkorm\u00e1nyzati t\u00e1mogat\u00e1sa t\u00e1rgy\u00e1ban<\/a><\/p>\n\n\n\n<p><a href=\"https:\/\/www.bajaionkormanyzat.hu\/images\/2025\/07\/02\/Adatkezelesi.tajekoztato-arvizkarosultak.rendkivuli.tt.pdf\">1JSZ\/193-13\/2025 Adatv\u00e9delmi t\u00e1j\u00e9koztat\u00f3 \u00e1rv\u00edzk\u00e1rosultak r\u00e9sz\u00e9re ny\u00fajtott rendk\u00edv\u00fcli telep\u00fcl\u00e9si t\u00e1mogat\u00e1s t\u00e1rgy\u00e1ban<\/a><\/p>\n\n\n\n<p><a href=\"https:\/\/www.bajaionkormanyzat.hu\/images\/2025\/07\/02\/Adatkezelesi.tajekoztato-rendkivuli.telepulesi.tamogatas.pdf\">1JSZ\/193-12\/2025 Adatv\u00e9delmi t\u00e1j\u00e9koztat\u00f3 rendk\u00edv\u00fcli telep\u00fcl\u00e9si t\u00e1mogat\u00e1s t\u00e1rgy\u00e1ban<\/a><\/p>\n\n\n\n<p><a href=\"https:\/\/www.bajaionkormanyzat.hu\/images\/2025\/07\/02\/Adatkezelesi.tajekoztato-kiegeszito.lakhatasi.tamogatas.pdf\">1JSZ\/193-11\/2025 Adatv\u00e9delmi t\u00e1j\u00e9koztat\u00f3 kieg\u00e9sz\u00edt\u0151 lakhat\u00e1si t\u00e1mogat\u00e1s t\u00e1rgy\u00e1ban<\/a><\/p>\n\n\n\n<p><a href=\"https:\/\/www.bajaionkormanyzat.hu\/images\/2025\/07\/02\/Adatkezelesi.tajekoztato-lakhatashoz.kapcsolodorendszeres.kiadasok.pdf\">1JSZ\/193-10\/2025 Adatv\u00e9delmi t\u00e1j\u00e9koztat\u00f3 lakhat\u00e1shoz kapcsol\u00f3d\u00f3 rendszeres kiad\u00e1sok visel\u00e9s\u00e9hez ny\u00fajtott telep\u00fcl\u00e9si t\u00e1mogat\u00e1s t\u00e1rgy\u00e1ban<\/a><\/p>\n\n\n\n<p><a href=\"https:\/\/www.bajaionkormanyzat.hu\/images\/2025\/04\/17\/9_Adatvedelmi.tajekoztato-nyari.diakmunka.pdf\" target=\"_blank\" rel=\"noreferrer noopener\">1JSZ\/193-9\/2025 Adatv\u00e9delmi t\u00e1j\u00e9koztat\u00f3 \u00f6nkorm\u00e1nyzati ny\u00e1ri di\u00e1kmunka t\u00e1rgy\u00e1ban<\/a><\/p>\n\n\n\n<p><a href=\"https:\/\/www.bajaionkormanyzat.hu\/images\/2025\/04\/08\/8_Adatvedelmi_tajekoztato-helyisegberlet.pdf\">1JSZ\/193-8\/2025 Adatv\u00e9delmi t\u00e1j\u00e9koztat\u00f3 nem lak\u00e1s c\u00e9lj\u00e1ra szolg\u00e1l\u00f3 helyis\u00e9gek b\u00e9rbead\u00e1sa t\u00e1rgy\u00e1ban<\/a><\/p>\n\n\n\n<p><a href=\"https:\/\/www.bajaionkormanyzat.hu\/images\/2025\/03\/27\/1JSZ_193-7_2025.pdf\">1JSZ\/193-7\/2025 Adatv\u00e9delmi t\u00e1j\u00e9koztat\u00f3 n\u00f6v\u00e9nytelep\u00edt\u00e9si t\u00e1mogat\u00e1s ir\u00e1nt beny\u00fajtott p\u00e1ly\u00e1zatok t\u00e1rgy\u00e1ban<\/a><\/p>\n\n\n\n<p><a href=\"https:\/\/www.bajaionkormanyzat.hu\/images\/2025\/03\/27\/1JSZ_193-6_2025.pdf\">1JSZ\/193-6\/2025 Adatv\u00e9delmi t\u00e1j\u00e9koztat\u00f3 j\u00e1rda\u00e9p\u00edt\u00e9s, j\u00e1rdafel\u00faj\u00edt\u00e1s t\u00e1mogat\u00e1sa ir\u00e1nt beny\u00fajtott p\u00e1ly\u00e1zatok t\u00e1rgy\u00e1ban<\/a><\/p>\n\n\n\n<p><a href=\"https:\/\/www.bajaionkormanyzat.hu\/images\/2025\/03\/27\/1JSZ_193-5_2025.pdf\">1JSZ\/193-5\/2025 Adatv\u00e9delmi t\u00e1j\u00e9koztat\u00f3 a \u201eVir\u00e1gos Baj\u00e1\u00e9rt\u201d elnevez\u00e9s\u0171 versenyre beny\u00fajtott p\u00e1ly\u00e1zatok t\u00e1rgy\u00e1ban<\/a><\/p>\n\n\n\n<p><a href=\"https:\/\/www.bajaionkormanyzat.hu\/images\/2025\/04\/08\/4_Adatvedelmi_tajekoztato-Lurko_dij.pdf\">1JSZ\/193-4\/2025 \u2013 Adatv\u00e9delmi t\u00e1j\u00e9koztat\u00f3 a LURK\u00d3-D\u00cdJ elnevez\u00e9s\u0171 \u00f6nkorm\u00e1nyzati kit\u00fcntet\u0151 d\u00edj t\u00e1rgy\u00e1ban<\/a><\/p>\n\n\n\n<p><a href=\"https:\/\/www.bajaionkormanyzat.hu\/images\/2025\/04\/08\/3_Adatkezelesi_tajekoztato-kozmeghallgatas.pdf\">1JSZ\/193-3\/2025 \u2013 Adatv\u00e9delmi t\u00e1j\u00e9koztat\u00f3 k\u00f6zmeghallgat\u00e1sok t\u00e1rgy\u00e1ban<\/a><\/p>\n\n\n\n<p><a href=\"https:\/\/www.bajaionkormanyzat.hu\/images\/2025\/01\/20\/Adatvedelmi.tajekoztato-lakossagi.egyeztetes.pdf\">1JSZ\/193-1\/2025 Adatv\u00e9delmi t\u00e1j\u00e9koztat\u00f3 a 2025. janu\u00e1r 28. napj\u00e1n tartand\u00f3 lakoss\u00e1gi egyeztet\u00e9s t\u00e1rgy\u00e1ban<\/a><\/p>\n\n\n\n<p><a href=\"https:\/\/www.bajaionkormanyzat.hu\/images\/2024\/11\/20\/18_Adatvedelmi_tajekoztato_tarsadalmi_egyeztetes.pdf\">1JSZ\/168-18\/2024 Adatv\u00e9delmi t\u00e1j\u00e9koztat\u00f3 t\u00e1rsadalmi egyeztet\u00e9s t\u00e1rgy\u00e1ban<\/a><\/p>\n\n\n\n<p><a href=\"https:\/\/www.bajaionkormanyzat.hu\/images\/2025\/01\/20\/17.Adatkezelesi.tajekoztato-Belso.visszaeles-bejelentesi.rendszer.pdf\">1JSZ\/168-17\/2024 Adatv\u00e9delmi t\u00e1j\u00e9koztat\u00f3 Baja Megyei Jog\u00fa V\u00e1ros \u00d6nkorm\u00e1nyzata \u00e9s Baja Megyei Jog\u00fa V\u00e1ros Polg\u00e1rmesteri Hivatala k\u00f6z\u00f6s bels\u0151 vissza\u00e9l\u00e9s-bejelent\u00e9si rendszere t\u00e1rgy\u00e1ban<\/a><\/p>\n\n\n\n<p><a href=\"https:\/\/www.bajaionkormanyzat.hu\/images\/2024\/10\/25\/16_adatvedelmi_tajekoztato_kepviselok.pdf\">1JSZ\/168-16\/2024 Adatv\u00e9delmi t\u00e1j\u00e9koztat\u00f3 helyi \u00f6nkorm\u00e1nyzati k\u00e9pvisel\u0151k \u00e9s nem k\u00e9pvisel\u0151 bizotts\u00e1gi tagok tiszteletd\u00edj\u00e1nak sz\u00e1mfejt\u00e9se t\u00e1rgy\u00e1ban<\/a><\/p>\n\n\n\n<p><a href=\"https:\/\/www.bajaionkormanyzat.hu\/images\/2024\/10\/25\/15_Adatvedelmi_tajekoztato-lakossagi_forum.pdf\">1JSZ\/168-15\/2024 Adatv\u00e9delmi t\u00e1j\u00e9koztat\u00f3 lakoss\u00e1gi f\u00f3rum t\u00e1rgy\u00e1ban<\/a><\/p>\n\n\n\n<p><a href=\"https:\/\/www.bajaionkormanyzat.hu\/images\/2024\/06\/03\/13_Adatvedelmi_tajekoztato-HVBesSZSZB.pdf\">1JSZ\/168-13\/2024 \u2013 Adatv\u00e9delmi t\u00e1j\u00e9koztat\u00f3 a 2024. j\u00fanius 9-i v\u00e1laszt\u00e1sok kapcs\u00e1n a helyi v\u00e1laszt\u00e1si bizotts\u00e1gi \u00e9s a szavazatsz\u00e1ml\u00e1l\u00f3 bizotts\u00e1gi v\u00e1lasztott tagokra vonatkoz\u00f3 sz\u00e1mfejt\u00e9s t\u00e1rgy\u00e1ban<\/a><\/p>\n\n\n\n<p><a href=\"https:\/\/www.bajaionkormanyzat.hu\/images\/2024\/04\/25\/adatvedelmi tajekoztato_gurul.a.familia.pdf\">1JSZ\/168-10\/2024 Adatv\u00e9delmi t\u00e1j\u00e9koztat\u00f3 a \u201eGurul a fam\u00edlia\u201d c\u00edm\u0171 k\u00f6zleked\u00e9s-biztons\u00e1gi vet\u00e9lked\u0151 t\u00e1rgy\u00e1ban<\/a><\/p>\n\n\n\n<p><a href=\"https:\/\/www.bajaionkormanyzat.hu\/images\/2024\/04\/25\/adatvedelmi tajekoztato_www.bajaionkormanyzat.hu.pdf\">1JSZ\/168-9\/2024 Adatv\u00e9delmi t\u00e1j\u00e9koztat\u00f3 a www.bajaionkormanyzat.hu weboldalon t\u00f6rt\u00e9n\u0151 l\u00e1togat\u00f3i adatkezel\u00e9s t\u00e1rgy\u00e1ban<\/a><\/p>\n\n\n\n<p><a href=\"https:\/\/www.bajaionkormanyzat.hu\/images\/2024\/02\/12\/adatvedelmi_tajekoztato-bajai.halaszle.kovete.pdf\" target=\"_blank\" rel=\"noreferrer noopener\">1JSZ\/168-8\/2024 Adatv\u00e9delmi t\u00e1j\u00e9koztat\u00f3 a \u201eL\u00e9gy a Bajai Hal\u00e1szl\u00e9 K\u00f6vete\u201d c\u00edm\u0171 felh\u00edv\u00e1s t\u00e1rgy\u00e1ban<\/a><\/p>\n\n\n\n<p><a href=\"https:\/\/www.bajaionkormanyzat.hu\/images\/2024\/02\/12\/adatvedelmi.tajekoztato-munipolis.pdf\" target=\"_blank\" rel=\"noreferrer noopener\">1JSZ\/168-7\/2024 Adatv\u00e9delmi t\u00e1j\u00e9koztat\u00f3 a Munipolis kommunik\u00e1ci\u00f3s rendszer t\u00e1rgy\u00e1ban<\/a><\/p>\n\n\n\n<p><a href=\"https:\/\/www.bajaionkormanyzat.hu\/images\/2024\/03\/11\/5_gyermekek_ligete.pdf\">1JSZ\/168-5\/2024 Adatv\u00e9delmi t\u00e1j\u00e9koztat\u00f3 a Gyermekek Ligete elnevez\u00e9s\u0171 fa\u00fcltet\u00e9si program t\u00e1rgy\u00e1ban<\/a><\/p>\n\n\n\n<p><a href=\"https:\/\/www.bajaionkormanyzat.hu\/images\/2024\/03\/11\/3_kamerarendszer.pdf\">1JSZ\/168-3\/2024 Adatv\u00e9delmi t\u00e1j\u00e9koztat\u00f3 a Baja v\u00e1ros ter\u00fclet\u00e9n l\u00e9trehozott k\u00f6zter\u00fcleti t\u00e9rfigyel\u0151 kamerarendszerrel kapcsolatos adatkezel\u00e9s t\u00e1rgy\u00e1ban<\/a><\/p>\n\n\n\n<p><a href=\"https:\/\/www.bajaionkormanyzat.hu\/images\/2024\/03\/11\/2_IPA_minibusz.pdf\">1JSZ\/168-2\/2024 Adatv\u00e9delmi t\u00e1j\u00e9koztat\u00f3 k\u00fcl\u00f6nj\u00e1rati szem\u00e9lysz\u00e1ll\u00edt\u00e1s t\u00e1rgy\u00e1ban<\/a><\/p>\n\n\n\n<p><a href=\"https:\/\/www.bajaionkormanyzat.hu\/images\/2023\/07\/28\/Adatkezelesi_tajekoztato-iskolakezdesi_tamogatas.pdf\">1JSZ\/190-6\/2023 Adatv\u00e9delmi t\u00e1j\u00e9koztat\u00f3 iskolakezd\u00e9shez ny\u00fajtott rendk\u00edv\u00fcli telep\u00fcl\u00e9si t\u00e1mogat\u00e1s t\u00e1rgy\u00e1ban<\/a><\/p>\n\n\n\n<p><a href=\"https:\/\/www.bajaionkormanyzat.hu\/images\/varoshaza\/Kozlemenyek\/2023\/01\/25\/1JSZ_190-1_2023.pdf\">1JSZ\/190-1\/2023 Adatv\u00e9delmi t\u00e1j\u00e9koztat\u00f3 a bajai fels\u0151oktat\u00e1si \u00f6nkorm\u00e1nyzati \u00f6szt\u00f6nd\u00edjprogram keret\u00e9ben beny\u00fajtott p\u00e1ly\u00e1zatok t\u00e1rgy\u00e1ban<\/a><\/p>\n\n\n\n<p><a href=\"https:\/\/www.bajaionkormanyzat.hu\/images\/varoshaza\/Kozlemenyek\/2022\/10\/15\/1JSZ_19-38_2022_adatvedelmi_tajekoztato_ebosszeiras.pdf\">1JSZ\/19-38\/2022 Adatv\u00e9delmi t\u00e1j\u00e9koztat\u00f3 eb\u00f6ssze\u00edr\u00e1s t\u00e1rgy\u00e1ban<\/a><\/p>\n\n\n\n<p><a href=\"https:\/\/www.bajaionkormanyzat.hu\/images\/varoshaza\/Kozlemenyek\/2022\/09\/15\/Adatkezelesi_tajekoztato_csaladi_fogyasztoi_kozossegek.pdf\">1JSZ\/19-37\/2022 Adatv\u00e9delmi t\u00e1j\u00e9koztat\u00f3 a csal\u00e1di fogyaszt\u00f3i k\u00f6z\u00f6ss\u00e9gekre vonatkoz\u00f3 kedvezm\u00e9nyek \u00e9rv\u00e9nyes\u00edt\u00e9se \u00e9rdek\u00e9ben ki\u00e1ll\u00edthat\u00f3 hat\u00f3s\u00e1gi bizony\u00edtv\u00e1nyok t\u00e1rgy\u00e1ban<\/a><\/p>\n\n\n\n<p><a href=\"https:\/\/www.bajaionkormanyzat.hu\/images\/varoshaza\/Kozlemenyek\/2022\/08\/04\/11\/1JSZ_19-30_2022-Adatvedelmi-tajekoztato-a-meningococcus-fertozes-ellen-biztositott-vedooltas-targyaban.pdf\">1JSZ\/19-30\/2022 Adatv\u00e9delmi t\u00e1j\u00e9koztat\u00f3 a meningococcus fert\u0151z\u00e9s ellen biztos\u00edtott v\u00e9d\u0151olt\u00e1s t\u00e1rgy\u00e1ban<\/a><\/p>\n\n\n\n<p><a href=\"https:\/\/www.bajaionkormanyzat.hu\/images\/varoshaza\/Kozlemenyek\/2022\/08\/04\/11\/1JSZ_19-29_2022-Adatvedelmi-tajekoztato-kozmeghallgatasok-targyaban.pdf\">1JSZ\/19-29\/2022 Adatv\u00e9delmi t\u00e1j\u00e9koztat\u00f3 k\u00f6zmeghallgat\u00e1sok t\u00e1rgy\u00e1ban<\/a><\/p>\n\n\n\n<p><a href=\"https:\/\/www.bajaionkormanyzat.hu\/images\/varoshaza\/Kozlemenyek\/2022\/08\/04\/11\/1JSZ_19-25_2022-Adatvedelmi-tajekoztato-kozterulet-elnevezessel-valamint-elnevezes-megvaltoztatasaval-kapcsolatos-javaslattetelek-targyaban.pdf\">1JSZ\/19-25\/2022 Adatv\u00e9delmi t\u00e1j\u00e9koztat\u00f3 k\u00f6zter\u00fclet elnevez\u00e9ssel, valamint elnevez\u00e9s megv\u00e1ltoztat\u00e1s\u00e1val kapcsolatos javaslatt\u00e9telek t\u00e1rgy\u00e1ban<\/a><\/p>\n\n\n\n<p><a href=\"https:\/\/www.bajaionkormanyzat.hu\/images\/varoshaza\/Kozlemenyek\/2022\/08\/04\/11\/1JSZ_19-24_2022-Adatvedelmi-tajekoztata-kereskedelmi-tevekenyseget-folytatok-altal-tett-bejelentesek-targyaban.pdf\">1JSZ\/19-24\/2022 Adatv\u00e9delmi t\u00e1j\u00e9koztata kereskedelmi tev\u00e9kenys\u00e9get folytat\u00f3k \u00e1ltal tett bejelent\u00e9sek t\u00e1rgy\u00e1ban<\/a><\/p>\n\n\n\n<p><a href=\"https:\/\/www.bajaionkormanyzat.hu\/images\/varoshaza\/Kozlemenyek\/2022\/08\/04\/11\/1JSZ_19-23_2022-Adatvedelmi-tajekoztato-zart-hulladekgyujto-letesitesenek-tamogatasa-irenti-kerelmek-targyaban.pdf\">1JSZ\/19-23\/2022 Adatv\u00e9delmi t\u00e1j\u00e9koztat\u00f3 z\u00e1rt hullad\u00e9kgy\u0171jt\u0151 l\u00e9tes\u00edt\u00e9s\u00e9nek t\u00e1mogat\u00e1sa ir\u00e9nti k\u00e9relmek t\u00e1rgy\u00e1ban<\/a><\/p>\n\n\n\n<p><a href=\"https:\/\/www.bajaionkormanyzat.hu\/images\/varoshaza\/Kozlemenyek\/2022\/08\/04\/11\/1JSZ_19-20_2022-Adatvedelmi-tajekoztato-szennyviz-kozcsatornara-torteno-rakotes-tamogatasa-irant-benyujtott-palyazatok-targyaban.pdf\">1JSZ\/19-20\/2022 Adatv\u00e9delmi t\u00e1j\u00e9koztat\u00f3 szennyv\u00edz-k\u00f6zcsatorn\u00e1ra t\u00f6rt\u00e9n\u0151 r\u00e1k\u00f6t\u00e9s t\u00e1mogat\u00e1sa ir\u00e1nt beny\u00fajtott p\u00e1ly\u00e1zatok t\u00e1rgy\u00e1ban<\/a><\/p>\n\n\n\n<p><a href=\"https:\/\/www.bajaionkormanyzat.hu\/images\/varoshaza\/Kozlemenyek\/2022\/08\/04\/11\/1JSZ_19-19_2022-Adatkezelesi-tajekoztato-kozerdeku-adatigenylesek-targyaban.pdf\">1JSZ\/19-19\/2022 Adatkezel\u00e9si t\u00e1j\u00e9koztat\u00f3 k\u00f6z\u00e9rdek\u0171 adatig\u00e9nyl\u00e9sek t\u00e1rgy\u00e1ban<\/a><\/p>\n\n\n\n<p><a href=\"https:\/\/www.bajaionkormanyzat.hu\/images\/varoshaza\/Kozlemenyek\/2022\/08\/04\/11\/1JSZ_19-18_2022-Adatvedemi-tajekoztato-a-2022.-evi-nepszamlalas-lebonyolitasaban-kozremukodo-szamlalobiztosok-jelentkezese-targyaban.pdf\">1JSZ\/19-18\/2022 Adatv\u00e9delmi t\u00e1j\u00e9koztat\u00f3 a 2022. \u00e9vi n\u00e9psz\u00e1ml\u00e1l\u00e1s lebonyol\u00edt\u00e1s\u00e1ban k\u00f6zrem\u0171k\u00f6d\u0151 sz\u00e1ml\u00e1l\u00f3biztosok jelentkez\u00e9se t\u00e1rgy\u00e1ban<\/a><\/p>\n\n\n\n<p><a href=\"https:\/\/www.bajaionkormanyzat.hu\/images\/varoshaza\/Kozlemenyek\/2022\/08\/04\/11\/1JSZ_19-17_2022-Adatkezelesi-tajekoztato-gyermeketkeztetes-targyaban.pdf\">1JSZ\/19-17\/2022 Adatkezel\u00e9si t\u00e1j\u00e9koztat\u00f3 gyermek\u00e9tkeztet\u00e9s t\u00e1rgy\u00e1ban<\/a><\/p>\n\n\n\n<p><a href=\"https:\/\/www.bajaionkormanyzat.hu\/images\/varoshaza\/Kozlemenyek\/2022\/08\/04\/11\/1JSZ_19-15_2022-Adatvedelmi-tajekoztato-szocialis-alapu-lakasberlethez-kapcsolodo-palyazatok-elbiralasa-es-szerzodeskotes-targyaban.pdf\">1JSZ\/19-15\/2022 Adatv\u00e9delmi t\u00e1j\u00e9koztat\u00f3 szoci\u00e1lis alap\u00fa lak\u00e1sb\u00e9rlethez kapcsol\u00f3d\u00f3 p\u00e1ly\u00e1zatok elb\u00edr\u00e1l\u00e1sa \u00e9s szerz\u0151d\u00e9sk\u00f6t\u00e9s t\u00e1rgy\u00e1ban<\/a><\/p>\n\n\n\n<p><a href=\"https:\/\/www.bajaionkormanyzat.hu\/images\/varoshaza\/Kozlemenyek\/2022\/08\/04\/11\/1JSZ_19-14_2022-Adatvedelmi-tajekoztato-piaci-alapon-muteremlakas-celjabol-szolgalati-jelleggel-vagy-berlokijeloles-alapjan-torteno-berbeadas-targyaban.pdf\">1JSZ\/19-14\/2022 Adatv\u00e9delmi t\u00e1j\u00e9koztat\u00f3 piaci alapon, m\u0171teremlak\u00e1s c\u00e9lj\u00e1b\u00f3l, szolg\u00e1lati jelleggel vagy b\u00e9rl\u0151kijel\u00f6l\u00e9s alapj\u00e1n t\u00f6rt\u00e9n\u0151 b\u00e9rbead\u00e1s t\u00e1rgy\u00e1ban<\/a><\/p>\n\n\n\n<p><a href=\"https:\/\/www.bajaionkormanyzat.hu\/images\/varoshaza\/Kozlemenyek\/2022\/08\/04\/11\/1JSZ_19-11_2022-Adatvedelmi-tajekoztato--atmeneti-elhelyezes-erdekeben-torteno-berbeadas-irant-benyujtott-kerelmek-elbiralasa-es-szerzodeskotes-targyaban.pdf\">1JSZ\/19-11\/2022 Adatv\u00e9delmi t\u00e1j\u00e9koztat\u00f3 \u00e1tmeneti elhelyez\u00e9s \u00e9rdek\u00e9ben t\u00f6rt\u00e9n\u0151 b\u00e9rbead\u00e1s ir\u00e1nt beny\u00fajtott k\u00e9relmek elb\u00edr\u00e1l\u00e1sa \u00e9s szerz\u0151d\u00e9sk\u00f6t\u00e9s t\u00e1rgy\u00e1ban<\/a><\/p>\n\n\n\n<p><a href=\"https:\/\/www.bajaionkormanyzat.hu\/images\/varoshaza\/Kozlemenyek\/2022\/08\/04\/11\/1JSZ_19-2_2022-Adatvedelmi-tajekoztato-a-Baja-Dala-palyazati-kiirasra-benyujtott-palyazatok-targyaban.pdf\">1JSZ\/19-2\/2022 Adatv\u00e9delmi t\u00e1j\u00e9koztat\u00f3 a Baja Dala p\u00e1ly\u00e1zati ki\u00edr\u00e1sra beny\u00fajtott p\u00e1ly\u00e1zatok t\u00e1rgy\u00e1ban<\/a><\/p>\n\n\n\n<p><a href=\"https:\/\/www.bajaionkormanyzat.hu\/images\/varoshaza\/Kozlemenyek\/2022\/08\/04\/11\/1JSZ_183-14_2021-Adatvedelmi-tajekoztato-a-karacsonyi-kivansagdoboz-adatkezelese-targyaban.pdf\">1JSZ\/183-14\/2021 Adatv\u00e9delmi t\u00e1j\u00e9koztat\u00f3 a kar\u00e1csonyi k\u00edv\u00e1ns\u00e1gdoboz adatkezel\u00e9se t\u00e1rgy\u00e1ban<\/a><\/p>\n\n\n\n<p><a href=\"https:\/\/www.bajaionkormanyzat.hu\/images\/varoshaza\/Kozlemenyek\/2022\/08\/04\/11\/1JSZ_183-12_2021-Adatvedelmi-tajekoztato-Baja-varos-Kozigazgatasi-teruleten-helyi-autobusszal-vegzett-menetrend-szerinti-szemelyszallitasi-feladatok-ellatasa-targyaban.pdf\">1JSZ\/183-12\/2021 Adatv\u00e9delmi t\u00e1j\u00e9koztat\u00f3 Baja v\u00e1ros K\u00f6zigazgat\u00e1si ter\u00fclet\u00e9n helyi, aut\u00f3busszal v\u00e9gzett, menetrend szerinti szem\u00e9lysz\u00e1ll\u00edt\u00e1si feladatok ell\u00e1t\u00e1sa t\u00e1rgy\u00e1ban<\/a><\/p>\n\n\n\n<p><a href=\"https:\/\/www.bajaionkormanyzat.hu\/images\/varoshaza\/Kozlemenyek\/2022\/08\/04\/11\/1JSZ_183-3_2021-Adatvedelmi-tajekoztato-Baja-Varos-onkormanyzat-2021.-evi-koltsegvetesehez-kapcsolodoan-kerdesfelteteli-es-javaslatteteli-lehetoseg-targyaban.pdf\">1JSZ\/183-3\/2021 Adatv\u00e9delmi t\u00e1j\u00e9koztat\u00f3 Baja V\u00e1ros \u00d6nkorm\u00e1nyzat 2021. \u00e9vi k\u00f6lts\u00e9gvet\u00e9s\u00e9hez kapcsol\u00f3d\u00f3an k\u00e9rd\u00e9sfelt\u00e9teli \u00e9s javaslatt\u00e9teli lehet\u0151s\u00e9g t\u00e1rgy\u00e1ban<\/a><\/p>\n\n\n\n<p><a href=\"https:\/\/www.bajaionkormanyzat.hu\/images\/varoshaza\/Kozlemenyek\/2022\/08\/04\/11\/1JSZ_113-9_2020-Adatvedelmi-tajekoztato-Baja-Varos-onkormanyzat-es-a-Nador-Rendszerhaz-Kft.-kozott-letrejott-szallitasi-szerzodes-targyaban.pdf\">1JSZ\/113-9\/2020 Adatv\u00e9delmi t\u00e1j\u00e9koztat\u00f3 Baja V\u00e1ros \u00d6nkorm\u00e1nyzat \u00e9s a N\u00e1dor Rendszerh\u00e1z Kft. k\u00f6z\u00f6tt l\u00e9trej\u00f6tt sz\u00e1ll\u00edt\u00e1si szerz\u0151d\u00e9s t\u00e1rgy\u00e1ban<\/a><\/p>\n\n\n\n<p><a href=\"https:\/\/www.bajaionkormanyzat.hu\/images\/varoshaza\/Kozlemenyek\/2022\/08\/04\/11\/1JSZ_113-1_2020-Adatvedelmi-tajekoztato-a-2020.-februar-20-i-kozmeghallgatas-targyaban.pdf\">1JSZ\/113-1\/2020 Adatv\u00e9delmi t\u00e1j\u00e9koztat\u00f3 a 2020. febru\u00e1r 20-i k\u00f6zmeghallgat\u00e1s t\u00e1rgy\u00e1ban<\/a><\/p>\n\n\n\n<p><a href=\"https:\/\/www.bajaionkormanyzat.hu\/images\/varoshaza\/Kozlemenyek\/2022\/08\/04\/11\/1JSZ_277-1_2019-Adatvedelmi-tajekoztato-a-2019.-november-14-i-lakossagi-forum-targyaban.pdf\">1JSZ\/277-1\/2019 Adatv\u00e9delmi t\u00e1j\u00e9koztat\u00f3 a 2019. november 14-i lakoss\u00e1gi f\u00f3rum t\u00e1rgy\u00e1ban<\/a><\/p>","protected":false},"excerpt":{"rendered":"<p>1JSZ\/193-18\/2025 Adatv\u00e9delmi t\u00e1j\u00e9koztat\u00f3 a 2025. szeptember 30. napj\u00e1n tartand\u00f3 lakoss\u00e1gi egyeztet\u00e9s t\u00e1rgy\u00e1ban 1JSZ\/193-17\/2025 Adatv\u00e9delmi t\u00e1j\u00e9koztat\u00f3 k\u00f6ztemet\u00e9s t\u00e1rgy\u00e1ban 1JSZ\/193-16\/2025 Adatv\u00e9delmi t\u00e1j\u00e9koztat\u00f3 elhunyt szem\u00e9ly eltemettet\u00e9s\u00e9nek k\u00f6lts\u00e9geihez val\u00f3 hozz\u00e1j\u00e1rul\u00e1sk\u00e9nt ny\u00fajtott rendk\u00edv\u00fcli telep\u00fcl\u00e9si t\u00e1mogat\u00e1s t\u00e1rgy\u00e1ban 1JSZ\/193-15\/2025 Adatv\u00e9delmi t\u00e1j\u00e9koztat\u00f3 nyugd\u00edjasok gy\u00f3gyszert\u00e1mogat\u00e1sa t\u00e1rgy\u00e1ban 1JSZ\/193-14\/2025 Adatv\u00e9delmi t\u00e1j\u00e9koztat\u00f3 nyugd\u00edjasok \u00f6nkorm\u00e1nyzati t\u00e1mogat\u00e1sa t\u00e1rgy\u00e1ban 1JSZ\/193-13\/2025 Adatv\u00e9delmi t\u00e1j\u00e9koztat\u00f3 \u00e1rv\u00edzk\u00e1rosultak r\u00e9sz\u00e9re ny\u00fajtott rendk\u00edv\u00fcli telep\u00fcl\u00e9si t\u00e1mogat\u00e1s t\u00e1rgy\u00e1ban 1JSZ\/193-12\/2025 [&hellip;]<\/p>","protected":false},"author":4,"featured_media":0,"parent":0,"menu_order":0,"comment_status":"closed","ping_status":"closed","template":"","meta":{"footnotes":""},"class_list":["post-1655","page","type-page","status-publish","hentry"],"_links":{"self":[{"href":"https:\/\/baja.lionstackailab.hu\/en\/wp-json\/wp\/v2\/pages\/1655","targetHints":{"allow":["GET"]}}],"collection":[{"href":"https:\/\/baja.lionstackailab.hu\/en\/wp-json\/wp\/v2\/pages"}],"about":[{"href":"https:\/\/baja.lionstackailab.hu\/en\/wp-json\/wp\/v2\/types\/page"}],"author":[{"embeddable":true,"href":"https:\/\/baja.lionstackailab.hu\/en\/wp-json\/wp\/v2\/users\/4"}],"replies":[{"embeddable":true,"href":"https:\/\/baja.lionstackailab.hu\/en\/wp-json\/wp\/v2\/comments?post=1655"}],"version-history":[{"count":0,"href":"https:\/\/baja.lionstackailab.hu\/en\/wp-json\/wp\/v2\/pages\/1655\/revisions"}],"wp:attachment":[{"href":"https:\/\/baja.lionstackailab.hu\/en\/wp-json\/wp\/v2\/media?parent=1655"}],"curies":[{"name":"wp","href":"https:\/\/api.w.org\/{rel}","templated":true}]}}