{"id":1634,"date":"2025-12-05T09:53:33","date_gmt":"2025-12-05T08:53:33","guid":{"rendered":"https:\/\/baja.lionstackailab.hu\/?page_id=1634"},"modified":"2025-12-05T09:55:33","modified_gmt":"2025-12-05T08:55:33","slug":"2026-evi-valasztas-2","status":"publish","type":"page","link":"https:\/\/baja.lionstackailab.hu\/en\/2026-evi-valasztas-2\/","title":{"rendered":"2026. \u00e9vi v\u00e1laszt\u00e1s"},"content":{"rendered":"<p>Felt\u00f6lt\u00e9s alatt!<\/p>","protected":false},"excerpt":{"rendered":"<p>Felt\u00f6lt\u00e9s alatt!<\/p>","protected":false},"author":4,"featured_media":0,"parent":0,"menu_order":0,"comment_status":"closed","ping_status":"closed","template":"","meta":{"footnotes":""},"class_list":["post-1634","page","type-page","status-publish","hentry"],"_links":{"self":[{"href":"https:\/\/baja.lionstackailab.hu\/en\/wp-json\/wp\/v2\/pages\/1634","targetHints":{"allow":["GET"]}}],"collection":[{"href":"https:\/\/baja.lionstackailab.hu\/en\/wp-json\/wp\/v2\/pages"}],"about":[{"href":"https:\/\/baja.lionstackailab.hu\/en\/wp-json\/wp\/v2\/types\/page"}],"author":[{"embeddable":true,"href":"https:\/\/baja.lionstackailab.hu\/en\/wp-json\/wp\/v2\/users\/4"}],"replies":[{"embeddable":true,"href":"https:\/\/baja.lionstackailab.hu\/en\/wp-json\/wp\/v2\/comments?post=1634"}],"version-history":[{"count":0,"href":"https:\/\/baja.lionstackailab.hu\/en\/wp-json\/wp\/v2\/pages\/1634\/revisions"}],"wp:attachment":[{"href":"https:\/\/baja.lionstackailab.hu\/en\/wp-json\/wp\/v2\/media?parent=1634"}],"curies":[{"name":"wp","href":"https:\/\/api.w.org\/{rel}","templated":true}]}}