{"id":16,"date":"2025-07-16T09:06:10","date_gmt":"2025-07-16T07:06:10","guid":{"rendered":"https:\/\/baja.lionstackailab.hu\/?page_id=16"},"modified":"2025-12-05T11:58:35","modified_gmt":"2025-12-05T10:58:35","slug":"kezdolap","status":"publish","type":"page","link":"https:\/\/baja.lionstackailab.hu\/en\/","title":{"rendered":"Kezd\u0151lap"},"content":{"rendered":"<div data-elementor-type=\"wp-page\" data-elementor-id=\"16\" class=\"elementor elementor-16\" data-elementor-post-type=\"page\">\n\t\t\t\t<div class=\"elementor-element elementor-element-537429d e-flex e-con-boxed e-con e-parent\" data-id=\"537429d\" data-element_type=\"container\">\n\t\t\t\t\t<div class=\"e-con-inner\">\n\t\t<div class=\"elementor-element elementor-element-4668c16 e-con-full elementor-hidden-mobile e-flex e-con e-child\" data-id=\"4668c16\" data-element_type=\"container\">\n\t\t\t\t<\/div>\n\t\t<div class=\"elementor-element elementor-element-a15912c e-con-full e-flex e-con e-child\" data-id=\"a15912c\" data-element_type=\"container\">\n\t\t\t\t<div class=\"elementor-element elementor-element-bd84e33 elementor-widget elementor-widget-shortcode\" data-id=\"bd84e33\" data-element_type=\"widget\" data-widget_type=\"shortcode.default\">\n\t\t\t\t\t\t\t<div class=\"elementor-shortcode\"><div class='lang-con' data-no-translation><a href='https:\/\/baja.lionstackailab.hu\/en\/wp-json\/wp\/v2\/pages\/16' class='custom'><span style='color:#163760 !important'><img style='width:20px; height:20px; object-fit:cover; margin-left:10px; border-radius:99%' src='https:\/\/bajakartya.hu\/wp-content\/uploads\/2025\/04\/Flag_of_Hungary.png'><\/span><\/a><a href='https:\/\/baja.lionstackailab.hu\/en\/wp-json\/wp\/v2\/pages\/16' class='custom'><span style='color:#E1A850 !important'><img style='width:20px; height:20px; object-fit:cover; margin-left:10px; border-radius:99%' src='https:\/\/bajakartya.hu\/wp-content\/uploads\/2025\/04\/letoltes.png'><\/span><\/a><\/div><\/div>\n\t\t\t\t\t\t<\/div>\n\t\t\t\t<\/div>\n\t\t\t\t\t<\/div>\n\t\t\t\t<\/div>\n\t\t<div class=\"elementor-element elementor-element-004a782 e-flex e-con-boxed e-con e-parent\" data-id=\"004a782\" data-element_type=\"container\">\n\t\t\t\t\t<div class=\"e-con-inner\">\n\t\t\t\t<div class=\"elementor-element elementor-element-cdcdecf elementor-invisible elementor-widget elementor-widget-image\" data-id=\"cdcdecf\" data-element_type=\"widget\" data-settings=\"{&quot;_animation&quot;:&quot;zoomInDown&quot;}\" data-widget_type=\"image.default\">\n\t\t\t\t\t\t\t\t\t\t\t\t\t\t\t<img fetchpriority=\"high\" decoding=\"async\" width=\"651\" height=\"303\" src=\"https:\/\/baja.lionstackailab.hu\/wp-content\/uploads\/2025\/07\/Layer-1.jpg\" class=\"attachment-large size-large wp-image-22\" alt=\"\" srcset=\"https:\/\/baja.lionstackailab.hu\/wp-content\/uploads\/2025\/07\/Layer-1.jpg 651w, https:\/\/baja.lionstackailab.hu\/wp-content\/uploads\/2025\/07\/Layer-1-300x140.jpg 300w\" sizes=\"(max-width: 651px) 100vw, 651px\" \/>\t\t\t\t\t\t\t\t\t\t\t\t\t\t\t<\/div>\n\t\t\t\t<div class=\"elementor-element elementor-element-2e48bae elementor-widget elementor-widget-heading\" data-id=\"2e48bae\" data-element_type=\"widget\" data-widget_type=\"heading.default\">\n\t\t\t\t\t<p class=\"elementor-heading-title elementor-size-default\">Megyei Jog\u00fa V\u00e1ros<\/p>\t\t\t\t<\/div>\n\t\t\t\t\t<\/div>\n\t\t\t\t<\/div>\n\t\t<div class=\"elementor-element elementor-element-9ddb42e e-flex e-con-boxed e-con e-parent\" data-id=\"9ddb42e\" data-element_type=\"container\">\n\t\t\t\t\t<div class=\"e-con-inner\">\n\t\t<div class=\"elementor-element elementor-element-78b46ac e-con-full e-flex e-con e-child\" data-id=\"78b46ac\" data-element_type=\"container\" data-settings=\"{&quot;background_background&quot;:&quot;classic&quot;}\">\n\t\t\t\t<div class=\"elementor-element elementor-element-e4c7b9a elementor-widget elementor-widget-image\" data-id=\"e4c7b9a\" data-element_type=\"widget\" data-widget_type=\"image.default\">\n\t\t\t\t\t\t\t\t\t\t\t\t\t\t\t<img decoding=\"async\" width=\"2560\" height=\"272\" src=\"https:\/\/baja.lionstackailab.hu\/wp-content\/uploads\/2025\/07\/Layer_1-1-scaled.png\" class=\"attachment-full size-full wp-image-65\" alt=\"\" srcset=\"https:\/\/baja.lionstackailab.hu\/wp-content\/uploads\/2025\/07\/Layer_1-1-scaled.png 2560w, https:\/\/baja.lionstackailab.hu\/wp-content\/uploads\/2025\/07\/Layer_1-1-300x32.png 300w, https:\/\/baja.lionstackailab.hu\/wp-content\/uploads\/2025\/07\/Layer_1-1-1024x109.png 1024w, https:\/\/baja.lionstackailab.hu\/wp-content\/uploads\/2025\/07\/Layer_1-1-768x82.png 768w, https:\/\/baja.lionstackailab.hu\/wp-content\/uploads\/2025\/07\/Layer_1-1-1536x163.png 1536w, https:\/\/baja.lionstackailab.hu\/wp-content\/uploads\/2025\/07\/Layer_1-1-2048x218.png 2048w, https:\/\/baja.lionstackailab.hu\/wp-content\/uploads\/2025\/07\/Layer_1-1-18x2.png 18w\" sizes=\"(max-width: 2560px) 100vw, 2560px\" \/>\t\t\t\t\t\t\t\t\t\t\t\t\t\t\t<\/div>\n\t\t<div class=\"elementor-element elementor-element-04e58f0 e-con-full e-flex e-con e-child\" data-id=\"04e58f0\" data-element_type=\"container\">\n\t\t\t\t<div class=\"elementor-element elementor-element-9c5644f elementor-widget elementor-widget-button\" data-id=\"9c5644f\" data-element_type=\"widget\" data-widget_type=\"button.default\">\n\t\t\t\t\t\t\t\t\t\t<a class=\"elementor-button elementor-button-link elementor-size-sm\" href=\"https:\/\/baja.lionstackailab.hu\/en\/baja-onkormanyzat\/\">\n\t\t\t\t\t\t<span class=\"elementor-button-content-wrapper\">\n\t\t\t\t\t\t\t\t\t<span class=\"elementor-button-text\">Bajai vagyok<\/span>\n\t\t\t\t\t<\/span>\n\t\t\t\t\t<\/a>\n\t\t\t\t\t\t\t\t<\/div>\n\t\t\t\t<div class=\"elementor-element elementor-element-499b918 elementor-widget elementor-widget-button\" data-id=\"499b918\" data-element_type=\"widget\" data-widget_type=\"button.default\">\n\t\t\t\t\t\t\t\t\t\t<a class=\"elementor-button elementor-button-link elementor-size-sm\" href=\"https:\/\/baja.lionstackailab.hu\/en\/baja-turizmus\/\">\n\t\t\t\t\t\t<span class=\"elementor-button-content-wrapper\">\n\t\t\t\t\t\t\t\t\t<span class=\"elementor-button-text\">Turista vagyok<\/span>\n\t\t\t\t\t<\/span>\n\t\t\t\t\t<\/a>\n\t\t\t\t\t\t\t\t<\/div>\n\t\t\t\t<\/div>\n\t\t<div class=\"elementor-element elementor-element-04c19fc e-con-full e-flex e-con e-child\" data-id=\"04c19fc\" data-element_type=\"container\">\n\t\t\t\t<div class=\"elementor-element elementor-element-5d3627d elementor-hidden-desktop elementor-hidden-tablet elementor-hidden-mobile elementor-widget elementor-widget-button\" data-id=\"5d3627d\" data-element_type=\"widget\" data-widget_type=\"button.default\">\n\t\t\t\t\t\t\t\t\t\t<a class=\"elementor-button elementor-button-link elementor-size-sm\" href=\"#\">\n\t\t\t\t\t\t<span class=\"elementor-button-content-wrapper\">\n\t\t\t\t\t\t\t\t\t<span class=\"elementor-button-text\">V\u00e1llalkoz\u00f3 vagyok<\/span>\n\t\t\t\t\t<\/span>\n\t\t\t\t\t<\/a>\n\t\t\t\t\t\t\t\t<\/div>\n\t\t\t\t<\/div>\n\t\t<div class=\"elementor-element elementor-element-fd37711 e-con-full e-flex e-con e-child\" data-id=\"fd37711\" data-element_type=\"container\">\n\t\t\t\t<div class=\"elementor-element elementor-element-1334ba8 elementor-widget elementor-widget-button\" data-id=\"1334ba8\" data-element_type=\"widget\" data-widget_type=\"button.default\">\n\t\t\t\t\t\t\t\t\t\t<a class=\"elementor-button elementor-button-link elementor-size-sm\" href=\"https:\/\/bajakartya.hu\/\">\n\t\t\t\t\t\t<span class=\"elementor-button-content-wrapper\">\n\t\t\t\t\t\t<span class=\"elementor-button-icon\">\n\t\t\t\t<svg xmlns=\"http:\/\/www.w3.org\/2000\/svg\" viewbox=\"0 0 24 24\" width=\"24\" height=\"24\"><title>pocket<\/title><style>\t\t.s0 { fill: none;stroke: #e1a850;stroke-linecap: round;stroke-linejoin: round;stroke-width: 1.4 } \t<\/style><path class=\"s0\" d=\"m20 3h-16c-0.5 0-1 0.2-1.4 0.6-0.4 0.4-0.6 0.9-0.6 1.4v6c0 2.7 1.1 5.2 2.9 7.1 1 0.9 2.1 1.6 3.3 2.1 1.2 0.5 2.5 0.8 3.8 0.8 2.7 0 5.2-1.1 7.1-2.9 1.8-1.9 2.9-4.4 2.9-7.1v-6c0-0.5-0.2-1-0.6-1.4-0.4-0.4-0.9-0.6-1.4-0.6z\"><\/path><path class=\"s0\" d=\"m8 10l4 4 4-4\"><\/path><\/svg>\t\t\t<\/span>\n\t\t\t\t\t\t\t\t\t<span class=\"elementor-button-text\">Bajak\u00e1rtya<\/span>\n\t\t\t\t\t<\/span>\n\t\t\t\t\t<\/a>\n\t\t\t\t\t\t\t\t<\/div>\n\t\t\t\t<\/div>\n\t\t\t\t<\/div>\n\t\t\t\t\t<\/div>\n\t\t\t\t<\/div>\n\t\t\t\t<\/div>","protected":false},"excerpt":{"rendered":"<p>Megyei Jog\u00fa V\u00e1ros Bajai vagyok Turista vagyok V\u00e1llalkoz\u00f3 vagyok pocket Bajak\u00e1rtya<\/p>","protected":false},"author":1,"featured_media":0,"parent":0,"menu_order":0,"comment_status":"closed","ping_status":"closed","template":"","meta":{"footnotes":""},"class_list":["post-16","page","type-page","status-publish","hentry"],"_links":{"self":[{"href":"https:\/\/baja.lionstackailab.hu\/en\/wp-json\/wp\/v2\/pages\/16","targetHints":{"allow":["GET"]}}],"collection":[{"href":"https:\/\/baja.lionstackailab.hu\/en\/wp-json\/wp\/v2\/pages"}],"about":[{"href":"https:\/\/baja.lionstackailab.hu\/en\/wp-json\/wp\/v2\/types\/page"}],"author":[{"embeddable":true,"href":"https:\/\/baja.lionstackailab.hu\/en\/wp-json\/wp\/v2\/users\/1"}],"replies":[{"embeddable":true,"href":"https:\/\/baja.lionstackailab.hu\/en\/wp-json\/wp\/v2\/comments?post=16"}],"version-history":[{"count":0,"href":"https:\/\/baja.lionstackailab.hu\/en\/wp-json\/wp\/v2\/pages\/16\/revisions"}],"wp:attachment":[{"href":"https:\/\/baja.lionstackailab.hu\/en\/wp-json\/wp\/v2\/media?parent=16"}],"curies":[{"name":"wp","href":"https:\/\/api.w.org\/{rel}","templated":true}]}}