{"id":1135,"date":"2025-09-05T15:24:54","date_gmt":"2025-09-05T13:24:54","guid":{"rendered":"https:\/\/baja.lionstackailab.hu\/?page_id=1135"},"modified":"2025-09-05T15:25:20","modified_gmt":"2025-09-05T13:25:20","slug":"elismeresek","status":"publish","type":"page","link":"https:\/\/baja.lionstackailab.hu\/en\/elismeresek\/","title":{"rendered":"Elismer\u00e9sek"},"content":{"rendered":"<div data-elementor-type=\"wp-page\" data-elementor-id=\"1135\" class=\"elementor elementor-1135\" data-elementor-post-type=\"page\">\n\t\t\t\t<div class=\"elementor-element elementor-element-cb9fdcf e-flex e-con-boxed e-con e-parent\" data-id=\"cb9fdcf\" data-element_type=\"container\">\n\t\t\t\t\t<div class=\"e-con-inner\">\n\t\t\t\t<div class=\"elementor-element elementor-element-b6075a8 elementor-widget elementor-widget-shortcode\" data-id=\"b6075a8\" data-element_type=\"widget\" data-widget_type=\"shortcode.default\">\n\t\t\t\t\t\t\t<div class=\"elementor-shortcode\">        <div class=\"baja-awards-container\">\n                    <div class=\"bajaawards-search-container\">\n            <div class=\"search-top\">\n                <input type=\"text\" class=\"search-input\" placeholder=\"Keres\u00e9s...\">\n                <img decoding=\"async\" src=\"https:\/\/baja.lionstackailab.hu\/wp-content\/plugins\/bajaawards\/inc\/..\/assets\/img\/search.svg\" alt=\"Keres\u00e9s\" class=\"search-icon\" \/>\n            <\/div>\n\n            <div class=\"search-filters\">\n                <div class=\"filter-wrapper\">\n                    <select class=\"filter-select category-filter\">\n                        <option value=\"\">Elismer\u00e9s szerint<\/option>\n                                                    <option value=\"posztumusz\">\n                                posztumusz                            <\/option>\n                                            <\/select>\n                <\/div>\n\n                <div class=\"filter-wrapper\">\n                    <select class=\"filter-select year-filter\">\n                        <option value=\"\">\u00c9v szerint<\/option>\n                                                    <option value=\"2025\">\n                                2025                            <\/option>\n                                                    <option value=\"2024\">\n                                2024                            <\/option>\n                                                    <option value=\"2023\">\n                                2023                            <\/option>\n                                                    <option value=\"2022\">\n                                2022                            <\/option>\n                                            <\/select>\n                <\/div>\n            <\/div>\n        <\/div>\n                    \n            <div class=\"baja-awards-timeline\" id=\"awards-timeline\">\n                <div class=\"timeline-container\"><div class=\"timeline-item\" \n                        data-recipient-name=\"Koch Zsuzsanna\" \n                        data-award-name=\"BAJA V\u00c1ROS K\u00d6ZNEVEL\u00c9S\u00c9\u00c9RT \u00c9S FELS\u0150OKTAT\u00c1S\u00c1\u00c9RT\" \n                        data-lead-text=\"\" \n                        data-year=\"2025\" \n                        data-category=\"\"><div class=\"timeline-content timeline-left\"><div class=\"award-card\"><div class=\"award-image\"><img decoding=\"async\" src=\"https:\/\/baja.lionstackailab.hu\/wp-content\/uploads\/2026\/02\/koch_zsuzsanna.jpeg\" alt=\"Koch Zsuzsanna\"><\/div><div class=\"award-content\"><h3 class=\"recipient-name\">Koch Zsuzsanna<\/h3><button class=\"laudation-btn\" \n                        data-award-id=\"49\" \n                        data-recipient=\"Koch Zsuzsanna\" \n                        data-award=\"BAJA V\u00c1ROS K\u00d6ZNEVEL\u00c9S\u00c9\u00c9RT \u00c9S FELS\u0150OKTAT\u00c1S\u00c1\u00c9RT\" \n                        data-year=\"2025\"\n                        data-laudation=\"Baja Megyei Jog\u00fa V\u00e1ros \u00d6nkorm\u00e1nyzata K\u00f6zgy\u0171l\u00e9se a D\u00e9li Agr\u00e1r Szakk\u00e9pz\u00e9si Centrum Bereczki M\u00e1t\u00e9 Mez\u0151gazdas\u00e1gi \u00e9s \u00c9lelmiszeripari Technikum Szakk\u00e9pz\u0151 Iskol\u00e1ja igazgat\u00f3jak\u00e9nt az int\u00e9zm\u00e9ny k\u00e9pz\u00e9si k\u00edn\u00e1lat\u00e1nak b\u0151v\u00edt\u00e9s\u00e9ben, a du\u00e1lis k\u00e9pz\u00e9s megval\u00f3s\u00edt\u00e1s\u00e1ban, az \u00e9p\u00edtett k\u00f6rnyezet korszer\u0171s\u00edt\u00e9s\u00e9ben ny\u00fajtott meghat\u00e1roz\u00f3 \u00e9s kiemelked\u0151 tev\u00e9kenys\u00e9ge, valamint p\u00e9lda\u00e9rt\u00e9k\u0171 t\u00e1rsadalmi szerepv\u00e1llal\u00e1sa \u00e9s t\u00f6bb \u00e9vtizedes eredm\u00e9nyes oktat\u00f3 munk\u00e1ja elismer\u00e9sek\u00e9nt BAJA V\u00c1ROS K\u00d6ZNEVEL\u00c9S\u00c9\u00c9RT \u00c9S FELS\u0150OKTAT\u00c1S\u00c1\u00c9RT kit\u00fcntet\u0151 d\u00edjat adom\u00e1nyoz.\">\n                        Laud\u00e1ci\u00f3\n                        <img decoding=\"async\" src=\"https:\/\/baja.lionstackailab.hu\/wp-content\/plugins\/bajaawards\/inc\/..\/assets\/img\/arrow-right-circle.svg\" alt=\"\" class=\"btn-icon\">\n                      <\/button><\/div><\/div><\/div><div class=\"timeline-center\"><div class=\"timeline-marker\"><\/div><\/div><div class=\"timeline-date timeline-right\"><div class=\"date-info\"><span class=\"year\">2025<\/span><h4 class=\"award-title\">BAJA V\u00c1ROS K\u00d6ZNEVEL\u00c9S\u00c9\u00c9RT \u00c9S FELS\u0150OKTAT\u00c1S\u00c1\u00c9RT<\/h4><\/div><\/div><\/div><div class=\"timeline-item\" \n                        data-recipient-name=\"Sarl\u00f3s Istv\u00e1n\" \n                        data-award-name=\"BAJA V\u00c1ROS K\u00d6ZSZOLG\u00c1LAT\u00c1\u00c9RT\" \n                        data-lead-text=\"\" \n                        data-year=\"2025\" \n                        data-category=\"\"><div class=\"timeline-date timeline-left\"><div class=\"date-info\"><span class=\"year\">2025<\/span><h4 class=\"award-title\">BAJA V\u00c1ROS K\u00d6ZSZOLG\u00c1LAT\u00c1\u00c9RT<\/h4><\/div><\/div><div class=\"timeline-center\"><div class=\"timeline-marker\"><\/div><\/div><div class=\"timeline-content timeline-right\"><div class=\"award-card\"><div class=\"award-image\"><img decoding=\"async\" src=\"https:\/\/baja.lionstackailab.hu\/wp-content\/uploads\/2026\/02\/sarlos_istvan.jpeg\" alt=\"Sarl\u00f3s Istv\u00e1n\"><\/div><div class=\"award-content\"><h3 class=\"recipient-name\">Sarl\u00f3s Istv\u00e1n<\/h3><button class=\"laudation-btn\" \n                        data-award-id=\"48\" \n                        data-recipient=\"Sarl\u00f3s Istv\u00e1n\" \n                        data-award=\"BAJA V\u00c1ROS K\u00d6ZSZOLG\u00c1LAT\u00c1\u00c9RT\" \n                        data-year=\"2025\"\n                        data-laudation=\"Baja Megyei Jog\u00fa V\u00e1ros \u00d6nkorm\u00e1nyzata K\u00f6zgy\u0171l\u00e9se a Bajai Lev\u00e9lt\u00e1rban hossz\u00fa id\u0151 \u00f3ta v\u00e9gzett kiemelked\u0151 lev\u00e9lt\u00e1rosi tev\u00e9kenys\u00e9ge, p\u00e9lda\u00e9rt\u00e9k\u0171 tudom\u00e1nyos-ismeretterjeszt\u0151 munk\u00e1ss\u00e1ga, \u00e9rt\u00e9kes k\u00f6z\u00e9leti szerepv\u00e1llal\u00e1sa, Baja \u00e9s k\u00f6rny\u00e9ke t\u00f6rt\u00e9net\u00e9t bemutat\u00f3 publik\u00e1ci\u00f3i, sz\u00e1mtalan sikeres el\u0151ad\u00e1sa, valamint az ifj\u00fas\u00e1g t\u00e1mogat\u00e1s\u00e1\u00e9rt tett rotary cselekedetei \u00e9s Baj\u00e1hoz h\u0171 elk\u00f6telez\u0151d\u00e9se elismer\u00e9sek\u00e9nt BAJA V\u00c1ROS K\u00d6ZSZOLG\u00c1LAT\u00c1\u00c9RT kit\u00fcntet\u0151 d\u00edjat adom\u00e1nyoz.\">\n                        Laud\u00e1ci\u00f3\n                        <img decoding=\"async\" src=\"https:\/\/baja.lionstackailab.hu\/wp-content\/plugins\/bajaawards\/inc\/..\/assets\/img\/arrow-right-circle.svg\" alt=\"\" class=\"btn-icon\">\n                      <\/button><\/div><\/div><\/div><\/div><div class=\"timeline-item\" \n                        data-recipient-name=\"B\u00e1nyai Gy\u00f6rgy \u00e9s B\u00e1nyain\u00e9 Gunics T\u00edmea\" \n                        data-award-name=\"BAJA V\u00c1ROS MESTERE\" \n                        data-lead-text=\"\" \n                        data-year=\"2024\" \n                        data-category=\"\"><div class=\"timeline-content timeline-left\"><div class=\"award-card\"><div class=\"award-image\"><img decoding=\"async\" src=\"https:\/\/baja.lionstackailab.hu\/wp-content\/uploads\/2026\/01\/banyai.jpeg\" alt=\"B\u00e1nyai Gy\u00f6rgy \u00e9s B\u00e1nyain\u00e9 Gunics T\u00edmea\"><\/div><div class=\"award-content\"><h3 class=\"recipient-name\">B\u00e1nyai Gy\u00f6rgy \u00e9s B\u00e1nyain\u00e9 Gunics T\u00edmea<\/h3><button class=\"laudation-btn\" \n                        data-award-id=\"20\" \n                        data-recipient=\"B\u00e1nyai Gy\u00f6rgy \u00e9s B\u00e1nyain\u00e9 Gunics T\u00edmea\" \n                        data-award=\"BAJA V\u00c1ROS MESTERE\" \n                        data-year=\"2024\"\n                        data-laudation=\"Baja Megyei Jog\u00fa V\u00e1ros \u00d6nkorm\u00e1nyzata K\u00f6zgy\u0171l\u00e9se Baja v\u00e1ros \u00e9s t\u00e9rs\u00e9ge h\u00edrnev\u00e9t \u00f6regb\u00edt\u0151 eg\u00e9szs\u00e9ges helyi term\u00e9kek \u00e9s alapanyagok el\u0151\u00e1ll\u00edt\u00e1sa ter\u00e9n el\u00e9rt kiemelked\u0151 szakmai eredm\u00e9nyei, a helyi termel\u0151k term\u00e9keinek n\u00e9pszer\u0171s\u00edt\u00e9se \u00e9rdek\u00e9ben v\u00e1rosi rendezv\u00e9nyek l\u00e9trehoz\u00e1s\u00e1ban v\u00e1llalt meghat\u00e1roz\u00f3 szerepe \u00e9s p\u00e9ldamutat\u00f3 lok\u00e1lpatriotizmusa elismer\u00e9sek\u00e9n BAJA V\u00c1ROS MESTERE kit\u00fcntet\u0151 d\u00edjat adom\u00e1nyoz.\">\n                        Laud\u00e1ci\u00f3\n                        <img decoding=\"async\" src=\"https:\/\/baja.lionstackailab.hu\/wp-content\/plugins\/bajaawards\/inc\/..\/assets\/img\/arrow-right-circle.svg\" alt=\"\" class=\"btn-icon\">\n                      <\/button><\/div><\/div><\/div><div class=\"timeline-center\"><div class=\"timeline-marker\"><\/div><\/div><div class=\"timeline-date timeline-right\"><div class=\"date-info\"><span class=\"year\">2024<\/span><h4 class=\"award-title\">BAJA V\u00c1ROS MESTERE<\/h4><\/div><\/div><\/div><div class=\"timeline-item\" \n                        data-recipient-name=\"Dr. Horv\u00e1th Ter\u00e9z\" \n                        data-award-name=\"\u201eAz 1956-os Forradalom Eml\u00e9kd\u00edja\u201d\" \n                        data-lead-text=\"\" \n                        data-year=\"2024\" \n                        data-category=\"\"><div class=\"timeline-date timeline-left\"><div class=\"date-info\"><span class=\"year\">2024<\/span><h4 class=\"award-title\">\u201eAz 1956-os Forradalom Eml\u00e9kd\u00edja\u201d<\/h4><\/div><\/div><div class=\"timeline-center\"><div class=\"timeline-marker\"><\/div><\/div><div class=\"timeline-content timeline-right\"><div class=\"award-card\"><div class=\"award-image\"><img decoding=\"async\" src=\"https:\/\/baja.lionstackailab.hu\/wp-content\/uploads\/2026\/01\/horveth_terez.jpeg\" alt=\"Dr. Horv\u00e1th Ter\u00e9z\"><\/div><div class=\"award-content\"><h3 class=\"recipient-name\">Dr. Horv\u00e1th Ter\u00e9z<\/h3><button class=\"laudation-btn\" \n                        data-award-id=\"19\" \n                        data-recipient=\"Dr. Horv\u00e1th Ter\u00e9z\" \n                        data-award=\"\u201eAz 1956-os Forradalom Eml\u00e9kd\u00edja\u201d\" \n                        data-year=\"2024\"\n                        data-laudation=\"Baja Megyei Jog\u00fa V\u00e1ros \u00d6nkorm\u00e1nyzata K\u00f6zgy\u0171l\u00e9se az 1956-os forradalom eszm\u00e9inek \u00e1pol\u00e1s\u00e1ban ny\u00fajtott kiv\u00e9teles tev\u00e9kenys\u00e9g\u00e9\u00e9rt, a meghurcoltat\u00e1st elszenved\u0151 csal\u00e1dja kitart\u00e1s\u00e1\u00e9rt \u00e9s p\u00e9lda\u00e9rt\u00e9k\u0171 helyt\u00e1ll\u00e1s\u00e1\u00e9rt \u201eAz 1956-os Forradalom Eml\u00e9kd\u00edja\u201d kit\u00fcntet\u0151 d\u00edjat adom\u00e1nyoz.\">\n                        Laud\u00e1ci\u00f3\n                        <img decoding=\"async\" src=\"https:\/\/baja.lionstackailab.hu\/wp-content\/plugins\/bajaawards\/inc\/..\/assets\/img\/arrow-right-circle.svg\" alt=\"\" class=\"btn-icon\">\n                      <\/button><\/div><\/div><\/div><\/div><div class=\"timeline-item\" \n                        data-recipient-name=\"Sugovica T\u00e1nck\u00f6r Kultur\u00e1lis Egyes\u00fclet\" \n                        data-award-name=\"BAJA V\u00c1ROS NEMZETIS\u00c9GEI\u00c9RT\" \n                        data-lead-text=\"\" \n                        data-year=\"2024\" \n                        data-category=\"\"><div class=\"timeline-content timeline-left\"><div class=\"award-card\"><div class=\"award-image\"><img decoding=\"async\" src=\"https:\/\/baja.lionstackailab.hu\/wp-content\/uploads\/2026\/01\/sugovica_tanckor.jpeg\" alt=\"Sugovica T\u00e1nck\u00f6r Kultur\u00e1lis Egyes\u00fclet\"><\/div><div class=\"award-content\"><h3 class=\"recipient-name\">Sugovica T\u00e1nck\u00f6r Kultur\u00e1lis Egyes\u00fclet<\/h3><button class=\"laudation-btn\" \n                        data-award-id=\"18\" \n                        data-recipient=\"Sugovica T\u00e1nck\u00f6r Kultur\u00e1lis Egyes\u00fclet\" \n                        data-award=\"BAJA V\u00c1ROS NEMZETIS\u00c9GEI\u00c9RT\" \n                        data-year=\"2024\"\n                        data-laudation=\"Baja Megyei Jog\u00fa V\u00e1ros \u00d6nkorm\u00e1nyzata K\u00f6zgy\u0171l\u00e9se a t\u00e9rs\u00e9gben \u00e9l\u0151 d\u00e9lszl\u00e1v nemzetis\u00e9g kult\u00far\u00e1j\u00e1nak \u00e9s hagyom\u00e1nyainak meg\u0151rz\u00e9s\u00e9ben \u00e9s \u00e1pol\u00e1s\u00e1ban ny\u00fajtott p\u00e9ldamutat\u00f3 \u00e9s \u00e9rt\u00e9kes tev\u00e9kenys\u00e9ge, a Nemzetek T\u00e1nca v\u00e1rosi program megval\u00f3s\u00edt\u00e1s\u00e1ban v\u00e1llalt egyed\u00fcl\u00e1ll\u00f3 szerepe, valamint a d\u00e9lszl\u00e1v zene \u00e9s \u00e9let\u00f6r\u00f6m k\u00e9pviselet\u00e9ben el\u00e9rt kimagasl\u00f3 \u00e9rdemei elismer\u00e9sek\u00e9nt BAJA V\u00c1ROS NEMZETIS\u00c9GEI\u00c9RT kit\u00fcntet\u0151 d\u00edjat adom\u00e1nyoz.\">\n                        Laud\u00e1ci\u00f3\n                        <img decoding=\"async\" src=\"https:\/\/baja.lionstackailab.hu\/wp-content\/plugins\/bajaawards\/inc\/..\/assets\/img\/arrow-right-circle.svg\" alt=\"\" class=\"btn-icon\">\n                      <\/button><\/div><\/div><\/div><div class=\"timeline-center\"><div class=\"timeline-marker\"><\/div><\/div><div class=\"timeline-date timeline-right\"><div class=\"date-info\"><span class=\"year\">2024<\/span><h4 class=\"award-title\">BAJA V\u00c1ROS NEMZETIS\u00c9GEI\u00c9RT<\/h4><\/div><\/div><\/div><\/div>            <\/div>\n            \n            <div class=\"no-results\" style=\"display: none;\">\n                <p>Nincs tal\u00e1lat a megadott felt\u00e9teleknek megfelel\u0151en.<\/p>\n            <\/div>\n            \n                        <div class=\"load-more-container\">\n                <button id=\"load-more-awards\" class=\"load-more-btn\" data-loaded=\"5\" data-total=\"46\">\n                    Tov\u00e1bbiak bet\u00f6lt\u00e9se\n                <\/button>\n            <\/div>\n                    <\/div>\n\n        \n        <div id=\"award-laudation-modal\" class=\"award-modal-overlay\" style=\"display: none;\">\n            <div class=\"award-modal-content\">\n                <button class=\"award-modal-close\"><\/button>\n                <div class=\"award-modal-header\">\n                    <div class=\"award-modal-date-info\">\n                        <div class=\"calendar-icon\"><\/div>\n                        <span class=\"award-modal-year\" id=\"award-modal-year\"><\/span>\n                    <\/div>\n                    <div class=\"award-modal-award-title\" id=\"award-modal-award-title\"><\/div>\n                    <h2 class=\"award-modal-recipient-name\" id=\"award-modal-recipient-name\"><\/h2>\n                    <div class=\"award-modal-category-badge\" id=\"award-modal-category-badge\" style=\"display: none;\">\n                        <img decoding=\"async\" src=\"https:\/\/baja.lionstackailab.hu\/wp-content\/plugins\/bajaawards\/inc\/..\/assets\/img\/stars.svg\" alt=\"\" class=\"category-icon\">\n                        <span class=\"category-text\" id=\"award-modal-category-text\"><\/span>\n                    <\/div>\n                <\/div>\n                <div class=\"award-modal-body\">\n                    <div id=\"award-modal-laudation-content\"><\/div>\n                <\/div>\n            <\/div>\n        <\/div>        <\/div>\n\t\t\t\t\t\t<\/div>\n\t\t\t\t\t<\/div>\n\t\t\t\t<\/div>\n\t\t\t\t<\/div>","protected":false},"excerpt":{"rendered":"","protected":false},"author":1,"featured_media":0,"parent":0,"menu_order":0,"comment_status":"closed","ping_status":"closed","template":"","meta":{"footnotes":""},"class_list":["post-1135","page","type-page","status-publish","hentry"],"_links":{"self":[{"href":"https:\/\/baja.lionstackailab.hu\/en\/wp-json\/wp\/v2\/pages\/1135","targetHints":{"allow":["GET"]}}],"collection":[{"href":"https:\/\/baja.lionstackailab.hu\/en\/wp-json\/wp\/v2\/pages"}],"about":[{"href":"https:\/\/baja.lionstackailab.hu\/en\/wp-json\/wp\/v2\/types\/page"}],"author":[{"embeddable":true,"href":"https:\/\/baja.lionstackailab.hu\/en\/wp-json\/wp\/v2\/users\/1"}],"replies":[{"embeddable":true,"href":"https:\/\/baja.lionstackailab.hu\/en\/wp-json\/wp\/v2\/comments?post=1135"}],"version-history":[{"count":0,"href":"https:\/\/baja.lionstackailab.hu\/en\/wp-json\/wp\/v2\/pages\/1135\/revisions"}],"wp:attachment":[{"href":"https:\/\/baja.lionstackailab.hu\/en\/wp-json\/wp\/v2\/media?parent=1135"}],"curies":[{"name":"wp","href":"https:\/\/api.w.org\/{rel}","templated":true}]}}