{"id":1120,"date":"2025-09-04T11:52:45","date_gmt":"2025-09-04T09:52:45","guid":{"rendered":"https:\/\/baja.lionstackailab.hu\/?page_id=1120"},"modified":"2025-09-17T11:13:39","modified_gmt":"2025-09-17T09:13:39","slug":"teljes-programlista","status":"publish","type":"page","link":"https:\/\/baja.lionstackailab.hu\/en\/teljes-programlista\/","title":{"rendered":"Teljes programlista"},"content":{"rendered":"<div data-elementor-type=\"wp-page\" data-elementor-id=\"1120\" class=\"elementor elementor-1120\" data-elementor-post-type=\"page\">\n\t\t\t\t<div class=\"elementor-element elementor-element-34ecb8c e-con-full e-flex e-con e-parent\" data-id=\"34ecb8c\" data-element_type=\"container\">\n\t\t<div class=\"elementor-element elementor-element-e759a53 e-flex e-con-boxed e-con e-child\" data-id=\"e759a53\" data-element_type=\"container\" data-settings=\"{&quot;background_background&quot;:&quot;classic&quot;}\">\n\t\t\t\t\t<div class=\"e-con-inner\">\n\t\t<div class=\"elementor-element elementor-element-313f9dc e-con-full e-flex e-con e-child\" data-id=\"313f9dc\" data-element_type=\"container\">\n\t\t\t\t<div class=\"elementor-element elementor-element-bcace0d elementor-widget elementor-widget-image\" data-id=\"bcace0d\" data-element_type=\"widget\" data-widget_type=\"image.default\">\n\t\t\t\t\t\t\t\t\t\t\t\t\t\t\t<img decoding=\"async\" width=\"39\" height=\"32\" src=\"https:\/\/baja.lionstackailab.hu\/wp-content\/uploads\/2025\/07\/other_houses.png\" class=\"attachment-large size-large wp-image-127\" alt=\"\" srcset=\"https:\/\/baja.lionstackailab.hu\/wp-content\/uploads\/2025\/07\/other_houses.png 39w, https:\/\/baja.lionstackailab.hu\/wp-content\/uploads\/2025\/07\/other_houses-15x12.png 15w\" sizes=\"(max-width: 39px) 100vw, 39px\" \/>\t\t\t\t\t\t\t\t\t\t\t\t\t\t\t<\/div>\n\t\t\t\t<div class=\"elementor-element elementor-element-d81980a elementor-view-default elementor-widget elementor-widget-icon\" data-id=\"d81980a\" data-element_type=\"widget\" data-widget_type=\"icon.default\">\n\t\t\t\t\t\t\t<div class=\"elementor-icon-wrapper\">\n\t\t\t<div class=\"elementor-icon\">\n\t\t\t<svg xmlns=\"http:\/\/www.w3.org\/2000\/svg\" viewbox=\"0 0 8 13\" width=\"8\" height=\"13\"><title>arrow_forward_ios<\/title><style>\t\t.s0 { opacity: .25;fill: #613a24 } \t<\/style><path class=\"s0\" d=\"m1.1 12.9l-0.8-0.9 5.1-5.1-5.1-5.1 0.8-0.9 6 6z\"><\/path><\/svg>\t\t\t<\/div>\n\t\t<\/div>\n\t\t\t\t\t\t<\/div>\n\t\t\t\t<div class=\"elementor-element elementor-element-02fc2ec elementor-widget elementor-widget-heading\" data-id=\"02fc2ec\" data-element_type=\"widget\" data-widget_type=\"heading.default\">\n\t\t\t\t\t<h2 class=\"elementor-heading-title elementor-size-default\">F\u0151oldal<\/h2>\t\t\t\t<\/div>\n\t\t\t\t<div class=\"elementor-element elementor-element-c62ec43 elementor-view-default elementor-widget elementor-widget-icon\" data-id=\"c62ec43\" data-element_type=\"widget\" data-widget_type=\"icon.default\">\n\t\t\t\t\t\t\t<div class=\"elementor-icon-wrapper\">\n\t\t\t<div class=\"elementor-icon\">\n\t\t\t<svg xmlns=\"http:\/\/www.w3.org\/2000\/svg\" viewbox=\"0 0 8 13\" width=\"8\" height=\"13\"><title>arrow_forward_ios<\/title><style>\t\t.s0 { opacity: .25;fill: #613a24 } \t<\/style><path class=\"s0\" d=\"m1.1 12.9l-0.8-0.9 5.1-5.1-5.1-5.1 0.8-0.9 6 6z\"><\/path><\/svg>\t\t\t<\/div>\n\t\t<\/div>\n\t\t\t\t\t\t<\/div>\n\t\t\t\t<div class=\"elementor-element elementor-element-91b500a elementor-widget elementor-widget-heading\" data-id=\"91b500a\" data-element_type=\"widget\" data-widget_type=\"heading.default\">\n\t\t\t\t\t<h2 class=\"elementor-heading-title elementor-size-default\">Teljes programlista<\/h2>\t\t\t\t<\/div>\n\t\t\t\t<\/div>\n\t\t<div class=\"elementor-element elementor-element-2d8f1ef e-con-full e-flex e-con e-child\" data-id=\"2d8f1ef\" data-element_type=\"container\">\n\t\t<div class=\"elementor-element elementor-element-a77f483 e-con-full e-flex e-con e-child\" data-id=\"a77f483\" data-element_type=\"container\">\n\t\t\t\t<div class=\"elementor-element elementor-element-d1059b0 elementor-widget elementor-widget-shortcode\" data-id=\"d1059b0\" data-element_type=\"widget\" data-widget_type=\"shortcode.default\">\n\t\t\t\t\t\t\t<div class=\"elementor-shortcode\">        <div class=\"bajaprograms-overview\">\n            <!-- F\u0151c\u00edm -->\n            <h1 class=\"bajaprograms-title\">Program lista<\/h1>\n            \n            <!-- Keres\u0151mez\u0151 -->\n            <div class=\"bajaprograms-search-container\">\n                <input type=\"text\" \n                       id=\"bajaprograms-search\" \n                       class=\"bajaprograms-search-input\" \n                       placeholder=\"Keres\u00e9s\" \/>\n                <button type=\"button\" class=\"bajaprograms-search-btn\">\n                    <img decoding=\"async\" src=\"https:\/\/baja.lionstackailab.hu\/wp-content\/plugins\/bajaprograms\/inc\/Frontend\/..\/..\/assets\/img\/search.svg\" alt=\"Keres\u00e9s\" \/>\n                <\/button>\n                \n                <!-- Kateg\u00f3ria filter bubor\u00e9k -->\n                            <\/div>\n            \n            <!-- N\u00e9zetv\u00e1lt\u00f3 -->\n            <div class=\"bajaprograms-view-switcher\">\n                <button type=\"button\" class=\"bajaprograms-view-btn active\" data-view=\"calendar\">\n                    <img decoding=\"async\" src=\"https:\/\/baja.lionstackailab.hu\/wp-content\/plugins\/bajaprograms\/inc\/Frontend\/..\/..\/assets\/img\/calendar-view.svg\" alt=\"Napt\u00e1r n\u00e9zet\" \/>\n                    Napt\u00e1r n\u00e9zet\n                <\/button>\n                <button type=\"button\" class=\"bajaprograms-view-btn\" data-view=\"grid\">\n                    <img decoding=\"async\" src=\"https:\/\/baja.lionstackailab.hu\/wp-content\/plugins\/bajaprograms\/inc\/Frontend\/..\/..\/assets\/img\/grid-brown.svg\" alt=\"K\u00e1rtya n\u00e9zet\" \/>\n                    K\u00e1rtya n\u00e9zet\n                <\/button>\n            <\/div>\n            \n            <!-- Napt\u00e1r n\u00e9zet (h\u00f3napokra bontott programok) -->\n            <div id=\"bajaprograms-calendar-view\">\n                            <\/div>\n            \n            <!-- K\u00e1rtya n\u00e9zet (rejtve alapb\u00f3l) -->\n            <div id=\"bajaprograms-grid-view\" style=\"display: none;\">\n                            <\/div>\n            \n            \n            <!-- Program popup -->\n            <div class=\"bajaprograms-popup-overlay\" id=\"bajaprograms-popup\">\n                <div class=\"bajaprograms-popup\">\n                    <button class=\"bajaprograms-popup-close\" id=\"bajaprograms-popup-close\">\n                        <svg width=\"24\" height=\"24\" viewbox=\"0 0 24 24\" fill=\"none\" stroke=\"currentColor\" stroke-width=\"2\">\n                            <line x1=\"18\" y1=\"6\" x2=\"6\" y2=\"18\"><\/line>\n                            <line x1=\"6\" y1=\"6\" x2=\"18\" y2=\"18\"><\/line>\n                        <\/svg>\n                    <\/button>\n                    \n                    <div class=\"bajaprograms-popup-content\">\n                        <div class=\"bajaprograms-popup-image\">\n                            <img decoding=\"async\" id=\"bajaprograms-popup-img\" src=\"\" alt=\"Program k\u00e9pe\" \/>\n                            <div class=\"bajaprograms-maximize-icon\">\n                                <img decoding=\"async\" src=\"https:\/\/baja.lionstackailab.hu\/wp-content\/plugins\/bajaprograms\/inc\/Frontend\/..\/..\/assets\/img\/maximize.svg\" alt=\"Nagy\u00edt\u00e1s\" \/>\n                            <\/div>\n                        <\/div>\n                        \n                        <div class=\"bajaprograms-popup-info\">\n                            <div class=\"bajaprograms-popup-scrollable\">\n                                <h2 class=\"bajaprograms-popup-title\" id=\"bajaprograms-popup-title\"><\/h2>\n                                \n                                <div class=\"bajaprograms-popup-meta\">\n                                    <div class=\"bajaprograms-popup-datetime\">\n                                        <div class=\"bajaprograms-popup-date\">\n                                            <img decoding=\"async\" src=\"https:\/\/baja.lionstackailab.hu\/wp-content\/plugins\/bajaprograms\/inc\/Frontend\/..\/..\/assets\/img\/calendar.svg\" alt=\"\" width=\"16\" height=\"16\" \/>\n                                            <span id=\"bajaprograms-popup-date\"><\/span>\n                                        <\/div>\n                                        <div class=\"bajaprograms-popup-time\">\n                                            <img decoding=\"async\" src=\"https:\/\/baja.lionstackailab.hu\/wp-content\/plugins\/bajaprograms\/inc\/Frontend\/..\/..\/assets\/img\/clock.svg\" alt=\"\" width=\"16\" height=\"16\" \/>\n                                            <span id=\"bajaprograms-popup-time\"><\/span>\n                                        <\/div>\n                                    <\/div>\n                                    \n                                    <div class=\"bajaprograms-popup-location\">\n                                        <img loading=\"lazy\" decoding=\"async\" src=\"https:\/\/baja.lionstackailab.hu\/wp-content\/plugins\/bajaprograms\/inc\/Frontend\/..\/..\/assets\/img\/map-pin-orange.svg\" alt=\"\" width=\"16\" height=\"16\" \/>\n                                        <span id=\"bajaprograms-popup-location\"><\/span>\n                                    <\/div>\n                                <\/div>\n                                \n                                <div class=\"bajaprograms-popup-actions\">\n                                    <div class=\"bajaprograms-calendar-container\">\n                                        <button class=\"bajaprograms-popup-btn bajaprograms-add-calendar\">\n                                            <img loading=\"lazy\" decoding=\"async\" src=\"https:\/\/baja.lionstackailab.hu\/wp-content\/plugins\/bajaprograms\/inc\/Frontend\/..\/..\/assets\/img\/calendar.svg\" alt=\"\" width=\"18\" height=\"18\" \/>\n                                            Hozz\u00e1adom a napt\u00e1rhoz\n                                        <\/button>\n                                        \n                                        <!-- Calendar dropdown -->\n                                        <div class=\"bajaprograms-calendar-dropdown\" id=\"bajaprograms-calendar-dropdown\">\n                                            <button class=\"bajaprograms-calendar-option\" data-calendar=\"apple\">\n                                                <img decoding=\"async\" src=\"https:\/\/baja.lionstackailab.hu\/wp-content\/plugins\/bajaprograms\/inc\/Frontend\/..\/..\/assets\/img\/apple.svg\" alt=\"Apple Calendar\" \/>\n                                                Apple\n                                            <\/button>\n                                            <button class=\"bajaprograms-calendar-option\" data-calendar=\"google\">\n                                                <img decoding=\"async\" src=\"https:\/\/baja.lionstackailab.hu\/wp-content\/plugins\/bajaprograms\/inc\/Frontend\/..\/..\/assets\/img\/google.svg\" alt=\"Google Calendar\" \/>\n                                                Google\n                                            <\/button>\n                                            <button class=\"bajaprograms-calendar-option\" data-calendar=\"office365\">\n                                                <img decoding=\"async\" src=\"https:\/\/baja.lionstackailab.hu\/wp-content\/plugins\/bajaprograms\/inc\/Frontend\/..\/..\/assets\/img\/office.svg\" alt=\"Office 365\" \/>\n                                                Office 365\n                                            <\/button>\n                                        <\/div>\n                                    <\/div>\n                                    \n                                    <div id=\"bajaprograms-popup-link-container\"><\/div>\n                                <\/div>\n                                \n                                <div class=\"bajaprograms-popup-divider\"><\/div>\n                                \n                                <h3 class=\"bajaprograms-popup-description-title\">Le\u00edr\u00e1s<\/h3>\n                                <div class=\"bajaprograms-popup-description\" id=\"bajaprograms-popup-description\"><\/div>\n                            <\/div>\n                        <\/div>\n                    <\/div>\n                <\/div>\n                \n                <!-- Image zoom overlay -->\n                <div class=\"bajaprograms-image-zoom-overlay\" id=\"bajaprograms-image-zoom\">\n                    <div class=\"bajaprograms-zoom-content\">\n                        <button class=\"bajaprograms-zoom-close\" id=\"bajaprograms-zoom-close\">\n                            <div class=\"bajaprograms-zoom-close-circle\">\n                                <span>\u00d7<\/span>\n                            <\/div>\n                        <\/button>\n                        <img decoding=\"async\" class=\"bajaprograms-zoom-image\" id=\"bajaprograms-zoom-img\" src=\"\" alt=\"Program plak\u00e1t nagy m\u00e9retben\" \/>\n                    <\/div>\n                <\/div>\n            <\/div>\n        <\/div>\n        <\/div>\n\t\t\t\t\t\t<\/div>\n\t\t\t\t<\/div>\n\t\t\t\t<\/div>\n\t\t\t\t\t<\/div>\n\t\t\t\t<\/div>\n\t\t\t\t<\/div>\n\t\t<div class=\"elementor-element elementor-element-54f27c8 e-flex e-con-boxed e-con e-parent\" data-id=\"54f27c8\" data-element_type=\"container\">\n\t\t\t\t\t<div class=\"e-con-inner\">\n\t\t\t\t\t<\/div>\n\t\t\t\t<\/div>\n\t\t\t\t<\/div>","protected":false},"excerpt":{"rendered":"<p>arrow_forward_ios F\u0151oldal arrow_forward_ios<\/p>","protected":false},"author":1,"featured_media":0,"parent":0,"menu_order":0,"comment_status":"closed","ping_status":"closed","template":"","meta":{"footnotes":""},"class_list":["post-1120","page","type-page","status-publish","hentry"],"_links":{"self":[{"href":"https:\/\/baja.lionstackailab.hu\/en\/wp-json\/wp\/v2\/pages\/1120","targetHints":{"allow":["GET"]}}],"collection":[{"href":"https:\/\/baja.lionstackailab.hu\/en\/wp-json\/wp\/v2\/pages"}],"about":[{"href":"https:\/\/baja.lionstackailab.hu\/en\/wp-json\/wp\/v2\/types\/page"}],"author":[{"embeddable":true,"href":"https:\/\/baja.lionstackailab.hu\/en\/wp-json\/wp\/v2\/users\/1"}],"replies":[{"embeddable":true,"href":"https:\/\/baja.lionstackailab.hu\/en\/wp-json\/wp\/v2\/comments?post=1120"}],"version-history":[{"count":0,"href":"https:\/\/baja.lionstackailab.hu\/en\/wp-json\/wp\/v2\/pages\/1120\/revisions"}],"wp:attachment":[{"href":"https:\/\/baja.lionstackailab.hu\/en\/wp-json\/wp\/v2\/media?parent=1120"}],"curies":[{"name":"wp","href":"https:\/\/api.w.org\/{rel}","templated":true}]}}