{"id":1118,"date":"2025-09-04T11:52:16","date_gmt":"2025-09-04T09:52:16","guid":{"rendered":"https:\/\/baja.lionstackailab.hu\/?page_id=1118"},"modified":"2025-09-16T08:38:02","modified_gmt":"2025-09-16T06:38:02","slug":"programok","status":"publish","type":"page","link":"https:\/\/baja.lionstackailab.hu\/en\/programok\/","title":{"rendered":"Programok"},"content":{"rendered":"<div data-elementor-type=\"wp-page\" data-elementor-id=\"1118\" class=\"elementor elementor-1118\" data-elementor-post-type=\"page\">\n\t\t\t\t<div class=\"elementor-element elementor-element-c9ef2f5 e-con-full e-flex e-con e-parent\" data-id=\"c9ef2f5\" data-element_type=\"container\">\n\t\t<div class=\"elementor-element elementor-element-6c8199f e-flex e-con-boxed e-con e-child\" data-id=\"6c8199f\" data-element_type=\"container\" data-settings=\"{&quot;background_background&quot;:&quot;classic&quot;}\">\n\t\t\t\t\t<div class=\"e-con-inner\">\n\t\t<div class=\"elementor-element elementor-element-7e984db e-con-full e-flex e-con e-child\" data-id=\"7e984db\" data-element_type=\"container\">\n\t\t\t\t<div class=\"elementor-element elementor-element-c2b74fa elementor-widget elementor-widget-image\" data-id=\"c2b74fa\" data-element_type=\"widget\" data-widget_type=\"image.default\">\n\t\t\t\t\t\t\t\t\t\t\t\t\t\t\t<img decoding=\"async\" width=\"39\" height=\"32\" src=\"https:\/\/baja.lionstackailab.hu\/wp-content\/uploads\/2025\/07\/other_houses.png\" class=\"attachment-large size-large wp-image-127\" alt=\"\" srcset=\"https:\/\/baja.lionstackailab.hu\/wp-content\/uploads\/2025\/07\/other_houses.png 39w, https:\/\/baja.lionstackailab.hu\/wp-content\/uploads\/2025\/07\/other_houses-15x12.png 15w\" sizes=\"(max-width: 39px) 100vw, 39px\" \/>\t\t\t\t\t\t\t\t\t\t\t\t\t\t\t<\/div>\n\t\t\t\t<div class=\"elementor-element elementor-element-c92bc2e elementor-view-default elementor-widget elementor-widget-icon\" data-id=\"c92bc2e\" data-element_type=\"widget\" data-widget_type=\"icon.default\">\n\t\t\t\t\t\t\t<div class=\"elementor-icon-wrapper\">\n\t\t\t<div class=\"elementor-icon\">\n\t\t\t<svg xmlns=\"http:\/\/www.w3.org\/2000\/svg\" viewbox=\"0 0 8 13\" width=\"8\" height=\"13\"><title>arrow_forward_ios<\/title><style>\t\t.s0 { opacity: .25;fill: #613a24 } \t<\/style><path class=\"s0\" d=\"m1.1 12.9l-0.8-0.9 5.1-5.1-5.1-5.1 0.8-0.9 6 6z\"><\/path><\/svg>\t\t\t<\/div>\n\t\t<\/div>\n\t\t\t\t\t\t<\/div>\n\t\t\t\t<div class=\"elementor-element elementor-element-811f111 elementor-widget elementor-widget-heading\" data-id=\"811f111\" data-element_type=\"widget\" data-widget_type=\"heading.default\">\n\t\t\t\t\t<h2 class=\"elementor-heading-title elementor-size-default\">F\u0151oldal<\/h2>\t\t\t\t<\/div>\n\t\t\t\t<div class=\"elementor-element elementor-element-a14b23d elementor-view-default elementor-widget elementor-widget-icon\" data-id=\"a14b23d\" data-element_type=\"widget\" data-widget_type=\"icon.default\">\n\t\t\t\t\t\t\t<div class=\"elementor-icon-wrapper\">\n\t\t\t<div class=\"elementor-icon\">\n\t\t\t<svg xmlns=\"http:\/\/www.w3.org\/2000\/svg\" viewbox=\"0 0 8 13\" width=\"8\" height=\"13\"><title>arrow_forward_ios<\/title><style>\t\t.s0 { opacity: .25;fill: #613a24 } \t<\/style><path class=\"s0\" d=\"m1.1 12.9l-0.8-0.9 5.1-5.1-5.1-5.1 0.8-0.9 6 6z\"><\/path><\/svg>\t\t\t<\/div>\n\t\t<\/div>\n\t\t\t\t\t\t<\/div>\n\t\t\t\t<div class=\"elementor-element elementor-element-12087a6 elementor-widget elementor-widget-heading\" data-id=\"12087a6\" data-element_type=\"widget\" data-widget_type=\"heading.default\">\n\t\t\t\t\t<h2 class=\"elementor-heading-title elementor-size-default\">Programok<\/h2>\t\t\t\t<\/div>\n\t\t\t\t<\/div>\n\t\t<div class=\"elementor-element elementor-element-2f6cc73 e-con-full e-flex e-con e-child\" data-id=\"2f6cc73\" data-element_type=\"container\">\n\t\t<div class=\"elementor-element elementor-element-d4e49dd e-con-full e-flex e-con e-child\" data-id=\"d4e49dd\" data-element_type=\"container\">\n\t\t\t\t<div class=\"elementor-element elementor-element-03b6ae9 elementor-widget elementor-widget-shortcode\" data-id=\"03b6ae9\" data-element_type=\"widget\" data-widget_type=\"shortcode.default\">\n\t\t\t\t\t\t\t<div class=\"elementor-shortcode\">        <div class=\"bajaprograms-overview\">\n            <!-- F\u0151c\u00edm -->\n            <h1 class=\"bajaprograms-title\">Programok<\/h1>\n            \n            <!-- Kateg\u00f3ria gombok -->\n            <div class=\"bajaprograms-categories\">\n                                    <button class=\"bajaprograms-category-btn\" data-category=\"kultura\">\n                        Kult\u00fara                    <\/button>\n                                    <button class=\"bajaprograms-category-btn\" data-category=\"sport\">\n                        Sport                    <\/button>\n                                    <button class=\"bajaprograms-category-btn\" data-category=\"oktatas\">\n                        Oktat\u00e1s                    <\/button>\n                                    <button class=\"bajaprograms-category-btn\" data-category=\"kozossegi\">\n                        K\u00f6z\u00f6ss\u00e9gi                    <\/button>\n                            <\/div>\n            \n            <!-- Keres\u0151mez\u0151 -->\n            <div class=\"bajaprograms-search-container\">\n                <input type=\"text\" \n                       id=\"bajaprograms-search\" \n                       class=\"bajaprograms-search-input\" \n                       placeholder=\"Keres\u00e9s\" \/>\n                <button type=\"button\" class=\"bajaprograms-search-btn\">\n                    <img decoding=\"async\" src=\"https:\/\/baja.lionstackailab.hu\/wp-content\/plugins\/bajaprograms\/inc\/Frontend\/..\/..\/assets\/img\/search.svg\" alt=\"Keres\u00e9s\" \/>\n                <\/button>\n            <\/div>\n            \n            <!-- D\u00e1tumv\u00e1laszt\u00f3 -->\n            <div class=\"bajaprograms-date-picker\">\n                <button type=\"button\" class=\"bajaprograms-date-prev\" data-date=\"2026-05-10\">\n                    <img decoding=\"async\" src=\"https:\/\/baja.lionstackailab.hu\/wp-content\/plugins\/bajaprograms\/inc\/Frontend\/..\/..\/assets\/img\/chevron-left.svg\" alt=\"El\u0151z\u0151 nap\" \/>\n                <\/button>\n                <span class=\"bajaprograms-current-date\">2026.05.10.<\/span>\n                <button type=\"button\" class=\"bajaprograms-date-next\" data-date=\"2026-05-10\">\n                    <img decoding=\"async\" src=\"https:\/\/baja.lionstackailab.hu\/wp-content\/plugins\/bajaprograms\/inc\/Frontend\/..\/..\/assets\/img\/chevron-right.svg\" alt=\"K\u00f6vetkez\u0151 nap\" \/>\n                <\/button>\n            <\/div>\n            \n            <!-- Kiv\u00e1lasztott nap szekci\u00f3ja -->\n                        \n            <!-- K\u00f6zelg\u0151 esem\u00e9nyek szekci\u00f3 -->\n                        \n            <!-- Tov\u00e1bb a programokra gomb -->\n            <div class=\"bajaprograms-more-container\">\n                <a href=\"https:\/\/baja.lionstackailab.hu\/en\/teljes-programlista\" class=\"bajaprograms-more-btn\">\n                    Tov\u00e1bb a programokra\n                    <img decoding=\"async\" src=\"https:\/\/baja.lionstackailab.hu\/wp-content\/plugins\/bajaprograms\/inc\/Frontend\/..\/..\/assets\/img\/calendar.svg\" alt=\"Napt\u00e1r\" \/>\n                <\/a>\n            <\/div>\n            \n            <!-- Kateg\u00f3ria alap\u00fa programok szekci\u00f3 -->\n            <div class=\"bajaprograms-category-sections\">\n                                                                                                                                                                            <\/div>\n            \n            <!-- Program popup -->\n            <div class=\"bajaprograms-popup-overlay\" id=\"bajaprograms-popup\">\n                <div class=\"bajaprograms-popup\">\n                    <button class=\"bajaprograms-popup-close\" id=\"bajaprograms-popup-close\">\n                        <svg width=\"24\" height=\"24\" viewbox=\"0 0 24 24\" fill=\"none\" stroke=\"currentColor\" stroke-width=\"2\">\n                            <line x1=\"18\" y1=\"6\" x2=\"6\" y2=\"18\"><\/line>\n                            <line x1=\"6\" y1=\"6\" x2=\"18\" y2=\"18\"><\/line>\n                        <\/svg>\n                    <\/button>\n                    \n                    <div class=\"bajaprograms-popup-content\">\n                        <div class=\"bajaprograms-popup-image\">\n                            <img decoding=\"async\" id=\"bajaprograms-popup-img\" src=\"\" alt=\"Program k\u00e9pe\" \/>\n                            <div class=\"bajaprograms-maximize-icon\">\n                                <img decoding=\"async\" src=\"https:\/\/baja.lionstackailab.hu\/wp-content\/plugins\/bajaprograms\/inc\/Frontend\/..\/..\/assets\/img\/maximize.svg\" alt=\"Nagy\u00edt\u00e1s\" \/>\n                            <\/div>\n                        <\/div>\n                        \n                        <div class=\"bajaprograms-popup-info\">\n                            <div class=\"bajaprograms-popup-scrollable\">\n                                <h2 class=\"bajaprograms-popup-title\" id=\"bajaprograms-popup-title\"><\/h2>\n                                \n                                <div class=\"bajaprograms-popup-meta\">\n                                    <div class=\"bajaprograms-popup-datetime\">\n                                        <div class=\"bajaprograms-popup-date\">\n                                            <img decoding=\"async\" src=\"https:\/\/baja.lionstackailab.hu\/wp-content\/plugins\/bajaprograms\/inc\/Frontend\/..\/..\/assets\/img\/calendar.svg\" alt=\"\" width=\"16\" height=\"16\" \/>\n                                            <span id=\"bajaprograms-popup-date\"><\/span>\n                                        <\/div>\n                                        <div class=\"bajaprograms-popup-time\">\n                                            <img decoding=\"async\" src=\"https:\/\/baja.lionstackailab.hu\/wp-content\/plugins\/bajaprograms\/inc\/Frontend\/..\/..\/assets\/img\/clock.svg\" alt=\"\" width=\"16\" height=\"16\" \/>\n                                            <span id=\"bajaprograms-popup-time\"><\/span>\n                                        <\/div>\n                                    <\/div>\n                                    \n                                    <div class=\"bajaprograms-popup-location\">\n                                        <img loading=\"lazy\" decoding=\"async\" src=\"https:\/\/baja.lionstackailab.hu\/wp-content\/plugins\/bajaprograms\/inc\/Frontend\/..\/..\/assets\/img\/map-pin-orange.svg\" alt=\"\" width=\"16\" height=\"16\" \/>\n                                        <span id=\"bajaprograms-popup-location\"><\/span>\n                                    <\/div>\n                                <\/div>\n                                \n                                <div class=\"bajaprograms-popup-actions\">\n                                    <div class=\"bajaprograms-calendar-container\">\n                                        <button class=\"bajaprograms-popup-btn bajaprograms-add-calendar\">\n                                            <img loading=\"lazy\" decoding=\"async\" src=\"https:\/\/baja.lionstackailab.hu\/wp-content\/plugins\/bajaprograms\/inc\/Frontend\/..\/..\/assets\/img\/calendar.svg\" alt=\"\" width=\"18\" height=\"18\" \/>\n                                            Hozz\u00e1adom a napt\u00e1rhoz\n                                        <\/button>\n                                        \n                                        <!-- Calendar dropdown -->\n                                        <div class=\"bajaprograms-calendar-dropdown\" id=\"bajaprograms-calendar-dropdown\">\n                                            <button class=\"bajaprograms-calendar-option\" data-calendar=\"apple\">\n                                                <img decoding=\"async\" src=\"https:\/\/baja.lionstackailab.hu\/wp-content\/plugins\/bajaprograms\/inc\/Frontend\/..\/..\/assets\/img\/apple.svg\" alt=\"Apple Calendar\" \/>\n                                                Apple\n                                            <\/button>\n                                            <button class=\"bajaprograms-calendar-option\" data-calendar=\"google\">\n                                                <img decoding=\"async\" src=\"https:\/\/baja.lionstackailab.hu\/wp-content\/plugins\/bajaprograms\/inc\/Frontend\/..\/..\/assets\/img\/google.svg\" alt=\"Google Calendar\" \/>\n                                                Google\n                                            <\/button>\n                                            <button class=\"bajaprograms-calendar-option\" data-calendar=\"office365\">\n                                                <img decoding=\"async\" src=\"https:\/\/baja.lionstackailab.hu\/wp-content\/plugins\/bajaprograms\/inc\/Frontend\/..\/..\/assets\/img\/office.svg\" alt=\"Office 365\" \/>\n                                                Office 365\n                                            <\/button>\n                                        <\/div>\n                                    <\/div>\n                                    \n                                    <div id=\"bajaprograms-popup-link-container\"><\/div>\n                                <\/div>\n                                \n                                <div class=\"bajaprograms-popup-divider\"><\/div>\n                                \n                                <h3 class=\"bajaprograms-popup-description-title\">Le\u00edr\u00e1s<\/h3>\n                                <div class=\"bajaprograms-popup-description\" id=\"bajaprograms-popup-description\"><\/div>\n                            <\/div>\n                        <\/div>\n                    <\/div>\n                <\/div>\n            <\/div>\n            \n            <!-- Image zoom overlay -->\n            <div class=\"bajaprograms-image-zoom-overlay\" id=\"bajaprograms-image-zoom\">\n                <div class=\"bajaprograms-zoom-content\">\n                    <button class=\"bajaprograms-zoom-close\" id=\"bajaprograms-zoom-close\">\n                        <div class=\"bajaprograms-zoom-close-circle\">\n                            <span>\u00d7<\/span>\n                        <\/div>\n                    <\/button>\n                    <img decoding=\"async\" class=\"bajaprograms-zoom-image\" id=\"bajaprograms-zoom-img\" src=\"\" alt=\"Program plak\u00e1t nagy m\u00e9retben\" \/>\n                <\/div>\n            <\/div>\n        <\/div>\n        <\/div>\n\t\t\t\t\t\t<\/div>\n\t\t\t\t<\/div>\n\t\t\t\t<\/div>\n\t\t\t\t\t<\/div>\n\t\t\t\t<\/div>\n\t\t\t\t<\/div>\n\t\t\t\t<\/div>","protected":false},"excerpt":{"rendered":"<p>arrow_forward_ios F\u0151oldal arrow_forward_ios<\/p>","protected":false},"author":1,"featured_media":0,"parent":0,"menu_order":0,"comment_status":"closed","ping_status":"closed","template":"","meta":{"footnotes":""},"class_list":["post-1118","page","type-page","status-publish","hentry"],"_links":{"self":[{"href":"https:\/\/baja.lionstackailab.hu\/en\/wp-json\/wp\/v2\/pages\/1118","targetHints":{"allow":["GET"]}}],"collection":[{"href":"https:\/\/baja.lionstackailab.hu\/en\/wp-json\/wp\/v2\/pages"}],"about":[{"href":"https:\/\/baja.lionstackailab.hu\/en\/wp-json\/wp\/v2\/types\/page"}],"author":[{"embeddable":true,"href":"https:\/\/baja.lionstackailab.hu\/en\/wp-json\/wp\/v2\/users\/1"}],"replies":[{"embeddable":true,"href":"https:\/\/baja.lionstackailab.hu\/en\/wp-json\/wp\/v2\/comments?post=1118"}],"version-history":[{"count":0,"href":"https:\/\/baja.lionstackailab.hu\/en\/wp-json\/wp\/v2\/pages\/1118\/revisions"}],"wp:attachment":[{"href":"https:\/\/baja.lionstackailab.hu\/en\/wp-json\/wp\/v2\/media?parent=1118"}],"curies":[{"name":"wp","href":"https:\/\/api.w.org\/{rel}","templated":true}]}}