{"id":1066,"date":"2025-09-03T09:50:32","date_gmt":"2025-09-03T07:50:32","guid":{"rendered":"https:\/\/baja.lionstackailab.hu\/?page_id=1066"},"modified":"2026-01-13T14:33:45","modified_gmt":"2026-01-13T13:33:45","slug":"ugyintezes","status":"publish","type":"page","link":"https:\/\/baja.lionstackailab.hu\/en\/ugyintezes\/","title":{"rendered":"\u00dcgyint\u00e9z\u00e9s"},"content":{"rendered":"<div data-elementor-type=\"wp-page\" data-elementor-id=\"1066\" class=\"elementor elementor-1066\" data-elementor-post-type=\"page\">\n\t\t\t\t<div class=\"elementor-element elementor-element-af6bd8e e-con-full e-flex e-con e-parent\" data-id=\"af6bd8e\" data-element_type=\"container\">\n\t\t<div class=\"elementor-element elementor-element-a730878 e-flex e-con-boxed e-con e-child\" data-id=\"a730878\" data-element_type=\"container\" data-settings=\"{&quot;background_background&quot;:&quot;classic&quot;}\">\n\t\t\t\t\t<div class=\"e-con-inner\">\n\t\t<div class=\"elementor-element elementor-element-fab967e e-con-full e-flex e-con e-child\" data-id=\"fab967e\" data-element_type=\"container\">\n\t\t\t\t<div class=\"elementor-element elementor-element-014658b elementor-widget elementor-widget-image\" data-id=\"014658b\" data-element_type=\"widget\" data-widget_type=\"image.default\">\n\t\t\t\t\t\t\t\t\t\t\t\t\t\t\t<img decoding=\"async\" width=\"39\" height=\"32\" src=\"https:\/\/baja.lionstackailab.hu\/wp-content\/uploads\/2025\/07\/other_houses.png\" class=\"attachment-large size-large wp-image-127\" alt=\"\" srcset=\"https:\/\/baja.lionstackailab.hu\/wp-content\/uploads\/2025\/07\/other_houses.png 39w, https:\/\/baja.lionstackailab.hu\/wp-content\/uploads\/2025\/07\/other_houses-15x12.png 15w\" sizes=\"(max-width: 39px) 100vw, 39px\" \/>\t\t\t\t\t\t\t\t\t\t\t\t\t\t\t<\/div>\n\t\t\t\t<div class=\"elementor-element elementor-element-06e90bf elementor-view-default elementor-widget elementor-widget-icon\" data-id=\"06e90bf\" data-element_type=\"widget\" data-widget_type=\"icon.default\">\n\t\t\t\t\t\t\t<div class=\"elementor-icon-wrapper\">\n\t\t\t<div class=\"elementor-icon\">\n\t\t\t<svg xmlns=\"http:\/\/www.w3.org\/2000\/svg\" viewbox=\"0 0 8 13\" width=\"8\" height=\"13\"><title>arrow_forward_ios<\/title><style>\t\t.s0 { opacity: .25;fill: #613a24 } \t<\/style><path class=\"s0\" d=\"m1.1 12.9l-0.8-0.9 5.1-5.1-5.1-5.1 0.8-0.9 6 6z\"><\/path><\/svg>\t\t\t<\/div>\n\t\t<\/div>\n\t\t\t\t\t\t<\/div>\n\t\t\t\t<div class=\"elementor-element elementor-element-fb420bf elementor-widget elementor-widget-heading\" data-id=\"fb420bf\" data-element_type=\"widget\" data-widget_type=\"heading.default\">\n\t\t\t\t\t<h2 class=\"elementor-heading-title elementor-size-default\">F\u0151oldal<\/h2>\t\t\t\t<\/div>\n\t\t\t\t<div class=\"elementor-element elementor-element-3fbe578 elementor-view-default elementor-widget elementor-widget-icon\" data-id=\"3fbe578\" data-element_type=\"widget\" data-widget_type=\"icon.default\">\n\t\t\t\t\t\t\t<div class=\"elementor-icon-wrapper\">\n\t\t\t<div class=\"elementor-icon\">\n\t\t\t<svg xmlns=\"http:\/\/www.w3.org\/2000\/svg\" viewbox=\"0 0 8 13\" width=\"8\" height=\"13\"><title>arrow_forward_ios<\/title><style>\t\t.s0 { opacity: .25;fill: #613a24 } \t<\/style><path class=\"s0\" d=\"m1.1 12.9l-0.8-0.9 5.1-5.1-5.1-5.1 0.8-0.9 6 6z\"><\/path><\/svg>\t\t\t<\/div>\n\t\t<\/div>\n\t\t\t\t\t\t<\/div>\n\t\t\t\t<div class=\"elementor-element elementor-element-4519dae elementor-widget elementor-widget-heading\" data-id=\"4519dae\" data-element_type=\"widget\" data-widget_type=\"heading.default\">\n\t\t\t\t\t<h2 class=\"elementor-heading-title elementor-size-default\">\u00dcgyint\u00e9z\u00e9s<\/h2>\t\t\t\t<\/div>\n\t\t\t\t<\/div>\n\t\t<div class=\"elementor-element elementor-element-ce49410 e-con-full e-flex e-con e-child\" data-id=\"ce49410\" data-element_type=\"container\">\n\t\t<div class=\"elementor-element elementor-element-7cccd1e e-con-full e-flex e-con e-child\" data-id=\"7cccd1e\" data-element_type=\"container\">\n\t\t\t\t<div class=\"elementor-element elementor-element-8654be6 elementor-widget__width-inherit elementor-widget elementor-widget-heading\" data-id=\"8654be6\" data-element_type=\"widget\" data-widget_type=\"heading.default\">\n\t\t\t\t\t<h1 class=\"elementor-heading-title elementor-size-default\">\u00dcgyint\u00e9z\u00e9s<\/h1>\t\t\t\t<\/div>\n\t\t<a class=\"elementor-element elementor-element-289847a e-con-full e-flex e-con e-child\" data-id=\"289847a\" data-element_type=\"container\" href=\"#\">\n\t\t<div class=\"elementor-element elementor-element-f6b52cb e-con-full e-flex e-con e-child\" data-id=\"f6b52cb\" data-element_type=\"container\" id=\"linkbox\" data-settings=\"{&quot;background_background&quot;:&quot;classic&quot;}\">\n\t\t\t\t<div class=\"elementor-element elementor-element-5e40390 elementor-widget__width-inherit elementor-widget elementor-widget-heading\" data-id=\"5e40390\" data-element_type=\"widget\" data-widget_type=\"heading.default\">\n\t\t\t\t\t<p class=\"elementor-heading-title elementor-size-default\">Elektronikus \u00fcgyint\u00e9z\u00e9s<\/p>\t\t\t\t<\/div>\n\t\t\t\t<div class=\"elementor-element elementor-element-6919b23 elementor-view-default elementor-widget elementor-widget-icon\" data-id=\"6919b23\" data-element_type=\"widget\" data-widget_type=\"icon.default\">\n\t\t\t\t\t\t\t<div class=\"elementor-icon-wrapper\">\n\t\t\t<div class=\"elementor-icon\">\n\t\t\t<svg xmlns=\"http:\/\/www.w3.org\/2000\/svg\" width=\"30\" height=\"31\" viewbox=\"0 0 30 31\" fill=\"none\"><path d=\"M15 29.7999C22.732 29.7999 29 23.5319 29 15.7999C29 8.06794 22.732 1.79993 15 1.79993C7.26801 1.79993 1 8.06794 1 15.7999C1 23.5319 7.26801 29.7999 15 29.7999Z\" fill=\"white\" stroke=\"#E1A850\" stroke-width=\"2\" stroke-linecap=\"round\" stroke-linejoin=\"round\"><\/path><path d=\"M18.9606 19.76V11.8404H11.041\" stroke=\"#E1A850\" stroke-width=\"2\" stroke-linecap=\"round\" stroke-linejoin=\"round\"><\/path><path d=\"M11.041 19.7598L18.9606 11.8402\" stroke=\"#E1A850\" stroke-width=\"2\" stroke-linecap=\"round\" stroke-linejoin=\"round\"><\/path><\/svg>\t\t\t<\/div>\n\t\t<\/div>\n\t\t\t\t\t\t<\/div>\n\t\t\t\t<\/div>\n\t\t<div class=\"elementor-element elementor-element-1a37ecd e-con-full e-flex e-con e-child\" data-id=\"1a37ecd\" data-element_type=\"container\" id=\"linkbox\" data-settings=\"{&quot;background_background&quot;:&quot;classic&quot;}\">\n\t\t\t\t<div class=\"elementor-element elementor-element-0054bf3 elementor-widget__width-inherit elementor-widget elementor-widget-heading\" data-id=\"0054bf3\" data-element_type=\"widget\" data-widget_type=\"heading.default\">\n\t\t\t\t\t<p class=\"elementor-heading-title elementor-size-default\">Panaszkezel\u00e9s<\/p>\t\t\t\t<\/div>\n\t\t\t\t<div class=\"elementor-element elementor-element-5532f09 elementor-view-default elementor-widget elementor-widget-icon\" data-id=\"5532f09\" data-element_type=\"widget\" data-widget_type=\"icon.default\">\n\t\t\t\t\t\t\t<div class=\"elementor-icon-wrapper\">\n\t\t\t<div class=\"elementor-icon\">\n\t\t\t<svg xmlns=\"http:\/\/www.w3.org\/2000\/svg\" width=\"30\" height=\"31\" viewbox=\"0 0 30 31\" fill=\"none\"><path d=\"M15 29.7999C22.732 29.7999 29 23.5319 29 15.7999C29 8.06794 22.732 1.79993 15 1.79993C7.26801 1.79993 1 8.06794 1 15.7999C1 23.5319 7.26801 29.7999 15 29.7999Z\" fill=\"white\" stroke=\"#E1A850\" stroke-width=\"2\" stroke-linecap=\"round\" stroke-linejoin=\"round\"><\/path><path d=\"M18.9606 19.76V11.8404H11.041\" stroke=\"#E1A850\" stroke-width=\"2\" stroke-linecap=\"round\" stroke-linejoin=\"round\"><\/path><path d=\"M11.041 19.7598L18.9606 11.8402\" stroke=\"#E1A850\" stroke-width=\"2\" stroke-linecap=\"round\" stroke-linejoin=\"round\"><\/path><\/svg>\t\t\t<\/div>\n\t\t<\/div>\n\t\t\t\t\t\t<\/div>\n\t\t\t\t<\/div>\n\t\t<div class=\"elementor-element elementor-element-0c3fcc6 e-con-full e-flex e-con e-child\" data-id=\"0c3fcc6\" data-element_type=\"container\" id=\"linkbox\" data-settings=\"{&quot;background_background&quot;:&quot;classic&quot;}\">\n\t\t\t\t<div class=\"elementor-element elementor-element-582cde7 elementor-widget__width-inherit elementor-widget elementor-widget-heading\" data-id=\"582cde7\" data-element_type=\"widget\" data-widget_type=\"heading.default\">\n\t\t\t\t\t<p class=\"elementor-heading-title elementor-size-default\">\u00dcgyf\u00e9lfogad\u00e1s<\/p>\t\t\t\t<\/div>\n\t\t\t\t<div class=\"elementor-element elementor-element-3b0fa0d elementor-view-default elementor-widget elementor-widget-icon\" data-id=\"3b0fa0d\" data-element_type=\"widget\" data-widget_type=\"icon.default\">\n\t\t\t\t\t\t\t<div class=\"elementor-icon-wrapper\">\n\t\t\t<div class=\"elementor-icon\">\n\t\t\t<svg xmlns=\"http:\/\/www.w3.org\/2000\/svg\" width=\"30\" height=\"31\" viewbox=\"0 0 30 31\" fill=\"none\"><path d=\"M15 29.7999C22.732 29.7999 29 23.5319 29 15.7999C29 8.06794 22.732 1.79993 15 1.79993C7.26801 1.79993 1 8.06794 1 15.7999C1 23.5319 7.26801 29.7999 15 29.7999Z\" fill=\"white\" stroke=\"#E1A850\" stroke-width=\"2\" stroke-linecap=\"round\" stroke-linejoin=\"round\"><\/path><path d=\"M18.9606 19.76V11.8404H11.041\" stroke=\"#E1A850\" stroke-width=\"2\" stroke-linecap=\"round\" stroke-linejoin=\"round\"><\/path><path d=\"M11.041 19.7598L18.9606 11.8402\" stroke=\"#E1A850\" stroke-width=\"2\" stroke-linecap=\"round\" stroke-linejoin=\"round\"><\/path><\/svg>\t\t\t<\/div>\n\t\t<\/div>\n\t\t\t\t\t\t<\/div>\n\t\t\t\t<\/div>\n\t\t<div class=\"elementor-element elementor-element-4b09cbf e-con-full e-flex e-con e-child\" data-id=\"4b09cbf\" data-element_type=\"container\" id=\"linkbox\" data-settings=\"{&quot;background_background&quot;:&quot;classic&quot;}\">\n\t\t\t\t<div class=\"elementor-element elementor-element-3f2ebff elementor-widget__width-inherit elementor-widget elementor-widget-heading\" data-id=\"3f2ebff\" data-element_type=\"widget\" data-widget_type=\"heading.default\">\n\t\t\t\t\t<p class=\"elementor-heading-title elementor-size-default\">Ad\u00f3, illet\u00e9k, b\u00edrs\u00e1g, p\u00f3tl\u00e9k \u2028<\/p>\t\t\t\t<\/div>\n\t\t\t\t<div class=\"elementor-element elementor-element-88737bf elementor-view-default elementor-widget elementor-widget-icon\" data-id=\"88737bf\" data-element_type=\"widget\" data-widget_type=\"icon.default\">\n\t\t\t\t\t\t\t<div class=\"elementor-icon-wrapper\">\n\t\t\t<div class=\"elementor-icon\">\n\t\t\t<svg xmlns=\"http:\/\/www.w3.org\/2000\/svg\" width=\"30\" height=\"31\" viewbox=\"0 0 30 31\" fill=\"none\"><path d=\"M15 29.7999C22.732 29.7999 29 23.5319 29 15.7999C29 8.06794 22.732 1.79993 15 1.79993C7.26801 1.79993 1 8.06794 1 15.7999C1 23.5319 7.26801 29.7999 15 29.7999Z\" fill=\"white\" stroke=\"#E1A850\" stroke-width=\"2\" stroke-linecap=\"round\" stroke-linejoin=\"round\"><\/path><path d=\"M18.9606 19.76V11.8404H11.041\" stroke=\"#E1A850\" stroke-width=\"2\" stroke-linecap=\"round\" stroke-linejoin=\"round\"><\/path><path d=\"M11.041 19.7598L18.9606 11.8402\" stroke=\"#E1A850\" stroke-width=\"2\" stroke-linecap=\"round\" stroke-linejoin=\"round\"><\/path><\/svg>\t\t\t<\/div>\n\t\t<\/div>\n\t\t\t\t\t\t<\/div>\n\t\t\t\t<\/div>\n\t\t<div class=\"elementor-element elementor-element-b6293ca e-con-full e-flex e-con e-child\" data-id=\"b6293ca\" data-element_type=\"container\">\n\t\t\t\t<\/div>\n\t\t\t\t<\/a>\n\t\t<a class=\"elementor-element elementor-element-f789a0f e-con-full e-flex e-con e-child\" data-id=\"f789a0f\" data-element_type=\"container\" href=\"#\">\n\t\t<div class=\"elementor-element elementor-element-65dc3b3 e-con-full e-flex e-con e-child\" data-id=\"65dc3b3\" data-element_type=\"container\" id=\"linkbox\" data-settings=\"{&quot;background_background&quot;:&quot;classic&quot;}\">\n\t\t\t\t<div class=\"elementor-element elementor-element-13d2530 elementor-widget__width-inherit elementor-widget elementor-widget-heading\" data-id=\"13d2530\" data-element_type=\"widget\" data-widget_type=\"heading.default\">\n\t\t\t\t\t<p class=\"elementor-heading-title elementor-size-default\">Ingyenes helyi k\u00f6zleked\u00e9s regisztr\u00e1ci\u00f3<\/p>\t\t\t\t<\/div>\n\t\t\t\t<div class=\"elementor-element elementor-element-ed3bbd3 elementor-view-default elementor-widget elementor-widget-icon\" data-id=\"ed3bbd3\" data-element_type=\"widget\" data-widget_type=\"icon.default\">\n\t\t\t\t\t\t\t<div class=\"elementor-icon-wrapper\">\n\t\t\t<div class=\"elementor-icon\">\n\t\t\t<svg xmlns=\"http:\/\/www.w3.org\/2000\/svg\" width=\"30\" height=\"31\" viewbox=\"0 0 30 31\" fill=\"none\"><path d=\"M15 29.7999C22.732 29.7999 29 23.5319 29 15.7999C29 8.06794 22.732 1.79993 15 1.79993C7.26801 1.79993 1 8.06794 1 15.7999C1 23.5319 7.26801 29.7999 15 29.7999Z\" fill=\"white\" stroke=\"#E1A850\" stroke-width=\"2\" stroke-linecap=\"round\" stroke-linejoin=\"round\"><\/path><path d=\"M18.9606 19.76V11.8404H11.041\" stroke=\"#E1A850\" stroke-width=\"2\" stroke-linecap=\"round\" stroke-linejoin=\"round\"><\/path><path d=\"M11.041 19.7598L18.9606 11.8402\" stroke=\"#E1A850\" stroke-width=\"2\" stroke-linecap=\"round\" stroke-linejoin=\"round\"><\/path><\/svg>\t\t\t<\/div>\n\t\t<\/div>\n\t\t\t\t\t\t<\/div>\n\t\t\t\t<\/div>\n\t\t<div class=\"elementor-element elementor-element-34f8979 e-con-full e-flex e-con e-child\" data-id=\"34f8979\" data-element_type=\"container\" id=\"linkbox\" data-settings=\"{&quot;background_background&quot;:&quot;classic&quot;}\">\n\t\t\t\t<div class=\"elementor-element elementor-element-29056fe elementor-widget__width-inherit elementor-widget elementor-widget-heading\" data-id=\"29056fe\" data-element_type=\"widget\" data-widget_type=\"heading.default\">\n\t\t\t\t\t<p class=\"elementor-heading-title elementor-size-default\">Fogad\u00f3\u00f3ra<\/p>\t\t\t\t<\/div>\n\t\t\t\t<div class=\"elementor-element elementor-element-212b947 elementor-view-default elementor-widget elementor-widget-icon\" data-id=\"212b947\" data-element_type=\"widget\" data-widget_type=\"icon.default\">\n\t\t\t\t\t\t\t<div class=\"elementor-icon-wrapper\">\n\t\t\t<div class=\"elementor-icon\">\n\t\t\t<svg xmlns=\"http:\/\/www.w3.org\/2000\/svg\" width=\"30\" height=\"31\" viewbox=\"0 0 30 31\" fill=\"none\"><path d=\"M15 29.7999C22.732 29.7999 29 23.5319 29 15.7999C29 8.06794 22.732 1.79993 15 1.79993C7.26801 1.79993 1 8.06794 1 15.7999C1 23.5319 7.26801 29.7999 15 29.7999Z\" fill=\"white\" stroke=\"#E1A850\" stroke-width=\"2\" stroke-linecap=\"round\" stroke-linejoin=\"round\"><\/path><path d=\"M18.9606 19.76V11.8404H11.041\" stroke=\"#E1A850\" stroke-width=\"2\" stroke-linecap=\"round\" stroke-linejoin=\"round\"><\/path><path d=\"M11.041 19.7598L18.9606 11.8402\" stroke=\"#E1A850\" stroke-width=\"2\" stroke-linecap=\"round\" stroke-linejoin=\"round\"><\/path><\/svg>\t\t\t<\/div>\n\t\t<\/div>\n\t\t\t\t\t\t<\/div>\n\t\t\t\t<\/div>\n\t\t<div class=\"elementor-element elementor-element-c578e79 e-con-full e-flex e-con e-child\" data-id=\"c578e79\" data-element_type=\"container\" id=\"linkbox\" data-settings=\"{&quot;background_background&quot;:&quot;classic&quot;}\">\n\t\t\t\t<div class=\"elementor-element elementor-element-6950591 elementor-widget__width-inherit elementor-widget elementor-widget-heading\" data-id=\"6950591\" data-element_type=\"widget\" data-widget_type=\"heading.default\">\n\t\t\t\t\t<p class=\"elementor-heading-title elementor-size-default\">K\u00f6zter\u00fcletr\u0151l elsz\u00e1ll\u00edtott g\u00e9pj\u00e1rm\u0171vek<\/p>\t\t\t\t<\/div>\n\t\t\t\t<div class=\"elementor-element elementor-element-d5a740f elementor-view-default elementor-widget elementor-widget-icon\" data-id=\"d5a740f\" data-element_type=\"widget\" data-widget_type=\"icon.default\">\n\t\t\t\t\t\t\t<div class=\"elementor-icon-wrapper\">\n\t\t\t<div class=\"elementor-icon\">\n\t\t\t<svg xmlns=\"http:\/\/www.w3.org\/2000\/svg\" width=\"30\" height=\"31\" viewbox=\"0 0 30 31\" fill=\"none\"><path d=\"M15 29.7999C22.732 29.7999 29 23.5319 29 15.7999C29 8.06794 22.732 1.79993 15 1.79993C7.26801 1.79993 1 8.06794 1 15.7999C1 23.5319 7.26801 29.7999 15 29.7999Z\" fill=\"white\" stroke=\"#E1A850\" stroke-width=\"2\" stroke-linecap=\"round\" stroke-linejoin=\"round\"><\/path><path d=\"M18.9606 19.76V11.8404H11.041\" stroke=\"#E1A850\" stroke-width=\"2\" stroke-linecap=\"round\" stroke-linejoin=\"round\"><\/path><path d=\"M11.041 19.7598L18.9606 11.8402\" stroke=\"#E1A850\" stroke-width=\"2\" stroke-linecap=\"round\" stroke-linejoin=\"round\"><\/path><\/svg>\t\t\t<\/div>\n\t\t<\/div>\n\t\t\t\t\t\t<\/div>\n\t\t\t\t<\/div>\n\t\t<div class=\"elementor-element elementor-element-d475b6d e-con-full e-flex e-con e-child\" data-id=\"d475b6d\" data-element_type=\"container\" id=\"linkbox\" data-settings=\"{&quot;background_background&quot;:&quot;classic&quot;}\">\n\t\t\t\t<div class=\"elementor-element elementor-element-59c926b elementor-widget__width-inherit elementor-widget elementor-widget-heading\" data-id=\"59c926b\" data-element_type=\"widget\" data-widget_type=\"heading.default\">\n\t\t\t\t\t<p class=\"elementor-heading-title elementor-size-default\">k\u00f6zter\u00fclet<\/p>\t\t\t\t<\/div>\n\t\t\t\t<div class=\"elementor-element elementor-element-0b0f790 elementor-view-default elementor-widget elementor-widget-icon\" data-id=\"0b0f790\" data-element_type=\"widget\" data-widget_type=\"icon.default\">\n\t\t\t\t\t\t\t<div class=\"elementor-icon-wrapper\">\n\t\t\t<div class=\"elementor-icon\">\n\t\t\t<svg xmlns=\"http:\/\/www.w3.org\/2000\/svg\" width=\"30\" height=\"31\" viewbox=\"0 0 30 31\" fill=\"none\"><path d=\"M15 29.7999C22.732 29.7999 29 23.5319 29 15.7999C29 8.06794 22.732 1.79993 15 1.79993C7.26801 1.79993 1 8.06794 1 15.7999C1 23.5319 7.26801 29.7999 15 29.7999Z\" fill=\"white\" stroke=\"#E1A850\" stroke-width=\"2\" stroke-linecap=\"round\" stroke-linejoin=\"round\"><\/path><path d=\"M18.9606 19.76V11.8404H11.041\" stroke=\"#E1A850\" stroke-width=\"2\" stroke-linecap=\"round\" stroke-linejoin=\"round\"><\/path><path d=\"M11.041 19.7598L18.9606 11.8402\" stroke=\"#E1A850\" stroke-width=\"2\" stroke-linecap=\"round\" stroke-linejoin=\"round\"><\/path><\/svg>\t\t\t<\/div>\n\t\t<\/div>\n\t\t\t\t\t\t<\/div>\n\t\t\t\t<\/div>\n\t\t<div class=\"elementor-element elementor-element-4ff203b e-con-full e-flex e-con e-child\" data-id=\"4ff203b\" data-element_type=\"container\" id=\"linkbox\" data-settings=\"{&quot;background_background&quot;:&quot;classic&quot;}\">\n\t\t\t\t<div class=\"elementor-element elementor-element-7739d6c elementor-widget__width-inherit elementor-widget elementor-widget-heading\" data-id=\"7739d6c\" data-element_type=\"widget\" data-widget_type=\"heading.default\">\n\t\t\t\t\t<p class=\"elementor-heading-title elementor-size-default\">Anyak\u00f6nyves \u00fcgyint\u00e9z\u00e9s<\/p>\t\t\t\t<\/div>\n\t\t\t\t<div class=\"elementor-element elementor-element-1f06f64 elementor-view-default elementor-widget elementor-widget-icon\" data-id=\"1f06f64\" data-element_type=\"widget\" data-widget_type=\"icon.default\">\n\t\t\t\t\t\t\t<div class=\"elementor-icon-wrapper\">\n\t\t\t<div class=\"elementor-icon\">\n\t\t\t<svg xmlns=\"http:\/\/www.w3.org\/2000\/svg\" width=\"30\" height=\"31\" viewbox=\"0 0 30 31\" fill=\"none\"><path d=\"M15 29.7999C22.732 29.7999 29 23.5319 29 15.7999C29 8.06794 22.732 1.79993 15 1.79993C7.26801 1.79993 1 8.06794 1 15.7999C1 23.5319 7.26801 29.7999 15 29.7999Z\" fill=\"white\" stroke=\"#E1A850\" stroke-width=\"2\" stroke-linecap=\"round\" stroke-linejoin=\"round\"><\/path><path d=\"M18.9606 19.76V11.8404H11.041\" stroke=\"#E1A850\" stroke-width=\"2\" stroke-linecap=\"round\" stroke-linejoin=\"round\"><\/path><path d=\"M11.041 19.7598L18.9606 11.8402\" stroke=\"#E1A850\" stroke-width=\"2\" stroke-linecap=\"round\" stroke-linejoin=\"round\"><\/path><\/svg>\t\t\t<\/div>\n\t\t<\/div>\n\t\t\t\t\t\t<\/div>\n\t\t\t\t<\/div>\n\t\t\t\t<\/a>\n\t\t\t\t<\/div>\n\t\t\t\t<\/div>\n\t\t\t\t\t<\/div>\n\t\t\t\t<\/div>\n\t\t\t\t<\/div>\n\t\t\t\t<\/div>","protected":false},"excerpt":{"rendered":"<p>arrow_forward_ios F\u0151oldal arrow_forward_ios \u00dcgyint\u00e9z\u00e9s Elektronikus \u00fcgyint\u00e9z\u00e9s Panaszkezel\u00e9s \u00dcgyf\u00e9lfogad\u00e1s Ad\u00f3, illet\u00e9k, b\u00edrs\u00e1g, p\u00f3tl\u00e9k \u2028 Ingyenes helyi k\u00f6zleked\u00e9s regisztr\u00e1ci\u00f3 Fogad\u00f3\u00f3ra K\u00f6zter\u00fcletr\u0151l elsz\u00e1ll\u00edtott g\u00e9pj\u00e1rm\u0171vek k\u00f6zter\u00fclet Anyak\u00f6nyves \u00fcgyint\u00e9z\u00e9s<\/p>","protected":false},"author":1,"featured_media":0,"parent":0,"menu_order":0,"comment_status":"closed","ping_status":"closed","template":"","meta":{"footnotes":""},"class_list":["post-1066","page","type-page","status-publish","hentry"],"_links":{"self":[{"href":"https:\/\/baja.lionstackailab.hu\/en\/wp-json\/wp\/v2\/pages\/1066","targetHints":{"allow":["GET"]}}],"collection":[{"href":"https:\/\/baja.lionstackailab.hu\/en\/wp-json\/wp\/v2\/pages"}],"about":[{"href":"https:\/\/baja.lionstackailab.hu\/en\/wp-json\/wp\/v2\/types\/page"}],"author":[{"embeddable":true,"href":"https:\/\/baja.lionstackailab.hu\/en\/wp-json\/wp\/v2\/users\/1"}],"replies":[{"embeddable":true,"href":"https:\/\/baja.lionstackailab.hu\/en\/wp-json\/wp\/v2\/comments?post=1066"}],"version-history":[{"count":0,"href":"https:\/\/baja.lionstackailab.hu\/en\/wp-json\/wp\/v2\/pages\/1066\/revisions"}],"wp:attachment":[{"href":"https:\/\/baja.lionstackailab.hu\/en\/wp-json\/wp\/v2\/media?parent=1066"}],"curies":[{"name":"wp","href":"https:\/\/api.w.org\/{rel}","templated":true}]}}